{"id":3890,"date":"2018-11-22T10:59:00","date_gmt":"2018-11-22T09:59:00","guid":{"rendered":"http:\/\/pepperoniteam.pl\/pepperoni\/?page_id=3890"},"modified":"2025-03-28T21:00:48","modified_gmt":"2025-03-28T20:00:48","slug":"uzytkowosc-galeria","status":"publish","type":"page","link":"http:\/\/pepperoniteam.pl\/en\/uzytkowosc-galeria\/","title":{"rendered":"U\u017cytkowo\u015b\u0107-galeria"},"content":{"rendered":"<div class=\"vc_row wpb_row vc_row-fluid\"><div class=\"wpb_column vc_column_container vc_col-sm-12\"><div class=\"vc_column-inner\"><div class=\"wpb_wrapper\">\n\t<div class=\"wpb_text_column wpb_content_element\" >\n\t\t<div class=\"wpb_wrapper\">\n\t\t\t<h1 style=\"text-align: center;\">HUNTING<\/h1>\n\n\t\t<\/div>\n\t<\/div>\n<\/div><\/div><\/div><\/div><div class=\"vc_row wpb_row vc_row-fluid\"><div class=\"wpb_column vc_column_container vc_col-sm-12\"><div class=\"vc_column-inner\"><div class=\"wpb_wrapper\"><div class=\"wpb_gallery wpb_content_element vc_clearfix\" ><div class=\"wpb_wrapper\"><div class=\"wpb_gallery_slides wpb_image_grid\" data-interval=\"3\"><ul class=\"wpb_image_grid_ul\"><li class=\"isotope-item\"><a class=\"prettyphoto\" href=\"http:\/\/pepperoniteam.pl\/wp-content\/uploads\/2019\/01\/309068_512533275430215_1528730646_n.jpg\" data-rel=\"prettyPhoto[rel-3890-492276434]\"><img class=\"\" src=\"http:\/\/pepperoniteam.pl\/wp-content\/uploads\/2019\/01\/309068_512533275430215_1528730646_n-190x190.jpg\" width=\"190\" height=\"190\" alt=\"309068_512533275430215_1528730646_n\" title=\"309068_512533275430215_1528730646_n\" \/><\/a><\/li><li class=\"isotope-item\"><a class=\"prettyphoto\" href=\"http:\/\/pepperoniteam.pl\/wp-content\/uploads\/2019\/01\/31742_124950250855188_686063_n.jpg\" data-rel=\"prettyPhoto[rel-3890-492276434]\"><img class=\"\" src=\"http:\/\/pepperoniteam.pl\/wp-content\/uploads\/2019\/01\/31742_124950250855188_686063_n-190x190.jpg\" width=\"190\" height=\"190\" alt=\"31742_124950250855188_686063_n\" title=\"31742_124950250855188_686063_n\" \/><\/a><\/li><li class=\"isotope-item\"><a class=\"prettyphoto\" href=\"http:\/\/pepperoniteam.pl\/wp-content\/uploads\/2019\/01\/1185725_710496195633921_100782259_n.jpg\" data-rel=\"prettyPhoto[rel-3890-492276434]\"><img class=\"\" src=\"http:\/\/pepperoniteam.pl\/wp-content\/uploads\/2019\/01\/1185725_710496195633921_100782259_n-190x190.jpg\" width=\"190\" height=\"190\" alt=\"1185725_710496195633921_100782259_n\" title=\"1185725_710496195633921_100782259_n\" \/><\/a><\/li><li class=\"isotope-item\"><a class=\"prettyphoto\" href=\"http:\/\/pepperoniteam.pl\/wp-content\/uploads\/2018\/12\/12119922_1191273690889500_7890334205780315067_o.jpg\" data-rel=\"prettyPhoto[rel-3890-492276434]\"><img class=\"\" src=\"http:\/\/pepperoniteam.pl\/wp-content\/uploads\/2018\/12\/12119922_1191273690889500_7890334205780315067_o-190x190.jpg\" width=\"190\" height=\"190\" alt=\"12119922_1191273690889500_7890334205780315067_o\" title=\"12119922_1191273690889500_7890334205780315067_o\" \/><\/a><\/li><li class=\"isotope-item\"><a class=\"prettyphoto\" href=\"http:\/\/pepperoniteam.pl\/wp-content\/uploads\/2018\/12\/14711122_1488160157867517_4710274496725330401_o.jpg\" data-rel=\"prettyPhoto[rel-3890-492276434]\"><img class=\"\" src=\"http:\/\/pepperoniteam.pl\/wp-content\/uploads\/2018\/12\/14711122_1488160157867517_4710274496725330401_o-190x190.jpg\" width=\"190\" height=\"190\" alt=\"14711122_1488160157867517_4710274496725330401_o\" title=\"14711122_1488160157867517_4710274496725330401_o\" \/><\/a><\/li><li class=\"isotope-item\"><a class=\"prettyphoto\" href=\"http:\/\/pepperoniteam.pl\/wp-content\/uploads\/2019\/02\/15585245_1571880302828835_7012367016503874221_o.jpg\" data-rel=\"prettyPhoto[rel-3890-492276434]\"><img class=\"\" src=\"http:\/\/pepperoniteam.pl\/wp-content\/uploads\/2019\/02\/15585245_1571880302828835_7012367016503874221_o-190x190.jpg\" width=\"190\" height=\"190\" alt=\"15585245_1571880302828835_7012367016503874221_o\" title=\"15585245_1571880302828835_7012367016503874221_o\" \/><\/a><\/li><li class=\"isotope-item\"><a class=\"prettyphoto\" href=\"http:\/\/pepperoniteam.pl\/wp-content\/uploads\/2019\/02\/15493810_1571880299495502_9007995688270646428_o.jpg\" data-rel=\"prettyPhoto[rel-3890-492276434]\"><img class=\"\" src=\"http:\/\/pepperoniteam.pl\/wp-content\/uploads\/2019\/02\/15493810_1571880299495502_9007995688270646428_o-190x190.jpg\" width=\"190\" height=\"190\" alt=\"15493810_1571880299495502_9007995688270646428_o\" title=\"15493810_1571880299495502_9007995688270646428_o\" \/><\/a><\/li><li class=\"isotope-item\"><a class=\"prettyphoto\" href=\"http:\/\/pepperoniteam.pl\/wp-content\/uploads\/2019\/01\/1924327_999639173386287_7027488201435419427_n.jpg\" data-rel=\"prettyPhoto[rel-3890-492276434]\"><img class=\"\" src=\"http:\/\/pepperoniteam.pl\/wp-content\/uploads\/2019\/01\/1924327_999639173386287_7027488201435419427_n-190x190.jpg\" width=\"190\" height=\"190\" alt=\"1924327_999639173386287_7027488201435419427_n\" title=\"1924327_999639173386287_7027488201435419427_n\" \/><\/a><\/li><li class=\"isotope-item\"><a class=\"prettyphoto\" href=\"http:\/\/pepperoniteam.pl\/wp-content\/uploads\/2018\/12\/23456626_2009901599026701_1790541485405266759_o.jpg\" data-rel=\"prettyPhoto[rel-3890-492276434]\"><img class=\"\" src=\"http:\/\/pepperoniteam.pl\/wp-content\/uploads\/2018\/12\/23456626_2009901599026701_1790541485405266759_o-190x190.jpg\" width=\"190\" height=\"190\" alt=\"23456626_2009901599026701_1790541485405266759_o\" title=\"23456626_2009901599026701_1790541485405266759_o\" \/><\/a><\/li><li class=\"isotope-item\"><a class=\"prettyphoto\" href=\"http:\/\/pepperoniteam.pl\/wp-content\/uploads\/2022\/06\/bell1.jpeg\" data-rel=\"prettyPhoto[rel-3890-492276434]\"><img class=\"\" src=\"http:\/\/pepperoniteam.pl\/wp-content\/uploads\/2022\/06\/bell1-190x190.jpeg\" width=\"190\" height=\"190\" alt=\"bell1\" title=\"bell1\" \/><\/a><\/li><li class=\"isotope-item\"><a class=\"prettyphoto\" href=\"http:\/\/pepperoniteam.pl\/wp-content\/uploads\/2020\/03\/20200201_143307.jpg\" data-rel=\"prettyPhoto[rel-3890-492276434]\"><img class=\"\" src=\"http:\/\/pepperoniteam.pl\/wp-content\/uploads\/2020\/03\/20200201_143307-190x190.jpg\" width=\"190\" height=\"190\" alt=\"20200201_143307\" title=\"20200201_143307\" \/><\/a><\/li><li class=\"isotope-item\"><a class=\"prettyphoto\" href=\"http:\/\/pepperoniteam.pl\/wp-content\/uploads\/2020\/03\/20200119_124727.jpg\" data-rel=\"prettyPhoto[rel-3890-492276434]\"><img class=\"\" src=\"http:\/\/pepperoniteam.pl\/wp-content\/uploads\/2020\/03\/20200119_124727-190x190.jpg\" width=\"190\" height=\"190\" alt=\"20200119_124727\" title=\"20200119_124727\" \/><\/a><\/li><li class=\"isotope-item\"><a class=\"prettyphoto\" href=\"http:\/\/pepperoniteam.pl\/wp-content\/uploads\/2020\/01\/IMG_1591.jpg\" data-rel=\"prettyPhoto[rel-3890-492276434]\"><img class=\"\" src=\"http:\/\/pepperoniteam.pl\/wp-content\/uploads\/2020\/01\/IMG_1591-190x190.jpg\" width=\"190\" height=\"190\" alt=\"IMG_1591\" title=\"IMG_1591\" \/><\/a><\/li><li class=\"isotope-item\"><a class=\"prettyphoto\" href=\"http:\/\/pepperoniteam.pl\/wp-content\/uploads\/2020\/01\/IMG_1624-2.jpg\" data-rel=\"prettyPhoto[rel-3890-492276434]\"><img class=\"\" src=\"http:\/\/pepperoniteam.pl\/wp-content\/uploads\/2020\/01\/IMG_1624-2-190x190.jpg\" width=\"190\" height=\"190\" alt=\"IMG_1624 2\" title=\"IMG_1624 2\" \/><\/a><\/li><li class=\"isotope-item\"><a class=\"prettyphoto\" href=\"http:\/\/pepperoniteam.pl\/wp-content\/uploads\/2020\/01\/polo.jpg\" data-rel=\"prettyPhoto[rel-3890-492276434]\"><img class=\"\" src=\"http:\/\/pepperoniteam.pl\/wp-content\/uploads\/2020\/01\/polo-190x190.jpg\" width=\"190\" height=\"190\" alt=\"polo\" title=\"polo\" \/><\/a><\/li><li class=\"isotope-item\"><a class=\"prettyphoto\" href=\"http:\/\/pepperoniteam.pl\/wp-content\/uploads\/2019\/12\/IMG_1356.jpg\" data-rel=\"prettyPhoto[rel-3890-492276434]\"><img class=\"\" src=\"http:\/\/pepperoniteam.pl\/wp-content\/uploads\/2019\/12\/IMG_1356-190x190.jpg\" width=\"190\" height=\"190\" alt=\"IMG_1356\" title=\"IMG_1356\" \/><\/a><\/li><li class=\"isotope-item\"><a class=\"prettyphoto\" href=\"http:\/\/pepperoniteam.pl\/wp-content\/uploads\/2019\/12\/IMG_1377.jpg\" data-rel=\"prettyPhoto[rel-3890-492276434]\"><img class=\"\" src=\"http:\/\/pepperoniteam.pl\/wp-content\/uploads\/2019\/12\/IMG_1377-190x190.jpg\" width=\"190\" height=\"190\" alt=\"IMG_1377\" title=\"IMG_1377\" \/><\/a><\/li><li class=\"isotope-item\"><a class=\"prettyphoto\" href=\"http:\/\/pepperoniteam.pl\/wp-content\/uploads\/2019\/11\/20191010_161839.jpg\" data-rel=\"prettyPhoto[rel-3890-492276434]\"><img class=\"\" src=\"http:\/\/pepperoniteam.pl\/wp-content\/uploads\/2019\/11\/20191010_161839-190x190.jpg\" width=\"190\" height=\"190\" alt=\"20191010_161839\" title=\"20191010_161839\" \/><\/a><\/li><li class=\"isotope-item\"><a class=\"prettyphoto\" href=\"http:\/\/pepperoniteam.pl\/wp-content\/uploads\/2019\/11\/IMG_1281.jpg\" data-rel=\"prettyPhoto[rel-3890-492276434]\"><img class=\"\" src=\"http:\/\/pepperoniteam.pl\/wp-content\/uploads\/2019\/11\/IMG_1281-190x190.jpg\" width=\"190\" height=\"190\" alt=\"IMG_1281\" title=\"IMG_1281\" \/><\/a><\/li><li class=\"isotope-item\"><a class=\"prettyphoto\" href=\"http:\/\/pepperoniteam.pl\/wp-content\/uploads\/2019\/02\/15578330_1571880296162169_6248661195215869001_o.jpg\" data-rel=\"prettyPhoto[rel-3890-492276434]\"><img class=\"\" src=\"http:\/\/pepperoniteam.pl\/wp-content\/uploads\/2019\/02\/15578330_1571880296162169_6248661195215869001_o-190x190.jpg\" width=\"190\" height=\"190\" alt=\"15578330_1571880296162169_6248661195215869001_o\" title=\"15578330_1571880296162169_6248661195215869001_o\" \/><\/a><\/li><li class=\"isotope-item\"><a class=\"prettyphoto\" href=\"http:\/\/pepperoniteam.pl\/wp-content\/uploads\/2019\/01\/IMG_4110.jpg\" data-rel=\"prettyPhoto[rel-3890-492276434]\"><img class=\"\" src=\"http:\/\/pepperoniteam.pl\/wp-content\/uploads\/2019\/01\/IMG_4110-190x190.jpg\" width=\"190\" height=\"190\" alt=\"IMG_4110\" title=\"IMG_4110\" \/><\/a><\/li><li class=\"isotope-item\"><a class=\"prettyphoto\" href=\"http:\/\/pepperoniteam.pl\/wp-content\/uploads\/2019\/01\/IMG_4099.jpg\" data-rel=\"prettyPhoto[rel-3890-492276434]\"><img class=\"\" src=\"http:\/\/pepperoniteam.pl\/wp-content\/uploads\/2019\/01\/IMG_4099-190x190.jpg\" width=\"190\" height=\"190\" alt=\"IMG_4099\" title=\"IMG_4099\" \/><\/a><\/li><li class=\"isotope-item\"><a class=\"prettyphoto\" href=\"http:\/\/pepperoniteam.pl\/wp-content\/uploads\/2019\/01\/IMG_4102.jpg\" data-rel=\"prettyPhoto[rel-3890-492276434]\"><img class=\"\" src=\"http:\/\/pepperoniteam.pl\/wp-content\/uploads\/2019\/01\/IMG_4102-190x190.jpg\" width=\"190\" height=\"190\" alt=\"IMG_4102\" title=\"IMG_4102\" \/><\/a><\/li><li class=\"isotope-item\"><a class=\"prettyphoto\" href=\"http:\/\/pepperoniteam.pl\/wp-content\/uploads\/2018\/12\/44694773_2497066516976871_5309612118058729472_o.jpg\" data-rel=\"prettyPhoto[rel-3890-492276434]\"><img class=\"\" src=\"http:\/\/pepperoniteam.pl\/wp-content\/uploads\/2018\/12\/44694773_2497066516976871_5309612118058729472_o-190x190.jpg\" width=\"190\" height=\"190\" alt=\"44694773_2497066516976871_5309612118058729472_o\" title=\"44694773_2497066516976871_5309612118058729472_o\" \/><\/a><\/li><li class=\"isotope-item\"><a class=\"prettyphoto\" href=\"http:\/\/pepperoniteam.pl\/wp-content\/uploads\/2018\/12\/17760896_1700770583273139_7153452874404102332_o.jpg\" data-rel=\"prettyPhoto[rel-3890-492276434]\"><img class=\"\" src=\"http:\/\/pepperoniteam.pl\/wp-content\/uploads\/2018\/12\/17760896_1700770583273139_7153452874404102332_o-190x190.jpg\" width=\"190\" height=\"190\" alt=\"17760896_1700770583273139_7153452874404102332_o\" title=\"17760896_1700770583273139_7153452874404102332_o\" \/><\/a><\/li><li class=\"isotope-item\"><a class=\"prettyphoto\" href=\"http:\/\/pepperoniteam.pl\/wp-content\/uploads\/2020\/01\/IMG_1864-2.jpg\" data-rel=\"prettyPhoto[rel-3890-492276434]\"><img class=\"\" src=\"http:\/\/pepperoniteam.pl\/wp-content\/uploads\/2020\/01\/IMG_1864-2-190x190.jpg\" width=\"190\" height=\"190\" alt=\"IMG_1864 2\" title=\"IMG_1864 2\" \/><\/a><\/li><li class=\"isotope-item\"><a class=\"prettyphoto\" href=\"http:\/\/pepperoniteam.pl\/wp-content\/uploads\/2022\/03\/20220224_115902.jpeg\" data-rel=\"prettyPhoto[rel-3890-492276434]\"><img class=\"\" src=\"http:\/\/pepperoniteam.pl\/wp-content\/uploads\/2022\/03\/20220224_115902-190x190.jpeg\" width=\"190\" height=\"190\" alt=\"20220224_115902\" title=\"20220224_115902\" \/><\/a><\/li><li class=\"isotope-item\"><a class=\"prettyphoto\" href=\"http:\/\/pepperoniteam.pl\/wp-content\/uploads\/2022\/06\/bell2.jpeg\" data-rel=\"prettyPhoto[rel-3890-492276434]\"><img class=\"\" src=\"http:\/\/pepperoniteam.pl\/wp-content\/uploads\/2022\/06\/bell2-190x190.jpeg\" width=\"190\" height=\"190\" alt=\"bell2\" title=\"bell2\" \/><\/a><\/li><li class=\"isotope-item\"><a class=\"prettyphoto\" href=\"http:\/\/pepperoniteam.pl\/wp-content\/uploads\/2023\/03\/Gosia-7237.jpg\" data-rel=\"prettyPhoto[rel-3890-492276434]\"><img class=\"\" src=\"http:\/\/pepperoniteam.pl\/wp-content\/uploads\/2023\/03\/Gosia-7237-190x190.jpg\" width=\"190\" height=\"190\" alt=\"Gosia-7237\" title=\"Gosia-7237\" \/><\/a><\/li><li class=\"isotope-item\"><a class=\"prettyphoto\" href=\"http:\/\/pepperoniteam.pl\/wp-content\/uploads\/2023\/03\/Gosia-7226-2.jpg\" data-rel=\"prettyPhoto[rel-3890-492276434]\"><img class=\"\" src=\"http:\/\/pepperoniteam.pl\/wp-content\/uploads\/2023\/03\/Gosia-7226-2-190x190.jpg\" width=\"190\" height=\"190\" alt=\"Gosia-7226-2\" title=\"Gosia-7226-2\" \/><\/a><\/li><li class=\"isotope-item\"><a class=\"prettyphoto\" href=\"http:\/\/pepperoniteam.pl\/wp-content\/uploads\/2023\/03\/Gosia-7900-2.jpg\" data-rel=\"prettyPhoto[rel-3890-492276434]\"><img class=\"\" src=\"http:\/\/pepperoniteam.pl\/wp-content\/uploads\/2023\/03\/Gosia-7900-2-190x190.jpg\" width=\"190\" height=\"190\" alt=\"Gosia-7900-2\" title=\"Gosia-7900-2\" \/><\/a><\/li><li class=\"isotope-item\"><a class=\"prettyphoto\" href=\"http:\/\/pepperoniteam.pl\/wp-content\/uploads\/2023\/03\/Gosia-7892-2.jpg\" data-rel=\"prettyPhoto[rel-3890-492276434]\"><img class=\"\" src=\"http:\/\/pepperoniteam.pl\/wp-content\/uploads\/2023\/03\/Gosia-7892-2-190x190.jpg\" width=\"190\" height=\"190\" alt=\"Gosia-7892-2\" title=\"Gosia-7892-2\" \/><\/a><\/li><li class=\"isotope-item\"><a class=\"prettyphoto\" href=\"http:\/\/pepperoniteam.pl\/wp-content\/uploads\/2023\/03\/Gosia-7888.jpg\" data-rel=\"prettyPhoto[rel-3890-492276434]\"><img class=\"\" src=\"http:\/\/pepperoniteam.pl\/wp-content\/uploads\/2023\/03\/Gosia-7888-190x190.jpg\" width=\"190\" height=\"190\" alt=\"Gosia-7888\" title=\"Gosia-7888\" \/><\/a><\/li><li class=\"isotope-item\"><a class=\"prettyphoto\" href=\"http:\/\/pepperoniteam.pl\/wp-content\/uploads\/2023\/03\/Gosia-7769.jpg\" data-rel=\"prettyPhoto[rel-3890-492276434]\"><img class=\"\" src=\"http:\/\/pepperoniteam.pl\/wp-content\/uploads\/2023\/03\/Gosia-7769-190x190.jpg\" width=\"190\" height=\"190\" alt=\"Gosia-7769\" title=\"Gosia-7769\" \/><\/a><\/li><li class=\"isotope-item\"><a class=\"prettyphoto\" href=\"http:\/\/pepperoniteam.pl\/wp-content\/uploads\/2023\/12\/IMG_8313m.jpg\" data-rel=\"prettyPhoto[rel-3890-492276434]\"><img class=\"\" src=\"http:\/\/pepperoniteam.pl\/wp-content\/uploads\/2023\/12\/IMG_8313m-190x190.jpg\" width=\"190\" height=\"190\" alt=\"IMG_8313m\" title=\"IMG_8313m\" \/><\/a><\/li><li class=\"isotope-item\"><a class=\"prettyphoto\" href=\"http:\/\/pepperoniteam.pl\/wp-content\/uploads\/2023\/12\/IMG_8375m.jpg\" data-rel=\"prettyPhoto[rel-3890-492276434]\"><img class=\"\" src=\"http:\/\/pepperoniteam.pl\/wp-content\/uploads\/2023\/12\/IMG_8375m-190x190.jpg\" width=\"190\" height=\"190\" alt=\"IMG_8375m\" title=\"IMG_8375m\" \/><\/a><\/li><li class=\"isotope-item\"><a class=\"prettyphoto\" href=\"http:\/\/pepperoniteam.pl\/wp-content\/uploads\/2024\/02\/IMG_9081m-1024x683.jpg\" data-rel=\"prettyPhoto[rel-3890-492276434]\"><img class=\"\" src=\"http:\/\/pepperoniteam.pl\/wp-content\/uploads\/2024\/02\/IMG_9081m-190x190.jpg\" width=\"190\" height=\"190\" alt=\"Gosia Janiec\" title=\"Gosia Janiec\" \/><\/a><\/li><li class=\"isotope-item\"><a class=\"prettyphoto\" href=\"http:\/\/pepperoniteam.pl\/wp-content\/uploads\/2025\/03\/IMG_8568m-1024x683.jpg\" data-rel=\"prettyPhoto[rel-3890-492276434]\"><img class=\"\" src=\"http:\/\/pepperoniteam.pl\/wp-content\/uploads\/2025\/03\/IMG_8568m-190x190.jpg\" width=\"190\" height=\"190\" alt=\"Gosia Janiec\" title=\"Gosia Janiec\" \/><\/a><\/li><li class=\"isotope-item\"><a class=\"prettyphoto\" href=\"http:\/\/pepperoniteam.pl\/wp-content\/uploads\/2024\/02\/IMG_8559mj-1024x683.jpg\" data-rel=\"prettyPhoto[rel-3890-492276434]\"><img class=\"\" src=\"http:\/\/pepperoniteam.pl\/wp-content\/uploads\/2024\/02\/IMG_8559mj-190x190.jpg\" width=\"190\" height=\"190\" alt=\"Gosia Janiec\" title=\"Gosia Janiec\" \/><\/a><\/li><li class=\"isotope-item\"><a class=\"prettyphoto\" href=\"http:\/\/pepperoniteam.pl\/wp-content\/uploads\/2024\/02\/IMG_8732im-683x1024.jpg\" data-rel=\"prettyPhoto[rel-3890-492276434]\"><img class=\"\" src=\"http:\/\/pepperoniteam.pl\/wp-content\/uploads\/2024\/02\/IMG_8732im-190x190.jpg\" width=\"190\" height=\"190\" alt=\"Gosia Janiec\" title=\"Gosia Janiec\" \/><\/a><\/li><li class=\"isotope-item\"><a class=\"prettyphoto\" href=\"http:\/\/pepperoniteam.pl\/wp-content\/uploads\/2025\/03\/5U0A3662_fb.jpg\" data-rel=\"prettyPhoto[rel-3890-492276434]\"><img class=\"\" src=\"http:\/\/pepperoniteam.pl\/wp-content\/uploads\/2025\/03\/5U0A3662_fb-190x190.jpg\" width=\"190\" height=\"190\" alt=\"5U0A3662_fb\" title=\"5U0A3662_fb\" \/><\/a><\/li><li class=\"isotope-item\"><a class=\"prettyphoto\" href=\"http:\/\/pepperoniteam.pl\/wp-content\/uploads\/2025\/01\/5U0A4149_fb.jpg\" data-rel=\"prettyPhoto[rel-3890-492276434]\"><img class=\"\" src=\"http:\/\/pepperoniteam.pl\/wp-content\/uploads\/2025\/01\/5U0A4149_fb-190x190.jpg\" width=\"190\" height=\"190\" alt=\"5U0A4149_fb\" title=\"5U0A4149_fb\" \/><\/a><\/li><li class=\"isotope-item\"><a class=\"prettyphoto\" href=\"http:\/\/pepperoniteam.pl\/wp-content\/uploads\/2024\/12\/5U0A3702_fb.jpg\" data-rel=\"prettyPhoto[rel-3890-492276434]\"><img class=\"\" src=\"http:\/\/pepperoniteam.pl\/wp-content\/uploads\/2024\/12\/5U0A3702_fb-190x190.jpg\" width=\"190\" height=\"190\" alt=\"5U0A3702_fb\" title=\"5U0A3702_fb\" \/><\/a><\/li><li class=\"isotope-item\"><a class=\"prettyphoto\" href=\"http:\/\/pepperoniteam.pl\/wp-content\/uploads\/2025\/03\/5U0A5325_fb.jpg\" data-rel=\"prettyPhoto[rel-3890-492276434]\"><img class=\"\" src=\"http:\/\/pepperoniteam.pl\/wp-content\/uploads\/2025\/03\/5U0A5325_fb-190x190.jpg\" width=\"190\" height=\"190\" alt=\"5U0A5325_fb\" title=\"5U0A5325_fb\" \/><\/a><\/li><\/ul><\/div><\/div><\/div><\/div><\/div><\/div><\/div>","protected":false},"excerpt":{"rendered":"HUNTING","protected":false},"author":1,"featured_media":0,"parent":0,"menu_order":0,"comment_status":"closed","ping_status":"closed","template":"","meta":[],"wps_subtitle":"","_links":{"self":[{"href":"http:\/\/pepperoniteam.pl\/en\/wp-json\/wp\/v2\/pages\/3890"}],"collection":[{"href":"http:\/\/pepperoniteam.pl\/en\/wp-json\/wp\/v2\/pages"}],"about":[{"href":"http:\/\/pepperoniteam.pl\/en\/wp-json\/wp\/v2\/types\/page"}],"author":[{"embeddable":true,"href":"http:\/\/pepperoniteam.pl\/en\/wp-json\/wp\/v2\/users\/1"}],"replies":[{"embeddable":true,"href":"http:\/\/pepperoniteam.pl\/en\/wp-json\/wp\/v2\/comments?post=3890"}],"version-history":[{"count":0,"href":"http:\/\/pepperoniteam.pl\/en\/wp-json\/wp\/v2\/pages\/3890\/revisions"}],"wp:attachment":[{"href":"http:\/\/pepperoniteam.pl\/en\/wp-json\/wp\/v2\/media?parent=3890"}],"curies":[{"name":"wp","href":"https:\/\/api.w.org\/{rel}","templated":true}]}}