{"id":4277,"date":"2018-12-03T21:23:31","date_gmt":"2018-12-03T20:23:31","guid":{"rendered":"http:\/\/pepperoniteam.pl\/pepperoni\/?page_id=4277"},"modified":"2022-04-21T20:53:12","modified_gmt":"2022-04-21T18:53:12","slug":"kris","status":"publish","type":"page","link":"http:\/\/pepperoniteam.pl\/en\/kris\/","title":{"rendered":"Kris"},"content":{"rendered":"<div class=\"vc_row wpb_row vc_row-fluid\"><div class=\"wpb_column vc_column_container vc_col-sm-12\"><div class=\"vc_column-inner\"><div class=\"wpb_wrapper\">\n\t<div class=\"wpb_text_column wpb_content_element  wpb_animate_when_almost_visible wpb_fadeInDown fadeInDown vc_custom_1543868396894 special1\" >\n\t\t<div class=\"wpb_wrapper\">\n\t\t\t<h1><strong><span class=\"_3oh- _58nk\">Malomk\u00f6zi Kris<\/span><\/strong><\/h1>\n\n\t\t<\/div>\n\t<\/div>\n\n\t<div class=\"wpb_text_column wpb_content_element\" >\n\t\t<div class=\"wpb_wrapper\">\n\t\t\t<p><i class=\"fa fa-calendar\" ><\/i> DOB 20.04.2007<br \/>\n<i class=\"fa fa-id-card-o\" ><\/i> <span style=\"color: #808080;\"><a style=\"color: #808080;\" href=\"http:\/\/www.vizsladatabase.com\/details.php?id=28228\">Pedigree<\/a><\/span><\/p>\n<p>(B\u00e1tor Szecsk\u00f6r\u00e9ti x Malomk\u00f6zi Panka )<\/p>\n\n\t\t<\/div>\n\t<\/div>\n<\/div><\/div><\/div><\/div><div class=\"vc_row wpb_row vc_row-fluid\"><div class=\"wpb_column vc_column_container vc_col-sm-12\"><div class=\"vc_column-inner\"><div class=\"wpb_wrapper\">\n\t<div  class=\"wpb_single_image wpb_content_element vc_align_left  wpb_animate_when_almost_visible wpb_rotateInUpLeft rotateInUpLeft\">\n\t\t\n\t\t<figure class=\"wpb_wrapper vc_figure\">\n\t\t\t<a data-rel=\"prettyPhoto[rel-4277-838596020]\" href=\"http:\/\/pepperoniteam.pl\/wp-content\/uploads\/2018\/11\/kris-malomkozi-1334506532.jpg\" target=\"_self\" class=\"vc_single_image-wrapper vc_box_border  vc_box_border_grey prettyphoto\"><img class=\"vc_single_image-img\" src=\"http:\/\/pepperoniteam.pl\/wp-content\/uploads\/2018\/11\/kris-malomkozi-1334506532-450x300.jpg\" width=\"450\" height=\"300\" alt=\"kris-malomkozi-1334506532\" title=\"kris-malomkozi-1334506532\" \/><\/a>\n\t\t<\/figure>\n\t<\/div>\n<\/div><\/div><\/div><\/div><div class=\"vc_row wpb_row vc_row-fluid\"><div class=\"wpb_column vc_column_container vc_col-sm-12\"><div class=\"vc_column-inner\"><div class=\"wpb_wrapper\">\n\t<div class=\"wpb_text_column wpb_content_element\" >\n\t\t<div class=\"wpb_wrapper\">\n\t\t\t<p style=\"text-align: left;\"><i class=\"fa fa-trophy\" ><\/i> <b>INTERCHAMPION<br \/>\n<\/b><i class=\"fa fa-trophy\" ><\/i> <b>Junior Champion of Slovakia<br \/>\n<\/b><i class=\"fa fa-trophy\" ><\/i> <b>Junior Champion of Czech Republic<\/b><br \/>\n<i class=\"fa fa-trophy\" ><\/i> <b>Champion of Slovakia<br \/>\n<\/b><i class=\"fa fa-trophy\" ><\/i> <b>Champion of Czech Republic<br \/>\n<\/b><i class=\"fa fa-trophy\" ><\/i> <b>Grand Champion of Slovakia<br \/>\n<\/b><i class=\"fa fa-trophy\" ><\/i> <b>Grand Champion of Czech Republic<\/b><\/p>\n<p><strong>Shows<br \/>\n<\/strong>3x N\u00e1rodn\u00fd v\u00edtaz<br \/>\n3x Klubov\u00fd v\u00edtaz<br \/>\n8x BOB<br \/>\n1x BOGIII<br \/>\n1x BIS<br \/>\n7x CAJC<br \/>\n3x CACIB<br \/>\n10x CAC<br \/>\n5x res.CAC<\/p>\n<p><strong>Working<br \/>\n<\/strong>SVS \u2013 I degree diploma<br \/>\nJSS -  I degree diploma<br \/>\nFSS - I degree diploma<br \/>\n\u0160SVP \u2013 I degree diploma<br \/>\nCHSKCHMS \u2013 II degree diploma<br \/>\nMAM - II degree diploma<\/p>\n<p><strong>Health<br \/>\n<\/strong>HD &#8211; A, ED 0<br \/>\nL\/l<\/p>\n\n\t\t<\/div>\n\t<\/div>\n<\/div><\/div><\/div><\/div><div class=\"vc_row wpb_row vc_row-fluid\"><div class=\"wpb_column vc_column_container vc_col-sm-12\"><div class=\"vc_column-inner\"><div class=\"wpb_wrapper\"><div class=\"wpb_gallery wpb_content_element vc_clearfix\" ><div class=\"wpb_wrapper\"><div class=\"wpb_gallery_slides wpb_image_grid\" data-interval=\"3\"><ul class=\"wpb_image_grid_ul\"><li class=\"isotope-item\"><a class=\"prettyphoto\" href=\"http:\/\/pepperoniteam.pl\/wp-content\/uploads\/2018\/12\/P1120717.jpg\" data-rel=\"prettyPhoto[rel-4277-1472784388]\"><img class=\"\" src=\"http:\/\/pepperoniteam.pl\/wp-content\/uploads\/2018\/12\/P1120717-165x165.jpg\" width=\"165\" height=\"165\" alt=\"P1120717\" title=\"P1120717\" \/><\/a><\/li><li class=\"isotope-item\"><a class=\"prettyphoto\" href=\"http:\/\/pepperoniteam.pl\/wp-content\/uploads\/2018\/12\/DSC04542.jpg\" data-rel=\"prettyPhoto[rel-4277-1472784388]\"><img class=\"\" src=\"http:\/\/pepperoniteam.pl\/wp-content\/uploads\/2018\/12\/DSC04542-165x165.jpg\" width=\"165\" height=\"165\" alt=\"DSC04542\" title=\"DSC04542\" \/><\/a><\/li><li class=\"isotope-item\"><a class=\"prettyphoto\" href=\"http:\/\/pepperoniteam.pl\/wp-content\/uploads\/2018\/12\/DSC04537.jpg\" data-rel=\"prettyPhoto[rel-4277-1472784388]\"><img class=\"\" src=\"http:\/\/pepperoniteam.pl\/wp-content\/uploads\/2018\/12\/DSC04537-165x165.jpg\" width=\"165\" height=\"165\" alt=\"DSC04537\" title=\"DSC04537\" \/><\/a><\/li><li class=\"isotope-item\"><a class=\"prettyphoto\" href=\"http:\/\/pepperoniteam.pl\/wp-content\/uploads\/2018\/12\/P1040208.jpg\" data-rel=\"prettyPhoto[rel-4277-1472784388]\"><img class=\"\" src=\"http:\/\/pepperoniteam.pl\/wp-content\/uploads\/2018\/12\/P1040208-165x165.jpg\" width=\"165\" height=\"165\" alt=\"P1040208\" title=\"P1040208\" \/><\/a><\/li><li class=\"isotope-item\"><a class=\"prettyphoto\" href=\"http:\/\/pepperoniteam.pl\/wp-content\/uploads\/2018\/12\/kris7.jpg\" data-rel=\"prettyPhoto[rel-4277-1472784388]\"><img class=\"\" src=\"http:\/\/pepperoniteam.pl\/wp-content\/uploads\/2018\/12\/kris7-165x165.jpg\" width=\"165\" height=\"165\" alt=\"kris7\" title=\"kris7\" \/><\/a><\/li><li class=\"isotope-item\"><a class=\"prettyphoto\" href=\"http:\/\/pepperoniteam.pl\/wp-content\/uploads\/2018\/12\/P1090396.jpg\" data-rel=\"prettyPhoto[rel-4277-1472784388]\"><img class=\"\" src=\"http:\/\/pepperoniteam.pl\/wp-content\/uploads\/2018\/12\/P1090396-165x165.jpg\" width=\"165\" height=\"165\" alt=\"P1090396\" title=\"P1090396\" \/><\/a><\/li><li class=\"isotope-item\"><a class=\"prettyphoto\" href=\"http:\/\/pepperoniteam.pl\/wp-content\/uploads\/2018\/12\/P1030955.jpg\" data-rel=\"prettyPhoto[rel-4277-1472784388]\"><img class=\"\" src=\"http:\/\/pepperoniteam.pl\/wp-content\/uploads\/2018\/12\/P1030955-165x165.jpg\" width=\"165\" height=\"165\" alt=\"P1030955\" title=\"P1030955\" \/><\/a><\/li><li class=\"isotope-item\"><a class=\"prettyphoto\" href=\"http:\/\/pepperoniteam.pl\/wp-content\/uploads\/2018\/12\/P1030220.jpg\" data-rel=\"prettyPhoto[rel-4277-1472784388]\"><img class=\"\" src=\"http:\/\/pepperoniteam.pl\/wp-content\/uploads\/2018\/12\/P1030220-165x165.jpg\" width=\"165\" height=\"165\" alt=\"P1030220\" title=\"P1030220\" \/><\/a><\/li><li class=\"isotope-item\"><a class=\"prettyphoto\" href=\"http:\/\/pepperoniteam.pl\/wp-content\/uploads\/2018\/12\/P1160518.jpg\" data-rel=\"prettyPhoto[rel-4277-1472784388]\"><img class=\"\" src=\"http:\/\/pepperoniteam.pl\/wp-content\/uploads\/2018\/12\/P1160518-165x165.jpg\" width=\"165\" height=\"165\" alt=\"P1160518\" title=\"P1160518\" \/><\/a><\/li><li class=\"isotope-item\"><a class=\"prettyphoto\" href=\"http:\/\/pepperoniteam.pl\/wp-content\/uploads\/2018\/12\/Ada-a-Kris-20.jpg\" data-rel=\"prettyPhoto[rel-4277-1472784388]\"><img class=\"\" src=\"http:\/\/pepperoniteam.pl\/wp-content\/uploads\/2018\/12\/Ada-a-Kris-20-165x165.jpg\" width=\"165\" height=\"165\" alt=\"Ada a Kris-20\" title=\"Ada a Kris-20\" \/><\/a><\/li><li class=\"isotope-item\"><a class=\"prettyphoto\" href=\"http:\/\/pepperoniteam.pl\/wp-content\/uploads\/2018\/12\/Ada-a-Kris-22.jpg\" data-rel=\"prettyPhoto[rel-4277-1472784388]\"><img class=\"\" src=\"http:\/\/pepperoniteam.pl\/wp-content\/uploads\/2018\/12\/Ada-a-Kris-22-165x165.jpg\" width=\"165\" height=\"165\" alt=\"Ada a Kris-22\" title=\"Ada a Kris-22\" \/><\/a><\/li><li class=\"isotope-item\"><a class=\"prettyphoto\" href=\"http:\/\/pepperoniteam.pl\/wp-content\/uploads\/2018\/12\/kris-malomkozi-otec-naich-tat-1334506462.jpg\" data-rel=\"prettyPhoto[rel-4277-1472784388]\"><img class=\"\" src=\"http:\/\/pepperoniteam.pl\/wp-content\/uploads\/2018\/12\/kris-malomkozi-otec-naich-tat-1334506462-165x165.jpg\" width=\"165\" height=\"165\" alt=\"kris-malomkozi-otec-naich-tat-1334506462\" title=\"kris-malomkozi-otec-naich-tat-1334506462\" \/><\/a><\/li><\/ul><\/div><\/div><\/div><\/div><\/div><\/div><\/div>","protected":false},"excerpt":{"rendered":"Malomk\u00f6zi Kris Ur. 20.04.2007 Rodow\u00f3d (B\u00e1tor Szecsk\u00f6r\u00e9ti x Malomk\u00f6zi Panka ) INTERCHAMPION M\u0142odzie\u017cowy Champion S\u0142owacji M\u0142odzie\u017cowy Champion Czech Champion S\u0142owacji<a class=\"article-read-more\" href=\"http:\/\/pepperoniteam.pl\/en\/kris\/\"><i class=\"worldblogicon fa-angle-double-right\"><\/i><\/a>","protected":false},"author":2,"featured_media":0,"parent":0,"menu_order":0,"comment_status":"closed","ping_status":"closed","template":"","meta":[],"wps_subtitle":"","_links":{"self":[{"href":"http:\/\/pepperoniteam.pl\/en\/wp-json\/wp\/v2\/pages\/4277"}],"collection":[{"href":"http:\/\/pepperoniteam.pl\/en\/wp-json\/wp\/v2\/pages"}],"about":[{"href":"http:\/\/pepperoniteam.pl\/en\/wp-json\/wp\/v2\/types\/page"}],"author":[{"embeddable":true,"href":"http:\/\/pepperoniteam.pl\/en\/wp-json\/wp\/v2\/users\/2"}],"replies":[{"embeddable":true,"href":"http:\/\/pepperoniteam.pl\/en\/wp-json\/wp\/v2\/comments?post=4277"}],"version-history":[{"count":0,"href":"http:\/\/pepperoniteam.pl\/en\/wp-json\/wp\/v2\/pages\/4277\/revisions"}],"wp:attachment":[{"href":"http:\/\/pepperoniteam.pl\/en\/wp-json\/wp\/v2\/media?parent=4277"}],"curies":[{"name":"wp","href":"https:\/\/api.w.org\/{rel}","templated":true}]}}