{"id":4647,"date":"2018-12-09T22:09:28","date_gmt":"2018-12-09T21:09:28","guid":{"rendered":"http:\/\/pepperoniteam.pl\/pepperoni\/?page_id=4647"},"modified":"2022-04-21T21:53:51","modified_gmt":"2022-04-21T19:53:51","slug":"moci","status":"publish","type":"page","link":"http:\/\/pepperoniteam.pl\/en\/moci\/","title":{"rendered":"Moci"},"content":{"rendered":"<div class=\"vc_row wpb_row vc_row-fluid\"><div class=\"wpb_column vc_column_container vc_col-sm-12\"><div class=\"vc_column-inner\"><div class=\"wpb_wrapper\">\n\t<div class=\"wpb_text_column wpb_content_element  wpb_animate_when_almost_visible wpb_fadeInDown fadeInDown vc_custom_1544389517509 special1\" >\n\t\t<div class=\"wpb_wrapper\">\n\t\t\t<h1>Mohosk\u0151i M\u00f3ci<\/h1>\n\n\t\t<\/div>\n\t<\/div>\n\n\t<div class=\"wpb_text_column wpb_content_element\" >\n\t\t<div class=\"wpb_wrapper\">\n\t\t\t<p><i class=\"fa fa-calendar\" ><\/i> DOB 10.10.2009<br \/>\n<i class=\"fa fa-id-card-o\" ><\/i> <span style=\"color: #808080;\"><a style=\"color: #808080;\" href=\"http:\/\/www.vizsladatabase.com\/details.php?id=39120\">Pedigree<\/a><\/span><\/p>\n<p>( Magasparti Rutinos Doki\u00a0x M\u00e1tai Kecses )<\/p>\n\n\t\t<\/div>\n\t<\/div>\n<\/div><\/div><\/div><\/div><div class=\"vc_row wpb_row vc_row-fluid\"><div class=\"wpb_column vc_column_container vc_col-sm-12\"><div class=\"vc_column-inner\"><div class=\"wpb_wrapper\">\n\t<div  class=\"wpb_single_image wpb_content_element vc_align_left  wpb_animate_when_almost_visible wpb_rotateInUpLeft rotateInUpLeft\">\n\t\t\n\t\t<figure class=\"wpb_wrapper vc_figure\">\n\t\t\t<a data-rel=\"prettyPhoto[rel-4647-1637628902]\" href=\"http:\/\/pepperoniteam.pl\/wp-content\/uploads\/2018\/12\/moci20.jpg\" target=\"_self\" class=\"vc_single_image-wrapper vc_box_border  vc_box_border_grey prettyphoto\"><img class=\"vc_single_image-img\" src=\"http:\/\/pepperoniteam.pl\/wp-content\/uploads\/2018\/12\/moci20-450x300.jpg\" width=\"450\" height=\"300\" alt=\"moci20\" title=\"moci20\" \/><\/a>\n\t\t<\/figure>\n\t<\/div>\n<\/div><\/div><\/div><\/div><div class=\"vc_row wpb_row vc_row-fluid\"><div class=\"wpb_column vc_column_container vc_col-sm-12\"><div class=\"vc_column-inner\"><div class=\"wpb_wrapper\">\n\t<div class=\"wpb_text_column wpb_content_element\" >\n\t\t<div class=\"wpb_wrapper\">\n\t\t\t<p style=\"text-align: left;\"><i class=\"fa fa-trophy\" ><\/i>\u00a0<b>INTERCHAMPION C.I.B.<br \/>\n<\/b><i class=\"fa fa-trophy\" ><\/i>\u00a0<b>INTERCHAMPION C.I.E.<\/b><br \/>\n<i class=\"fa fa-trophy\" ><\/i>\u00a0<strong>Junior<\/strong>\u00a0<b>Hungarian Champion<br \/>\n<\/b><i class=\"fa fa-trophy\" ><\/i>\u00a0<b>Hungarian Champion<br \/>\n<\/b><i class=\"fa fa-trophy\" ><\/i>\u00a0<b>Hungarian Show Champion<\/b><br \/>\n<i class=\"fa fa-trophy\" ><\/i>\u00a0<strong>Grand\u00a0<\/strong><b>Hungarian Champion<br \/>\n<\/b><i class=\"fa fa-trophy\" ><\/i>\u00a0<b>Champion of Czech Republic<br \/>\n<\/b><i class=\"fa fa-trophy\" ><\/i>\u00a0<b>Champion of Serbia<br \/>\n<\/b><i class=\"fa fa-trophy\" ><\/i>\u00a0<b>Champion of Romania<br \/>\n<\/b><i class=\"fa fa-trophy\" ><\/i>\u00a0<strong>Grand<\/strong>\u00a0<b>Champion of Romania<br \/>\n<\/b><i class=\"fa fa-trophy\" ><\/i>\u00a0<b>Champion of Austria<br \/>\n<\/b><i class=\"fa fa-trophy\" ><\/i>\u00a0<b>Champion of Slovakia<br \/>\n<\/b><i class=\"fa fa-trophy\" ><\/i>\u00a0<b>Champion of Slovenia<br \/>\n<\/b><i class=\"fa fa-trophy\" ><\/i>\u00a0<b>Champion of Croatia<br \/>\n<\/b><i class=\"fa fa-trophy\" ><\/i>\u00a0<b>Champion of Germany<br \/>\n<\/b><i class=\"fa fa-trophy\" ><\/i>\u00a0<b>Champion of Poland<br \/>\n<\/b><\/p>\n<p><strong>Working<br \/>\n<\/strong>AV<br \/>\n2x VMV<br \/>\nVAV<br \/>\n\u00d6TV<br \/>\nTSZ<br \/>\nSt Hubertus Competition<\/p>\n<p><strong>Health<br \/>\n<\/strong>HD &#8211; A, ED 0<br \/>\noculist certificate<br \/>\ncardiological certificate<br \/>\nL\/L (free of long hair gene)<\/p>\n\n\t\t<\/div>\n\t<\/div>\n<\/div><\/div><\/div><\/div><div class=\"vc_row wpb_row vc_row-fluid\"><div class=\"wpb_column vc_column_container vc_col-sm-12\"><div class=\"vc_column-inner\"><div class=\"wpb_wrapper\"><div class=\"wpb_gallery wpb_content_element vc_clearfix\" ><div class=\"wpb_wrapper\"><div class=\"wpb_gallery_slides wpb_image_grid\" data-interval=\"3\"><ul class=\"wpb_image_grid_ul\"><li class=\"isotope-item\"><a class=\"prettyphoto\" href=\"http:\/\/pepperoniteam.pl\/wp-content\/uploads\/2018\/12\/1229967_383402785118730_1230214523_n.jpg\" data-rel=\"prettyPhoto[rel-4647-1639978463]\"><img class=\"\" src=\"http:\/\/pepperoniteam.pl\/wp-content\/uploads\/2018\/12\/1229967_383402785118730_1230214523_n-165x165.jpg\" width=\"165\" height=\"165\" alt=\"1229967_383402785118730_1230214523_n\" title=\"1229967_383402785118730_1230214523_n\" \/><\/a><\/li><li class=\"isotope-item\"><a class=\"prettyphoto\" href=\"http:\/\/pepperoniteam.pl\/wp-content\/uploads\/2018\/12\/moci19.jpg\" data-rel=\"prettyPhoto[rel-4647-1639978463]\"><img class=\"\" src=\"http:\/\/pepperoniteam.pl\/wp-content\/uploads\/2018\/12\/moci19-165x165.jpg\" width=\"165\" height=\"165\" alt=\"moci19\" title=\"moci19\" \/><\/a><\/li><li class=\"isotope-item\"><a class=\"prettyphoto\" href=\"http:\/\/pepperoniteam.pl\/wp-content\/uploads\/2018\/12\/moci22.jpg\" data-rel=\"prettyPhoto[rel-4647-1639978463]\"><img class=\"\" src=\"http:\/\/pepperoniteam.pl\/wp-content\/uploads\/2018\/12\/moci22-165x165.jpg\" width=\"165\" height=\"165\" alt=\"moci22\" title=\"moci22\" \/><\/a><\/li><li class=\"isotope-item\"><a class=\"prettyphoto\" href=\"http:\/\/pepperoniteam.pl\/wp-content\/uploads\/2018\/12\/moci20-1.jpg\" data-rel=\"prettyPhoto[rel-4647-1639978463]\"><img class=\"\" src=\"http:\/\/pepperoniteam.pl\/wp-content\/uploads\/2018\/12\/moci20-1-165x165.jpg\" width=\"165\" height=\"165\" alt=\"moci20\" title=\"moci20\" \/><\/a><\/li><li class=\"isotope-item\"><a class=\"prettyphoto\" href=\"http:\/\/pepperoniteam.pl\/wp-content\/uploads\/2018\/12\/10763_454686521323689_824560254_n.jpg\" data-rel=\"prettyPhoto[rel-4647-1639978463]\"><img class=\"\" src=\"http:\/\/pepperoniteam.pl\/wp-content\/uploads\/2018\/12\/10763_454686521323689_824560254_n-165x165.jpg\" width=\"165\" height=\"165\" alt=\"10763_454686521323689_824560254_n\" title=\"10763_454686521323689_824560254_n\" \/><\/a><\/li><li class=\"isotope-item\"><a class=\"prettyphoto\" href=\"http:\/\/pepperoniteam.pl\/wp-content\/uploads\/2018\/12\/moci12.jpg\" data-rel=\"prettyPhoto[rel-4647-1639978463]\"><img class=\"\" src=\"http:\/\/pepperoniteam.pl\/wp-content\/uploads\/2018\/12\/moci12-165x165.jpg\" width=\"165\" height=\"165\" alt=\"moci12\" title=\"moci12\" \/><\/a><\/li><li class=\"isotope-item\"><a class=\"prettyphoto\" href=\"http:\/\/pepperoniteam.pl\/wp-content\/uploads\/2018\/12\/moci24.jpg\" data-rel=\"prettyPhoto[rel-4647-1639978463]\"><img class=\"\" src=\"http:\/\/pepperoniteam.pl\/wp-content\/uploads\/2018\/12\/moci24-165x165.jpg\" width=\"165\" height=\"165\" alt=\"moci24\" title=\"moci24\" \/><\/a><\/li><li class=\"isotope-item\"><a class=\"prettyphoto\" href=\"http:\/\/pepperoniteam.pl\/wp-content\/uploads\/2018\/12\/moci27.jpg\" data-rel=\"prettyPhoto[rel-4647-1639978463]\"><img class=\"\" src=\"http:\/\/pepperoniteam.pl\/wp-content\/uploads\/2018\/12\/moci27-165x165.jpg\" width=\"165\" height=\"165\" alt=\"moci27\" title=\"moci27\" \/><\/a><\/li><li class=\"isotope-item\"><a class=\"prettyphoto\" href=\"http:\/\/pepperoniteam.pl\/wp-content\/uploads\/2018\/12\/moci28.jpg\" data-rel=\"prettyPhoto[rel-4647-1639978463]\"><img class=\"\" src=\"http:\/\/pepperoniteam.pl\/wp-content\/uploads\/2018\/12\/moci28-165x165.jpg\" width=\"165\" height=\"165\" alt=\"moci28\" title=\"moci28\" \/><\/a><\/li><li class=\"isotope-item\"><a class=\"prettyphoto\" href=\"http:\/\/pepperoniteam.pl\/wp-content\/uploads\/2018\/12\/moci26.jpg\" data-rel=\"prettyPhoto[rel-4647-1639978463]\"><img class=\"\" src=\"http:\/\/pepperoniteam.pl\/wp-content\/uploads\/2018\/12\/moci26-165x165.jpg\" width=\"165\" height=\"165\" alt=\"moci26\" title=\"moci26\" \/><\/a><\/li><li class=\"isotope-item\"><a class=\"prettyphoto\" href=\"http:\/\/pepperoniteam.pl\/wp-content\/uploads\/2018\/12\/moci34.jpg\" data-rel=\"prettyPhoto[rel-4647-1639978463]\"><img class=\"\" src=\"http:\/\/pepperoniteam.pl\/wp-content\/uploads\/2018\/12\/moci34-165x165.jpg\" width=\"165\" height=\"165\" alt=\"moci34\" title=\"moci34\" \/><\/a><\/li><li class=\"isotope-item\"><a class=\"prettyphoto\" href=\"http:\/\/pepperoniteam.pl\/wp-content\/uploads\/2018\/12\/moci35.jpg\" data-rel=\"prettyPhoto[rel-4647-1639978463]\"><img class=\"\" src=\"http:\/\/pepperoniteam.pl\/wp-content\/uploads\/2018\/12\/moci35-165x165.jpg\" width=\"165\" height=\"165\" alt=\"moci35\" title=\"moci35\" \/><\/a><\/li><\/ul><\/div><\/div><\/div><\/div><\/div><\/div><\/div>","protected":false},"excerpt":{"rendered":"Mohosk\u0151i M\u00f3ci Ur. 10.10.2009 Rodow\u00f3d ( Magasparti Rutinos Doki\u00a0x M\u00e1tai Kecses ) \u00a0INTERCHAMPION C.I.B. \u00a0INTERCHAMPION C.I.E. \u00a0M\u0142odzie\u017cowy\u00a0Champion W\u0119gier \u00a0Champion W\u0119gier<a class=\"article-read-more\" href=\"http:\/\/pepperoniteam.pl\/en\/moci\/\"><i class=\"worldblogicon fa-angle-double-right\"><\/i><\/a>","protected":false},"author":2,"featured_media":0,"parent":0,"menu_order":0,"comment_status":"closed","ping_status":"closed","template":"","meta":[],"wps_subtitle":"","_links":{"self":[{"href":"http:\/\/pepperoniteam.pl\/en\/wp-json\/wp\/v2\/pages\/4647"}],"collection":[{"href":"http:\/\/pepperoniteam.pl\/en\/wp-json\/wp\/v2\/pages"}],"about":[{"href":"http:\/\/pepperoniteam.pl\/en\/wp-json\/wp\/v2\/types\/page"}],"author":[{"embeddable":true,"href":"http:\/\/pepperoniteam.pl\/en\/wp-json\/wp\/v2\/users\/2"}],"replies":[{"embeddable":true,"href":"http:\/\/pepperoniteam.pl\/en\/wp-json\/wp\/v2\/comments?post=4647"}],"version-history":[{"count":0,"href":"http:\/\/pepperoniteam.pl\/en\/wp-json\/wp\/v2\/pages\/4647\/revisions"}],"wp:attachment":[{"href":"http:\/\/pepperoniteam.pl\/en\/wp-json\/wp\/v2\/media?parent=4647"}],"curies":[{"name":"wp","href":"https:\/\/api.w.org\/{rel}","templated":true}]}}