{"id":6341,"date":"2019-03-28T22:21:38","date_gmt":"2019-03-28T21:21:38","guid":{"rendered":"http:\/\/pepperoniteam.pl\/?page_id=6341"},"modified":"2022-04-21T20:51:40","modified_gmt":"2022-04-21T18:51:40","slug":"alfred","status":"publish","type":"page","link":"http:\/\/pepperoniteam.pl\/en\/alfred\/","title":{"rendered":"Alfred"},"content":{"rendered":"<div class=\"vc_row wpb_row vc_row-fluid\"><div class=\"wpb_column vc_column_container vc_col-sm-12\"><div class=\"vc_column-inner\"><div class=\"wpb_wrapper\">\n\t<div class=\"wpb_text_column wpb_content_element  wpb_animate_when_almost_visible wpb_fadeInDown fadeInDown vc_custom_1553802680994 special1\" >\n\t\t<div class=\"wpb_wrapper\">\n\t\t\t<h1>Erd\u00f5gy\u00f6ngye Vad\u00e0sz Alfr\u00e9d<\/h1>\n\n\t\t<\/div>\n\t<\/div>\n\n\t<div class=\"wpb_text_column wpb_content_element\" >\n\t\t<div class=\"wpb_wrapper\">\n\t\t\t<p><i class=\"fa fa-calendar\" ><\/i> Ur. 07.06.2014<br \/>\n<i class=\"fa fa-id-card-o\" ><\/i> <a href=\"http:\/\/www.vizsladatabase.com\/details.php?id=102862\"><span style=\"color: #808080;\">Pedigree<\/span><\/a><\/p>\n<p>( Piszkei Dics\u00f6 x Otiska Lola )<\/p>\n\n\t\t<\/div>\n\t<\/div>\n<\/div><\/div><\/div><\/div><div class=\"vc_row wpb_row vc_row-fluid\"><div class=\"wpb_column vc_column_container vc_col-sm-12\"><div class=\"vc_column-inner\"><div class=\"wpb_wrapper\">\n\t<div  class=\"wpb_single_image wpb_content_element vc_align_left  wpb_animate_when_almost_visible wpb_rotateInUpLeft rotateInUpLeft\">\n\t\t\n\t\t<figure class=\"wpb_wrapper vc_figure\">\n\t\t\t<a data-rel=\"prettyPhoto[rel-6341-1877242865]\" href=\"http:\/\/pepperoniteam.pl\/wp-content\/uploads\/2019\/03\/13738215_1253821754652780_9172417112879020765_o-1024x683.jpg\" target=\"_self\" class=\"vc_single_image-wrapper vc_box_border  vc_box_border_grey prettyphoto\"><img class=\"vc_single_image-img\" src=\"http:\/\/pepperoniteam.pl\/wp-content\/uploads\/2019\/03\/13738215_1253821754652780_9172417112879020765_o-450x300.jpg\" width=\"450\" height=\"300\" alt=\"13738215_1253821754652780_9172417112879020765_o\" title=\"13738215_1253821754652780_9172417112879020765_o\" \/><\/a>\n\t\t<\/figure>\n\t<\/div>\n<\/div><\/div><\/div><\/div><div class=\"vc_row wpb_row vc_row-fluid\"><div class=\"wpb_column vc_column_container vc_col-sm-12\"><div class=\"vc_column-inner\"><div class=\"wpb_wrapper\">\n\t<div class=\"wpb_text_column wpb_content_element\" >\n\t\t<div class=\"wpb_wrapper\">\n\t\t\t<p style=\"text-align: left;\"><i class=\"fa fa-trophy\" ><\/i>\u00a0<strong>Hung\u00e1ria Junior Champion<\/strong><br \/>\n<i class=\"fa fa-trophy\" ><\/i> <strong>Hungarian Champion<\/strong><b><br \/>\n<\/b><i class=\"fa fa-trophy\" ><\/i> <strong>Hungarian Show<\/strong>\u00a0<strong>Champion\u00a0<\/strong><b><br \/>\n<\/b><i class=\"fa fa-trophy\" ><\/i> <strong>Hung\u00e1ria Working Champion<\/strong><b><br \/>\n<\/b><\/p>\n<p><strong>Shows<\/strong><br \/>\n6 x JCAC<br \/>\nBest Junior<br \/>\n10 x CAC<br \/>\n2 x resCAC<br \/>\n2 x resCACIB<br \/>\n2 x BOS<br \/>\nBest of Opposite Sex -BEST IN SHOW I.<\/p>\n<p><strong>Working<br \/>\n<\/strong>CACIT<br \/>\n2 x resCACIT<br \/>\n4 x CACT<br \/>\n3 x resCACT<\/p>\n<p>AV &#8211;\u00a0Natural Ability Test &#8211; max score<br \/>\nVAV &#8211;\u00a0Hunting Aptitude Test<span class=\"Apple-converted-space\"><br \/>\n<\/span>Ut\u00e1nkeres\u0151 VAV \u2013 Blood Searching Test &#8211; max score<br \/>\nVMV &#8211; Field and Water Test &#8211; I. prize<br \/>\n\u00d6TV \u2013 Autumn Breeding Test (Field and Water Test) &#8211; I. prize<br \/>\nMVV \u2013 Field-Water-Forest all round Test \u2013 I. prize<\/p>\n<p>2016. CACT National Vizsla Main Competition (Field and water competition)<br \/>\n\u2014\u2192 \u203a Regional Sorter &#8211; I.prize I. place<br \/>\n\u2014\u2192 \u203a Main Competition &#8211; I.prize, II.place<br \/>\n\u2014\u2192 \u203a County Sorter &#8211; I.place,\u00a0<strong>Res.CACT<br \/>\n<\/strong>2016. CACT, CACIT Field and water competition (Kolossy G\u00e1bor Memorial) &#8211; I.prize, VIII.place, <strong>Best Water Work<\/strong><br \/>\n2017. CACIT MVV \u2013 Field-Water-Forest all round test (Special Hungarian Vizsla all round Competition) &#8211; I.prize, II.place, <strong>CACT<\/strong>, <strong>Res.CACIT<\/strong><br \/>\n2017. Hortob\u00e1gy Field and Water Competition (XIX.Rad\u00f3 Andr\u00e1s Memorial) &#8211; I.prize<br \/>\n2018. Field Trial &#8211; Very good 8.points<br \/>\n2018. CACT Field and Water Competition (Champions Competition) \u2013 I.prize, III.place<br \/>\n2018. CACT Field and Water Competiton (V.Vasas J\u00f3zsef Memorial) \u2013 I. prize, II.place <strong>Res.CACT<\/strong>, <strong>Res.CACIT<\/strong>, <strong>Best Field Work<\/strong><br \/>\n2018. Kaj\u00e1sz\u00f3 Field and Water Competition \u2013 I.prize, IV.place, <strong>Best Field Work<\/strong><br \/>\n2018. CACT National Vizsla Main Competition (Field-Water-Forest all round Competition)<br \/>\n\u2014\u2192 \u203a County Sorter &#8211; I.place<br \/>\n\u2014\u2192 \u203a Regional Sorter &#8211; I.prize, I.place <strong>CACT<\/strong><br \/>\n\u2014\u2192 \u203a Main Competition &#8211; I.prize, II.place <strong>Res.CACT<\/strong><br \/>\n2018. Szent Hubertusz Vad\u00e1szverseny \u2013<span class=\"Apple-converted-space\">\u00a0 <\/span>St.Hubert Hunting Competition &#8211; Excellent, IV.place<br \/>\n2019. OVK Kezd\u0151k \u00e9s Bajnokok Kup\u00e1ja &#8211; I. prize, III. place, <strong>Best Field Work<\/strong><br \/>\n2019. CACT OVF Dun\u00e1nt\u00fali region\u00e1lis v\u00e1logat\u00f3 &#8211; I.prize, I.place, <strong>CACT, Best Forest Work, Best RSZMV<br \/>\n<\/strong>2019. XX. CACIT Speci\u00e1lis Magyar Vizsla Verseny &#8211; I.prize, I.place, <strong>CACIT, CACT, Best Field Work, Best Forest Work, Best RSZMV<br \/>\n<\/strong>2019. Orsz\u00e1gos Vizsla F\u0151verseny D\u00f6nt\u0151 &#8211; I.prize, II.place, resCACT, <strong>Best Forest Work<\/strong><\/p>\n<p><strong>Health<br \/>\n<\/strong>HD &#8211; B<br \/>\nBreeding Test<\/p>\n\n\t\t<\/div>\n\t<\/div>\n<\/div><\/div><\/div><\/div><div class=\"vc_row wpb_row vc_row-fluid\"><div class=\"wpb_column vc_column_container vc_col-sm-12\"><div class=\"vc_column-inner\"><div class=\"wpb_wrapper\"><div class=\"wpb_gallery wpb_content_element vc_clearfix\" ><div class=\"wpb_wrapper\"><div class=\"wpb_gallery_slides wpb_image_grid\" data-interval=\"3\"><ul class=\"wpb_image_grid_ul\"><li class=\"isotope-item\"><a class=\"prettyphoto\" href=\"http:\/\/pepperoniteam.pl\/wp-content\/uploads\/2019\/03\/13738215_1253821754652780_9172417112879020765_o-1024x683.jpg\" data-rel=\"prettyPhoto[rel-6341-761579070]\"><img class=\"\" src=\"http:\/\/pepperoniteam.pl\/wp-content\/uploads\/2019\/03\/13738215_1253821754652780_9172417112879020765_o-165x165.jpg\" width=\"165\" height=\"165\" alt=\"13738215_1253821754652780_9172417112879020765_o\" title=\"13738215_1253821754652780_9172417112879020765_o\" \/><\/a><\/li><li class=\"isotope-item\"><a class=\"prettyphoto\" href=\"http:\/\/pepperoniteam.pl\/wp-content\/uploads\/2019\/04\/13873099_1269408959760726_8220154319361370271_n.jpg\" data-rel=\"prettyPhoto[rel-6341-761579070]\"><img class=\"\" src=\"http:\/\/pepperoniteam.pl\/wp-content\/uploads\/2019\/04\/13873099_1269408959760726_8220154319361370271_n-165x165.jpg\" width=\"165\" height=\"165\" alt=\"13873099_1269408959760726_8220154319361370271_n\" title=\"13873099_1269408959760726_8220154319361370271_n\" \/><\/a><\/li><li class=\"isotope-item\"><a class=\"prettyphoto\" href=\"http:\/\/pepperoniteam.pl\/wp-content\/uploads\/2019\/04\/16487506_1454605994574354_131111942612971673_o-1024x609.jpg\" data-rel=\"prettyPhoto[rel-6341-761579070]\"><img class=\"\" src=\"http:\/\/pepperoniteam.pl\/wp-content\/uploads\/2019\/04\/16487506_1454605994574354_131111942612971673_o-165x165.jpg\" width=\"165\" height=\"165\" alt=\"16487506_1454605994574354_131111942612971673_o\" title=\"16487506_1454605994574354_131111942612971673_o\" \/><\/a><\/li><li class=\"isotope-item\"><a class=\"prettyphoto\" href=\"http:\/\/pepperoniteam.pl\/wp-content\/uploads\/2019\/03\/IMG_5012.jpg\" data-rel=\"prettyPhoto[rel-6341-761579070]\"><img class=\"\" src=\"http:\/\/pepperoniteam.pl\/wp-content\/uploads\/2019\/03\/IMG_5012-165x165.jpg\" width=\"165\" height=\"165\" alt=\"IMG_5012\" title=\"IMG_5012\" \/><\/a><\/li><li class=\"isotope-item\"><a class=\"prettyphoto\" href=\"http:\/\/pepperoniteam.pl\/wp-content\/uploads\/2019\/03\/IMG_4852-2.jpg\" data-rel=\"prettyPhoto[rel-6341-761579070]\"><img class=\"\" src=\"http:\/\/pepperoniteam.pl\/wp-content\/uploads\/2019\/03\/IMG_4852-2-165x165.jpg\" width=\"165\" height=\"165\" alt=\"IMG_4852\" title=\"IMG_4852\" \/><\/a><\/li><li class=\"isotope-item\"><a class=\"prettyphoto\" href=\"http:\/\/pepperoniteam.pl\/wp-content\/uploads\/2019\/03\/IMG_4874.jpg\" data-rel=\"prettyPhoto[rel-6341-761579070]\"><img class=\"\" src=\"http:\/\/pepperoniteam.pl\/wp-content\/uploads\/2019\/03\/IMG_4874-165x165.jpg\" width=\"165\" height=\"165\" alt=\"IMG_4874\" title=\"IMG_4874\" \/><\/a><\/li><li class=\"isotope-item\"><a class=\"prettyphoto\" href=\"http:\/\/pepperoniteam.pl\/wp-content\/uploads\/2019\/03\/IMG_4876.jpg\" data-rel=\"prettyPhoto[rel-6341-761579070]\"><img class=\"\" src=\"http:\/\/pepperoniteam.pl\/wp-content\/uploads\/2019\/03\/IMG_4876-165x165.jpg\" width=\"165\" height=\"165\" alt=\"IMG_4876\" title=\"IMG_4876\" \/><\/a><\/li><li class=\"isotope-item\"><a class=\"prettyphoto\" href=\"http:\/\/pepperoniteam.pl\/wp-content\/uploads\/2019\/03\/IMG_4861.jpg\" data-rel=\"prettyPhoto[rel-6341-761579070]\"><img class=\"\" src=\"http:\/\/pepperoniteam.pl\/wp-content\/uploads\/2019\/03\/IMG_4861-165x165.jpg\" width=\"165\" height=\"165\" alt=\"IMG_4861\" title=\"IMG_4861\" \/><\/a><\/li><li class=\"isotope-item\"><a class=\"prettyphoto\" href=\"http:\/\/pepperoniteam.pl\/wp-content\/uploads\/2019\/03\/IMG_4862.jpg\" data-rel=\"prettyPhoto[rel-6341-761579070]\"><img class=\"\" src=\"http:\/\/pepperoniteam.pl\/wp-content\/uploads\/2019\/03\/IMG_4862-165x165.jpg\" width=\"165\" height=\"165\" alt=\"IMG_4862\" title=\"IMG_4862\" \/><\/a><\/li><li class=\"isotope-item\"><a class=\"prettyphoto\" href=\"http:\/\/pepperoniteam.pl\/wp-content\/uploads\/2019\/03\/IMG_4864.jpg\" data-rel=\"prettyPhoto[rel-6341-761579070]\"><img class=\"\" src=\"http:\/\/pepperoniteam.pl\/wp-content\/uploads\/2019\/03\/IMG_4864-165x165.jpg\" width=\"165\" height=\"165\" alt=\"IMG_4864\" title=\"IMG_4864\" \/><\/a><\/li><li class=\"isotope-item\"><a class=\"prettyphoto\" href=\"http:\/\/pepperoniteam.pl\/wp-content\/uploads\/2019\/03\/IMG_4869.jpg\" data-rel=\"prettyPhoto[rel-6341-761579070]\"><img class=\"\" src=\"http:\/\/pepperoniteam.pl\/wp-content\/uploads\/2019\/03\/IMG_4869-165x165.jpg\" width=\"165\" height=\"165\" alt=\"IMG_4869\" title=\"IMG_4869\" \/><\/a><\/li><li class=\"isotope-item\"><a class=\"prettyphoto\" href=\"http:\/\/pepperoniteam.pl\/wp-content\/uploads\/2019\/03\/IMG_4976.jpg\" data-rel=\"prettyPhoto[rel-6341-761579070]\"><img class=\"\" src=\"http:\/\/pepperoniteam.pl\/wp-content\/uploads\/2019\/03\/IMG_4976-165x165.jpg\" width=\"165\" height=\"165\" alt=\"IMG_4976\" title=\"IMG_4976\" \/><\/a><\/li><li class=\"isotope-item\"><a class=\"prettyphoto\" href=\"\" data-rel=\"prettyPhoto[rel-6341-761579070]\"><\/a><\/li><li class=\"isotope-item\"><a class=\"prettyphoto\" href=\"http:\/\/pepperoniteam.pl\/wp-content\/uploads\/2019\/03\/IMG_4979.jpg\" data-rel=\"prettyPhoto[rel-6341-761579070]\"><img class=\"\" src=\"http:\/\/pepperoniteam.pl\/wp-content\/uploads\/2019\/03\/IMG_4979-165x165.jpg\" width=\"165\" height=\"165\" alt=\"IMG_4979\" title=\"IMG_4979\" \/><\/a><\/li><li class=\"isotope-item\"><a class=\"prettyphoto\" href=\"http:\/\/pepperoniteam.pl\/wp-content\/uploads\/2019\/03\/IMG_4980.jpg\" data-rel=\"prettyPhoto[rel-6341-761579070]\"><img class=\"\" src=\"http:\/\/pepperoniteam.pl\/wp-content\/uploads\/2019\/03\/IMG_4980-165x165.jpg\" width=\"165\" height=\"165\" alt=\"IMG_4980\" title=\"IMG_4980\" \/><\/a><\/li><li class=\"isotope-item\"><a class=\"prettyphoto\" href=\"http:\/\/pepperoniteam.pl\/wp-content\/uploads\/2019\/03\/IMG_4993.jpg\" data-rel=\"prettyPhoto[rel-6341-761579070]\"><img class=\"\" src=\"http:\/\/pepperoniteam.pl\/wp-content\/uploads\/2019\/03\/IMG_4993-165x165.jpg\" width=\"165\" height=\"165\" alt=\"IMG_4993\" title=\"IMG_4993\" \/><\/a><\/li><li class=\"isotope-item\"><a class=\"prettyphoto\" href=\"http:\/\/pepperoniteam.pl\/wp-content\/uploads\/2019\/04\/13775347_1261708287197460_2512943352783426329_n.jpg\" data-rel=\"prettyPhoto[rel-6341-761579070]\"><img class=\"\" src=\"http:\/\/pepperoniteam.pl\/wp-content\/uploads\/2019\/04\/13775347_1261708287197460_2512943352783426329_n-165x165.jpg\" width=\"165\" height=\"165\" alt=\"13775347_1261708287197460_2512943352783426329_n\" title=\"13775347_1261708287197460_2512943352783426329_n\" \/><\/a><\/li><li class=\"isotope-item\"><a class=\"prettyphoto\" href=\"\" data-rel=\"prettyPhoto[rel-6341-761579070]\"><\/a><\/li><li class=\"isotope-item\"><a class=\"prettyphoto\" href=\"http:\/\/pepperoniteam.pl\/wp-content\/uploads\/2019\/04\/36269287_2027534490614832_7134316140402049024_o-1024x651.jpg\" data-rel=\"prettyPhoto[rel-6341-761579070]\"><img class=\"\" src=\"http:\/\/pepperoniteam.pl\/wp-content\/uploads\/2019\/04\/36269287_2027534490614832_7134316140402049024_o-165x165.jpg\" width=\"165\" height=\"165\" alt=\"36269287_2027534490614832_7134316140402049024_o\" title=\"36269287_2027534490614832_7134316140402049024_o\" \/><\/a><\/li><li class=\"isotope-item\"><a class=\"prettyphoto\" href=\"http:\/\/pepperoniteam.pl\/wp-content\/uploads\/2019\/04\/18768623_1024559814354671_4866567449952544145_o-1024x640.jpg\" data-rel=\"prettyPhoto[rel-6341-761579070]\"><img class=\"\" src=\"http:\/\/pepperoniteam.pl\/wp-content\/uploads\/2019\/04\/18768623_1024559814354671_4866567449952544145_o-165x165.jpg\" width=\"165\" height=\"165\" alt=\"18768623_1024559814354671_4866567449952544145_o\" title=\"18768623_1024559814354671_4866567449952544145_o\" \/><\/a><\/li><li class=\"isotope-item\"><a class=\"prettyphoto\" href=\"http:\/\/pepperoniteam.pl\/wp-content\/uploads\/2019\/04\/28954489_1918114434890172_1804940493840242805_o-1024x598.jpg\" data-rel=\"prettyPhoto[rel-6341-761579070]\"><img class=\"\" src=\"http:\/\/pepperoniteam.pl\/wp-content\/uploads\/2019\/04\/28954489_1918114434890172_1804940493840242805_o-165x165.jpg\" width=\"165\" height=\"165\" alt=\"28954489_1918114434890172_1804940493840242805_o\" title=\"28954489_1918114434890172_1804940493840242805_o\" \/><\/a><\/li><li class=\"isotope-item\"><a class=\"prettyphoto\" href=\"http:\/\/pepperoniteam.pl\/wp-content\/uploads\/2019\/04\/55451749_2259843740897143_4423125628304228352_n-1024x624.jpg\" data-rel=\"prettyPhoto[rel-6341-761579070]\"><img class=\"\" src=\"http:\/\/pepperoniteam.pl\/wp-content\/uploads\/2019\/04\/55451749_2259843740897143_4423125628304228352_n-165x165.jpg\" width=\"165\" height=\"165\" alt=\"55451749_2259843740897143_4423125628304228352_n\" title=\"55451749_2259843740897143_4423125628304228352_n\" \/><\/a><\/li><li class=\"isotope-item\"><a class=\"prettyphoto\" href=\"\" data-rel=\"prettyPhoto[rel-6341-761579070]\"><\/a><\/li><li class=\"isotope-item\"><a class=\"prettyphoto\" href=\"http:\/\/pepperoniteam.pl\/wp-content\/uploads\/2019\/04\/55887757_293766691533679_5202322142787534848_n.jpg\" data-rel=\"prettyPhoto[rel-6341-761579070]\"><img class=\"\" src=\"http:\/\/pepperoniteam.pl\/wp-content\/uploads\/2019\/04\/55887757_293766691533679_5202322142787534848_n-165x165.jpg\" width=\"165\" height=\"165\" alt=\"55887757_293766691533679_5202322142787534848_n\" title=\"55887757_293766691533679_5202322142787534848_n\" \/><\/a><\/li><li class=\"isotope-item\"><a class=\"prettyphoto\" href=\"http:\/\/pepperoniteam.pl\/wp-content\/uploads\/2019\/04\/12339611_1107843565917267_7581600597893552414_o-714x1024.jpg\" data-rel=\"prettyPhoto[rel-6341-761579070]\"><img class=\"\" src=\"http:\/\/pepperoniteam.pl\/wp-content\/uploads\/2019\/04\/12339611_1107843565917267_7581600597893552414_o-165x165.jpg\" width=\"165\" height=\"165\" alt=\"12339611_1107843565917267_7581600597893552414_o\" title=\"12339611_1107843565917267_7581600597893552414_o\" \/><\/a><\/li><li class=\"isotope-item\"><a class=\"prettyphoto\" href=\"http:\/\/pepperoniteam.pl\/wp-content\/uploads\/2019\/04\/12360023_1111400818894875_6166091071237047405_n.jpg\" data-rel=\"prettyPhoto[rel-6341-761579070]\"><img class=\"\" src=\"http:\/\/pepperoniteam.pl\/wp-content\/uploads\/2019\/04\/12360023_1111400818894875_6166091071237047405_n-165x165.jpg\" width=\"165\" height=\"165\" alt=\"12360023_1111400818894875_6166091071237047405_n\" title=\"12360023_1111400818894875_6166091071237047405_n\" \/><\/a><\/li><li class=\"isotope-item\"><a class=\"prettyphoto\" href=\"http:\/\/pepperoniteam.pl\/wp-content\/uploads\/2019\/04\/56196789_2248618748800461_7590408282456457216_n.jpg\" data-rel=\"prettyPhoto[rel-6341-761579070]\"><img class=\"\" src=\"http:\/\/pepperoniteam.pl\/wp-content\/uploads\/2019\/04\/56196789_2248618748800461_7590408282456457216_n-165x165.jpg\" width=\"165\" height=\"165\" alt=\"56196789_2248618748800461_7590408282456457216_n\" title=\"56196789_2248618748800461_7590408282456457216_n\" \/><\/a><\/li><li class=\"isotope-item\"><a class=\"prettyphoto\" href=\"http:\/\/pepperoniteam.pl\/wp-content\/uploads\/2019\/04\/11088161_979120432122915_666813880849943756_o-1024x768.jpg\" data-rel=\"prettyPhoto[rel-6341-761579070]\"><img class=\"\" src=\"http:\/\/pepperoniteam.pl\/wp-content\/uploads\/2019\/04\/11088161_979120432122915_666813880849943756_o-165x165.jpg\" width=\"165\" height=\"165\" alt=\"11088161_979120432122915_666813880849943756_o\" title=\"11088161_979120432122915_666813880849943756_o\" \/><\/a><\/li><li class=\"isotope-item\"><a class=\"prettyphoto\" href=\"http:\/\/pepperoniteam.pl\/wp-content\/uploads\/2019\/04\/42746834_1864653356949147_6277234122037395456_o-1024x768.jpg\" data-rel=\"prettyPhoto[rel-6341-761579070]\"><img class=\"\" src=\"http:\/\/pepperoniteam.pl\/wp-content\/uploads\/2019\/04\/42746834_1864653356949147_6277234122037395456_o-165x165.jpg\" width=\"165\" height=\"165\" alt=\"42746834_1864653356949147_6277234122037395456_o\" title=\"42746834_1864653356949147_6277234122037395456_o\" \/><\/a><\/li><li class=\"isotope-item\"><a class=\"prettyphoto\" href=\"http:\/\/pepperoniteam.pl\/wp-content\/uploads\/2019\/04\/44112923_1925457464156044_5667689112098832384_n.jpg\" data-rel=\"prettyPhoto[rel-6341-761579070]\"><img class=\"\" src=\"http:\/\/pepperoniteam.pl\/wp-content\/uploads\/2019\/04\/44112923_1925457464156044_5667689112098832384_n-165x165.jpg\" width=\"165\" height=\"165\" alt=\"44112923_1925457464156044_5667689112098832384_n\" title=\"44112923_1925457464156044_5667689112098832384_n\" \/><\/a><\/li><li class=\"isotope-item\"><a class=\"prettyphoto\" href=\"http:\/\/pepperoniteam.pl\/wp-content\/uploads\/2019\/04\/33709767_1985594094808872_3575855050410426368_n.jpg\" data-rel=\"prettyPhoto[rel-6341-761579070]\"><img class=\"\" src=\"http:\/\/pepperoniteam.pl\/wp-content\/uploads\/2019\/04\/33709767_1985594094808872_3575855050410426368_n-165x165.jpg\" width=\"165\" height=\"165\" alt=\"33709767_1985594094808872_3575855050410426368_n\" title=\"33709767_1985594094808872_3575855050410426368_n\" \/><\/a><\/li><li class=\"isotope-item\"><a class=\"prettyphoto\" href=\"http:\/\/pepperoniteam.pl\/wp-content\/uploads\/2019\/04\/22339244_1727005494001068_741849605595906271_o-869x1024.jpg\" data-rel=\"prettyPhoto[rel-6341-761579070]\"><img class=\"\" src=\"http:\/\/pepperoniteam.pl\/wp-content\/uploads\/2019\/04\/22339244_1727005494001068_741849605595906271_o-165x165.jpg\" width=\"165\" height=\"165\" alt=\"22339244_1727005494001068_741849605595906271_o\" title=\"22339244_1727005494001068_741849605595906271_o\" \/><\/a><\/li><\/ul><\/div><\/div><\/div><\/div><\/div><\/div><\/div>","protected":false},"excerpt":{"rendered":"Erd\u00f5gy\u00f6ngye Vad\u00e0sz Alfr\u00e9d Ur. 07.06.2014 Rodow\u00f3d ( Piszkei Dics\u00f6 x Otiska Lola ) \u00a0M\u0142odzie\u017cowy Champion W\u0119gier Champion W\u0119gier W\u0119gierski Show\u00a0Champion\u00a0<a class=\"article-read-more\" href=\"http:\/\/pepperoniteam.pl\/en\/alfred\/\"><i class=\"worldblogicon fa-angle-double-right\"><\/i><\/a>","protected":false},"author":2,"featured_media":0,"parent":0,"menu_order":0,"comment_status":"closed","ping_status":"closed","template":"","meta":[],"wps_subtitle":"","_links":{"self":[{"href":"http:\/\/pepperoniteam.pl\/en\/wp-json\/wp\/v2\/pages\/6341"}],"collection":[{"href":"http:\/\/pepperoniteam.pl\/en\/wp-json\/wp\/v2\/pages"}],"about":[{"href":"http:\/\/pepperoniteam.pl\/en\/wp-json\/wp\/v2\/types\/page"}],"author":[{"embeddable":true,"href":"http:\/\/pepperoniteam.pl\/en\/wp-json\/wp\/v2\/users\/2"}],"replies":[{"embeddable":true,"href":"http:\/\/pepperoniteam.pl\/en\/wp-json\/wp\/v2\/comments?post=6341"}],"version-history":[{"count":0,"href":"http:\/\/pepperoniteam.pl\/en\/wp-json\/wp\/v2\/pages\/6341\/revisions"}],"wp:attachment":[{"href":"http:\/\/pepperoniteam.pl\/en\/wp-json\/wp\/v2\/media?parent=6341"}],"curies":[{"name":"wp","href":"https:\/\/api.w.org\/{rel}","templated":true}]}}