{"id":7939,"date":"2021-02-02T17:18:49","date_gmt":"2021-02-02T16:18:49","guid":{"rendered":"http:\/\/pepperoniteam.pl\/?page_id=7939"},"modified":"2022-04-21T20:52:02","modified_gmt":"2022-04-21T18:52:02","slug":"balvany","status":"publish","type":"page","link":"http:\/\/pepperoniteam.pl\/en\/balvany\/","title":{"rendered":"Balvany"},"content":{"rendered":"<div class=\"vc_row wpb_row vc_row-fluid\"><div class=\"wpb_column vc_column_container vc_col-sm-12\"><div class=\"vc_column-inner\"><div class=\"wpb_wrapper\">\n\t<div class=\"wpb_text_column wpb_content_element  wpb_animate_when_almost_visible wpb_fadeInDown fadeInDown vc_custom_1553802680994 special1\" >\n\t\t<div class=\"wpb_wrapper\">\n\t\t\t<h1>Csipk\u00e9sk\u00fati B\u00e1lv\u00e1ny &#8220;Hajd\u00fa&#8221;<\/h1>\n\n\t\t<\/div>\n\t<\/div>\n\n\t<div class=\"wpb_text_column wpb_content_element\" >\n\t\t<div class=\"wpb_wrapper\">\n\t\t\t<p><i class=\"fa fa-calendar\" ><\/i> DOB 15.01.2015<br \/>\n<i class=\"fa fa-id-card-o\" ><\/i> <a href=\"http:\/\/www.vizsladatabase.com\/details.php?id=448253\"><span style=\"color: #808080;\">Pedigree<\/span><\/a><\/p>\n<p>( IntCh. Csipk\u00e9sk\u00fati\u00a0<span class=\"\">H\u00e9k\u00e1s<\/span> x <span class=\"\">IntCh. <\/span><span class=\"\">Csat\u00e1rkai Fl\u00f3ra<\/span> )<\/p>\n\n\t\t<\/div>\n\t<\/div>\n<\/div><\/div><\/div><\/div><div class=\"vc_row wpb_row vc_row-fluid\"><div class=\"wpb_column vc_column_container vc_col-sm-12\"><div class=\"vc_column-inner\"><div class=\"wpb_wrapper\">\n\t<div  class=\"wpb_single_image wpb_content_element vc_align_left  wpb_animate_when_almost_visible wpb_slideInLeft slideInLeft\">\n\t\t\n\t\t<figure class=\"wpb_wrapper vc_figure\">\n\t\t\t<a data-rel=\"prettyPhoto[rel-7939-1799095842]\" href=\"http:\/\/pepperoniteam.pl\/wp-content\/uploads\/2021\/02\/balvany-1024x686.jpg\" target=\"_self\" class=\"vc_single_image-wrapper vc_box_border  vc_box_border_grey prettyphoto\"><img class=\"vc_single_image-img\" src=\"http:\/\/pepperoniteam.pl\/wp-content\/uploads\/2021\/02\/balvany-450x300.jpg\" width=\"450\" height=\"300\" alt=\"balvany\" title=\"balvany\" \/><\/a>\n\t\t<\/figure>\n\t<\/div>\n<\/div><\/div><\/div><\/div><div class=\"vc_row wpb_row vc_row-fluid\"><div class=\"wpb_column vc_column_container vc_col-sm-12\"><div class=\"vc_column-inner\"><div class=\"wpb_wrapper\">\n\t<div class=\"wpb_text_column wpb_content_element\" >\n\t\t<div class=\"wpb_wrapper\">\n\t\t\t<p><strong>Shows<\/strong><br \/>\n2 x CACIB<br \/>\n2 x BOS<\/p>\n<p><strong>Working<br \/>\n<\/strong>VMV &#8211;\u00a0<strong>1st prize, res.CACT<\/strong><br \/>\nVAV &#8211;\u00a0Hunting Licence<br \/>\n\u00d6TV \u2013\u00a0Autumn Breeding Test (Field and Water Test)\u00a0\u2013\u00a01st degree diploma<br \/>\n<span style=\"font-size: 12pt;\">5<\/span> x VMV (Field and Water Test) \u2013 1st degree diplomas<br \/>\nMVV (Field-Water-Forest All round Test) \u2013 1st degree diploma<\/p>\n<p>working dog<\/p>\n<p><strong>Health<br \/>\n<\/strong>HD &#8211; A; ED 0; OCD free<br \/>\nEyes clear (with gonioscopy) (with certificate)<br \/>\nL\/L (free of long hair gene)<\/p>\n\n\t\t<\/div>\n\t<\/div>\n<\/div><\/div><\/div><\/div><div class=\"vc_row wpb_row vc_row-fluid\"><div class=\"wpb_column vc_column_container vc_col-sm-12\"><div class=\"vc_column-inner\"><div class=\"wpb_wrapper\"><div class=\"wpb_gallery wpb_content_element vc_clearfix\" ><div class=\"wpb_wrapper\"><div class=\"wpb_gallery_slides wpb_image_grid\" data-interval=\"3\"><ul class=\"wpb_image_grid_ul\"><li class=\"isotope-item\"><a class=\"prettyphoto\" href=\"http:\/\/pepperoniteam.pl\/wp-content\/uploads\/2021\/02\/123380451_2766868983551539_8900677301631868213_n.jpeg\" data-rel=\"prettyPhoto[rel-7939-1401100044]\"><img class=\"\" src=\"http:\/\/pepperoniteam.pl\/wp-content\/uploads\/2021\/02\/123380451_2766868983551539_8900677301631868213_n-165x165.jpeg\" width=\"165\" height=\"165\" alt=\"123380451_2766868983551539_8900677301631868213_n\" title=\"123380451_2766868983551539_8900677301631868213_n\" \/><\/a><\/li><li class=\"isotope-item\"><a class=\"prettyphoto\" href=\"http:\/\/pepperoniteam.pl\/wp-content\/uploads\/2021\/02\/123466608_451277959167142_8056170488949311417_n.jpeg\" data-rel=\"prettyPhoto[rel-7939-1401100044]\"><img class=\"\" src=\"http:\/\/pepperoniteam.pl\/wp-content\/uploads\/2021\/02\/123466608_451277959167142_8056170488949311417_n-165x165.jpeg\" width=\"165\" height=\"165\" alt=\"123466608_451277959167142_8056170488949311417_n\" title=\"123466608_451277959167142_8056170488949311417_n\" \/><\/a><\/li><li class=\"isotope-item\"><a class=\"prettyphoto\" href=\"http:\/\/pepperoniteam.pl\/wp-content\/uploads\/2021\/02\/16804342_10206961441629280_6857408184567305707_o.jpeg\" data-rel=\"prettyPhoto[rel-7939-1401100044]\"><img class=\"\" src=\"http:\/\/pepperoniteam.pl\/wp-content\/uploads\/2021\/02\/16804342_10206961441629280_6857408184567305707_o-165x165.jpeg\" width=\"165\" height=\"165\" alt=\"16804342_10206961441629280_6857408184567305707_o\" title=\"16804342_10206961441629280_6857408184567305707_o\" \/><\/a><\/li><li class=\"isotope-item\"><a class=\"prettyphoto\" href=\"http:\/\/pepperoniteam.pl\/wp-content\/uploads\/2021\/02\/142608495_905759076899525_3510683970815898873_n.png\" data-rel=\"prettyPhoto[rel-7939-1401100044]\"><img class=\"\" src=\"http:\/\/pepperoniteam.pl\/wp-content\/uploads\/2021\/02\/142608495_905759076899525_3510683970815898873_n-165x165.png\" width=\"165\" height=\"165\" alt=\"142608495_905759076899525_3510683970815898873_n\" title=\"142608495_905759076899525_3510683970815898873_n\" \/><\/a><\/li><li class=\"isotope-item\"><a class=\"prettyphoto\" href=\"http:\/\/pepperoniteam.pl\/wp-content\/uploads\/2021\/02\/129734903_742133619984470_1877515278812669864_n.jpeg\" data-rel=\"prettyPhoto[rel-7939-1401100044]\"><img class=\"\" src=\"http:\/\/pepperoniteam.pl\/wp-content\/uploads\/2021\/02\/129734903_742133619984470_1877515278812669864_n-165x165.jpeg\" width=\"165\" height=\"165\" alt=\"129734903_742133619984470_1877515278812669864_n\" title=\"129734903_742133619984470_1877515278812669864_n\" \/><\/a><\/li><li class=\"isotope-item\"><a class=\"prettyphoto\" href=\"http:\/\/pepperoniteam.pl\/wp-content\/uploads\/2021\/02\/18623518_10207584699770344_138190618487561212_o.jpeg\" data-rel=\"prettyPhoto[rel-7939-1401100044]\"><img class=\"\" src=\"http:\/\/pepperoniteam.pl\/wp-content\/uploads\/2021\/02\/18623518_10207584699770344_138190618487561212_o-165x165.jpeg\" width=\"165\" height=\"165\" alt=\"18623518_10207584699770344_138190618487561212_o\" title=\"18623518_10207584699770344_138190618487561212_o\" \/><\/a><\/li><li class=\"isotope-item\"><a class=\"prettyphoto\" href=\"http:\/\/pepperoniteam.pl\/wp-content\/uploads\/2021\/02\/16904717_10206951893030571_8970206025506145316_o.jpeg\" data-rel=\"prettyPhoto[rel-7939-1401100044]\"><img class=\"\" src=\"http:\/\/pepperoniteam.pl\/wp-content\/uploads\/2021\/02\/16904717_10206951893030571_8970206025506145316_o-165x165.jpeg\" width=\"165\" height=\"165\" alt=\"16904717_10206951893030571_8970206025506145316_o\" title=\"16904717_10206951893030571_8970206025506145316_o\" \/><\/a><\/li><li class=\"isotope-item\"><a class=\"prettyphoto\" href=\"http:\/\/pepperoniteam.pl\/wp-content\/uploads\/2021\/02\/77015519_10213011393874305_3258599023279341568_o.jpeg\" data-rel=\"prettyPhoto[rel-7939-1401100044]\"><img class=\"\" src=\"http:\/\/pepperoniteam.pl\/wp-content\/uploads\/2021\/02\/77015519_10213011393874305_3258599023279341568_o-165x165.jpeg\" width=\"165\" height=\"165\" alt=\"77015519_10213011393874305_3258599023279341568_o\" title=\"77015519_10213011393874305_3258599023279341568_o\" \/><\/a><\/li><li class=\"isotope-item\"><a class=\"prettyphoto\" href=\"http:\/\/pepperoniteam.pl\/wp-content\/uploads\/2021\/02\/21728604_10208381412567666_4390077562417872258_o.jpeg\" data-rel=\"prettyPhoto[rel-7939-1401100044]\"><img class=\"\" src=\"http:\/\/pepperoniteam.pl\/wp-content\/uploads\/2021\/02\/21728604_10208381412567666_4390077562417872258_o-165x165.jpeg\" width=\"165\" height=\"165\" alt=\"21728604_10208381412567666_4390077562417872258_o\" title=\"21728604_10208381412567666_4390077562417872258_o\" \/><\/a><\/li><li class=\"isotope-item\"><a class=\"prettyphoto\" href=\"http:\/\/pepperoniteam.pl\/wp-content\/uploads\/2021\/02\/21950056_1709278415780408_5095783823797035058_o.jpeg\" data-rel=\"prettyPhoto[rel-7939-1401100044]\"><img class=\"\" src=\"http:\/\/pepperoniteam.pl\/wp-content\/uploads\/2021\/02\/21950056_1709278415780408_5095783823797035058_o-165x165.jpeg\" width=\"165\" height=\"165\" alt=\"21950056_1709278415780408_5095783823797035058_o\" title=\"21950056_1709278415780408_5095783823797035058_o\" \/><\/a><\/li><li class=\"isotope-item\"><a class=\"prettyphoto\" href=\"http:\/\/pepperoniteam.pl\/wp-content\/uploads\/2021\/02\/21994107_1709285485779701_5945585568865440840_o.jpeg\" data-rel=\"prettyPhoto[rel-7939-1401100044]\"><img class=\"\" src=\"http:\/\/pepperoniteam.pl\/wp-content\/uploads\/2021\/02\/21994107_1709285485779701_5945585568865440840_o-165x165.jpeg\" width=\"165\" height=\"165\" alt=\"21994107_1709285485779701_5945585568865440840_o\" title=\"21994107_1709285485779701_5945585568865440840_o\" \/><\/a><\/li><li class=\"isotope-item\"><a class=\"prettyphoto\" href=\"http:\/\/pepperoniteam.pl\/wp-content\/uploads\/2021\/02\/22051147_1709285029113080_5750472248938696779_o.jpeg\" data-rel=\"prettyPhoto[rel-7939-1401100044]\"><img class=\"\" src=\"http:\/\/pepperoniteam.pl\/wp-content\/uploads\/2021\/02\/22051147_1709285029113080_5750472248938696779_o-165x165.jpeg\" width=\"165\" height=\"165\" alt=\"22051147_1709285029113080_5750472248938696779_o\" title=\"22051147_1709285029113080_5750472248938696779_o\" \/><\/a><\/li><li class=\"isotope-item\"><a class=\"prettyphoto\" href=\"http:\/\/pepperoniteam.pl\/wp-content\/uploads\/2021\/02\/IMG_7458m.jpg\" data-rel=\"prettyPhoto[rel-7939-1401100044]\"><img class=\"\" src=\"http:\/\/pepperoniteam.pl\/wp-content\/uploads\/2021\/02\/IMG_7458m-165x165.jpg\" width=\"165\" height=\"165\" alt=\"IMG_7458m\" title=\"IMG_7458m\" \/><\/a><\/li><li class=\"isotope-item\"><a class=\"prettyphoto\" href=\"http:\/\/pepperoniteam.pl\/wp-content\/uploads\/2021\/02\/IMG_7480m.jpg\" data-rel=\"prettyPhoto[rel-7939-1401100044]\"><img class=\"\" src=\"http:\/\/pepperoniteam.pl\/wp-content\/uploads\/2021\/02\/IMG_7480m-165x165.jpg\" width=\"165\" height=\"165\" alt=\"IMG_7480m\" title=\"IMG_7480m\" \/><\/a><\/li><li class=\"isotope-item\"><a class=\"prettyphoto\" href=\"http:\/\/pepperoniteam.pl\/wp-content\/uploads\/2021\/02\/IMG_7473m.jpg\" data-rel=\"prettyPhoto[rel-7939-1401100044]\"><img class=\"\" src=\"http:\/\/pepperoniteam.pl\/wp-content\/uploads\/2021\/02\/IMG_7473m-165x165.jpg\" width=\"165\" height=\"165\" alt=\"IMG_7473m\" title=\"IMG_7473m\" \/><\/a><\/li><li class=\"isotope-item\"><a class=\"prettyphoto\" href=\"http:\/\/pepperoniteam.pl\/wp-content\/uploads\/2021\/02\/IMG_7459m.jpg\" data-rel=\"prettyPhoto[rel-7939-1401100044]\"><img class=\"\" src=\"http:\/\/pepperoniteam.pl\/wp-content\/uploads\/2021\/02\/IMG_7459m-165x165.jpg\" width=\"165\" height=\"165\" alt=\"IMG_7459m\" title=\"IMG_7459m\" \/><\/a><\/li><li class=\"isotope-item\"><a class=\"prettyphoto\" href=\"http:\/\/pepperoniteam.pl\/wp-content\/uploads\/2021\/02\/IMG_7460m.jpg\" data-rel=\"prettyPhoto[rel-7939-1401100044]\"><img class=\"\" src=\"http:\/\/pepperoniteam.pl\/wp-content\/uploads\/2021\/02\/IMG_7460m-165x165.jpg\" width=\"165\" height=\"165\" alt=\"IMG_7460m\" title=\"IMG_7460m\" \/><\/a><\/li><li class=\"isotope-item\"><a class=\"prettyphoto\" href=\"http:\/\/pepperoniteam.pl\/wp-content\/uploads\/2021\/02\/IMG_7456m.jpg\" data-rel=\"prettyPhoto[rel-7939-1401100044]\"><img class=\"\" src=\"http:\/\/pepperoniteam.pl\/wp-content\/uploads\/2021\/02\/IMG_7456m-165x165.jpg\" width=\"165\" height=\"165\" alt=\"IMG_7456m\" title=\"IMG_7456m\" \/><\/a><\/li><li class=\"isotope-item\"><a class=\"prettyphoto\" href=\"http:\/\/pepperoniteam.pl\/wp-content\/uploads\/2021\/02\/IMG_7468m.jpg\" data-rel=\"prettyPhoto[rel-7939-1401100044]\"><img class=\"\" src=\"http:\/\/pepperoniteam.pl\/wp-content\/uploads\/2021\/02\/IMG_7468m-165x165.jpg\" width=\"165\" height=\"165\" alt=\"IMG_7468m\" title=\"IMG_7468m\" \/><\/a><\/li><li class=\"isotope-item\"><a class=\"prettyphoto\" href=\"http:\/\/pepperoniteam.pl\/wp-content\/uploads\/2021\/02\/IMG_7508m.jpg\" data-rel=\"prettyPhoto[rel-7939-1401100044]\"><img class=\"\" src=\"http:\/\/pepperoniteam.pl\/wp-content\/uploads\/2021\/02\/IMG_7508m-165x165.jpg\" width=\"165\" height=\"165\" alt=\"IMG_7508m\" title=\"IMG_7508m\" \/><\/a><\/li><li class=\"isotope-item\"><a class=\"prettyphoto\" href=\"http:\/\/pepperoniteam.pl\/wp-content\/uploads\/2021\/02\/IMG_7522m.jpg\" data-rel=\"prettyPhoto[rel-7939-1401100044]\"><img class=\"\" src=\"http:\/\/pepperoniteam.pl\/wp-content\/uploads\/2021\/02\/IMG_7522m-165x165.jpg\" width=\"165\" height=\"165\" alt=\"IMG_7522m\" title=\"IMG_7522m\" \/><\/a><\/li><li class=\"isotope-item\"><a class=\"prettyphoto\" href=\"http:\/\/pepperoniteam.pl\/wp-content\/uploads\/2021\/04\/balvany.jpg\" data-rel=\"prettyPhoto[rel-7939-1401100044]\"><img class=\"\" src=\"http:\/\/pepperoniteam.pl\/wp-content\/uploads\/2021\/04\/balvany-165x165.jpg\" width=\"165\" height=\"165\" alt=\"balvany\" title=\"balvany\" \/><\/a><\/li><li class=\"isotope-item\"><a class=\"prettyphoto\" href=\"http:\/\/pepperoniteam.pl\/wp-content\/uploads\/2021\/04\/balvany1.jpg\" data-rel=\"prettyPhoto[rel-7939-1401100044]\"><img class=\"\" src=\"http:\/\/pepperoniteam.pl\/wp-content\/uploads\/2021\/04\/balvany1-165x165.jpg\" width=\"165\" height=\"165\" alt=\"balvany1\" title=\"balvany1\" \/><\/a><\/li><li class=\"isotope-item\"><a class=\"prettyphoto\" href=\"http:\/\/pepperoniteam.pl\/wp-content\/uploads\/2021\/04\/balvany2.jpg\" data-rel=\"prettyPhoto[rel-7939-1401100044]\"><img class=\"\" src=\"http:\/\/pepperoniteam.pl\/wp-content\/uploads\/2021\/04\/balvany2-165x165.jpg\" width=\"165\" height=\"165\" alt=\"balvany2\" title=\"balvany2\" \/><\/a><\/li><\/ul><\/div><\/div><\/div><\/div><\/div><\/div><\/div>","protected":false},"excerpt":{"rendered":"Csipk\u00e9sk\u00fati B\u00e1lv\u00e1ny \"Hajd\u00fa\" Ur. 15.01.2015 Rodow\u00f3d ( IntCh. Csipk\u00e9sk\u00fati\u00a0H\u00e9k\u00e1s x IntCh. Csat\u00e1rkai Fl\u00f3ra ) Osi\u0105gni\u0119cia wystawowe 2 x CACIB 2<a class=\"article-read-more\" href=\"http:\/\/pepperoniteam.pl\/en\/balvany\/\"><i class=\"worldblogicon fa-angle-double-right\"><\/i><\/a>","protected":false},"author":2,"featured_media":0,"parent":0,"menu_order":0,"comment_status":"closed","ping_status":"closed","template":"","meta":[],"wps_subtitle":"","_links":{"self":[{"href":"http:\/\/pepperoniteam.pl\/en\/wp-json\/wp\/v2\/pages\/7939"}],"collection":[{"href":"http:\/\/pepperoniteam.pl\/en\/wp-json\/wp\/v2\/pages"}],"about":[{"href":"http:\/\/pepperoniteam.pl\/en\/wp-json\/wp\/v2\/types\/page"}],"author":[{"embeddable":true,"href":"http:\/\/pepperoniteam.pl\/en\/wp-json\/wp\/v2\/users\/2"}],"replies":[{"embeddable":true,"href":"http:\/\/pepperoniteam.pl\/en\/wp-json\/wp\/v2\/comments?post=7939"}],"version-history":[{"count":0,"href":"http:\/\/pepperoniteam.pl\/en\/wp-json\/wp\/v2\/pages\/7939\/revisions"}],"wp:attachment":[{"href":"http:\/\/pepperoniteam.pl\/en\/wp-json\/wp\/v2\/media?parent=7939"}],"curies":[{"name":"wp","href":"https:\/\/api.w.org\/{rel}","templated":true}]}}