{"id":9092,"date":"2022-08-30T22:14:46","date_gmt":"2022-08-30T20:14:46","guid":{"rendered":"http:\/\/pepperoniteam.pl\/?page_id=9092"},"modified":"2022-11-04T21:25:53","modified_gmt":"2022-11-04T20:25:53","slug":"ravasz","status":"publish","type":"page","link":"http:\/\/pepperoniteam.pl\/en\/ravasz\/","title":{"rendered":"Ravasz"},"content":{"rendered":"<div class=\"vc_row wpb_row vc_row-fluid\"><div class=\"wpb_column vc_column_container vc_col-sm-12\"><div class=\"vc_column-inner\"><div class=\"wpb_wrapper\">\n\t<div class=\"wpb_text_column wpb_content_element  wpb_animate_when_almost_visible wpb_fadeInDown fadeInDown vc_custom_1553802680994 special1\" >\n\t\t<div class=\"wpb_wrapper\">\n\t\t\t<h1>Erdei Szimatol\u00f3 Ravasz<\/h1>\n\n\t\t<\/div>\n\t<\/div>\n\n\t<div class=\"wpb_text_column wpb_content_element\" >\n\t\t<div class=\"wpb_wrapper\">\n\t\t\t<p><i class=\"fa fa-calendar\" ><\/i> Ur. 10.09.2018<br \/>\n<i class=\"fa fa-id-card-o\" ><\/i> <a href=\"http:\/\/www.vizsladatabase.com\/details.php?id=258995&amp;fbclid=IwAR0JCDiMvWMiausVZK8cvsPN4O7ofjoctD4Au0T1Zu7aJp-54M18V2Q5If0\">Pedigree<\/a><\/p>\n<p>(Ben Aleksinsk\u00e1 Dolina x Nemzet Kincse Di\u00e1na )<\/p>\n\n\t\t<\/div>\n\t<\/div>\n<\/div><\/div><\/div><\/div><div class=\"vc_row wpb_row vc_row-fluid\"><div class=\"wpb_column vc_column_container vc_col-sm-12\"><div class=\"vc_column-inner\"><div class=\"wpb_wrapper\">\n\t<div  class=\"wpb_single_image wpb_content_element vc_align_left  wpb_animate_when_almost_visible wpb_rotateInUpLeft rotateInUpLeft\">\n\t\t\n\t\t<figure class=\"wpb_wrapper vc_figure\">\n\t\t\t<a data-rel=\"prettyPhoto[rel-9092-1504029081]\" href=\"http:\/\/pepperoniteam.pl\/wp-content\/uploads\/2022\/09\/Gosia-4-1-1024x696.jpg\" target=\"_self\" class=\"vc_single_image-wrapper vc_box_border  vc_box_border_grey prettyphoto\"><img class=\"vc_single_image-img\" src=\"http:\/\/pepperoniteam.pl\/wp-content\/uploads\/2022\/09\/Gosia-4-1-450x300.jpg\" width=\"450\" height=\"300\" alt=\"Gosia--4\" title=\"Gosia--4\" \/><\/a>\n\t\t<\/figure>\n\t<\/div>\n<\/div><\/div><\/div><\/div><div class=\"vc_row wpb_row vc_row-fluid\"><div class=\"wpb_column vc_column_container vc_col-sm-12\"><div class=\"vc_column-inner\"><div class=\"wpb_wrapper\">\n\t<div class=\"wpb_text_column wpb_content_element\" >\n\t\t<div class=\"wpb_wrapper\">\n\t\t\t<p><i class=\"fa fa-trophy\" ><\/i>\u00a0<strong>Champion of Slovakia<\/strong><br \/>\n<i class=\"fa fa-trophy\" ><\/i> rozpocz\u0119ty\u00a0<strong>Championat Czech<\/strong><b><br \/>\n<\/b><i class=\"fa fa-trophy\" ><\/i> rozpocz\u0119ty <strong>Championat W\u0119gier<\/strong><b><br \/>\n<\/b><b><br \/>\n<\/b><\/p>\n<p><strong>Shows<\/strong><br \/>\n5 x CAC<br \/>\n2 x resCAC<br \/>\nresCACIB<br \/>\nCACIB<br \/>\nBOB<br \/>\nBEST IN SHOW Working Dog<\/p>\n<p><strong>Working<br \/>\n<\/strong>Jesenn\u00e9 sk\u00fa\u0161ky stava\u010dov &#8211; 1st\u00b0\u00a0diploma<br \/>\n\u0160peci\u00e1lne sk\u00fa\u0161ky z vodnej pr\u00e1ce (water) &#8211; 1st\u00b0\u00a0diploma<br \/>\nFarbiarske sk\u00fa\u0161ky stava\u010dov (blood test) &#8211; 1st\u00b0\u00a0diploma, <strong>winner<\/strong><br \/>\nFarbiarske sk\u00fa\u0161ky stava\u010dov (blood test) &#8211; 1st\u00b0\u00a0diploma<br \/>\n2 x Lesn\u00e9 sk\u00fa\u0161ky stava\u010dov (forest) &#8211; 1st\u00b0\u00a0diploma<span class=\"Apple-converted-space\"><br \/>\n<\/span>Poh\u00e1r predsedu SKPS CACIT (field, water) &#8211;<span class=\"Apple-converted-space\">\u00a0 <\/span>2nd\u00b0\u00a0diploma<span class=\"Apple-converted-space\"><br \/>\n<\/span>Memori\u00e1l Jitky Hromadov\u00e9 (ZV\/ field) &#8211; 1st\u00b0\u00a0diploma<span class=\"Apple-converted-space\"><br \/>\n<\/span>Memori\u00e1l Jitky Hromadov\u00e9 (LZ\/ forest) &#8211; 1st\u00b0\u00a0diploma<span class=\"Apple-converted-space\"><br \/>\n<\/span>Memori\u00e1l MUDr. Alexandra M\u00e9szar\u00f3sa &#8211; 1st\u00b0\u00a0diploma<span class=\"Apple-converted-space\"><br \/>\n<\/span>V\u0161estrann\u00e9 sk\u00fa\u0161ky stava\u010dov (all\u2014round) 1st\u00b0\u00a0diploma, <strong>winner<\/strong><br \/>\nIFT \u2013 EXC 17p., <strong>R.CACIT<\/strong><br \/>\nIFT \u2013 MB 14p.,<span class=\"Apple-converted-space\"><br \/>\n<\/span>Podzimn\u00ed zkou\u0161ky oha\u0159u (CZ)<span class=\"Apple-converted-space\">\u00a0 <\/span>&#8211; 1st\u00b0\u00a0diploma<br \/>\nZkou\u0161ky vloh (CZ) (field) &#8211; 1st\u00b0\u00a0diploma<br \/>\nZkou\u0161ky z vodn\u00edch prac\u00ed (CZ) (water) &#8211; 1st\u00b0\u00a0diploma<br \/>\nLesn\u00ed Zkou\u0161ky (CZ) (forest) &#8211; 1st\u00b0\u00a0diploma<br \/>\nPoh\u00e1r Mari\u00e1na Kori\u010da (forest, water) &#8211; 1st\u00b0\u00a0diploma<br \/>\nMedzin\u00e1rodn\u00fd poh\u00e1r KCHWS CACIT (field, water)<span class=\"Apple-converted-space\">\u00a0 <\/span>I- 1st\u00b0\u00a0diploma, <strong>R.CACT<\/strong><span class=\"Apple-converted-space\"><br \/>\n<\/span>MSP \u2013 Moravskoslezsk\u00fd poh\u00e1r (all round)<span class=\"Apple-converted-space\">\u00a0 <\/span>2nd\u00b0\u00a0diploma<span class=\"Apple-converted-space\"><br \/>\nMJM (PZ) &#8211; 1st\u00b0 diploma<br \/>\nIFT &#8211; ECC 16p.<br \/>\nIFT &#8211; ECC 16p.<br \/>\nJesenn\u00e9 sk\u00fa\u0161ky stava\u010dov &#8211; 1st\u00b0 diploma, winner<br \/>\n<\/span><\/p>\n<p>working dog<\/p>\n<p><strong>Health<br \/>\n<\/strong>HD &#8211; A; ED 0<br \/>\nDNA &#8211; profil<br \/>\nL\/L &#8211; wolny od genu d\u0142ugiego w\u0142osa<\/p>\n\n\t\t<\/div>\n\t<\/div>\n<\/div><\/div><\/div><\/div><div class=\"vc_row wpb_row vc_row-fluid\"><div class=\"wpb_column vc_column_container vc_col-sm-12\"><div class=\"vc_column-inner\"><div class=\"wpb_wrapper\"><div class=\"wpb_gallery wpb_content_element vc_clearfix\" ><div class=\"wpb_wrapper\"><div class=\"wpb_gallery_slides wpb_image_grid\" data-interval=\"3\"><ul class=\"wpb_image_grid_ul\"><li class=\"isotope-item\"><a class=\"prettyphoto\" href=\"http:\/\/pepperoniteam.pl\/wp-content\/uploads\/2022\/11\/ravaszek.jpeg\" data-rel=\"prettyPhoto[rel-9092-73782557]\"><img class=\"\" src=\"http:\/\/pepperoniteam.pl\/wp-content\/uploads\/2022\/11\/ravaszek-165x165.jpeg\" width=\"165\" height=\"165\" alt=\"ravaszek\" title=\"ravaszek\" \/><\/a><\/li><li class=\"isotope-item\"><a class=\"prettyphoto\" href=\"http:\/\/pepperoniteam.pl\/wp-content\/uploads\/2022\/09\/61056936_2043724382422302_5945759764586692608_n.jpeg\" data-rel=\"prettyPhoto[rel-9092-73782557]\"><img class=\"\" src=\"http:\/\/pepperoniteam.pl\/wp-content\/uploads\/2022\/09\/61056936_2043724382422302_5945759764586692608_n-165x165.jpeg\" width=\"165\" height=\"165\" alt=\"61056936_2043724382422302_5945759764586692608_n\" title=\"61056936_2043724382422302_5945759764586692608_n\" \/><\/a><\/li><li class=\"isotope-item\"><a class=\"prettyphoto\" href=\"http:\/\/pepperoniteam.pl\/wp-content\/uploads\/2022\/09\/101561581_2816203608507705_6080477474024587264_n.jpeg\" data-rel=\"prettyPhoto[rel-9092-73782557]\"><img class=\"\" src=\"http:\/\/pepperoniteam.pl\/wp-content\/uploads\/2022\/09\/101561581_2816203608507705_6080477474024587264_n-165x165.jpeg\" width=\"165\" height=\"165\" alt=\"101561581_2816203608507705_6080477474024587264_n\" title=\"101561581_2816203608507705_6080477474024587264_n\" \/><\/a><\/li><li class=\"isotope-item\"><a class=\"prettyphoto\" href=\"http:\/\/pepperoniteam.pl\/wp-content\/uploads\/2022\/09\/87415110_2596787407115994_6620542368519028736_n.jpeg\" data-rel=\"prettyPhoto[rel-9092-73782557]\"><img class=\"\" src=\"http:\/\/pepperoniteam.pl\/wp-content\/uploads\/2022\/09\/87415110_2596787407115994_6620542368519028736_n-165x165.jpeg\" width=\"165\" height=\"165\" alt=\"87415110_2596787407115994_6620542368519028736_n\" title=\"87415110_2596787407115994_6620542368519028736_n\" \/><\/a><\/li><li class=\"isotope-item\"><a class=\"prettyphoto\" href=\"http:\/\/pepperoniteam.pl\/wp-content\/uploads\/2022\/09\/119585146_3108479725946757_940938720504539439_n.jpeg\" data-rel=\"prettyPhoto[rel-9092-73782557]\"><img class=\"\" src=\"http:\/\/pepperoniteam.pl\/wp-content\/uploads\/2022\/09\/119585146_3108479725946757_940938720504539439_n-165x165.jpeg\" width=\"165\" height=\"165\" alt=\"119585146_3108479725946757_940938720504539439_n\" title=\"119585146_3108479725946757_940938720504539439_n\" \/><\/a><\/li><li class=\"isotope-item\"><a class=\"prettyphoto\" href=\"http:\/\/pepperoniteam.pl\/wp-content\/uploads\/2022\/09\/126260408_3297778363683558_6535593733421347026_n.jpeg\" data-rel=\"prettyPhoto[rel-9092-73782557]\"><img class=\"\" src=\"http:\/\/pepperoniteam.pl\/wp-content\/uploads\/2022\/09\/126260408_3297778363683558_6535593733421347026_n-165x165.jpeg\" width=\"165\" height=\"165\" alt=\"126260408_3297778363683558_6535593733421347026_n\" title=\"126260408_3297778363683558_6535593733421347026_n\" \/><\/a><\/li><li class=\"isotope-item\"><a class=\"prettyphoto\" href=\"http:\/\/pepperoniteam.pl\/wp-content\/uploads\/2022\/09\/210232934_3913576128770442_2903264819424093268_n.jpeg\" data-rel=\"prettyPhoto[rel-9092-73782557]\"><img class=\"\" src=\"http:\/\/pepperoniteam.pl\/wp-content\/uploads\/2022\/09\/210232934_3913576128770442_2903264819424093268_n-165x165.jpeg\" width=\"165\" height=\"165\" alt=\"210232934_3913576128770442_2903264819424093268_n\" title=\"210232934_3913576128770442_2903264819424093268_n\" \/><\/a><\/li><li class=\"isotope-item\"><a class=\"prettyphoto\" href=\"http:\/\/pepperoniteam.pl\/wp-content\/uploads\/2022\/09\/214223041_3919353554859366_228739991278184668_n.jpeg\" data-rel=\"prettyPhoto[rel-9092-73782557]\"><img class=\"\" src=\"http:\/\/pepperoniteam.pl\/wp-content\/uploads\/2022\/09\/214223041_3919353554859366_228739991278184668_n-165x165.jpeg\" width=\"165\" height=\"165\" alt=\"214223041_3919353554859366_228739991278184668_n\" title=\"214223041_3919353554859366_228739991278184668_n\" \/><\/a><\/li><li class=\"isotope-item\"><a class=\"prettyphoto\" href=\"http:\/\/pepperoniteam.pl\/wp-content\/uploads\/2022\/09\/277536303_4760329964095050_8696475474849016261_n.jpeg\" data-rel=\"prettyPhoto[rel-9092-73782557]\"><img class=\"\" src=\"http:\/\/pepperoniteam.pl\/wp-content\/uploads\/2022\/09\/277536303_4760329964095050_8696475474849016261_n-165x165.jpeg\" width=\"165\" height=\"165\" alt=\"277536303_4760329964095050_8696475474849016261_n\" title=\"277536303_4760329964095050_8696475474849016261_n\" \/><\/a><\/li><li class=\"isotope-item\"><a class=\"prettyphoto\" href=\"http:\/\/pepperoniteam.pl\/wp-content\/uploads\/2022\/09\/119642806_3108479625946767_3391706469756335070_n.jpeg\" data-rel=\"prettyPhoto[rel-9092-73782557]\"><img class=\"\" src=\"http:\/\/pepperoniteam.pl\/wp-content\/uploads\/2022\/09\/119642806_3108479625946767_3391706469756335070_n-165x165.jpeg\" width=\"165\" height=\"165\" alt=\"119642806_3108479625946767_3391706469756335070_n\" title=\"119642806_3108479625946767_3391706469756335070_n\" \/><\/a><\/li><li class=\"isotope-item\"><a class=\"prettyphoto\" href=\"http:\/\/pepperoniteam.pl\/wp-content\/uploads\/2022\/09\/119576923_3108479215946808_54391391622165556_n.jpeg\" data-rel=\"prettyPhoto[rel-9092-73782557]\"><img class=\"\" src=\"http:\/\/pepperoniteam.pl\/wp-content\/uploads\/2022\/09\/119576923_3108479215946808_54391391622165556_n-165x165.jpeg\" width=\"165\" height=\"165\" alt=\"119576923_3108479215946808_54391391622165556_n\" title=\"119576923_3108479215946808_54391391622165556_n\" \/><\/a><\/li><li class=\"isotope-item\"><a class=\"prettyphoto\" href=\"http:\/\/pepperoniteam.pl\/wp-content\/uploads\/2022\/09\/239403028_4049354555192598_5593896683205530544_n.jpeg\" data-rel=\"prettyPhoto[rel-9092-73782557]\"><img class=\"\" src=\"http:\/\/pepperoniteam.pl\/wp-content\/uploads\/2022\/09\/239403028_4049354555192598_5593896683205530544_n-165x165.jpeg\" width=\"165\" height=\"165\" alt=\"239403028_4049354555192598_5593896683205530544_n\" title=\"239403028_4049354555192598_5593896683205530544_n\" \/><\/a><\/li><li class=\"isotope-item\"><a class=\"prettyphoto\" href=\"http:\/\/pepperoniteam.pl\/wp-content\/uploads\/2022\/09\/241292166_4094109804050406_8556096455245193989_n.jpeg\" data-rel=\"prettyPhoto[rel-9092-73782557]\"><img class=\"\" src=\"http:\/\/pepperoniteam.pl\/wp-content\/uploads\/2022\/09\/241292166_4094109804050406_8556096455245193989_n-165x165.jpeg\" width=\"165\" height=\"165\" alt=\"241292166_4094109804050406_8556096455245193989_n\" title=\"241292166_4094109804050406_8556096455245193989_n\" \/><\/a><\/li><li class=\"isotope-item\"><a class=\"prettyphoto\" href=\"http:\/\/pepperoniteam.pl\/wp-content\/uploads\/2022\/09\/285160080_4959304407530937_6559573479416282960_n.jpeg\" data-rel=\"prettyPhoto[rel-9092-73782557]\"><img class=\"\" src=\"http:\/\/pepperoniteam.pl\/wp-content\/uploads\/2022\/09\/285160080_4959304407530937_6559573479416282960_n-165x165.jpeg\" width=\"165\" height=\"165\" alt=\"285160080_4959304407530937_6559573479416282960_n\" title=\"285160080_4959304407530937_6559573479416282960_n\" \/><\/a><\/li><li class=\"isotope-item\"><a class=\"prettyphoto\" href=\"http:\/\/pepperoniteam.pl\/wp-content\/uploads\/2022\/09\/300800088_5165803980214311_1545861497154753016_n.jpeg\" data-rel=\"prettyPhoto[rel-9092-73782557]\"><img class=\"\" src=\"http:\/\/pepperoniteam.pl\/wp-content\/uploads\/2022\/09\/300800088_5165803980214311_1545861497154753016_n-165x165.jpeg\" width=\"165\" height=\"165\" alt=\"300800088_5165803980214311_1545861497154753016_n\" title=\"300800088_5165803980214311_1545861497154753016_n\" \/><\/a><\/li><li class=\"isotope-item\"><a class=\"prettyphoto\" href=\"http:\/\/pepperoniteam.pl\/wp-content\/uploads\/2022\/09\/300566155_5165804310214278_2290773031892302018_n.jpeg\" data-rel=\"prettyPhoto[rel-9092-73782557]\"><img class=\"\" src=\"http:\/\/pepperoniteam.pl\/wp-content\/uploads\/2022\/09\/300566155_5165804310214278_2290773031892302018_n-165x165.jpeg\" width=\"165\" height=\"165\" alt=\"300566155_5165804310214278_2290773031892302018_n\" title=\"300566155_5165804310214278_2290773031892302018_n\" \/><\/a><\/li><li class=\"isotope-item\"><a class=\"prettyphoto\" href=\"http:\/\/pepperoniteam.pl\/wp-content\/uploads\/2022\/09\/209925083_3913576478770407_7593590152082950767_n.jpeg\" data-rel=\"prettyPhoto[rel-9092-73782557]\"><img class=\"\" src=\"http:\/\/pepperoniteam.pl\/wp-content\/uploads\/2022\/09\/209925083_3913576478770407_7593590152082950767_n-165x165.jpeg\" width=\"165\" height=\"165\" alt=\"209925083_3913576478770407_7593590152082950767_n\" title=\"209925083_3913576478770407_7593590152082950767_n\" \/><\/a><\/li><li class=\"isotope-item\"><a class=\"prettyphoto\" href=\"http:\/\/pepperoniteam.pl\/wp-content\/uploads\/2022\/09\/211260771_3913576702103718_3687882058317132134_n.jpeg\" data-rel=\"prettyPhoto[rel-9092-73782557]\"><img class=\"\" src=\"http:\/\/pepperoniteam.pl\/wp-content\/uploads\/2022\/09\/211260771_3913576702103718_3687882058317132134_n-165x165.jpeg\" width=\"165\" height=\"165\" alt=\"211260771_3913576702103718_3687882058317132134_n\" title=\"211260771_3913576702103718_3687882058317132134_n\" \/><\/a><\/li><li class=\"isotope-item\"><a class=\"prettyphoto\" href=\"http:\/\/pepperoniteam.pl\/wp-content\/uploads\/2022\/09\/301091300_813028006744162_2209310209610569466_n.jpeg\" data-rel=\"prettyPhoto[rel-9092-73782557]\"><img class=\"\" src=\"http:\/\/pepperoniteam.pl\/wp-content\/uploads\/2022\/09\/301091300_813028006744162_2209310209610569466_n-165x165.jpeg\" width=\"165\" height=\"165\" alt=\"301091300_813028006744162_2209310209610569466_n\" title=\"301091300_813028006744162_2209310209610569466_n\" \/><\/a><\/li><li class=\"isotope-item\"><a class=\"prettyphoto\" href=\"http:\/\/pepperoniteam.pl\/wp-content\/uploads\/2022\/09\/301958783_5165804410214268_7713651518619513253_n.jpeg\" data-rel=\"prettyPhoto[rel-9092-73782557]\"><img class=\"\" src=\"http:\/\/pepperoniteam.pl\/wp-content\/uploads\/2022\/09\/301958783_5165804410214268_7713651518619513253_n-165x165.jpeg\" width=\"165\" height=\"165\" alt=\"301958783_5165804410214268_7713651518619513253_n\" title=\"301958783_5165804410214268_7713651518619513253_n\" \/><\/a><\/li><li class=\"isotope-item\"><a class=\"prettyphoto\" href=\"http:\/\/pepperoniteam.pl\/wp-content\/uploads\/2022\/09\/300597012_5165803986880977_2311923776270449183_n.jpeg\" data-rel=\"prettyPhoto[rel-9092-73782557]\"><img class=\"\" src=\"http:\/\/pepperoniteam.pl\/wp-content\/uploads\/2022\/09\/300597012_5165803986880977_2311923776270449183_n-165x165.jpeg\" width=\"165\" height=\"165\" alt=\"300597012_5165803986880977_2311923776270449183_n\" title=\"300597012_5165803986880977_2311923776270449183_n\" \/><\/a><\/li><li class=\"isotope-item\"><a class=\"prettyphoto\" href=\"http:\/\/pepperoniteam.pl\/wp-content\/uploads\/2022\/09\/240735104_4094108944050492_4857469251332735656_n.jpeg\" data-rel=\"prettyPhoto[rel-9092-73782557]\"><img class=\"\" src=\"http:\/\/pepperoniteam.pl\/wp-content\/uploads\/2022\/09\/240735104_4094108944050492_4857469251332735656_n-165x165.jpeg\" width=\"165\" height=\"165\" alt=\"240735104_4094108944050492_4857469251332735656_n\" title=\"240735104_4094108944050492_4857469251332735656_n\" \/><\/a><\/li><li class=\"isotope-item\"><a class=\"prettyphoto\" href=\"http:\/\/pepperoniteam.pl\/wp-content\/uploads\/2022\/09\/ravasz.jpeg\" data-rel=\"prettyPhoto[rel-9092-73782557]\"><img class=\"\" src=\"http:\/\/pepperoniteam.pl\/wp-content\/uploads\/2022\/09\/ravasz-165x165.jpeg\" width=\"165\" height=\"165\" alt=\"ravasz\" title=\"ravasz\" \/><\/a><\/li><li class=\"isotope-item\"><a class=\"prettyphoto\" href=\"http:\/\/pepperoniteam.pl\/wp-content\/uploads\/2022\/11\/ravaszku1.jpg\" data-rel=\"prettyPhoto[rel-9092-73782557]\"><img class=\"\" src=\"http:\/\/pepperoniteam.pl\/wp-content\/uploads\/2022\/11\/ravaszku1-165x165.jpg\" width=\"165\" height=\"165\" alt=\"ravaszku1\" title=\"ravaszku1\" \/><\/a><\/li><\/ul><\/div><\/div><\/div><\/div><\/div><\/div><\/div>","protected":false},"excerpt":{"rendered":"Erdei Szimatol\u00f3 Ravasz Ur. 10.09.2018 Rodow\u00f3d (Ben Aleksinsk\u00e1 Dolina x Nemzet Kincse Di\u00e1na ) \u00a0Champion S\u0142owacji rozpocz\u0119ty\u00a0Championat Czech rozpocz\u0119ty Championat<a class=\"article-read-more\" href=\"http:\/\/pepperoniteam.pl\/en\/ravasz\/\"><i class=\"worldblogicon fa-angle-double-right\"><\/i><\/a>","protected":false},"author":2,"featured_media":0,"parent":0,"menu_order":0,"comment_status":"closed","ping_status":"closed","template":"","meta":[],"wps_subtitle":"","_links":{"self":[{"href":"http:\/\/pepperoniteam.pl\/en\/wp-json\/wp\/v2\/pages\/9092"}],"collection":[{"href":"http:\/\/pepperoniteam.pl\/en\/wp-json\/wp\/v2\/pages"}],"about":[{"href":"http:\/\/pepperoniteam.pl\/en\/wp-json\/wp\/v2\/types\/page"}],"author":[{"embeddable":true,"href":"http:\/\/pepperoniteam.pl\/en\/wp-json\/wp\/v2\/users\/2"}],"replies":[{"embeddable":true,"href":"http:\/\/pepperoniteam.pl\/en\/wp-json\/wp\/v2\/comments?post=9092"}],"version-history":[{"count":0,"href":"http:\/\/pepperoniteam.pl\/en\/wp-json\/wp\/v2\/pages\/9092\/revisions"}],"wp:attachment":[{"href":"http:\/\/pepperoniteam.pl\/en\/wp-json\/wp\/v2\/media?parent=9092"}],"curies":[{"name":"wp","href":"https:\/\/api.w.org\/{rel}","templated":true}]}}