{"id":9182,"date":"2022-09-10T10:48:51","date_gmt":"2022-09-10T08:48:51","guid":{"rendered":"http:\/\/pepperoniteam.pl\/?page_id=9182"},"modified":"2022-12-10T22:47:32","modified_gmt":"2022-12-10T21:47:32","slug":"miot-e","status":"publish","type":"page","link":"http:\/\/pepperoniteam.pl\/en\/miot-e\/","title":{"rendered":"miot E"},"content":{"rendered":"<div class=\"vc_row wpb_row vc_row-fluid\"><div class=\"wpb_column vc_column_container vc_col-sm-12\"><div class=\"vc_column-inner\"><div class=\"wpb_wrapper\">\n\t<div class=\"wpb_text_column wpb_content_element  special1\" >\n\t\t<div class=\"wpb_wrapper\">\n\t\t\t<h1>Miot E<\/h1>\n\n\t\t<\/div>\n\t<\/div>\n<div class=\"vc_empty_space\"   style=\"height: 50px\" ><span class=\"vc_empty_space_inner\"><\/span><\/div>\n<\/div><\/div><\/div><\/div><div class=\"vc_row wpb_row vc_row-fluid\"><div class=\"wpb_column vc_column_container vc_col-sm-12\"><div class=\"vc_column-inner\"><div class=\"wpb_wrapper\">\n\t<div class=\"wpb_text_column wpb_content_element\" >\n\t\t<div class=\"wpb_wrapper\">\n\t\t\t<p><i class=\"fa fa-calendar\" ><\/i> date of birth: <strong>29.09.2022<\/strong><\/p>\n\n\t\t<\/div>\n\t<\/div>\n<\/div><\/div><\/div><\/div><div class=\"vc_row wpb_row vc_row-fluid\"><div class=\"wpb_column vc_column_container vc_col-sm-6\"><div class=\"vc_column-inner\"><div class=\"wpb_wrapper\">\n\t<div class=\"wpb_text_column wpb_content_element\" >\n\t\t<div class=\"wpb_wrapper\">\n\t\t\t<p style=\"text-align: center;\"><strong><i class=\"fa fa-venus\" ><\/i> dam:<\/strong><\/p>\n\n\t\t<\/div>\n\t<\/div>\n\n\t<div  class=\"wpb_single_image wpb_content_element vc_align_center\">\n\t\t\n\t\t<figure class=\"wpb_wrapper vc_figure\">\n\t\t\t<a data-rel=\"prettyPhoto[rel-9182-1602001996]\" href=\"http:\/\/pepperoniteam.pl\/wp-content\/uploads\/2022\/01\/IMG_5104-1024x683.jpeg\" target=\"_self\" class=\"vc_single_image-wrapper   vc_box_border_grey prettyphoto\"><img class=\"vc_single_image-img\" src=\"http:\/\/pepperoniteam.pl\/wp-content\/uploads\/2022\/01\/IMG_5104-500x345.jpeg\" width=\"500\" height=\"345\" alt=\"IMG_5104\" title=\"IMG_5104\" \/><\/a>\n\t\t<\/figure>\n\t<\/div>\n\n\t<div class=\"wpb_text_column wpb_content_element\" >\n\t\t<div class=\"wpb_wrapper\">\n\t\t\t<p><strong><span class=\"_3oh- _58nk\">Bell Pepperoni Team<\/span><\/strong><\/p>\n\n\t\t<\/div>\n\t<\/div>\n\n\t<div class=\"wpb_text_column wpb_content_element  fade-more\" >\n\t\t<div class=\"wpb_wrapper\">\n\t\t\t<p><i class=\"fa fa-trophy fa-\">\u00a0<\/i><b>Junior Champion of Poland<br \/>\n<\/b><i class=\"fa fa-trophy fa-\"><\/i>\u00a0<b>Champion of Poland<br \/>\n<i class=\"fa fa-trophy fa-\"><\/i>\u00a0Champion of Lithuania<br \/>\n<\/b><\/p>\n<p><strong>Shows<br \/>\n<\/strong>BEST IN SHOW III Working Dogs<br \/>\n2 x CACIB<br \/>\n2 x BOS<br \/>\n9 x CAC<br \/>\n3 x jCAC<\/p>\n<p><strong>Working<br \/>\n<\/strong>Pr\u00f3by Pracy Wy\u017c\u0142\u00f3w \u2013 dyplom I stopnia (100\/100 punkt\u00f3w)<br \/>\nKonkurs Wy\u017c\u0142\u00f3w klasa wielostronna \u2013 dyplom I stopnia<br \/>\nPolny Konkurs Pracy Wy\u017c\u0142\u00f3w \u2013 dyplom I stopnia<br \/>\nField Trials \u2013 I degree diploma<br \/>\nPodzimni Zkou\u0161ky (CZ) \u2013 III degree diploma<br \/>\nOcena Pracy Polnej Wy\u017c\u0142\u00f3w \u2013 dyplom II stopnia, 3\/15 lokata<br \/>\nOcena Pracy Polnej Wy\u017c\u0142\u00f3w \u2013 dyplom I stopnia, 1\/10 lokata, CPC<\/p>\n<p>Working Class Certificate<br \/>\nworking dog<\/p>\n<p><strong>Health<br \/>\n<\/strong>HD \u2013 A; ED 0<br \/>\nEyes clear with certificate<br \/>\nL\/L (free of long hair gene)<\/p>\n\n\t\t<\/div>\n\t<\/div>\n\n\t<div class=\"wpb_text_column wpb_content_element  miot-button-left\" >\n\t\t<div class=\"wpb_wrapper\">\n\t\t\t<p><a href=\"http:\/\/pepperoniteam.pl\/en\/pepperoni\/bell\/\">WI\u0118CEJ &gt;&gt;<\/a><\/p>\n\n\t\t<\/div>\n\t<\/div>\n<\/div><\/div><\/div><div class=\"wpb_column vc_column_container vc_col-sm-6\"><div class=\"vc_column-inner\"><div class=\"wpb_wrapper\">\n\t<div class=\"wpb_text_column wpb_content_element\" >\n\t\t<div class=\"wpb_wrapper\">\n\t\t\t<p style=\"text-align: center;\"><i class=\"fa fa-mars\" ><\/i> <strong>sire:<\/strong><\/p>\n\n\t\t<\/div>\n\t<\/div>\n\n\t<div  class=\"wpb_single_image wpb_content_element vc_align_center\">\n\t\t\n\t\t<figure class=\"wpb_wrapper vc_figure\">\n\t\t\t<div class=\"vc_single_image-wrapper   vc_box_border_grey\"><img class=\"vc_single_image-img\" src=\"http:\/\/pepperoniteam.pl\/wp-content\/uploads\/2022\/09\/Gosia-4-1-500x346.jpg\" width=\"500\" height=\"346\" alt=\"Gosia--4\" title=\"Gosia--4\" \/><\/div>\n\t\t<\/figure>\n\t<\/div>\n\n\t<div class=\"wpb_text_column wpb_content_element\" >\n\t\t<div class=\"wpb_wrapper\">\n\t\t\t<p><strong>Erdei Szimatol\u00f3 Ravasz<\/strong><\/p>\n\n\t\t<\/div>\n\t<\/div>\n\n\t<div class=\"wpb_text_column wpb_content_element  fade-more\" >\n\t\t<div class=\"wpb_wrapper\">\n\t\t\t<p><i class=\"fa fa-trophy\" ><\/i>\u00a0<strong>Champion of Slovakia<\/strong><br \/>\n<i class=\"fa fa-trophy\" ><\/i> rozpocz\u0119ty\u00a0<strong>Championat Czech<\/strong><b><br \/>\n<\/b><i class=\"fa fa-trophy\" ><\/i> rozpocz\u0119ty <strong>Championat W\u0119gier<\/strong><b><\/b><\/p>\n<p><b><\/b><b><\/b><strong>Shows<\/strong><br \/>\n5 x CAC<br \/>\n2 x resCAC<br \/>\nresCACIB<br \/>\nCACIB<br \/>\nBOB<br \/>\nBEST IN SHOW Working Dog<\/p>\n<p><strong>Working<br \/>\n<\/strong>Jesenn\u00e9 sk\u00fa\u0161ky stava\u010dov &#8211; 1st\u00b0\u00a0diploma<br \/>\n\u0160peci\u00e1lne sk\u00fa\u0161ky z vodnej pr\u00e1ce (water) &#8211; 1st\u00b0\u00a0diploma<br \/>\nFarbiarske sk\u00fa\u0161ky stava\u010dov (blood test) &#8211; 1st\u00b0\u00a0diploma, <strong>winner<\/strong><br \/>\nFarbiarske sk\u00fa\u0161ky stava\u010dov (blood test) &#8211; 1st\u00b0\u00a0diploma<br \/>\n2 x Lesn\u00e9 sk\u00fa\u0161ky stava\u010dov (forest) &#8211; 1st\u00b0\u00a0diploma<span class=\"Apple-converted-space\"><br \/>\n<\/span>Poh\u00e1r predsedu SKPS CACIT (field, water) &#8211;<span class=\"Apple-converted-space\">\u00a0 <\/span>2nd\u00b0\u00a0diploma<span class=\"Apple-converted-space\"><br \/>\n<\/span>Memori\u00e1l Jitky Hromadov\u00e9 (ZV\/ field) &#8211; 1st\u00b0\u00a0diploma<span class=\"Apple-converted-space\"><br \/>\n<\/span>Memori\u00e1l Jitky Hromadov\u00e9 (LZ\/ forest) &#8211; 1st\u00b0\u00a0diploma<span class=\"Apple-converted-space\"><br \/>\n<\/span>Memori\u00e1l MUDr. Alexandra M\u00e9szar\u00f3sa &#8211; 1st\u00b0\u00a0diploma<span class=\"Apple-converted-space\"><br \/>\n<\/span>V\u0161estrann\u00e9 sk\u00fa\u0161ky stava\u010dov (all\u2014round) 1st\u00b0\u00a0diploma, <strong>winner<\/strong><br \/>\nIFT \u2013 EXC 17p., <strong>R.CACIT<\/strong><br \/>\nIFT \u2013 MB 14p.,<span class=\"Apple-converted-space\"><br \/>\n<\/span>Podzimn\u00ed zkou\u0161ky oha\u0159u (CZ)<span class=\"Apple-converted-space\">\u00a0 <\/span>&#8211; 1st\u00b0\u00a0diploma<br \/>\nZkou\u0161ky vloh (CZ) (field) &#8211; 1st\u00b0\u00a0diploma<br \/>\nZkou\u0161ky z vodn\u00edch prac\u00ed (CZ) (water) &#8211; 1st\u00b0\u00a0diploma<br \/>\nLesn\u00ed Zkou\u0161ky (CZ) (forest) &#8211; 1st\u00b0\u00a0diploma<br \/>\nPoh\u00e1r Mari\u00e1na Kori\u010da (forest, water) &#8211; 1st\u00b0\u00a0diploma<br \/>\nMedzin\u00e1rodn\u00fd poh\u00e1r KCHWS CACIT (field, water)<span class=\"Apple-converted-space\">\u00a0 <\/span>I- 1st\u00b0\u00a0diploma, <strong>R.CACT<\/strong><span class=\"Apple-converted-space\"><br \/>\n<\/span>MSP \u2013 Moravskoslezsk\u00fd poh\u00e1r (all round)<span class=\"Apple-converted-space\">\u00a0 <\/span>2nd\u00b0\u00a0diploma<\/p>\n<p>working dog<\/p>\n<p><strong>Health<br \/>\n<\/strong>HD &#8211; A; ED 0<br \/>\nDNA &#8211; profil<br \/>\nL\/L &#8211; wolny od genu d\u0142ugiego w\u0142osa<\/p>\n\n\t\t<\/div>\n\t<\/div>\n\n\t<div class=\"wpb_text_column wpb_content_element  miot-button-left\" >\n\t\t<div class=\"wpb_wrapper\">\n\t\t\t<p><a href=\"http:\/\/pepperoniteam.pl\/en\/ravasz\/\">WI\u0118CEJ &gt;&gt;<\/a><\/p>\n\n\t\t<\/div>\n\t<\/div>\n<\/div><\/div><\/div><\/div><div class=\"vc_row wpb_row vc_row-fluid\"><div class=\"wpb_column vc_column_container vc_col-sm-12\"><div class=\"vc_column-inner\"><div class=\"wpb_wrapper\"><div class=\"vc_separator wpb_content_element vc_separator_align_center vc_sep_width_80 vc_sep_pos_align_center vc_separator_no_text vc_sep_color_grey\" ><span class=\"vc_sep_holder vc_sep_holder_l\"><span  class=\"vc_sep_line\"><\/span><\/span><span class=\"vc_sep_holder vc_sep_holder_r\"><span  class=\"vc_sep_line\"><\/span><\/span>\n<\/div><\/div><\/div><\/div><\/div><div class=\"vc_row wpb_row vc_row-fluid\"><div class=\"wpb_column vc_column_container vc_col-sm-12\"><div class=\"vc_column-inner\"><div class=\"wpb_wrapper\">\n\t<div class=\"wpb_text_column wpb_content_element\" >\n\t\t<div class=\"wpb_wrapper\">\n\t\t\t<p style=\"text-align: center;\"><strong><span style=\"color: #808080; font-size: 12pt;\"><i class=\"fa fa-id-card-o\" ><\/i><a style=\"color: #808080;\" href=\"https:\/\/www.vizsladatabase.com\/testmating.php?dam=169101&amp;sire=258995&amp;gens=5&amp;fbclid=IwAR27pMQ2OwvpqYJlWstuHVK_fTtMldcCwKbLUZC5GIycV0ALfX_3P7cZXbk\">\u00a0Puppies pedigree<\/a><\/span><\/strong><\/p>\n\n\t\t<\/div>\n\t<\/div>\n\n\t<div class=\"wpb_text_column wpb_content_element\" >\n\t\t<div class=\"wpb_wrapper\">\n\t\t\t<p style=\"text-align: center;\"><span style=\"font-size: 14pt;\"><strong>PUPPIES:<\/strong><\/span><\/p>\n\n\t\t<\/div>\n\t<\/div>\n<\/div><\/div><\/div><\/div><div class=\"vc_row wpb_row vc_row-fluid\"><div class=\"wpb_column vc_column_container vc_col-sm-12\"><div class=\"vc_column-inner\"><div class=\"wpb_wrapper\"><div class=\"vc_tta-container\" data-vc-action=\"collapseAll\"><div class=\"vc_general vc_tta vc_tta-accordion vc_tta-color-grey vc_tta-style-modern vc_tta-shape-square vc_tta-o-shape-group vc_tta-controls-align-left vc_tta-o-all-clickable\"><div class=\"vc_tta-panels-container\"><div class=\"vc_tta-panels\"><div class=\"vc_tta-panel\" id=\"1543958669456-e5bbc2a3-c1f8\" data-vc-content=\".vc_tta-panel-body\"><div class=\"vc_tta-panel-heading\"><h4 class=\"vc_tta-panel-title vc_tta-controls-icon-position-left\"><a href=\"#1543958669456-e5bbc2a3-c1f8\" data-vc-accordion data-vc-container=\".vc_tta-container\"><i class=\"vc_tta-icon fa fa-mars\"><\/i><span class=\"vc_tta-title-text\">Egri Pepperoni Team<\/span><i class=\"vc_tta-controls-icon vc_tta-controls-icon-plus\"><\/i><\/a><\/h4><\/div><div class=\"vc_tta-panel-body\"><div class=\"wpb_gallery wpb_content_element vc_clearfix\" ><div class=\"wpb_wrapper\"><div class=\"wpb_gallery_slides wpb_image_grid\" data-interval=\"3\"><ul class=\"wpb_image_grid_ul\"><li class=\"isotope-item\"><a class=\"prettyphoto\" href=\"http:\/\/pepperoniteam.pl\/wp-content\/uploads\/2022\/12\/Gosia-6460.jpg\" data-rel=\"prettyPhoto[rel-9182-607445579]\"><img width=\"150\" height=\"150\" src=\"http:\/\/pepperoniteam.pl\/wp-content\/uploads\/2022\/12\/Gosia-6460-150x150.jpg\" class=\"attachment-thumbnail\" alt=\"\" loading=\"lazy\" srcset=\"http:\/\/pepperoniteam.pl\/wp-content\/uploads\/2022\/12\/Gosia-6460-150x150.jpg 150w, http:\/\/pepperoniteam.pl\/wp-content\/uploads\/2022\/12\/Gosia-6460-460x460.jpg 460w, http:\/\/pepperoniteam.pl\/wp-content\/uploads\/2022\/12\/Gosia-6460-70x70.jpg 70w\" sizes=\"(max-width: 150px) 100vw, 150px\" \/><\/a><\/li><li class=\"isotope-item\"><a class=\"prettyphoto\" href=\"http:\/\/pepperoniteam.pl\/wp-content\/uploads\/2022\/12\/Gosia-9.jpg\" data-rel=\"prettyPhoto[rel-9182-607445579]\"><img width=\"150\" height=\"150\" src=\"http:\/\/pepperoniteam.pl\/wp-content\/uploads\/2022\/12\/Gosia-9-150x150.jpg\" class=\"attachment-thumbnail\" alt=\"\" loading=\"lazy\" srcset=\"http:\/\/pepperoniteam.pl\/wp-content\/uploads\/2022\/12\/Gosia-9-150x150.jpg 150w, http:\/\/pepperoniteam.pl\/wp-content\/uploads\/2022\/12\/Gosia-9-460x460.jpg 460w, http:\/\/pepperoniteam.pl\/wp-content\/uploads\/2022\/12\/Gosia-9-70x70.jpg 70w\" sizes=\"(max-width: 150px) 100vw, 150px\" \/><\/a><\/li><\/ul><\/div><\/div><\/div>\n\t<div class=\"wpb_text_column wpb_content_element\" >\n\t\t<div class=\"wpb_wrapper\">\n\t\t\t<p style=\"text-align: center;\"><a href=\"https:\/\/www.facebook.com\/media\/set\/?set=a.522708816568384&amp;type=3\"><span style=\"color: #808080;\"><strong>More photos<\/strong><\/span><\/a>\u00a0<i class=\"fa fa-facebook-square\" ><\/i><\/p>\n\n\t\t<\/div>\n\t<\/div>\n<\/div><\/div><div class=\"vc_tta-panel\" id=\"1542836109262-7b54d597-c65c\" data-vc-content=\".vc_tta-panel-body\"><div class=\"vc_tta-panel-heading\"><h4 class=\"vc_tta-panel-title vc_tta-controls-icon-position-left\"><a href=\"#1542836109262-7b54d597-c65c\" data-vc-accordion data-vc-container=\".vc_tta-container\"><i class=\"vc_tta-icon fa fa-mars\"><\/i><span class=\"vc_tta-title-text\">Eger Pepperoni Team<\/span><i class=\"vc_tta-controls-icon vc_tta-controls-icon-plus\"><\/i><\/a><\/h4><\/div><div class=\"vc_tta-panel-body\">\n\t<div class=\"wpb_text_column wpb_content_element\" >\n\t\t<div class=\"wpb_wrapper\">\n\t\t\t\n\t\t<\/div>\n\t<\/div>\n<div class=\"wpb_gallery wpb_content_element vc_clearfix\" ><div class=\"wpb_wrapper\"><div class=\"wpb_gallery_slides wpb_image_grid\" data-interval=\"3\"><ul class=\"wpb_image_grid_ul\"><li class=\"isotope-item\"><a class=\"prettyphoto\" href=\"http:\/\/pepperoniteam.pl\/wp-content\/uploads\/2022\/11\/Gosia-6483.jpg\" data-rel=\"prettyPhoto[rel-9182-1402154346]\"><img width=\"150\" height=\"150\" src=\"http:\/\/pepperoniteam.pl\/wp-content\/uploads\/2022\/11\/Gosia-6483-150x150.jpg\" class=\"attachment-thumbnail\" alt=\"\" loading=\"lazy\" srcset=\"http:\/\/pepperoniteam.pl\/wp-content\/uploads\/2022\/11\/Gosia-6483-150x150.jpg 150w, http:\/\/pepperoniteam.pl\/wp-content\/uploads\/2022\/11\/Gosia-6483-460x460.jpg 460w, http:\/\/pepperoniteam.pl\/wp-content\/uploads\/2022\/11\/Gosia-6483-70x70.jpg 70w\" sizes=\"(max-width: 150px) 100vw, 150px\" \/><\/a><\/li><li class=\"isotope-item\"><a class=\"prettyphoto\" href=\"http:\/\/pepperoniteam.pl\/wp-content\/uploads\/2022\/11\/Gosia-10.jpg\" data-rel=\"prettyPhoto[rel-9182-1402154346]\"><img width=\"150\" height=\"150\" src=\"http:\/\/pepperoniteam.pl\/wp-content\/uploads\/2022\/11\/Gosia-10-150x150.jpg\" class=\"attachment-thumbnail\" alt=\"\" loading=\"lazy\" srcset=\"http:\/\/pepperoniteam.pl\/wp-content\/uploads\/2022\/11\/Gosia-10-150x150.jpg 150w, http:\/\/pepperoniteam.pl\/wp-content\/uploads\/2022\/11\/Gosia-10-460x460.jpg 460w, http:\/\/pepperoniteam.pl\/wp-content\/uploads\/2022\/11\/Gosia-10-70x70.jpg 70w\" sizes=\"(max-width: 150px) 100vw, 150px\" \/><\/a><\/li><\/ul><\/div><\/div><\/div>\n\t<div class=\"wpb_text_column wpb_content_element\" >\n\t\t<div class=\"wpb_wrapper\">\n\t\t\t<p style=\"text-align: center;\"><a href=\"https:\/\/www.facebook.com\/media\/set\/?set=a.523037353202197&amp;type=3\"><span style=\"color: #808080;\"><strong>More photos<\/strong><\/span><\/a>\u00a0<i class=\"fa fa-facebook-square\" ><\/i><\/p>\n\n\t\t<\/div>\n\t<\/div>\n<\/div><\/div><div class=\"vc_tta-panel\" id=\"1615477379263-ed6494a0-dc61\" data-vc-content=\".vc_tta-panel-body\"><div class=\"vc_tta-panel-heading\"><h4 class=\"vc_tta-panel-title vc_tta-controls-icon-position-left\"><a href=\"#1615477379263-ed6494a0-dc61\" data-vc-accordion data-vc-container=\".vc_tta-container\"><i class=\"vc_tta-icon fa fa-mars\"><\/i><span class=\"vc_tta-title-text\">Echo Pepperoni Team<\/span><i class=\"vc_tta-controls-icon vc_tta-controls-icon-plus\"><\/i><\/a><\/h4><\/div><div class=\"vc_tta-panel-body\">\n\t<div class=\"wpb_text_column wpb_content_element\" >\n\t\t<div class=\"wpb_wrapper\">\n\t\t\t\n\t\t<\/div>\n\t<\/div>\n<div class=\"wpb_gallery wpb_content_element vc_clearfix\" ><div class=\"wpb_wrapper\"><div class=\"wpb_gallery_slides wpb_image_grid\" data-interval=\"3\"><ul class=\"wpb_image_grid_ul\"><li class=\"isotope-item\"><a class=\"prettyphoto\" href=\"http:\/\/pepperoniteam.pl\/wp-content\/uploads\/2022\/12\/Gosia-6280.jpg\" data-rel=\"prettyPhoto[rel-9182-1096767802]\"><img width=\"150\" height=\"150\" src=\"http:\/\/pepperoniteam.pl\/wp-content\/uploads\/2022\/12\/Gosia-6280-150x150.jpg\" class=\"attachment-thumbnail\" alt=\"\" loading=\"lazy\" srcset=\"http:\/\/pepperoniteam.pl\/wp-content\/uploads\/2022\/12\/Gosia-6280-150x150.jpg 150w, http:\/\/pepperoniteam.pl\/wp-content\/uploads\/2022\/12\/Gosia-6280-460x460.jpg 460w, http:\/\/pepperoniteam.pl\/wp-content\/uploads\/2022\/12\/Gosia-6280-70x70.jpg 70w\" sizes=\"(max-width: 150px) 100vw, 150px\" \/><\/a><\/li><li class=\"isotope-item\"><a class=\"prettyphoto\" href=\"http:\/\/pepperoniteam.pl\/wp-content\/uploads\/2022\/12\/Gosia-6310.jpg\" data-rel=\"prettyPhoto[rel-9182-1096767802]\"><img width=\"150\" height=\"150\" src=\"http:\/\/pepperoniteam.pl\/wp-content\/uploads\/2022\/12\/Gosia-6310-150x150.jpg\" class=\"attachment-thumbnail\" alt=\"\" loading=\"lazy\" srcset=\"http:\/\/pepperoniteam.pl\/wp-content\/uploads\/2022\/12\/Gosia-6310-150x150.jpg 150w, http:\/\/pepperoniteam.pl\/wp-content\/uploads\/2022\/12\/Gosia-6310-460x460.jpg 460w, http:\/\/pepperoniteam.pl\/wp-content\/uploads\/2022\/12\/Gosia-6310-70x70.jpg 70w\" sizes=\"(max-width: 150px) 100vw, 150px\" \/><\/a><\/li><\/ul><\/div><\/div><\/div>\n\t<div class=\"wpb_text_column wpb_content_element\" >\n\t\t<div class=\"wpb_wrapper\">\n\t\t\t<p style=\"text-align: center;\"><a href=\"https:\/\/www.facebook.com\/media\/set\/?set=a.523928206446445&amp;type=3\"><span style=\"color: #808080;\"><strong>More photos<\/strong><\/span><\/a>\u00a0<i class=\"fa fa-facebook-square\" ><\/i><\/p>\n\n\t\t<\/div>\n\t<\/div>\n<\/div><\/div><div class=\"vc_tta-panel\" id=\"1615477387751-3bcacd66-4702\" data-vc-content=\".vc_tta-panel-body\"><div class=\"vc_tta-panel-heading\"><h4 class=\"vc_tta-panel-title vc_tta-controls-icon-position-left\"><a href=\"#1615477387751-3bcacd66-4702\" data-vc-accordion data-vc-container=\".vc_tta-container\"><i class=\"vc_tta-icon fa fa-venus\"><\/i><span class=\"vc_tta-title-text\">Euphoria Pepperoni Team<\/span><i class=\"vc_tta-controls-icon vc_tta-controls-icon-plus\"><\/i><\/a><\/h4><\/div><div class=\"vc_tta-panel-body\">\n\t<div class=\"wpb_text_column wpb_content_element\" >\n\t\t<div class=\"wpb_wrapper\">\n\t\t\t\n\t\t<\/div>\n\t<\/div>\n<div class=\"wpb_gallery wpb_content_element vc_clearfix\" ><div class=\"wpb_wrapper\"><div class=\"wpb_gallery_slides wpb_image_grid\" data-interval=\"3\"><ul class=\"wpb_image_grid_ul\"><li class=\"isotope-item\"><a class=\"prettyphoto\" href=\"http:\/\/pepperoniteam.pl\/wp-content\/uploads\/2022\/12\/Gosia-6300.jpg\" data-rel=\"prettyPhoto[rel-9182-799527814]\"><img width=\"150\" height=\"150\" src=\"http:\/\/pepperoniteam.pl\/wp-content\/uploads\/2022\/12\/Gosia-6300-150x150.jpg\" class=\"attachment-thumbnail\" alt=\"\" loading=\"lazy\" srcset=\"http:\/\/pepperoniteam.pl\/wp-content\/uploads\/2022\/12\/Gosia-6300-150x150.jpg 150w, http:\/\/pepperoniteam.pl\/wp-content\/uploads\/2022\/12\/Gosia-6300-460x460.jpg 460w, http:\/\/pepperoniteam.pl\/wp-content\/uploads\/2022\/12\/Gosia-6300-70x70.jpg 70w\" sizes=\"(max-width: 150px) 100vw, 150px\" \/><\/a><\/li><li class=\"isotope-item\"><a class=\"prettyphoto\" href=\"http:\/\/pepperoniteam.pl\/wp-content\/uploads\/2022\/12\/Gosia-6302.jpg\" data-rel=\"prettyPhoto[rel-9182-799527814]\"><img width=\"150\" height=\"150\" src=\"http:\/\/pepperoniteam.pl\/wp-content\/uploads\/2022\/12\/Gosia-6302-150x150.jpg\" class=\"attachment-thumbnail\" alt=\"\" loading=\"lazy\" srcset=\"http:\/\/pepperoniteam.pl\/wp-content\/uploads\/2022\/12\/Gosia-6302-150x150.jpg 150w, http:\/\/pepperoniteam.pl\/wp-content\/uploads\/2022\/12\/Gosia-6302-460x460.jpg 460w, http:\/\/pepperoniteam.pl\/wp-content\/uploads\/2022\/12\/Gosia-6302-70x70.jpg 70w\" sizes=\"(max-width: 150px) 100vw, 150px\" \/><\/a><\/li><\/ul><\/div><\/div><\/div>\n\t<div class=\"wpb_text_column wpb_content_element\" >\n\t\t<div class=\"wpb_wrapper\">\n\t\t\t<p style=\"text-align: center;\"><a href=\"https:\/\/www.facebook.com\/media\/set\/?set=a.525517442954188&amp;type=3\"><span style=\"color: #808080;\"><strong>More photos<\/strong><\/span><\/a>\u00a0<i class=\"fa fa-facebook-square\" ><\/i><\/p>\n\n\t\t<\/div>\n\t<\/div>\n<\/div><\/div><\/div><\/div><\/div><\/div><\/div><\/div><\/div><\/div><div class=\"vc_row wpb_row vc_row-fluid\"><div class=\"wpb_column vc_column_container vc_col-sm-12\"><div class=\"vc_column-inner\"><div class=\"wpb_wrapper\"><div class=\"wpb_gallery wpb_content_element vc_clearfix\" ><div class=\"wpb_wrapper\"><div class=\"wpb_gallery_slides wpb_image_grid\" data-interval=\"3\"><ul class=\"wpb_image_grid_ul\"><li class=\"isotope-item\"><a class=\"prettyphoto\" href=\"http:\/\/pepperoniteam.pl\/wp-content\/uploads\/2022\/11\/Gosia-1614.jpg\" data-rel=\"prettyPhoto[rel-9182-1028808527]\"><img width=\"150\" height=\"150\" src=\"http:\/\/pepperoniteam.pl\/wp-content\/uploads\/2022\/11\/Gosia-1614-150x150.jpg\" class=\"attachment-thumbnail\" alt=\"\" loading=\"lazy\" srcset=\"http:\/\/pepperoniteam.pl\/wp-content\/uploads\/2022\/11\/Gosia-1614-150x150.jpg 150w, http:\/\/pepperoniteam.pl\/wp-content\/uploads\/2022\/11\/Gosia-1614-460x460.jpg 460w, http:\/\/pepperoniteam.pl\/wp-content\/uploads\/2022\/11\/Gosia-1614-70x70.jpg 70w\" sizes=\"(max-width: 150px) 100vw, 150px\" \/><\/a><\/li><\/ul><\/div><\/div><\/div><\/div><\/div><\/div><\/div>","protected":false},"excerpt":{"rendered":"Miot E data urodzenia: 29.09.2022 matka: Bell Pepperoni Team \u00a0M\u0142odzie\u017cowy Champion Polski \u00a0Champion Polski \u00a0Champion Litwy Osi\u0105gni\u0119cia wystawowe BIS III<a class=\"article-read-more\" href=\"http:\/\/pepperoniteam.pl\/en\/miot-e\/\"><i class=\"worldblogicon fa-angle-double-right\"><\/i><\/a>","protected":false},"author":2,"featured_media":0,"parent":0,"menu_order":0,"comment_status":"closed","ping_status":"closed","template":"","meta":[],"wps_subtitle":"","_links":{"self":[{"href":"http:\/\/pepperoniteam.pl\/en\/wp-json\/wp\/v2\/pages\/9182"}],"collection":[{"href":"http:\/\/pepperoniteam.pl\/en\/wp-json\/wp\/v2\/pages"}],"about":[{"href":"http:\/\/pepperoniteam.pl\/en\/wp-json\/wp\/v2\/types\/page"}],"author":[{"embeddable":true,"href":"http:\/\/pepperoniteam.pl\/en\/wp-json\/wp\/v2\/users\/2"}],"replies":[{"embeddable":true,"href":"http:\/\/pepperoniteam.pl\/en\/wp-json\/wp\/v2\/comments?post=9182"}],"version-history":[{"count":0,"href":"http:\/\/pepperoniteam.pl\/en\/wp-json\/wp\/v2\/pages\/9182\/revisions"}],"wp:attachment":[{"href":"http:\/\/pepperoniteam.pl\/en\/wp-json\/wp\/v2\/media?parent=9182"}],"curies":[{"name":"wp","href":"https:\/\/api.w.org\/{rel}","templated":true}]}}