{"id":10168,"date":"2026-04-22T15:44:45","date_gmt":"2026-04-22T13:44:45","guid":{"rendered":"https:\/\/pepperoniteam.pl\/?page_id=10168"},"modified":"2026-04-22T16:13:02","modified_gmt":"2026-04-22T14:13:02","slug":"miot-q","status":"publish","type":"page","link":"https:\/\/pepperoniteam.pl\/en\/miot-q\/","title":{"rendered":"miot Q"},"content":{"rendered":"<div class=\"vc_row wpb_row vc_row-fluid\"><div class=\"wpb_column vc_column_container vc_col-sm-12\"><div class=\"vc_column-inner\"><div class=\"wpb_wrapper\">\n\t<div class=\"wpb_text_column wpb_content_element  special1\" >\n\t\t<div class=\"wpb_wrapper\">\n\t\t\t<h1>Miot Q<\/h1>\n\n\t\t<\/div>\n\t<\/div>\n<div class=\"vc_empty_space\"   style=\"height: 50px\" ><span class=\"vc_empty_space_inner\"><\/span><\/div>\n<\/div><\/div><\/div><\/div><div class=\"vc_row wpb_row vc_row-fluid\"><div class=\"wpb_column vc_column_container vc_col-sm-12\"><div class=\"vc_column-inner\"><div class=\"wpb_wrapper\">\n\t<div class=\"wpb_text_column wpb_content_element\" >\n\t\t<div class=\"wpb_wrapper\">\n\t\t\t<p><i class=\"fa fa-calendar\" ><\/i> date of birth: <strong>24.10.2025<\/strong><\/p>\n\n\t\t<\/div>\n\t<\/div>\n<\/div><\/div><\/div><\/div><div class=\"vc_row wpb_row vc_row-fluid\"><div class=\"wpb_column vc_column_container vc_col-sm-6\"><div class=\"vc_column-inner\"><div class=\"wpb_wrapper\">\n\t<div class=\"wpb_text_column wpb_content_element\" >\n\t\t<div class=\"wpb_wrapper\">\n\t\t\t<p style=\"text-align: center;\"><strong><i class=\"fa fa-venus\" ><\/i> dam:<\/strong><\/p>\n\n\t\t<\/div>\n\t<\/div>\n\n\t<div  class=\"wpb_single_image wpb_content_element vc_align_left\">\n\t\t\n\t\t<figure class=\"wpb_wrapper vc_figure\">\n\t\t\t<a data-rel=\"prettyPhoto[rel-10168-1279863323]\" href=\"https:\/\/pepperoniteam.pl\/wp-content\/uploads\/2022\/09\/amberrr1s.jpg\" target=\"_self\" class=\"vc_single_image-wrapper   vc_box_border_grey prettyphoto\"><img width=\"800\" height=\"533\" src=\"https:\/\/pepperoniteam.pl\/wp-content\/uploads\/2022\/09\/amberrr1s.jpg\" class=\"vc_single_image-img attachment-full\" alt=\"\" loading=\"lazy\" srcset=\"https:\/\/pepperoniteam.pl\/wp-content\/uploads\/2022\/09\/amberrr1s.jpg 800w, https:\/\/pepperoniteam.pl\/wp-content\/uploads\/2022\/09\/amberrr1s-300x200.jpg 300w, https:\/\/pepperoniteam.pl\/wp-content\/uploads\/2022\/09\/amberrr1s-768x512.jpg 768w, https:\/\/pepperoniteam.pl\/wp-content\/uploads\/2022\/09\/amberrr1s-420x280.jpg 420w, https:\/\/pepperoniteam.pl\/wp-content\/uploads\/2022\/09\/amberrr1s-690x460.jpg 690w, https:\/\/pepperoniteam.pl\/wp-content\/uploads\/2022\/09\/amberrr1s-18x12.jpg 18w, https:\/\/pepperoniteam.pl\/wp-content\/uploads\/2022\/09\/amberrr1s-500x333.jpg 500w\" sizes=\"(max-width: 800px) 100vw, 800px\" \/><\/a>\n\t\t<\/figure>\n\t<\/div>\n\n\t<div class=\"wpb_text_column wpb_content_element\" >\n\t\t<div class=\"wpb_wrapper\">\n\t\t\t<p><strong><span class=\"_3oh- _58nk\">Amber Pepperoni Team<\/span><\/strong><\/p>\n\n\t\t<\/div>\n\t<\/div>\n\n\t<div class=\"wpb_text_column wpb_content_element  fade-more\" >\n\t\t<div class=\"wpb_wrapper\">\n\t\t\t<p><i class=\"fa fa-trophy\" ><\/i> <b>Champion of Poland<\/b><\/p>\n<p><strong>Shows<br \/>\n<\/strong>11 x CAC<br \/>\n3 x Best Bitch<br \/>\n4 x resCACIB<br \/>\n2 x Najlepsze Szczeni\u0119<\/p>\n<p><strong>Working<br \/>\n<\/strong>Hunting Test - I degree diploma<br \/>\nKrajowe Field Trial &#8211; good<\/p>\n<p><strong>Health<br \/>\n<\/strong>HD &#8211; A; ED 0<br \/>\neyes clear (with certificate)<br \/>\nheart clear (with certificate)<br \/>\nL\/L (free of long hair gene)<\/p>\n\n\t\t<\/div>\n\t<\/div>\n\n\t<div class=\"wpb_text_column wpb_content_element  miot-button-left\" >\n\t\t<div class=\"wpb_wrapper\">\n\t\t\t<p><a href=\"http:\/\/pepperoniteam.pl\/en\/pepperoni\/amber\/\">WI\u0118CEJ &gt;&gt;<\/a><\/p>\n\n\t\t<\/div>\n\t<\/div>\n<\/div><\/div><\/div><div class=\"wpb_column vc_column_container vc_col-sm-6\"><div class=\"vc_column-inner\"><div class=\"wpb_wrapper\">\n\t<div class=\"wpb_text_column wpb_content_element\" >\n\t\t<div class=\"wpb_wrapper\">\n\t\t\t<p style=\"text-align: center;\"><i class=\"fa fa-mars\" ><\/i> <strong>sire:<\/strong><\/p>\n\n\t\t<\/div>\n\t<\/div>\n\n\t<div  class=\"wpb_single_image wpb_content_element vc_align_left\">\n\t\t\n\t\t<figure class=\"wpb_wrapper vc_figure\">\n\t\t\t<a data-rel=\"prettyPhoto[rel-10168-1470320891]\" href=\"https:\/\/pepperoniteam.pl\/wp-content\/uploads\/2025\/10\/5U0A6165_fb_fb1.jpg\" target=\"_self\" class=\"vc_single_image-wrapper   vc_box_border_grey prettyphoto\"><img width=\"1000\" height=\"666\" src=\"https:\/\/pepperoniteam.pl\/wp-content\/uploads\/2025\/10\/5U0A6165_fb_fb1.jpg\" class=\"vc_single_image-img attachment-full\" alt=\"\" loading=\"lazy\" srcset=\"https:\/\/pepperoniteam.pl\/wp-content\/uploads\/2025\/10\/5U0A6165_fb_fb1.jpg 1000w, https:\/\/pepperoniteam.pl\/wp-content\/uploads\/2025\/10\/5U0A6165_fb_fb1-300x200.jpg 300w, https:\/\/pepperoniteam.pl\/wp-content\/uploads\/2025\/10\/5U0A6165_fb_fb1-768x511.jpg 768w, https:\/\/pepperoniteam.pl\/wp-content\/uploads\/2025\/10\/5U0A6165_fb_fb1-420x280.jpg 420w, https:\/\/pepperoniteam.pl\/wp-content\/uploads\/2025\/10\/5U0A6165_fb_fb1-690x460.jpg 690w, https:\/\/pepperoniteam.pl\/wp-content\/uploads\/2025\/10\/5U0A6165_fb_fb1-18x12.jpg 18w, https:\/\/pepperoniteam.pl\/wp-content\/uploads\/2025\/10\/5U0A6165_fb_fb1-500x333.jpg 500w, https:\/\/pepperoniteam.pl\/wp-content\/uploads\/2025\/10\/5U0A6165_fb_fb1-800x533.jpg 800w\" sizes=\"(max-width: 1000px) 100vw, 1000px\" \/><\/a>\n\t\t<\/figure>\n\t<\/div>\n\n\t<div class=\"wpb_text_column wpb_content_element\" >\n\t\t<div class=\"wpb_wrapper\">\n\t\t\t<p><strong>Nord Pepperoni Team<\/strong><\/p>\n\n\t\t<\/div>\n\t<\/div>\n\n\t<div class=\"wpb_text_column wpb_content_element  fade-more\" >\n\t\t<div class=\"wpb_wrapper\">\n\t\t\t<p style=\"text-align: left;\"><i class=\"fa fa-trophy\" ><\/i> <strong>CHAMPION PRACY<br \/>\n<\/strong><i class=\"fa fa-trophy\" ><\/i> <strong>INTERCHAMPION CIB<br \/>\n<\/strong><i class=\"fa fa-trophy\" ><\/i> <strong>INTERCHAMPION CIE<br \/>\n<\/strong><i class=\"fa fa-trophy\" ><\/i> <b>Junior Champion of Poland<br \/>\n<\/b><i class=\"fa fa-trophy\" ><\/i> <b>Champion of Poland<br \/>\n<\/b><i class=\"fa fa-trophy\" ><\/i> <strong>Grand<\/strong> <b>Champion of Poland<br \/>\n<\/b><i class=\"fa fa-trophy\" ><\/i> <b>Champion of Macedonia<br \/>\n<\/b><i class=\"fa fa-trophy\" ><\/i> <b>Grand Champion of Macedonia<br \/>\n<\/b><i class=\"fa fa-trophy\" ><\/i> <b>Champion of Slovakia<\/b><b><br \/>\n<\/b><\/p>\n<p><strong>Shows<br \/>\n<\/strong>BOG II<br \/>\n2 x BOG III<br \/>\nBOG IV<br \/>\n5 x BOB<br \/>\n6 x CACIB<br \/>\n3 x res.CACIB<br \/>\nCAC<br \/>\nres.CAC<br \/>\n3 x Best Puppy<br \/>\n2 x Best Junior<br \/>\n3 x jCAC<\/p>\n<p><strong>Osi\u0105gni\u0119cia u\u017cytkowe (zaliczone konkursy pracy w 5 krajach!)<br \/>\n<\/strong>VJP \u2013 70 points (DE)<br \/>\nHZP \u2013 184 points (DE)<br \/>\nVGP (konkurs wszechstronny) &#8211; 309 punkt\u00f3w (DE)<br \/>\nKonkurs Wy\u017c\u0142\u00f3w w klasie wielostronnej &#8211; dyplom I stopnia, 1\/17 lokata, CACT, Zwyci\u0119zca!!!<br \/>\nKonkurs Wy\u017c\u0142\u00f3w w klasie wielostronnej &#8211; dyplom I stopnia, 3\/13 lokata<br \/>\nKonkurs Wy\u017c\u0142\u00f3w w klasie wielostronnej &#8211; dyplom I stopnia, 4\/15 lokata<br \/>\nMultilateral competition (field &amp; water) - 2nd degree diploma<br \/>\nKonkurs Tropowc\u00f3w &#8211; dyplom I stopnia, 3\/15 lokata<br \/>\nPuchar Sudeckiej Krainy \u0141owieckiej (konkurs tropowc\u00f3w) &#8211; dyplom I stopnia, 1\/11 lokata, Zwyci\u0119zca!!!<br \/>\n2 x PZ &#8211; dyplom I stopnia (CZ)<br \/>\nLZ &#8211; dyplom I stopnia, 2 lokata (CZ)<br \/>\nLZ &#8211; dyplom II stopnia (CZ)<br \/>\nZV &#8211; dyplom I stopnia, 3 lokata (CZ)<br \/>\nPohar Karviny (CACT) &#8211; dyplom I stopnia<br \/>\nPohar Severu (CACT) &#8211; dyplom I stopnia<br \/>\nMemorial Jitky Hromadove (CACT) &#8211; dyplom II stopnia (LZ &#8211; dyplom I stopnia, max punkt\u00f3w; ZV &#8211; dyplom I stopnia; VP &#8211; dyplom II stopnia) (CZ)<br \/>\nMemorial Jitky Hromadove (CACT) &#8211; dyplom III stopnia (CZ)<br \/>\nIFT &#8211; excellent, 1 lokata, CACT, Zwyci\u0119zca!!!<br \/>\nIFT &#8211; excellent, 2\/6 lokata<br \/>\nIFT &#8211; excellent, 3\/11 lokata<br \/>\nIFT &#8211; excellent, 5\/11 lokata<br \/>\nIFT &#8211; excellent<br \/>\nIFT &#8211; very good, 2 lokata<br \/>\nNFT &#8211; excellent, 1 lokata, Zwyci\u0119zca!!!<br \/>\nNFT &#8211; excellent, 2\/6 lokata<br \/>\nNFT &#8211; excellent, 4\/13 lokata<br \/>\nNFT &#8211; very good, 3 lokata<br \/>\nPr\u00f3by Pracy Wy\u017c\u0142\u00f3w &#8211; dyplom I stopnia, 1 lokata, Zwyci\u0119zca!!!<br \/>\nKonkurs Polny &#8211; dyplom I stopnia, 1\/11 lokata, CACT, Zwyci\u0119zca!!!<br \/>\nMi\u0119dzynarodowy Konkurs Wszechstronny (CACIT) &#8211; dyplom III stopnia, 3 lokata, Najlepszy Pies na Polu!!!<br \/>\nMemorial Mudr.Alexandra Meszarosa (CACIT) &#8211; dyplom II stopnia<br \/>\nMemorial Stefana Hrncara (CACIT) &#8211; dyplom III stopnia<br \/>\nXXIII Magyar Vizsla European Cup 2022 &#8211; very good, 2 lokata w grupie, 9 lokata w klasyfikacji og\u00f3lnej. (HU)<\/p>\n<p>4 x CACT<br \/>\nCertyfikat u\u017cytkowo\u015bci WCC<br \/>\nHunting dog<\/p>\n<p><strong>Health<br \/>\n<\/strong>HD &#8211; A; ED0<br \/>\nEyes clear with certificate<br \/>\nL\/L (free of long hair gene)<br \/>\nDNA Profil<\/p>\n<p><i class=\"fa fa-trophy fa-\">\u00a0<\/i><\/p>\n\n\t\t<\/div>\n\t<\/div>\n\n\t<div class=\"wpb_text_column wpb_content_element  miot-button-left\" >\n\t\t<div class=\"wpb_wrapper\">\n\t\t\t<p><a href=\"http:\/\/pepperoniteam.pl\/en\/nord\/\">WI\u0118CEJ &gt;&gt;<\/a><\/p>\n\n\t\t<\/div>\n\t<\/div>\n<\/div><\/div><\/div><\/div><div class=\"vc_row wpb_row vc_row-fluid\"><div class=\"wpb_column vc_column_container vc_col-sm-12\"><div class=\"vc_column-inner\"><div class=\"wpb_wrapper\"><div class=\"vc_separator wpb_content_element vc_separator_align_center vc_sep_width_80 vc_sep_pos_align_center vc_separator_no_text vc_sep_color_grey\" ><span class=\"vc_sep_holder vc_sep_holder_l\"><span  class=\"vc_sep_line\"><\/span><\/span><span class=\"vc_sep_holder vc_sep_holder_r\"><span  class=\"vc_sep_line\"><\/span><\/span>\n<\/div><\/div><\/div><\/div><\/div><div class=\"vc_row wpb_row vc_row-fluid\"><div class=\"wpb_column vc_column_container vc_col-sm-12\"><div class=\"vc_column-inner\"><div class=\"wpb_wrapper\">\n\t<div class=\"wpb_text_column wpb_content_element\" >\n\t\t<div class=\"wpb_wrapper\">\n\t\t\t<p style=\"text-align: center;\"><strong><span style=\"color: #808080; font-size: 12pt;\"><i class=\"fa fa-id-card-o\" ><\/i><a style=\"color: #808080;\" href=\"https:\/\/www.vizsladatabase.com\/testMating.php?m=256595&amp;f=303439&amp;gens=4\">\u00a0Puppies pedigree<\/a><\/span><\/strong><\/p>\n\n\t\t<\/div>\n\t<\/div>\n\n\t<div class=\"wpb_text_column wpb_content_element\" >\n\t\t<div class=\"wpb_wrapper\">\n\t\t\t<p style=\"text-align: center;\"><span style=\"font-size: 14pt;\"><strong>PUPPIES:<\/strong><\/span><\/p>\n\n\t\t<\/div>\n\t<\/div>\n<\/div><\/div><\/div><\/div><div class=\"vc_row wpb_row vc_row-fluid\"><div class=\"wpb_column vc_column_container vc_col-sm-12\"><div class=\"vc_column-inner\"><div class=\"wpb_wrapper\"><div class=\"vc_tta-container\" data-vc-action=\"collapseAll\"><div class=\"vc_general vc_tta vc_tta-accordion vc_tta-color-grey vc_tta-style-modern vc_tta-shape-square vc_tta-o-shape-group vc_tta-controls-align-left vc_tta-o-all-clickable\"><div class=\"vc_tta-panels-container\"><div class=\"vc_tta-panels\"><div class=\"vc_tta-panel\" id=\"1561282619226-ce03413e-1a6d\" data-vc-content=\".vc_tta-panel-body\"><div class=\"vc_tta-panel-heading\"><h4 class=\"vc_tta-panel-title vc_tta-controls-icon-position-left\"><a href=\"#1561282619226-ce03413e-1a6d\" data-vc-accordion data-vc-container=\".vc_tta-container\"><i class=\"vc_tta-icon fa fa-venus\"><\/i><span class=\"vc_tta-title-text\">Qira Pepperoni Team<\/span><i class=\"vc_tta-controls-icon vc_tta-controls-icon-plus\"><\/i><\/a><\/h4><\/div><div class=\"vc_tta-panel-body\">\n\t<div class=\"wpb_text_column wpb_content_element\" >\n\t\t<div class=\"wpb_wrapper\">\n\t\t\t<p>Za m\u0142oda<\/p>\n\n\t\t<\/div>\n\t<\/div>\n<div class=\"wpb_gallery wpb_content_element vc_clearfix\" ><div class=\"wpb_wrapper\"><div class=\"wpb_gallery_slides wpb_image_grid\" data-interval=\"3\"><ul class=\"wpb_image_grid_ul\"><li class=\"isotope-item\"><a class=\"prettyphoto\" href=\"https:\/\/pepperoniteam.pl\/wp-content\/uploads\/2026\/04\/5U0A9446_fb-1024x683.jpg\" data-rel=\"prettyPhoto[rel-10168-776956183]\"><img width=\"150\" height=\"150\" src=\"https:\/\/pepperoniteam.pl\/wp-content\/uploads\/2026\/04\/5U0A9446_fb-150x150.jpg\" class=\"attachment-thumbnail\" alt=\"\" loading=\"lazy\" srcset=\"https:\/\/pepperoniteam.pl\/wp-content\/uploads\/2026\/04\/5U0A9446_fb-150x150.jpg 150w, https:\/\/pepperoniteam.pl\/wp-content\/uploads\/2026\/04\/5U0A9446_fb-460x460.jpg 460w, https:\/\/pepperoniteam.pl\/wp-content\/uploads\/2026\/04\/5U0A9446_fb-70x70.jpg 70w, https:\/\/pepperoniteam.pl\/wp-content\/uploads\/2026\/04\/5U0A9446_fb-800x800.jpg 800w\" sizes=\"(max-width: 150px) 100vw, 150px\" \/><\/a><\/li><\/ul><\/div><\/div><\/div>\n\t<div class=\"wpb_text_column wpb_content_element\" >\n\t\t<div class=\"wpb_wrapper\">\n\t\t\t<p style=\"text-align: center;\"><a href=\"https:\/\/www.facebook.com\/media\/set\/?set=a.2873555105994675&amp;type=3\"><span style=\"color: #808080;\"><strong>More photos<\/strong><\/span><\/a>\u00a0<i class=\"fa fa-facebook-square\" ><\/i><\/p>\n\n\t\t<\/div>\n\t<\/div>\n<\/div><\/div><\/div><\/div><\/div><\/div><\/div><\/div><\/div><\/div><div class=\"vc_row wpb_row vc_row-fluid\"><div class=\"wpb_column vc_column_container vc_col-sm-12\"><div class=\"vc_column-inner\"><div class=\"wpb_wrapper\"><\/div><\/div><\/div><\/div>","protected":false},"excerpt":{"rendered":"Miot Q data urodzenia: 24.10.2025 matka: Amber Pepperoni Team Champion Polski Osi\u0105gni\u0119cia wystawowe 11 x CAC 3 x Best Bitch<a class=\"article-read-more\" href=\"https:\/\/pepperoniteam.pl\/en\/miot-q\/\"><i class=\"worldblogicon fa-angle-double-right\"><\/i><\/a>","protected":false},"author":2,"featured_media":0,"parent":0,"menu_order":0,"comment_status":"closed","ping_status":"closed","template":"","meta":[],"wps_subtitle":"","_links":{"self":[{"href":"https:\/\/pepperoniteam.pl\/en\/wp-json\/wp\/v2\/pages\/10168"}],"collection":[{"href":"https:\/\/pepperoniteam.pl\/en\/wp-json\/wp\/v2\/pages"}],"about":[{"href":"https:\/\/pepperoniteam.pl\/en\/wp-json\/wp\/v2\/types\/page"}],"author":[{"embeddable":true,"href":"https:\/\/pepperoniteam.pl\/en\/wp-json\/wp\/v2\/users\/2"}],"replies":[{"embeddable":true,"href":"https:\/\/pepperoniteam.pl\/en\/wp-json\/wp\/v2\/comments?post=10168"}],"version-history":[{"count":0,"href":"https:\/\/pepperoniteam.pl\/en\/wp-json\/wp\/v2\/pages\/10168\/revisions"}],"wp:attachment":[{"href":"https:\/\/pepperoniteam.pl\/en\/wp-json\/wp\/v2\/media?parent=10168"}],"curies":[{"name":"wp","href":"https:\/\/api.w.org\/{rel}","templated":true}]}}