{"id":2978,"date":"2018-10-14T15:12:20","date_gmt":"2018-10-14T14:12:20","guid":{"rendered":"http:\/\/pepperoniteam.pl\/pepperoni\/?page_id=2978"},"modified":"2026-04-23T17:15:32","modified_gmt":"2026-04-23T15:15:32","slug":"o-nas","status":"publish","type":"page","link":"https:\/\/pepperoniteam.pl\/en\/o-nas\/","title":{"rendered":"About us"},"content":{"rendered":"<div class=\"vc_row wpb_row vc_row-fluid\"><div class=\"wpb_column vc_column_container vc_col-sm-12\"><div class=\"vc_column-inner\"><div class=\"wpb_wrapper\">\n\t<div class=\"wpb_text_column wpb_content_element\" >\n\t\t<div class=\"wpb_wrapper\">\n\t\t\t<h1>About us<\/h1>\n<p>Wy\u017c\u0142y w\u0119gierskie zago\u015bci\u0142y w naszym domu 22 lata temu, ich hodowl\u0105 zajmujemy si\u0119 od 18 lat a od ponad 3 lat mieszka z nami r\u00f3wnie\u017c cudowna wy\u017clica niemiecka. Nasze suczki s\u0105 pe\u0142noprawnymi cz\u0142onkami rodziny, a Pepperoni Team nie jest dla nas \u017ar\u00f3d\u0142em zarobku, lecz czyst\u0105 pasj\u0105. Niecz\u0119sto mamy mioty \u2013 najwa\u017cniejsze jest dla nas zdrowie i dobra kondycja naszych ps\u00f3w.<\/p>\n<p>W hodowli zwracamy uwag\u0119 nie tylko na eksterier i cechy u\u017cytkowe ps\u00f3w, ale tak\u017ce na ich psychik\u0119 i zdrowie. Dopiero odpowiednie po\u0142\u0105czenie tych wszystkich sk\u0142adowych daje prawdziwego, zgodnego z wzorcem wy\u017c\u0142a w\u0119gierskiego. Z tego powodu jeste\u015bmy w stanie przejecha\u0107 setki kilometr\u00f3w do reproduktora, je\u015bli uwa\u017camy, \u017ce jest tego wart.<\/p>\n<p>Szczeni\u0119ta odchowujemy w domu, dzi\u0119ki czemu od pierwszych chwil maj\u0105 kontakt z lud\u017ami, reszt\u0105 psiego stada oraz domowymi odg\u0142osami. Dok\u0142adamy wszelkich stara\u0144 by by\u0142y zdrowe i dobrze zsocjalizowane, tak aby mog\u0142y by\u0107 p\u00f3\u017aniej dum\u0105 i rado\u015bci\u0105 swoich w\u0142a\u015bcicieli!<\/p>\n\n\t\t<\/div>\n\t<\/div>\n<\/div><\/div><\/div><\/div><div class=\"vc_row wpb_row vc_row-fluid\"><div class=\"wpb_column vc_column_container vc_col-sm-12\"><div class=\"vc_column-inner\"><div class=\"wpb_wrapper\">\n\t<div  class=\"wpb_single_image wpb_content_element vc_align_center\">\n\t\t\n\t\t<figure class=\"wpb_wrapper vc_figure\">\n\t\t\t<a data-rel=\"prettyPhoto[rel-2978-1543729805]\" href=\"https:\/\/pepperoniteam.pl\/wp-content\/uploads\/2019\/02\/DSC7221x-\u2014-1_bisF.jpg\" target=\"_self\" class=\"vc_single_image-wrapper   vc_box_border_grey prettyphoto\"><img class=\"vc_single_image-img\" src=\"https:\/\/pepperoniteam.pl\/wp-content\/uploads\/2019\/02\/DSC7221x-\u2014-1_bisF-700x467.jpg\" width=\"700\" height=\"467\" alt=\"_DSC7221x-\u2014-1_bisF\" title=\"_DSC7221x-\u2014-1_bisF\" \/><\/a>\n\t\t<\/figure>\n\t<\/div>\n<\/div><\/div><\/div><\/div>","protected":false},"excerpt":{"rendered":"O nas Wy\u017c\u0142y w\u0119gierskie zago\u015bci\u0142y w naszym domu 22 lata temu, ich hodowl\u0105 zajmujemy si\u0119 od 18 lat a od<a class=\"article-read-more\" href=\"https:\/\/pepperoniteam.pl\/en\/o-nas\/\"><i class=\"worldblogicon fa-angle-double-right\"><\/i><\/a>","protected":false},"author":1,"featured_media":0,"parent":0,"menu_order":0,"comment_status":"closed","ping_status":"closed","template":"","meta":[],"wps_subtitle":"","_links":{"self":[{"href":"https:\/\/pepperoniteam.pl\/en\/wp-json\/wp\/v2\/pages\/2978"}],"collection":[{"href":"https:\/\/pepperoniteam.pl\/en\/wp-json\/wp\/v2\/pages"}],"about":[{"href":"https:\/\/pepperoniteam.pl\/en\/wp-json\/wp\/v2\/types\/page"}],"author":[{"embeddable":true,"href":"https:\/\/pepperoniteam.pl\/en\/wp-json\/wp\/v2\/users\/1"}],"replies":[{"embeddable":true,"href":"https:\/\/pepperoniteam.pl\/en\/wp-json\/wp\/v2\/comments?post=2978"}],"version-history":[{"count":0,"href":"https:\/\/pepperoniteam.pl\/en\/wp-json\/wp\/v2\/pages\/2978\/revisions"}],"wp:attachment":[{"href":"https:\/\/pepperoniteam.pl\/en\/wp-json\/wp\/v2\/media?parent=2978"}],"curies":[{"name":"wp","href":"https:\/\/api.w.org\/{rel}","templated":true}]}}