{"id":2980,"date":"2018-10-14T15:13:34","date_gmt":"2018-10-14T14:13:34","guid":{"rendered":"http:\/\/pepperoniteam.pl\/pepperoni\/?page_id=2980"},"modified":"2022-04-22T20:49:00","modified_gmt":"2022-04-22T18:49:00","slug":"o-rasie","status":"publish","type":"page","link":"https:\/\/pepperoniteam.pl\/en\/o-rasie\/","title":{"rendered":"About breed"},"content":{"rendered":"<div class=\"vc_row wpb_row vc_row-fluid\"><div class=\"wpb_column vc_column_container vc_col-sm-12\"><div class=\"vc_column-inner\"><div class=\"wpb_wrapper\">\n\t<div class=\"wpb_text_column wpb_content_element  special1\" >\n\t\t<div class=\"wpb_wrapper\">\n\t\t\t<h1>About breed<\/h1>\n\n\t\t<\/div>\n\t<\/div>\n<\/div><\/div><\/div><\/div><div class=\"vc_row wpb_row vc_row-fluid\"><div class=\"wpb_column vc_column_container vc_col-sm-12\"><div class=\"vc_column-inner\"><div class=\"wpb_wrapper\">\n\t<div class=\"wpb_text_column wpb_content_element\" >\n\t\t<div class=\"wpb_wrapper\">\n\t\t\t<h1><span style=\"font-size: large; color: #ba5d2c;\"><b>HUNGARIAN SHORT-HAIRED POINTER (VIZSLA)<br \/>\n(R\u00f6vidsz\u00f6r\u00fc Magyar Vizsla)<\/b><\/span><\/h1>\n<p>Wy\u017c\u0142y w\u0119gierskie to psy \u015bredniej wielko\u015bci, o eleganckim wygl\u0105dzie i lekkiej budowie, ma\u015bci w odcieniach od rudego do piaskowo\u017c\u00f3\u0142tego.<\/p>\n<p>O ich pochodzeniu wiadomo niewiele. Najprawdopodobniej ich przodkowie przybyli do Basenu Karpackiego z koczowniczymi madziarskimi plemionami. Swoj\u0105 niezwyk\u0142\u0105 ma\u015b\u0107 zawdzi\u0119czaj\u0105 \u017c\u00f3\u0142temu tureckiemu psu my\u015bliwskiemu, kt\u00f3ry by\u0142 u\u017cyty przy tworzeniu rasy. Pierwsze wzmianki o vizsla, wraz z ilustracjami, mo\u017cna znale\u017a\u0107 w r\u0119kopisach z XIV wieku. Co ciekawe, w Polsce s\u0142owo \u201ewy\u017ce\u0142\u201d funkcjonuje od czas\u00f3w Stefana Batorego i pochodzi w\u0142a\u015bnie od w\u0119gierskiego vizsla! Nowoczesna hodowla tych ps\u00f3w zacz\u0119\u0142a si\u0119 od 1917r. Ustalono wtedy kryteria ich budowy oraz pracy. Rezultatem tych dzia\u0142a\u0144 by\u0142o uznanie w 1936 r. przez FCI wy\u017c\u0142a w\u0119gierskiego kr\u00f3tkow\u0142osego jako odr\u0119bnej rasy.<\/p>\n<p>Magyar vizsla to wszechstronny pies my\u015bliwski \u2013 doskonale sprawdza si\u0119 w polu, wodzie i lesie. G\u0142\u00f3wnie u\u017cywany jest do polowania na ba\u017canty, kuropatwy, ptactwo wodne oraz ma\u0142e ssaki, ale dobrze radzi sobie r\u00f3wnie\u017c w polowaniu na grub\u0105 zwierzyn\u0119. Charakteryzuje go du\u017ca pasja \u0142owiecka, szybkie chody, wytrzyma\u0142o\u015b\u0107, doskona\u0142y w\u0119ch, pewna st\u00f3jka, wrodzona sk\u0142onno\u015b\u0107 do pracy w wodzie, wyra\u017ana zdolno\u015b\u0107 do wyp\u0142aszania i aportowania zwierzyny oraz ci\u0119to\u015b\u0107 w stosunku do drapie\u017cnik\u00f3w. Znakomicie tropi na ciep\u0142ym tropie i po farbie. Jego charakterystyczn\u0105 cech\u0105 jest silne przywi\u0105zanie do w\u0142a\u015bciciela i ogromna ch\u0119\u0107 do wsp\u00f3\u0142pracy z nim.<\/p>\n<p>Pi\u0119kno i osobowo\u015b\u0107 tych ps\u00f3w sprawi\u0142y, \u017ce wzros\u0142a ich popularno\u015b\u0107 tak\u017ce jako ps\u00f3w do towarzystwa. Wy\u017c\u0142y w\u0119gierskie s\u0105 niezwykle \u017cywe, uczuciowe, otwarte i przyjazne. Odznaczaj\u0105 si\u0119 poj\u0119tno\u015bci\u0105, wyj\u0105tkowo dobr\u0105 pami\u0119ci\u0105, doskona\u0142\u0105 zdolno\u015bci\u0105 kojarzenia i ch\u0119ci\u0105 do nauki, co u\u0142atwia ich uk\u0142adanie. Nawet pocz\u0105tkuj\u0105cy w\u0142a\u015bciciel psa mo\u017ce odnie\u015b\u0107 sukces w szkoleniu, je\u017celi b\u0119dzie to robi\u0142 z cierpliwo\u015bci\u0105, konsekwencj\u0105 i mi\u0142o\u015bci\u0105. S\u0105 to psy wra\u017cliwe, dlatego nie nadaj\u0105 si\u0119 dla w\u0142a\u015bcicieli o \u201etwardej r\u0119ce\u201d. \u0179le traktowane staj\u0105 si\u0119 niepewne i trac\u0105 zapa\u0142 do pracy. Zdecydowanie lepiej sprawdza si\u0119 w ich przypadku dobre s\u0142owo i smako\u0142yk, ani\u017celi kara. Vizsla s\u0105 niezwykle rodzinne i towarzyskie, mo\u017cna powiedzie\u0107, \u017ce \u017cyj\u0105 dla swoich w\u0142a\u015bcicieli! Potrzebuj\u0105 mi\u0142o\u015bci i akceptacji, uwielbiaj\u0105 kontakt fizyczny, g\u0142askanie i przytulanie. Mimo swoich gabaryt\u00f3w potrafi\u0105 wchodzi\u0107 w\u0142a\u015bcicielom na kolana i ub\u00f3stwiaj\u0105 spa\u0107 w \u0142\u00f3\u017cku. Idealnie wyczuwaj\u0105 nastroje \u201eswojego cz\u0142owieka\u201d, pocieszaj\u0105 w chwilach smutku, prze\u017cywaj\u0105 rodzinne k\u0142\u00f3tnie. Bardzo \u0142atwo zaprzyja\u017aniaj\u0105 si\u0119 z lud\u017ami i kochaj\u0105 by\u0107 w centrum zainteresowania! Zdaj\u0105 si\u0119 my\u015ble\u0107, \u017ce ka\u017cdy obcy, kt\u00f3ry przychodzi do domu, przychodzi po to aby si\u0119 z nimi pobawi\u0107 i pog\u0142aska\u0107.<\/p>\n<p>Vizsla o prawid\u0142owym temperamencie jest dobrze usposobiony do wszystkich ludzi i ps\u00f3w. Ma to ogromne znaczenie poniewa\u017c na polowaniach musi pracowa\u0107 zar\u00f3wno z obcymi lud\u017ami jak i psami. Nie znaczy to oczywi\u015bcie, \u017ce nie b\u0119dzie pr\u00f3bowa\u0142 dochodzi\u0107 swojej pozycji w stadzie. Nie nale\u017cy go r\u00f3wnie\u017c lekcewa\u017cy\u0107 jako przeciwnika, gdy\u017c ma dobrze rozwini\u0119ty instynkt pilnowania i w razie potrzeby potrafi obroni\u0107 dom, pozostawione rzeczy czy w\u0142a\u015bciciela. Nerwowo\u015b\u0107 i l\u0119kliwo\u015b\u0107 s\u0105 bardzo powa\u017cn\u0105, dziedziczn\u0105 wad\u0105 charakteru, dlatego takie psy nie powinny by\u0107 u\u017cywane w hodowli.<\/p>\n<p>Wy\u017c\u0142y w\u0119gierskie, jako psy stworzone do pracy, maj\u0105 ogromn\u0105 potrzeb\u0119 ruchu. Tylko osoby aktywne, dysponuj\u0105ce wolnym czasem powinny rozwa\u017ca\u0107 zakup psa tej rasy. Kompletnie nie nadaj\u0105 si\u0119 na pupila dla os\u00f3b leniwych czy mocno zapracowanych. Potrzebuj\u0105 codziennie d\u0142ugich spacer\u00f3w z mo\u017cliwo\u015bci\u0105 swobodnego wybiegania si\u0119 (minimum 1,5 godziny \u2013 g\u00f3rna granica nie istnieje). Psy te posiadaj\u0105 niebywa\u0142\u0105 wytrzyma\u0142o\u015b\u0107 \u2013 s\u0105 w stanie zam\u0119czy\u0107 ka\u017cdego psa i cz\u0142owieka. Wydaje si\u0119, \u017ce nigdy nie maj\u0105 do\u015b\u0107 ruchu. Szczeg\u00f3lnie w m\u0142odym wieku ich d\u0105\u017cenie do aktywno\u015bci fizycznej jest bardzo du\u017ce i niezwykle wa\u017cne jest aby umo\u017cliwi\u0107 im codzienne wyszalenie si\u0119. Niewybieganie prowadzi do wewn\u0119trznego napi\u0119cia, kt\u00f3rego pies musi si\u0119 jako\u015b pozby\u0107. W takich przypadkach nie zawsze robi to w spos\u00f3b, z kt\u00f3rego b\u0119dzie zadowolony jego w\u0142a\u015bciciel np. demoluj\u0105c dom. Vizsla \u015bwietnie spisuj\u0105 si\u0119 w konkursach pos\u0142usze\u0144stwa oraz na torach agility, jednak najszcz\u0119\u015bliwsze s\u0105 wtedy, kiedy mog\u0105 pracowa\u0107 zgodnie ze swoim przeznaczeniem. Niekoniecznie trzeba z nimi polowa\u0107, ale dobrze jest umo\u017cliwi\u0107 im rozw\u00f3j swojej pasji zabieraj\u0105c je na spacery w miejsca obfituj\u0105ce w zwierzyn\u0119.<\/p>\n<p>W\u0119gry s\u0105 urodzonymi aporterami. Lubi\u0105 nosi\u0107 r\u00f3\u017cne przedmioty. Na powitanie przynosz\u0105 cokolwiek co jest w zasi\u0119gu ich pyska np. kapcie, zabawki. Maj\u0105 sk\u0142onno\u015b\u0107 do \u0142apania za r\u0119ce, co mo\u017ce by\u0107 odstraszaj\u0105ce dla nieprzygotowanych na to os\u00f3b, lecz jest gestem przyja\u017ani a nie pr\u00f3b\u0105 ugryzienia. Bardzo lubi\u0105 te\u017c d\u017awi\u0119k w\u0142asnych g\u0142os\u00f3w, nie s\u0105 szczekliwe ale wydaj\u0105 ca\u0142\u0105 gam\u0119 innych d\u017awi\u0119k\u00f3w.<\/p>\n<p>Nie wymagaj\u0105 \u017cadnej szczeg\u00f3lnej piel\u0119gnacji. Wystarczy raz na jaki\u015b czas porz\u0105dne wyczesanie martwej okrywy w\u0142osowej gumow\u0105 rekawic\u0105 lub zgrzeb\u0142em. Nale\u017cy tak\u017ce kontrolowa\u0107 uszy i pazury.<\/p>\n<p>Wy\u017c\u0142y w\u0119gierskie bardzo dobrze radz\u0105 sobie z trudnymi warunkami atmosferycznymi, szczeg\u00f3lnie z wysokimi temperaturami. Osobniki mieszkaj\u0105ce ca\u0142y rok w kojcu nie maj\u0105 problem\u00f3w z odporno\u015bci\u0105 na niskie temperatury, jednak sporo ps\u00f3w mieszkaj\u0105cych w domu marznie przy wi\u0119kszych mrozach.<\/p>\n<p>Nie jest wa\u017cne czy w\u0119gier mieszka w domu czy w bloku. Je\u015bli pies jest codziennie wybiegany, metra\u017c nie ma wi\u0119kszego znaczenia. Niejednokrotnie psy mieszkaj\u0105ce w bloku s\u0105 szcz\u0119\u015bliwsze i bardziej wybiegane od ps\u00f3w, kt\u00f3re mieszkaj\u0105 w domu z ogrodem, poniewa\u017c w\u0142a\u015bciciele cz\u0119sto zapominaj\u0105 o tym, \u017ce ogr\u00f3d nigdy nie zast\u0105pi psu codziennych d\u0142ugich spacer\u00f3w.<\/p>\n<p>Wy\u017c\u0142y w\u0119gierskie s\u0105 og\u00f3lnie zdrow\u0105 ras\u0105. \u015arednia d\u0142ugo\u015b\u0107 ich \u017cycia to 11-13 lat, ale nierzadko do\u017cywaj\u0105 15-tu. Do\u015b\u0107 cz\u0119ste s\u0105 u nich choroby o tle immunologicznym, szczeg\u00f3lnie alergie pokarmowe i kontaktowe, objawiaj\u0105ce si\u0119 problemami sk\u00f3rnymi. Innym pojawiaj\u0105cym si\u0119 problemem jest dysplazja stawu biodrowego oraz choroby uszu (charakterystyczne dla ps\u00f3w z obwis\u0142ymi uszami). Rzadkim, ale powa\u017cnym schorzeniem u vizsla mo\u017ce by\u0107 padaczka.<\/p>\n<h4>Ma\u0142gorzata Janiec<br \/>\nhodowla &#8220;Pepperoni Team&#8221;<\/h4>\n\n\t\t<\/div>\n\t<\/div>\n<\/div><\/div><\/div><\/div>","protected":false},"excerpt":{"rendered":"O rasie WY\u017bE\u0141 W\u0118GIERSKI KR\u00d3TKOW\u0141OSY (R\u00f6vidsz\u00f6r\u00fc Magyar Vizsla) Wy\u017c\u0142y w\u0119gierskie to psy \u015bredniej wielko\u015bci, o eleganckim wygl\u0105dzie i lekkiej budowie,<a class=\"article-read-more\" href=\"https:\/\/pepperoniteam.pl\/en\/o-rasie\/\"><i class=\"worldblogicon fa-angle-double-right\"><\/i><\/a>","protected":false},"author":1,"featured_media":0,"parent":0,"menu_order":0,"comment_status":"closed","ping_status":"closed","template":"","meta":[],"wps_subtitle":"","_links":{"self":[{"href":"https:\/\/pepperoniteam.pl\/en\/wp-json\/wp\/v2\/pages\/2980"}],"collection":[{"href":"https:\/\/pepperoniteam.pl\/en\/wp-json\/wp\/v2\/pages"}],"about":[{"href":"https:\/\/pepperoniteam.pl\/en\/wp-json\/wp\/v2\/types\/page"}],"author":[{"embeddable":true,"href":"https:\/\/pepperoniteam.pl\/en\/wp-json\/wp\/v2\/users\/1"}],"replies":[{"embeddable":true,"href":"https:\/\/pepperoniteam.pl\/en\/wp-json\/wp\/v2\/comments?post=2980"}],"version-history":[{"count":0,"href":"https:\/\/pepperoniteam.pl\/en\/wp-json\/wp\/v2\/pages\/2980\/revisions"}],"wp:attachment":[{"href":"https:\/\/pepperoniteam.pl\/en\/wp-json\/wp\/v2\/media?parent=2980"}],"curies":[{"name":"wp","href":"https:\/\/api.w.org\/{rel}","templated":true}]}}