{"id":3143,"date":"2018-10-18T14:28:53","date_gmt":"2018-10-18T13:28:53","guid":{"rendered":"http:\/\/pepperoniteam.pl\/pepperoni\/?page_id=3143"},"modified":"2024-09-04T22:38:25","modified_gmt":"2024-09-04T20:38:25","slug":"kontakt","status":"publish","type":"page","link":"https:\/\/pepperoniteam.pl\/en\/kontakt\/","title":{"rendered":"Contact"},"content":{"rendered":"<div class=\"vc_row wpb_row vc_row-fluid\"><div class=\"wpb_column vc_column_container vc_col-sm-6\"><div class=\"vc_column-inner\"><div class=\"wpb_wrapper\">\n\t<div  class=\"wpb_single_image wpb_content_element vc_align_center\">\n\t\t\n\t\t<figure class=\"wpb_wrapper vc_figure\">\n\t\t\t<div class=\"vc_single_image-wrapper   vc_box_border_grey\"><img class=\"vc_single_image-img\" src=\"https:\/\/pepperoniteam.pl\/wp-content\/uploads\/2019\/01\/DSC7221x-\u2014-1_bisF-400x455.jpg\" width=\"400\" height=\"455\" alt=\"_DSC7221x-\u2014-1_bisF\" title=\"_DSC7221x-\u2014-1_bisF\" \/><\/div>\n\t\t<\/figure>\n\t<\/div>\n<\/div><\/div><\/div><div class=\"wpb_column vc_column_container vc_col-sm-6\"><div class=\"vc_column-inner\"><div class=\"wpb_wrapper\">\n\t<div class=\"wpb_text_column wpb_content_element\" >\n\t\t<div class=\"wpb_wrapper\">\n\t\t\t<p>&nbsp;<\/p>\n<p>&nbsp;<\/p>\n<p style=\"text-align: center;\"><span style=\"font-size: 14pt;\"><strong><span style=\"color: #d47e06;\">Ma\u0142gorzata Janiec<\/span><\/strong><\/span><br \/>\n<span style=\"font-size: 12pt;\">POLAND\n- J\u00f3zefos\u0142aw near Warsaw<\/span><br \/>\n<span style=\"font-size: 12pt;\">mobile. +48 505 047 232<\/span><br \/>\n<span style=\"font-size: 12pt;\">gosia@pepperoniteam.pl<\/span><\/p>\n\n\t\t<\/div>\n\t<\/div>\n<\/div><\/div><\/div><\/div>","protected":false},"excerpt":{"rendered":"&nbsp; &nbsp; Ma\u0142gorzata Janiec J\u00f3zefos\u0142aw k.Warszawy tel. 505 047 232 gosia@pepperoniteam.pl","protected":false},"author":1,"featured_media":0,"parent":0,"menu_order":0,"comment_status":"closed","ping_status":"closed","template":"","meta":[],"wps_subtitle":"","_links":{"self":[{"href":"https:\/\/pepperoniteam.pl\/en\/wp-json\/wp\/v2\/pages\/3143"}],"collection":[{"href":"https:\/\/pepperoniteam.pl\/en\/wp-json\/wp\/v2\/pages"}],"about":[{"href":"https:\/\/pepperoniteam.pl\/en\/wp-json\/wp\/v2\/types\/page"}],"author":[{"embeddable":true,"href":"https:\/\/pepperoniteam.pl\/en\/wp-json\/wp\/v2\/users\/1"}],"replies":[{"embeddable":true,"href":"https:\/\/pepperoniteam.pl\/en\/wp-json\/wp\/v2\/comments?post=3143"}],"version-history":[{"count":0,"href":"https:\/\/pepperoniteam.pl\/en\/wp-json\/wp\/v2\/pages\/3143\/revisions"}],"wp:attachment":[{"href":"https:\/\/pepperoniteam.pl\/en\/wp-json\/wp\/v2\/media?parent=3143"}],"curies":[{"name":"wp","href":"https:\/\/api.w.org\/{rel}","templated":true}]}}