{"id":3318,"date":"2018-11-03T13:13:47","date_gmt":"2018-11-03T12:13:47","guid":{"rendered":"http:\/\/pepperoniteam.pl\/pepperoni\/?page_id=3318"},"modified":"2022-04-20T12:41:57","modified_gmt":"2022-04-20T10:41:57","slug":"galeria","status":"publish","type":"page","link":"https:\/\/pepperoniteam.pl\/en\/galeria\/","title":{"rendered":"Galleries"},"content":{"rendered":"<div class=\"vc_row wpb_row vc_row-fluid\"><div class=\"wpb_column vc_column_container vc_col-sm-12\"><div class=\"vc_column-inner\"><div class=\"wpb_wrapper\">\n\t<div class=\"wpb_text_column wpb_content_element\" >\n\t\t<div class=\"wpb_wrapper\">\n\t\t\t<h1 style=\"text-align: center;\">Galleries<\/h1>\n\n\t\t<\/div>\n\t<\/div>\n<\/div><\/div><\/div><\/div><div class=\"vc_row wpb_row vc_row-fluid\"><div class=\"wpb_column vc_column_container vc_col-sm-4\"><div class=\"vc_column-inner\"><div class=\"wpb_wrapper\">\n\t<div  class=\"wpb_single_image wpb_content_element vc_align_center  wpb_animate_when_almost_visible wpb_fadeInLeft fadeInLeft\">\n\t\t\n\t\t<figure class=\"wpb_wrapper vc_figure\">\n\t\t\t<a href=\"http:\/\/pepperoniteam.pl\/en\/pepperoni\/wystawy-galeria\/\" target=\"_self\" class=\"vc_single_image-wrapper   vc_box_border_grey\"><img width=\"800\" height=\"533\" src=\"https:\/\/pepperoniteam.pl\/wp-content\/uploads\/2018\/12\/19575375_1829804353703094_1201811018681148731_o.jpg\" class=\"vc_single_image-img attachment-full\" alt=\"\" loading=\"lazy\" srcset=\"https:\/\/pepperoniteam.pl\/wp-content\/uploads\/2018\/12\/19575375_1829804353703094_1201811018681148731_o.jpg 800w, https:\/\/pepperoniteam.pl\/wp-content\/uploads\/2018\/12\/19575375_1829804353703094_1201811018681148731_o-300x200.jpg 300w, https:\/\/pepperoniteam.pl\/wp-content\/uploads\/2018\/12\/19575375_1829804353703094_1201811018681148731_o-768x512.jpg 768w, https:\/\/pepperoniteam.pl\/wp-content\/uploads\/2018\/12\/19575375_1829804353703094_1201811018681148731_o-420x280.jpg 420w, https:\/\/pepperoniteam.pl\/wp-content\/uploads\/2018\/12\/19575375_1829804353703094_1201811018681148731_o-690x460.jpg 690w, https:\/\/pepperoniteam.pl\/wp-content\/uploads\/2018\/12\/19575375_1829804353703094_1201811018681148731_o-500x333.jpg 500w\" sizes=\"(max-width: 800px) 100vw, 800px\" \/><\/a>\n\t\t<\/figure>\n\t<\/div>\n\n\t<div class=\"wpb_text_column wpb_content_element\" >\n\t\t<div class=\"wpb_wrapper\">\n\t\t\t<h4 style=\"text-align: center;\">SHOWS<\/h4>\n\n\t\t<\/div>\n\t<\/div>\n<\/div><\/div><\/div><div class=\"wpb_column vc_column_container vc_col-sm-4\"><div class=\"vc_column-inner\"><div class=\"wpb_wrapper\">\n\t<div  class=\"wpb_single_image wpb_content_element vc_align_center  wpb_animate_when_almost_visible wpb_fadeInDown fadeInDown\">\n\t\t\n\t\t<figure class=\"wpb_wrapper vc_figure\">\n\t\t\t<a href=\"http:\/\/pepperoniteam.pl\/en\/pepperoni\/konkursy-galeria\/\" target=\"_self\" class=\"vc_single_image-wrapper   vc_box_border_grey\"><img width=\"800\" height=\"533\" src=\"https:\/\/pepperoniteam.pl\/wp-content\/uploads\/2017\/10\/22289893_1958401907510004_2796792873905231928_o.jpg\" class=\"vc_single_image-img attachment-full\" alt=\"\" loading=\"lazy\" srcset=\"https:\/\/pepperoniteam.pl\/wp-content\/uploads\/2017\/10\/22289893_1958401907510004_2796792873905231928_o.jpg 800w, https:\/\/pepperoniteam.pl\/wp-content\/uploads\/2017\/10\/22289893_1958401907510004_2796792873905231928_o-300x200.jpg 300w, https:\/\/pepperoniteam.pl\/wp-content\/uploads\/2017\/10\/22289893_1958401907510004_2796792873905231928_o-768x512.jpg 768w, https:\/\/pepperoniteam.pl\/wp-content\/uploads\/2017\/10\/22289893_1958401907510004_2796792873905231928_o-420x280.jpg 420w, https:\/\/pepperoniteam.pl\/wp-content\/uploads\/2017\/10\/22289893_1958401907510004_2796792873905231928_o-690x460.jpg 690w, https:\/\/pepperoniteam.pl\/wp-content\/uploads\/2017\/10\/22289893_1958401907510004_2796792873905231928_o-500x333.jpg 500w\" sizes=\"(max-width: 800px) 100vw, 800px\" \/><\/a>\n\t\t<\/figure>\n\t<\/div>\n\n\t<div class=\"wpb_text_column wpb_content_element\" >\n\t\t<div class=\"wpb_wrapper\">\n\t\t\t<h4 style=\"text-align: center;\">CONTESTS<\/h4>\n\n\t\t<\/div>\n\t<\/div>\n<\/div><\/div><\/div><div class=\"wpb_column vc_column_container vc_col-sm-4\"><div class=\"vc_column-inner\"><div class=\"wpb_wrapper\">\n\t<div  class=\"wpb_single_image wpb_content_element vc_align_center  wpb_animate_when_almost_visible wpb_fadeInRight fadeInRight\">\n\t\t\n\t\t<figure class=\"wpb_wrapper vc_figure\">\n\t\t\t<a href=\"http:\/\/pepperoniteam.pl\/en\/pepperoni\/uzytkowosc-galeria\/\" target=\"_self\" class=\"vc_single_image-wrapper   vc_box_border_grey\"><img width=\"547\" height=\"364\" src=\"https:\/\/pepperoniteam.pl\/wp-content\/uploads\/2019\/01\/IMG_4064a.jpg\" class=\"vc_single_image-img attachment-full\" alt=\"\" loading=\"lazy\" srcset=\"https:\/\/pepperoniteam.pl\/wp-content\/uploads\/2019\/01\/IMG_4064a.jpg 547w, https:\/\/pepperoniteam.pl\/wp-content\/uploads\/2019\/01\/IMG_4064a-300x200.jpg 300w, https:\/\/pepperoniteam.pl\/wp-content\/uploads\/2019\/01\/IMG_4064a-420x280.jpg 420w, https:\/\/pepperoniteam.pl\/wp-content\/uploads\/2019\/01\/IMG_4064a-500x333.jpg 500w\" sizes=\"(max-width: 547px) 100vw, 547px\" \/><\/a>\n\t\t<\/figure>\n\t<\/div>\n\n\t<div class=\"wpb_text_column wpb_content_element\" >\n\t\t<div class=\"wpb_wrapper\">\n\t\t\t<h4 style=\"text-align: center;\">HUNTING<\/h4>\n\n\t\t<\/div>\n\t<\/div>\n<\/div><\/div><\/div><\/div><div class=\"vc_row wpb_row vc_row-fluid\"><div class=\"wpb_column vc_column_container vc_col-sm-4\"><div class=\"vc_column-inner\"><div class=\"wpb_wrapper\">\n\t<div  class=\"wpb_single_image wpb_content_element vc_align_center  wpb_animate_when_almost_visible wpb_fadeInLeft fadeInLeft\">\n\t\t\n\t\t<figure class=\"wpb_wrapper vc_figure\">\n\t\t\t<a href=\"http:\/\/pepperoniteam.pl\/en\/pepperoni\/psy-galeria\/\" target=\"_self\" class=\"vc_single_image-wrapper   vc_box_border_grey\"><img width=\"800\" height=\"533\" src=\"https:\/\/pepperoniteam.pl\/wp-content\/uploads\/2019\/01\/17632363_1697967883553409_1176914818228611916_o.jpg\" class=\"vc_single_image-img attachment-full\" alt=\"\" loading=\"lazy\" srcset=\"https:\/\/pepperoniteam.pl\/wp-content\/uploads\/2019\/01\/17632363_1697967883553409_1176914818228611916_o.jpg 800w, https:\/\/pepperoniteam.pl\/wp-content\/uploads\/2019\/01\/17632363_1697967883553409_1176914818228611916_o-300x200.jpg 300w, https:\/\/pepperoniteam.pl\/wp-content\/uploads\/2019\/01\/17632363_1697967883553409_1176914818228611916_o-768x512.jpg 768w, https:\/\/pepperoniteam.pl\/wp-content\/uploads\/2019\/01\/17632363_1697967883553409_1176914818228611916_o-420x280.jpg 420w, https:\/\/pepperoniteam.pl\/wp-content\/uploads\/2019\/01\/17632363_1697967883553409_1176914818228611916_o-690x460.jpg 690w, https:\/\/pepperoniteam.pl\/wp-content\/uploads\/2019\/01\/17632363_1697967883553409_1176914818228611916_o-500x333.jpg 500w\" sizes=\"(max-width: 800px) 100vw, 800px\" \/><\/a>\n\t\t<\/figure>\n\t<\/div>\n\n\t<div class=\"wpb_text_column wpb_content_element\" >\n\t\t<div class=\"wpb_wrapper\">\n\t\t\t<h4 style=\"text-align: center;\">PEPPERONI TEAM FAMILY<\/h4>\n\n\t\t<\/div>\n\t<\/div>\n<\/div><\/div><\/div><div class=\"wpb_column vc_column_container vc_col-sm-4\"><div class=\"vc_column-inner\"><div class=\"wpb_wrapper\">\n\t<div  class=\"wpb_single_image wpb_content_element vc_align_center  wpb_animate_when_almost_visible wpb_fadeInUp fadeInUp\">\n\t\t\n\t\t<figure class=\"wpb_wrapper vc_figure\">\n\t\t\t<a href=\"http:\/\/pepperoniteam.pl\/en\/pepperoni\/szczenieta-galeria\/\" target=\"_self\" class=\"vc_single_image-wrapper   vc_box_border_grey\"><img width=\"800\" height=\"533\" src=\"https:\/\/pepperoniteam.pl\/wp-content\/uploads\/2019\/01\/37841005_2365887290094795_8801903769362104320_o.jpg\" class=\"vc_single_image-img attachment-full\" alt=\"\" loading=\"lazy\" srcset=\"https:\/\/pepperoniteam.pl\/wp-content\/uploads\/2019\/01\/37841005_2365887290094795_8801903769362104320_o.jpg 800w, https:\/\/pepperoniteam.pl\/wp-content\/uploads\/2019\/01\/37841005_2365887290094795_8801903769362104320_o-300x200.jpg 300w, https:\/\/pepperoniteam.pl\/wp-content\/uploads\/2019\/01\/37841005_2365887290094795_8801903769362104320_o-768x512.jpg 768w, https:\/\/pepperoniteam.pl\/wp-content\/uploads\/2019\/01\/37841005_2365887290094795_8801903769362104320_o-420x280.jpg 420w, https:\/\/pepperoniteam.pl\/wp-content\/uploads\/2019\/01\/37841005_2365887290094795_8801903769362104320_o-690x460.jpg 690w, https:\/\/pepperoniteam.pl\/wp-content\/uploads\/2019\/01\/37841005_2365887290094795_8801903769362104320_o-500x333.jpg 500w\" sizes=\"(max-width: 800px) 100vw, 800px\" \/><\/a>\n\t\t<\/figure>\n\t<\/div>\n\n\t<div class=\"wpb_text_column wpb_content_element\" >\n\t\t<div class=\"wpb_wrapper\">\n\t\t\t<h4 style=\"text-align: center;\">PUPPIES<\/h4>\n\n\t\t<\/div>\n\t<\/div>\n<\/div><\/div><\/div><div class=\"wpb_column vc_column_container vc_col-sm-4\"><div class=\"vc_column-inner\"><div class=\"wpb_wrapper\">\n\t<div  class=\"wpb_single_image wpb_content_element vc_align_center  wpb_animate_when_almost_visible wpb_fadeInRight fadeInRight\">\n\t\t\n\t\t<figure class=\"wpb_wrapper vc_figure\">\n\t\t\t<a href=\"http:\/\/pepperoniteam.pl\/en\/pepperoni\/rozne-galeria\/\" target=\"_self\" class=\"vc_single_image-wrapper   vc_box_border_grey\"><img width=\"2048\" height=\"1367\" src=\"https:\/\/pepperoniteam.pl\/wp-content\/uploads\/2018\/10\/bell3.jpg\" class=\"vc_single_image-img attachment-full\" alt=\"\" loading=\"lazy\" srcset=\"https:\/\/pepperoniteam.pl\/wp-content\/uploads\/2018\/10\/bell3.jpg 2048w, https:\/\/pepperoniteam.pl\/wp-content\/uploads\/2018\/10\/bell3-300x200.jpg 300w, https:\/\/pepperoniteam.pl\/wp-content\/uploads\/2018\/10\/bell3-768x513.jpg 768w, https:\/\/pepperoniteam.pl\/wp-content\/uploads\/2018\/10\/bell3-1024x684.jpg 1024w, https:\/\/pepperoniteam.pl\/wp-content\/uploads\/2018\/10\/bell3-1200x800.jpg 1200w, https:\/\/pepperoniteam.pl\/wp-content\/uploads\/2018\/10\/bell3-500x334.jpg 500w, https:\/\/pepperoniteam.pl\/wp-content\/uploads\/2018\/10\/bell3-1000x667.jpg 1000w, https:\/\/pepperoniteam.pl\/wp-content\/uploads\/2018\/10\/bell3-800x534.jpg 800w\" sizes=\"(max-width: 2048px) 100vw, 2048px\" \/><\/a>\n\t\t<\/figure>\n\t<\/div>\n\n\t<div class=\"wpb_text_column wpb_content_element\" >\n\t\t<div class=\"wpb_wrapper\">\n\t\t\t<h4 style=\"text-align: center;\">MIX<\/h4>\n\n\t\t<\/div>\n\t<\/div>\n<\/div><\/div><\/div><\/div>","protected":false},"excerpt":{"rendered":"Galerie WYSTAWY KONKURSY U\u017bYTKOWO\u015a\u0106 RODZINA PEPPERONI TEAM SZCZENI\u0118TA R\u00d3\u017bNE","protected":false},"author":1,"featured_media":0,"parent":0,"menu_order":0,"comment_status":"closed","ping_status":"closed","template":"","meta":[],"wps_subtitle":"","_links":{"self":[{"href":"https:\/\/pepperoniteam.pl\/en\/wp-json\/wp\/v2\/pages\/3318"}],"collection":[{"href":"https:\/\/pepperoniteam.pl\/en\/wp-json\/wp\/v2\/pages"}],"about":[{"href":"https:\/\/pepperoniteam.pl\/en\/wp-json\/wp\/v2\/types\/page"}],"author":[{"embeddable":true,"href":"https:\/\/pepperoniteam.pl\/en\/wp-json\/wp\/v2\/users\/1"}],"replies":[{"embeddable":true,"href":"https:\/\/pepperoniteam.pl\/en\/wp-json\/wp\/v2\/comments?post=3318"}],"version-history":[{"count":0,"href":"https:\/\/pepperoniteam.pl\/en\/wp-json\/wp\/v2\/pages\/3318\/revisions"}],"wp:attachment":[{"href":"https:\/\/pepperoniteam.pl\/en\/wp-json\/wp\/v2\/media?parent=3318"}],"curies":[{"name":"wp","href":"https:\/\/api.w.org\/{rel}","templated":true}]}}