{"id":4962,"date":"2018-12-26T22:12:43","date_gmt":"2018-12-26T21:12:43","guid":{"rendered":"http:\/\/pepperoniteam.pl\/pepperoni\/?page_id=4962"},"modified":"2023-08-08T22:12:11","modified_gmt":"2023-08-08T20:12:11","slug":"bell","status":"publish","type":"page","link":"https:\/\/pepperoniteam.pl\/en\/bell\/","title":{"rendered":"Bell"},"content":{"rendered":"<div class=\"vc_row wpb_row vc_row-fluid\"><div class=\"wpb_column vc_column_container vc_col-sm-12\"><div class=\"vc_column-inner\"><div class=\"wpb_wrapper\">\n\t<div class=\"wpb_text_column wpb_content_element  wpb_animate_when_almost_visible wpb_fadeInDown fadeInDown vc_custom_1546170713483 special1\" >\n\t\t<div class=\"wpb_wrapper\">\n\t\t\t<h1>Bell Pepperoni Team &#8220;Lara&#8221;<\/h1>\n\n\t\t<\/div>\n\t<\/div>\n\n\t<div class=\"wpb_text_column wpb_content_element\" >\n\t\t<div class=\"wpb_wrapper\">\n\t\t\t<p><i class=\"fa fa-calendar\" ><\/i> DOB 18.03.2016<br \/>\n<i class=\"fa fa-id-card-o\" ><\/i> <span style=\"color: #808080;\"><a style=\"color: #808080;\" href=\"http:\/\/www.vizsladatabase.com\/details.php?id=169101\">Pedigree<\/a><\/span><\/p>\n<p>( IntCh. Aranyvad\u00e1sz Nimr\u00f3d x IntCh. Piri-Piri Pepperoni Team )<\/p>\n\n\t\t<\/div>\n\t<\/div>\n<\/div><\/div><\/div><\/div><div class=\"vc_row wpb_row vc_row-fluid\"><div class=\"wpb_column vc_column_container vc_col-sm-12\"><div class=\"vc_column-inner\"><div class=\"wpb_wrapper\">\n\t<div  class=\"wpb_single_image wpb_content_element vc_align_left  wpb_animate_when_almost_visible wpb_rotateInUpLeft rotateInUpLeft\">\n\t\t\n\t\t<figure class=\"wpb_wrapper vc_figure\">\n\t\t\t<a data-rel=\"prettyPhoto[rel-4962-737537406]\" href=\"https:\/\/pepperoniteam.pl\/wp-content\/uploads\/2018\/12\/lara11.jpg\" target=\"_self\" class=\"vc_single_image-wrapper vc_box_border  vc_box_border_grey prettyphoto\"><img class=\"vc_single_image-img\" src=\"https:\/\/pepperoniteam.pl\/wp-content\/uploads\/2018\/12\/lara11-450x300.jpg\" width=\"450\" height=\"300\" alt=\"lara11\" title=\"lara11\" \/><\/a>\n\t\t<\/figure>\n\t<\/div>\n<\/div><\/div><\/div><\/div><div class=\"vc_row wpb_row vc_row-fluid\"><div class=\"wpb_column vc_column_container vc_col-sm-12\"><div class=\"vc_column-inner\"><div class=\"wpb_wrapper\">\n\t<div class=\"wpb_text_column wpb_content_element\" >\n\t\t<div class=\"wpb_wrapper\">\n\t\t\t<p style=\"text-align: left;\"><i class=\"fa fa-trophy\" ><\/i> <b>Junior Champion of Poland<br \/>\n<\/b><i class=\"fa fa-trophy\" ><\/i> <b>Champion of Poland<br \/>\n<\/b><i class=\"fa fa-trophy\" ><\/i>\u00a0<b>Champion of Lithuania<br \/>\n<\/b><\/p>\n<p><strong>Shows<br \/>\n<\/strong>BEST IN SHOW III Working Dogs<br \/>\n2 x CACIB<br \/>\nresCACIB<br \/>\n2 x BOS<br \/>\n10 x CAC<br \/>\n3 x jCAC<\/p>\n<p><strong>Working<br \/>\n<\/strong>Hunting Test - I degree diploma (100\/100 points), 2 prize<br \/>\nMultilateral Competition - I degree diploma<br \/>\nField Competition - I degree diploma<br \/>\nField Trials \u2013 I degree diploma<br \/>\nPodzimni Zkou\u0161ky (CZ) \u2013 III degree diploma<br \/>\nField Competition - II degree diploma, 3\/15 prize<br \/>\nField Competition - I degree diploma, max points, \u00a0<strong>1\/10 prize<\/strong>, <strong>CACT<br \/>\n<\/strong>International Field Trials - I degree diploma, 3 prize<\/p>\n<p>Working Class Certificate<br \/>\nworking dog<\/p>\n<p><strong>Health<br \/>\n<\/strong>HD &#8211; A; ED 0<br \/>\neyes clear (with certificate)<br \/>\nheart clear (with certificate)<br \/>\nL\/L (free of long hair gene)<\/p>\n\n\t\t<\/div>\n\t<\/div>\n<\/div><\/div><\/div><\/div><div class=\"vc_row wpb_row vc_row-fluid\"><div class=\"wpb_column vc_column_container vc_col-sm-12\"><div class=\"vc_column-inner\"><div class=\"wpb_wrapper\"><div class=\"wpb_gallery wpb_content_element vc_clearfix\" ><div class=\"wpb_wrapper\"><div class=\"wpb_gallery_slides wpb_image_grid\" data-interval=\"3\"><ul class=\"wpb_image_grid_ul\"><li class=\"isotope-item\"><a class=\"prettyphoto\" href=\"https:\/\/pepperoniteam.pl\/wp-content\/uploads\/2018\/12\/13147872_1332854033398131_569409901783365780_o.jpg\" data-rel=\"prettyPhoto[rel-4962-57553564]\"><img class=\"\" src=\"https:\/\/pepperoniteam.pl\/wp-content\/uploads\/2018\/12\/13147872_1332854033398131_569409901783365780_o-165x165.jpg\" width=\"165\" height=\"165\" alt=\"13147872_1332854033398131_569409901783365780_o\" title=\"13147872_1332854033398131_569409901783365780_o\" \/><\/a><\/li><li class=\"isotope-item\"><a class=\"prettyphoto\" href=\"https:\/\/pepperoniteam.pl\/wp-content\/uploads\/2018\/12\/13119817_1332854046731463_211766483666434538_o.jpg\" data-rel=\"prettyPhoto[rel-4962-57553564]\"><img class=\"\" src=\"https:\/\/pepperoniteam.pl\/wp-content\/uploads\/2018\/12\/13119817_1332854046731463_211766483666434538_o-165x165.jpg\" width=\"165\" height=\"165\" alt=\"13119817_1332854046731463_211766483666434538_o\" title=\"13119817_1332854046731463_211766483666434538_o\" \/><\/a><\/li><li class=\"isotope-item\"><a class=\"prettyphoto\" href=\"https:\/\/pepperoniteam.pl\/wp-content\/uploads\/2018\/12\/22496031_1965819520101576_932905456398468913_o.jpg\" data-rel=\"prettyPhoto[rel-4962-57553564]\"><img class=\"\" src=\"https:\/\/pepperoniteam.pl\/wp-content\/uploads\/2018\/12\/22496031_1965819520101576_932905456398468913_o-165x165.jpg\" width=\"165\" height=\"165\" alt=\"22496031_1965819520101576_932905456398468913_o\" title=\"22496031_1965819520101576_932905456398468913_o\" \/><\/a><\/li><li class=\"isotope-item\"><a class=\"prettyphoto\" href=\"https:\/\/pepperoniteam.pl\/wp-content\/uploads\/2018\/12\/lara11.jpg\" data-rel=\"prettyPhoto[rel-4962-57553564]\"><img class=\"\" src=\"https:\/\/pepperoniteam.pl\/wp-content\/uploads\/2018\/12\/lara11-165x165.jpg\" width=\"165\" height=\"165\" alt=\"lara11\" title=\"lara11\" \/><\/a><\/li><li class=\"isotope-item\"><a class=\"prettyphoto\" href=\"https:\/\/pepperoniteam.pl\/wp-content\/uploads\/2018\/12\/19575375_1829804353703094_1201811018681148731_o.jpg\" data-rel=\"prettyPhoto[rel-4962-57553564]\"><img class=\"\" src=\"https:\/\/pepperoniteam.pl\/wp-content\/uploads\/2018\/12\/19575375_1829804353703094_1201811018681148731_o-165x165.jpg\" width=\"165\" height=\"165\" alt=\"Lara3\" title=\"Lara3\" \/><\/a><\/li><li class=\"isotope-item\"><a class=\"prettyphoto\" href=\"https:\/\/pepperoniteam.pl\/wp-content\/uploads\/2018\/12\/28954007_2187199447963581_4456332950095356855_o.jpg\" data-rel=\"prettyPhoto[rel-4962-57553564]\"><img class=\"\" src=\"https:\/\/pepperoniteam.pl\/wp-content\/uploads\/2018\/12\/28954007_2187199447963581_4456332950095356855_o-165x165.jpg\" width=\"165\" height=\"165\" alt=\"28954007_2187199447963581_4456332950095356855_o\" title=\"28954007_2187199447963581_4456332950095356855_o\" \/><\/a><\/li><li class=\"isotope-item\"><a class=\"prettyphoto\" href=\"https:\/\/pepperoniteam.pl\/wp-content\/uploads\/2018\/12\/20506915_1870165699666959_1672195695904387013_o.jpg\" data-rel=\"prettyPhoto[rel-4962-57553564]\"><img class=\"\" src=\"https:\/\/pepperoniteam.pl\/wp-content\/uploads\/2018\/12\/20506915_1870165699666959_1672195695904387013_o-165x165.jpg\" width=\"165\" height=\"165\" alt=\"20506915_1870165699666959_1672195695904387013_o\" title=\"20506915_1870165699666959_1672195695904387013_o\" \/><\/a><\/li><li class=\"isotope-item\"><a class=\"prettyphoto\" href=\"https:\/\/pepperoniteam.pl\/wp-content\/uploads\/2018\/12\/27540797_2126638817352978_4219533748148295662_n.jpg\" data-rel=\"prettyPhoto[rel-4962-57553564]\"><img class=\"\" src=\"https:\/\/pepperoniteam.pl\/wp-content\/uploads\/2018\/12\/27540797_2126638817352978_4219533748148295662_n-165x165.jpg\" width=\"165\" height=\"165\" alt=\"27540797_2126638817352978_4219533748148295662_n\" title=\"27540797_2126638817352978_4219533748148295662_n\" \/><\/a><\/li><li class=\"isotope-item\"><a class=\"prettyphoto\" href=\"https:\/\/pepperoniteam.pl\/wp-content\/uploads\/2018\/12\/44694773_2497066516976871_5309612118058729472_o.jpg\" data-rel=\"prettyPhoto[rel-4962-57553564]\"><img class=\"\" src=\"https:\/\/pepperoniteam.pl\/wp-content\/uploads\/2018\/12\/44694773_2497066516976871_5309612118058729472_o-165x165.jpg\" width=\"165\" height=\"165\" alt=\"44694773_2497066516976871_5309612118058729472_o\" title=\"44694773_2497066516976871_5309612118058729472_o\" \/><\/a><\/li><li class=\"isotope-item\"><a class=\"prettyphoto\" href=\"https:\/\/pepperoniteam.pl\/wp-content\/uploads\/2018\/12\/17760896_1700770583273139_7153452874404102332_o.jpg\" data-rel=\"prettyPhoto[rel-4962-57553564]\"><img class=\"\" src=\"https:\/\/pepperoniteam.pl\/wp-content\/uploads\/2018\/12\/17760896_1700770583273139_7153452874404102332_o-165x165.jpg\" width=\"165\" height=\"165\" alt=\"17760896_1700770583273139_7153452874404102332_o\" title=\"17760896_1700770583273139_7153452874404102332_o\" \/><\/a><\/li><li class=\"isotope-item\"><a class=\"prettyphoto\" href=\"https:\/\/pepperoniteam.pl\/wp-content\/uploads\/2018\/12\/23456626_2009901599026701_1790541485405266759_o.jpg\" data-rel=\"prettyPhoto[rel-4962-57553564]\"><img class=\"\" src=\"https:\/\/pepperoniteam.pl\/wp-content\/uploads\/2018\/12\/23456626_2009901599026701_1790541485405266759_o-165x165.jpg\" width=\"165\" height=\"165\" alt=\"23456626_2009901599026701_1790541485405266759_o\" title=\"23456626_2009901599026701_1790541485405266759_o\" \/><\/a><\/li><li class=\"isotope-item\"><a class=\"prettyphoto\" href=\"https:\/\/pepperoniteam.pl\/wp-content\/uploads\/2018\/12\/DSC7166x-\u2014-1f.jpg\" data-rel=\"prettyPhoto[rel-4962-57553564]\"><img class=\"\" src=\"https:\/\/pepperoniteam.pl\/wp-content\/uploads\/2018\/12\/DSC7166x-\u2014-1f-165x165.jpg\" width=\"165\" height=\"165\" alt=\"_DSC7166x-\u2014-1f\" title=\"_DSC7166x-\u2014-1f\" \/><\/a><\/li><li class=\"isotope-item\"><a class=\"prettyphoto\" href=\"https:\/\/pepperoniteam.pl\/wp-content\/uploads\/2018\/12\/DSC7349x-\u2014-1_2f.jpg\" data-rel=\"prettyPhoto[rel-4962-57553564]\"><img class=\"\" src=\"https:\/\/pepperoniteam.pl\/wp-content\/uploads\/2018\/12\/DSC7349x-\u2014-1_2f-165x165.jpg\" width=\"165\" height=\"165\" alt=\"_DSC7349x-\u2014-1_2f\" title=\"_DSC7349x-\u2014-1_2f\" \/><\/a><\/li><li class=\"isotope-item\"><a class=\"prettyphoto\" href=\"https:\/\/pepperoniteam.pl\/wp-content\/uploads\/2018\/12\/48356497_2577075365642652_6474622542559576064_o.jpg\" data-rel=\"prettyPhoto[rel-4962-57553564]\"><img class=\"\" src=\"https:\/\/pepperoniteam.pl\/wp-content\/uploads\/2018\/12\/48356497_2577075365642652_6474622542559576064_o-165x165.jpg\" width=\"165\" height=\"165\" alt=\"48356497_2577075365642652_6474622542559576064_o\" title=\"48356497_2577075365642652_6474622542559576064_o\" \/><\/a><\/li><li class=\"isotope-item\"><a class=\"prettyphoto\" href=\"https:\/\/pepperoniteam.pl\/wp-content\/uploads\/2018\/12\/DSC7360x-\u2014-1f.jpg\" data-rel=\"prettyPhoto[rel-4962-57553564]\"><img class=\"\" src=\"https:\/\/pepperoniteam.pl\/wp-content\/uploads\/2018\/12\/DSC7360x-\u2014-1f-165x165.jpg\" width=\"165\" height=\"165\" alt=\"_DSC7360x-\u2014-1f\" title=\"_DSC7360x-\u2014-1f\" \/><\/a><\/li><li class=\"isotope-item\"><a class=\"prettyphoto\" href=\"https:\/\/pepperoniteam.pl\/wp-content\/uploads\/2018\/12\/DSC7094x-\u2014-1f.jpg\" data-rel=\"prettyPhoto[rel-4962-57553564]\"><img class=\"\" src=\"https:\/\/pepperoniteam.pl\/wp-content\/uploads\/2018\/12\/DSC7094x-\u2014-1f-165x165.jpg\" width=\"165\" height=\"165\" alt=\"_DSC7094x-\u2014-1f\" title=\"_DSC7094x-\u2014-1f\" \/><\/a><\/li><li class=\"isotope-item\"><a class=\"prettyphoto\" href=\"https:\/\/pepperoniteam.pl\/wp-content\/uploads\/2018\/12\/47284408_2555990797751109_16828450664873984_o.jpg\" data-rel=\"prettyPhoto[rel-4962-57553564]\"><img class=\"\" src=\"https:\/\/pepperoniteam.pl\/wp-content\/uploads\/2018\/12\/47284408_2555990797751109_16828450664873984_o-165x165.jpg\" width=\"165\" height=\"165\" alt=\"47284408_2555990797751109_16828450664873984_o\" title=\"47284408_2555990797751109_16828450664873984_o\" \/><\/a><\/li><li class=\"isotope-item\"><a class=\"prettyphoto\" href=\"https:\/\/pepperoniteam.pl\/wp-content\/uploads\/2018\/12\/46516849_2538811629469026_346851770594492416_o.jpg\" data-rel=\"prettyPhoto[rel-4962-57553564]\"><img class=\"\" src=\"https:\/\/pepperoniteam.pl\/wp-content\/uploads\/2018\/12\/46516849_2538811629469026_346851770594492416_o-165x165.jpg\" width=\"165\" height=\"165\" alt=\"46516849_2538811629469026_346851770594492416_o\" title=\"46516849_2538811629469026_346851770594492416_o\" \/><\/a><\/li><li class=\"isotope-item\"><a class=\"prettyphoto\" href=\"https:\/\/pepperoniteam.pl\/wp-content\/uploads\/2019\/12\/IMG_1807-2.jpg\" data-rel=\"prettyPhoto[rel-4962-57553564]\"><img class=\"\" src=\"https:\/\/pepperoniteam.pl\/wp-content\/uploads\/2019\/12\/IMG_1807-2-165x165.jpg\" width=\"165\" height=\"165\" alt=\"IMG_1807 2\" title=\"IMG_1807 2\" \/><\/a><\/li><li class=\"isotope-item\"><a class=\"prettyphoto\" href=\"https:\/\/pepperoniteam.pl\/wp-content\/uploads\/2019\/12\/IMG_1377.jpg\" data-rel=\"prettyPhoto[rel-4962-57553564]\"><img class=\"\" src=\"https:\/\/pepperoniteam.pl\/wp-content\/uploads\/2019\/12\/IMG_1377-165x165.jpg\" width=\"165\" height=\"165\" alt=\"IMG_1377\" title=\"IMG_1377\" \/><\/a><\/li><li class=\"isotope-item\"><a class=\"prettyphoto\" href=\"https:\/\/pepperoniteam.pl\/wp-content\/uploads\/2020\/08\/chlt2.jpg\" data-rel=\"prettyPhoto[rel-4962-57553564]\"><img class=\"\" src=\"https:\/\/pepperoniteam.pl\/wp-content\/uploads\/2020\/08\/chlt2-165x165.jpg\" width=\"165\" height=\"165\" alt=\"chlt2\" title=\"chlt2\" \/><\/a><\/li><li class=\"isotope-item\"><a class=\"prettyphoto\" href=\"https:\/\/pepperoniteam.pl\/wp-content\/uploads\/2020\/09\/IMG_5142.jpg\" data-rel=\"prettyPhoto[rel-4962-57553564]\"><img class=\"\" src=\"https:\/\/pepperoniteam.pl\/wp-content\/uploads\/2020\/09\/IMG_5142-165x165.jpg\" width=\"165\" height=\"165\" alt=\"IMG_5142\" title=\"IMG_5142\" \/><\/a><\/li><li class=\"isotope-item\"><a class=\"prettyphoto\" href=\"https:\/\/pepperoniteam.pl\/wp-content\/uploads\/2020\/10\/cact-1.jpg\" data-rel=\"prettyPhoto[rel-4962-57553564]\"><img class=\"\" src=\"https:\/\/pepperoniteam.pl\/wp-content\/uploads\/2020\/10\/cact-1-165x165.jpg\" width=\"165\" height=\"165\" alt=\"cact\" title=\"cact\" \/><\/a><\/li><li class=\"isotope-item\"><a class=\"prettyphoto\" href=\"https:\/\/pepperoniteam.pl\/wp-content\/uploads\/2022\/06\/bell2.jpeg\" data-rel=\"prettyPhoto[rel-4962-57553564]\"><img class=\"\" src=\"https:\/\/pepperoniteam.pl\/wp-content\/uploads\/2022\/06\/bell2-165x165.jpeg\" width=\"165\" height=\"165\" alt=\"bell2\" title=\"bell2\" \/><\/a><\/li><\/ul><\/div><\/div><\/div>\n\t<div class=\"wpb_text_column wpb_content_element\" >\n\t\t<div class=\"wpb_wrapper\">\n\t\t\t<p style=\"text-align: center;\"><a href=\"https:\/\/www.facebook.com\/media\/set\/?set=a.1361147630568771&amp;type=3\"><span style=\"color: #808080;\"><strong>More photos<\/strong><\/span><\/a>\u00a0<i class=\"fa fa-facebook-square\" ><\/i><\/p>\n\n\t\t<\/div>\n\t<\/div>\n<\/div><\/div><\/div><\/div>","protected":false},"excerpt":{"rendered":"Bell Pepperoni Team \"Lara\" Ur. 18.03.2016 Rodow\u00f3d ( IntCh. Aranyvad\u00e1sz Nimr\u00f3d x IntCh. Piri-Piri Pepperoni Team ) M\u0142odzie\u017cowy Champion Polski<a class=\"article-read-more\" href=\"https:\/\/pepperoniteam.pl\/en\/bell\/\"><i class=\"worldblogicon fa-angle-double-right\"><\/i><\/a>","protected":false},"author":2,"featured_media":0,"parent":0,"menu_order":0,"comment_status":"closed","ping_status":"closed","template":"","meta":[],"wps_subtitle":"","_links":{"self":[{"href":"https:\/\/pepperoniteam.pl\/en\/wp-json\/wp\/v2\/pages\/4962"}],"collection":[{"href":"https:\/\/pepperoniteam.pl\/en\/wp-json\/wp\/v2\/pages"}],"about":[{"href":"https:\/\/pepperoniteam.pl\/en\/wp-json\/wp\/v2\/types\/page"}],"author":[{"embeddable":true,"href":"https:\/\/pepperoniteam.pl\/en\/wp-json\/wp\/v2\/users\/2"}],"replies":[{"embeddable":true,"href":"https:\/\/pepperoniteam.pl\/en\/wp-json\/wp\/v2\/comments?post=4962"}],"version-history":[{"count":0,"href":"https:\/\/pepperoniteam.pl\/en\/wp-json\/wp\/v2\/pages\/4962\/revisions"}],"wp:attachment":[{"href":"https:\/\/pepperoniteam.pl\/en\/wp-json\/wp\/v2\/media?parent=4962"}],"curies":[{"name":"wp","href":"https:\/\/api.w.org\/{rel}","templated":true}]}}