{"id":4970,"date":"2018-12-26T23:19:37","date_gmt":"2018-12-26T22:19:37","guid":{"rendered":"http:\/\/pepperoniteam.pl\/pepperoni\/?page_id=4970"},"modified":"2026-04-23T06:54:00","modified_gmt":"2026-04-23T04:54:00","slug":"piri","status":"publish","type":"page","link":"https:\/\/pepperoniteam.pl\/en\/piri\/","title":{"rendered":"Piri"},"content":{"rendered":"<div class=\"vc_row wpb_row vc_row-fluid\"><div class=\"wpb_column vc_column_container vc_col-sm-12\"><div class=\"vc_column-inner\"><div class=\"wpb_wrapper\">\n\t<div class=\"wpb_text_column wpb_content_element  wpb_animate_when_almost_visible wpb_fadeInDown fadeInDown vc_custom_1545862681203 special1\" >\n\t\t<div class=\"wpb_wrapper\">\n\t\t\t<h1>Piri-Piri Pepperoni Team<\/h1>\n\n\t\t<\/div>\n\t<\/div>\n\n\t<div class=\"wpb_text_column wpb_content_element\" >\n\t\t<div class=\"wpb_wrapper\">\n\t\t\t<p><i class=\"fa fa-calendar\" ><\/i> DOB 14.09.2011<br \/>\n<i class=\"fa fa-calendar\" ><\/i> \u015am. 18.02.2026<br \/>\n<i class=\"fa fa-id-card-o\" ><\/i> <span style=\"color: #808080;\"><a style=\"color: #808080;\" href=\"http:\/\/www.vizsladatabase.com\/details.php?id=77580\">Pedigree<\/a><\/span><\/p>\n<p>( Cs\u00f6v\u00e1rberki \u00dajonc x Czuszka Z Ta\u0142chej\u00f3w )<\/p>\n\n\t\t<\/div>\n\t<\/div>\n<\/div><\/div><\/div><\/div><div class=\"vc_row wpb_row vc_row-fluid\"><div class=\"wpb_column vc_column_container vc_col-sm-12\"><div class=\"vc_column-inner\"><div class=\"wpb_wrapper\">\n\t<div  class=\"wpb_single_image wpb_content_element vc_align_left  wpb_animate_when_almost_visible wpb_rotateInUpLeft rotateInUpLeft\">\n\t\t\n\t\t<figure class=\"wpb_wrapper vc_figure\">\n\t\t\t<a data-rel=\"prettyPhoto[rel-4970-217334074]\" href=\"https:\/\/pepperoniteam.pl\/wp-content\/uploads\/2018\/12\/IMG_0329-2.jpg\" target=\"_self\" class=\"vc_single_image-wrapper vc_box_border  vc_box_border_grey prettyphoto\"><img class=\"vc_single_image-img\" src=\"https:\/\/pepperoniteam.pl\/wp-content\/uploads\/2018\/12\/IMG_0329-2-450x300.jpg\" width=\"450\" height=\"300\" alt=\"IMG_0329 2\" title=\"IMG_0329 2\" \/><\/a>\n\t\t<\/figure>\n\t<\/div>\n<\/div><\/div><\/div><\/div><div class=\"vc_row wpb_row vc_row-fluid\"><div class=\"wpb_column vc_column_container vc_col-sm-12\"><div class=\"vc_column-inner\"><div class=\"wpb_wrapper\">\n\t<div class=\"wpb_text_column wpb_content_element\" >\n\t\t<div class=\"wpb_wrapper\">\n\t\t\t<p style=\"text-align: left;\"><i class=\"fa fa-trophy\" ><\/i> <b>INTERCHAMPION C.I.B.<\/b><br \/>\n<i class=\"fa fa-trophy\" ><\/i> <b>Junior Champion of Poland<br \/>\n<\/b><i class=\"fa fa-trophy\" ><\/i> <b>Champion of Poland<br \/>\n<\/b><i class=\"fa fa-trophy\" ><\/i>\u00a0<b>Champion of Ukraine<br \/>\n<\/b><\/p>\n<p><strong>Shows<br \/>\n<\/strong>BIS Puppy Club Show<br \/>\nClub Winner 2013<br \/>\nBOG II<br \/>\nBOG III<br \/>\nBOG IV<br \/>\n11 x BOB<br \/>\n3 x CACIB<br \/>\nresCACIB<br \/>\n16 x CAC<\/p>\n<p><strong>Working<br \/>\n<\/strong>Hunting Test - I degree diploma (100\/100 points), 2 prize<br \/>\nInternational Field Trials - II degree diploma, MB, 3 place<br \/>\nPodzimni Zkou\u0161ky (CZ) \u2013 II degree diploma<br \/>\nMultilateral competition \u2013 II degree diploma<br \/>\nWorking Class Certificate<br \/>\nworking dog<\/p>\n<p><strong>Health<br \/>\n<\/strong>HD &#8211; A\/B<br \/>\noculist certificate<br \/>\nL\/L (free of long hair gene)<\/p>\n\n\t\t<\/div>\n\t<\/div>\n<\/div><\/div><\/div><\/div><div class=\"vc_row wpb_row vc_row-fluid\"><div class=\"wpb_column vc_column_container vc_col-sm-12\"><div class=\"vc_column-inner\"><div class=\"wpb_wrapper\"><div class=\"wpb_gallery wpb_content_element vc_clearfix\" ><div class=\"wpb_wrapper\"><div class=\"wpb_gallery_slides wpb_image_grid\" data-interval=\"3\"><ul class=\"wpb_image_grid_ul\"><li class=\"isotope-item\"><a class=\"prettyphoto\" href=\"https:\/\/pepperoniteam.pl\/wp-content\/uploads\/2018\/12\/386387_321711327845745_1129784688_n.jpg\" data-rel=\"prettyPhoto[rel-4970-877947988]\"><img class=\"\" src=\"https:\/\/pepperoniteam.pl\/wp-content\/uploads\/2018\/12\/386387_321711327845745_1129784688_n-165x165.jpg\" width=\"165\" height=\"165\" alt=\"386387_321711327845745_1129784688_n\" title=\"386387_321711327845745_1129784688_n\" \/><\/a><\/li><li class=\"isotope-item\"><a class=\"prettyphoto\" href=\"https:\/\/pepperoniteam.pl\/wp-content\/uploads\/2018\/12\/302924_321711301179081_2121297065_n.jpg\" data-rel=\"prettyPhoto[rel-4970-877947988]\"><img class=\"\" src=\"https:\/\/pepperoniteam.pl\/wp-content\/uploads\/2018\/12\/302924_321711301179081_2121297065_n-165x165.jpg\" width=\"165\" height=\"165\" alt=\"302924_321711301179081_2121297065_n\" title=\"302924_321711301179081_2121297065_n\" \/><\/a><\/li><li class=\"isotope-item\"><a class=\"prettyphoto\" href=\"https:\/\/pepperoniteam.pl\/wp-content\/uploads\/2018\/12\/562209_481642238519319_1111842306_n.jpg\" data-rel=\"prettyPhoto[rel-4970-877947988]\"><img class=\"\" src=\"https:\/\/pepperoniteam.pl\/wp-content\/uploads\/2018\/12\/562209_481642238519319_1111842306_n-165x165.jpg\" width=\"165\" height=\"165\" alt=\"562209_481642238519319_1111842306_n\" title=\"562209_481642238519319_1111842306_n\" \/><\/a><\/li><li class=\"isotope-item\"><a class=\"prettyphoto\" href=\"https:\/\/pepperoniteam.pl\/wp-content\/uploads\/2018\/12\/185267_530851916931684_434555722_n.jpg\" data-rel=\"prettyPhoto[rel-4970-877947988]\"><img class=\"\" src=\"https:\/\/pepperoniteam.pl\/wp-content\/uploads\/2018\/12\/185267_530851916931684_434555722_n-165x165.jpg\" width=\"165\" height=\"165\" alt=\"185267_530851916931684_434555722_n\" title=\"185267_530851916931684_434555722_n\" \/><\/a><\/li><li class=\"isotope-item\"><a class=\"prettyphoto\" href=\"https:\/\/pepperoniteam.pl\/wp-content\/uploads\/2018\/12\/1620620_972733306076874_1648284781241446695_n.jpg\" data-rel=\"prettyPhoto[rel-4970-877947988]\"><img class=\"\" src=\"https:\/\/pepperoniteam.pl\/wp-content\/uploads\/2018\/12\/1620620_972733306076874_1648284781241446695_n-165x165.jpg\" width=\"165\" height=\"165\" alt=\"1620620_972733306076874_1648284781241446695_n\" title=\"1620620_972733306076874_1648284781241446695_n\" \/><\/a><\/li><li class=\"isotope-item\"><a class=\"prettyphoto\" href=\"https:\/\/pepperoniteam.pl\/wp-content\/uploads\/2018\/12\/485529_972733239410214_4598087144748178122_n.jpg\" data-rel=\"prettyPhoto[rel-4970-877947988]\"><img class=\"\" src=\"https:\/\/pepperoniteam.pl\/wp-content\/uploads\/2018\/12\/485529_972733239410214_4598087144748178122_n-165x165.jpg\" width=\"165\" height=\"165\" alt=\"Piri\" title=\"Piri\" \/><\/a><\/li><li class=\"isotope-item\"><a class=\"prettyphoto\" href=\"https:\/\/pepperoniteam.pl\/wp-content\/uploads\/2018\/12\/1425758_757894460894094_1703856474_n.jpg\" data-rel=\"prettyPhoto[rel-4970-877947988]\"><img class=\"\" src=\"https:\/\/pepperoniteam.pl\/wp-content\/uploads\/2018\/12\/1425758_757894460894094_1703856474_n-165x165.jpg\" width=\"165\" height=\"165\" alt=\"1425758_757894460894094_1703856474_n\" title=\"1425758_757894460894094_1703856474_n\" \/><\/a><\/li><li class=\"isotope-item\"><a class=\"prettyphoto\" href=\"https:\/\/pepperoniteam.pl\/wp-content\/uploads\/2018\/12\/1385756_747954425221431_439582216_n.jpg\" data-rel=\"prettyPhoto[rel-4970-877947988]\"><img class=\"\" src=\"https:\/\/pepperoniteam.pl\/wp-content\/uploads\/2018\/12\/1385756_747954425221431_439582216_n-165x165.jpg\" width=\"165\" height=\"165\" alt=\"1385756_747954425221431_439582216_n\" title=\"1385756_747954425221431_439582216_n\" \/><\/a><\/li><li class=\"isotope-item\"><a class=\"prettyphoto\" href=\"https:\/\/pepperoniteam.pl\/wp-content\/uploads\/2018\/12\/14882142_1498491953501004_1705541675923687943_o.jpg\" data-rel=\"prettyPhoto[rel-4970-877947988]\"><img class=\"\" src=\"https:\/\/pepperoniteam.pl\/wp-content\/uploads\/2018\/12\/14882142_1498491953501004_1705541675923687943_o-165x165.jpg\" width=\"165\" height=\"165\" alt=\"14882142_1498491953501004_1705541675923687943_o\" title=\"14882142_1498491953501004_1705541675923687943_o\" \/><\/a><\/li><li class=\"isotope-item\"><a class=\"prettyphoto\" href=\"https:\/\/pepperoniteam.pl\/wp-content\/uploads\/2018\/12\/1017137_967681796582025_4926446167367603878_n.jpg\" data-rel=\"prettyPhoto[rel-4970-877947988]\"><img class=\"\" src=\"https:\/\/pepperoniteam.pl\/wp-content\/uploads\/2018\/12\/1017137_967681796582025_4926446167367603878_n-165x165.jpg\" width=\"165\" height=\"165\" alt=\"1017137_967681796582025_4926446167367603878_n\" title=\"1017137_967681796582025_4926446167367603878_n\" \/><\/a><\/li><li class=\"isotope-item\"><a class=\"prettyphoto\" href=\"https:\/\/pepperoniteam.pl\/wp-content\/uploads\/2018\/12\/12119922_1191273690889500_7890334205780315067_o.jpg\" data-rel=\"prettyPhoto[rel-4970-877947988]\"><img class=\"\" src=\"https:\/\/pepperoniteam.pl\/wp-content\/uploads\/2018\/12\/12119922_1191273690889500_7890334205780315067_o-165x165.jpg\" width=\"165\" height=\"165\" alt=\"12119922_1191273690889500_7890334205780315067_o\" title=\"12119922_1191273690889500_7890334205780315067_o\" \/><\/a><\/li><li class=\"isotope-item\"><a class=\"prettyphoto\" href=\"https:\/\/pepperoniteam.pl\/wp-content\/uploads\/2018\/12\/12391813_1227077057309163_2262396517693921336_n.jpg\" data-rel=\"prettyPhoto[rel-4970-877947988]\"><img class=\"\" src=\"https:\/\/pepperoniteam.pl\/wp-content\/uploads\/2018\/12\/12391813_1227077057309163_2262396517693921336_n-165x165.jpg\" width=\"165\" height=\"165\" alt=\"12391813_1227077057309163_2262396517693921336_n\" title=\"12391813_1227077057309163_2262396517693921336_n\" \/><\/a><\/li><li class=\"isotope-item\"><a class=\"prettyphoto\" href=\"https:\/\/pepperoniteam.pl\/wp-content\/uploads\/2018\/12\/13584963_1386376971379170_3086314603485365538_o.jpg\" data-rel=\"prettyPhoto[rel-4970-877947988]\"><img class=\"\" src=\"https:\/\/pepperoniteam.pl\/wp-content\/uploads\/2018\/12\/13584963_1386376971379170_3086314603485365538_o-165x165.jpg\" width=\"165\" height=\"165\" alt=\"13584963_1386376971379170_3086314603485365538_o\" title=\"13584963_1386376971379170_3086314603485365538_o\" \/><\/a><\/li><li class=\"isotope-item\"><a class=\"prettyphoto\" href=\"https:\/\/pepperoniteam.pl\/wp-content\/uploads\/2018\/12\/11060955_1092705760746294_3383621515626737719_o.jpg\" data-rel=\"prettyPhoto[rel-4970-877947988]\"><img class=\"\" src=\"https:\/\/pepperoniteam.pl\/wp-content\/uploads\/2018\/12\/11060955_1092705760746294_3383621515626737719_o-165x165.jpg\" width=\"165\" height=\"165\" alt=\"11060955_1092705760746294_3383621515626737719_o\" title=\"11060955_1092705760746294_3383621515626737719_o\" \/><\/a><\/li><li class=\"isotope-item\"><a class=\"prettyphoto\" href=\"https:\/\/pepperoniteam.pl\/wp-content\/uploads\/2018\/12\/14711122_1488160157867517_4710274496725330401_o.jpg\" data-rel=\"prettyPhoto[rel-4970-877947988]\"><img class=\"\" src=\"https:\/\/pepperoniteam.pl\/wp-content\/uploads\/2018\/12\/14711122_1488160157867517_4710274496725330401_o-165x165.jpg\" width=\"165\" height=\"165\" alt=\"14711122_1488160157867517_4710274496725330401_o\" title=\"14711122_1488160157867517_4710274496725330401_o\" \/><\/a><\/li><li class=\"isotope-item\"><a class=\"prettyphoto\" href=\"https:\/\/pepperoniteam.pl\/wp-content\/uploads\/2018\/12\/10990018_1050072708342933_5160730945112964121_n.jpg\" data-rel=\"prettyPhoto[rel-4970-877947988]\"><img class=\"\" src=\"https:\/\/pepperoniteam.pl\/wp-content\/uploads\/2018\/12\/10990018_1050072708342933_5160730945112964121_n-165x165.jpg\" width=\"165\" height=\"165\" alt=\"10990018_1050072708342933_5160730945112964121_n\" title=\"10990018_1050072708342933_5160730945112964121_n\" \/><\/a><\/li><li class=\"isotope-item\"><a class=\"prettyphoto\" href=\"https:\/\/pepperoniteam.pl\/wp-content\/uploads\/2018\/12\/1607076_798795770137296_1706258588_n.jpg\" data-rel=\"prettyPhoto[rel-4970-877947988]\"><img class=\"\" src=\"https:\/\/pepperoniteam.pl\/wp-content\/uploads\/2018\/12\/1607076_798795770137296_1706258588_n-165x165.jpg\" width=\"165\" height=\"165\" alt=\"1607076_798795770137296_1706258588_n\" title=\"1607076_798795770137296_1706258588_n\" \/><\/a><\/li><li class=\"isotope-item\"><a class=\"prettyphoto\" href=\"https:\/\/pepperoniteam.pl\/wp-content\/uploads\/2018\/12\/16143769_1617226384960893_775865400100013932_o.jpg\" data-rel=\"prettyPhoto[rel-4970-877947988]\"><img class=\"\" src=\"https:\/\/pepperoniteam.pl\/wp-content\/uploads\/2018\/12\/16143769_1617226384960893_775865400100013932_o-165x165.jpg\" width=\"165\" height=\"165\" alt=\"16143769_1617226384960893_775865400100013932_o\" title=\"16143769_1617226384960893_775865400100013932_o\" \/><\/a><\/li><li class=\"isotope-item\"><a class=\"prettyphoto\" href=\"https:\/\/pepperoniteam.pl\/wp-content\/uploads\/2018\/12\/13669326_1389274701089397_5678141576756084358_o.jpg\" data-rel=\"prettyPhoto[rel-4970-877947988]\"><img class=\"\" src=\"https:\/\/pepperoniteam.pl\/wp-content\/uploads\/2018\/12\/13669326_1389274701089397_5678141576756084358_o-165x165.jpg\" width=\"165\" height=\"165\" alt=\"13669326_1389274701089397_5678141576756084358_o\" title=\"13669326_1389274701089397_5678141576756084358_o\" \/><\/a><\/li><li class=\"isotope-item\"><a class=\"prettyphoto\" href=\"https:\/\/pepperoniteam.pl\/wp-content\/uploads\/2018\/12\/45402728_2515695748447281_609369766682951680_o.jpg\" data-rel=\"prettyPhoto[rel-4970-877947988]\"><img class=\"\" src=\"https:\/\/pepperoniteam.pl\/wp-content\/uploads\/2018\/12\/45402728_2515695748447281_609369766682951680_o-165x165.jpg\" width=\"165\" height=\"165\" alt=\"45402728_2515695748447281_609369766682951680_o\" title=\"45402728_2515695748447281_609369766682951680_o\" \/><\/a><\/li><li class=\"isotope-item\"><a class=\"prettyphoto\" href=\"https:\/\/pepperoniteam.pl\/wp-content\/uploads\/2018\/12\/35900585_2304855226198002_7412565145701842944_o.jpg\" data-rel=\"prettyPhoto[rel-4970-877947988]\"><img class=\"\" src=\"https:\/\/pepperoniteam.pl\/wp-content\/uploads\/2018\/12\/35900585_2304855226198002_7412565145701842944_o-165x165.jpg\" width=\"165\" height=\"165\" alt=\"35900585_2304855226198002_7412565145701842944_o\" title=\"35900585_2304855226198002_7412565145701842944_o\" \/><\/a><\/li><li class=\"isotope-item\"><a class=\"prettyphoto\" href=\"https:\/\/pepperoniteam.pl\/wp-content\/uploads\/2018\/12\/DSC6995x-\u2014-1f.jpg\" data-rel=\"prettyPhoto[rel-4970-877947988]\"><img class=\"\" src=\"https:\/\/pepperoniteam.pl\/wp-content\/uploads\/2018\/12\/DSC6995x-\u2014-1f-165x165.jpg\" width=\"165\" height=\"165\" alt=\"_DSC6995x-\u2014-1f\" title=\"_DSC6995x-\u2014-1f\" \/><\/a><\/li><li class=\"isotope-item\"><a class=\"prettyphoto\" href=\"https:\/\/pepperoniteam.pl\/wp-content\/uploads\/2018\/12\/DSC6966x-\u2014-1f.jpg\" data-rel=\"prettyPhoto[rel-4970-877947988]\"><img class=\"\" src=\"https:\/\/pepperoniteam.pl\/wp-content\/uploads\/2018\/12\/DSC6966x-\u2014-1f-165x165.jpg\" width=\"165\" height=\"165\" alt=\"_DSC6966x-\u2014-1f\" title=\"_DSC6966x-\u2014-1f\" \/><\/a><\/li><li class=\"isotope-item\"><a class=\"prettyphoto\" href=\"https:\/\/pepperoniteam.pl\/wp-content\/uploads\/2018\/12\/DSC7050x-\u2014-1f_2.jpg\" data-rel=\"prettyPhoto[rel-4970-877947988]\"><img class=\"\" src=\"https:\/\/pepperoniteam.pl\/wp-content\/uploads\/2018\/12\/DSC7050x-\u2014-1f_2-165x165.jpg\" width=\"165\" height=\"165\" alt=\"_DSC7050x-\u2014-1f_2\" title=\"_DSC7050x-\u2014-1f_2\" \/><\/a><\/li><li class=\"isotope-item\"><a class=\"prettyphoto\" href=\"https:\/\/pepperoniteam.pl\/wp-content\/uploads\/2019\/02\/DSC7479x-\u2014-1f-1024x684.jpg\" data-rel=\"prettyPhoto[rel-4970-877947988]\"><img class=\"\" src=\"https:\/\/pepperoniteam.pl\/wp-content\/uploads\/2019\/02\/DSC7479x-\u2014-1f-165x165.jpg\" width=\"165\" height=\"165\" alt=\"_DSC7479x-\u2014-1f\" title=\"_DSC7479x-\u2014-1f\" \/><\/a><\/li><li class=\"isotope-item\"><a class=\"prettyphoto\" href=\"https:\/\/pepperoniteam.pl\/wp-content\/uploads\/2019\/02\/DSC6946x-\u2014-1f-1024x684.jpg\" data-rel=\"prettyPhoto[rel-4970-877947988]\"><img class=\"\" src=\"https:\/\/pepperoniteam.pl\/wp-content\/uploads\/2019\/02\/DSC6946x-\u2014-1f-165x165.jpg\" width=\"165\" height=\"165\" alt=\"_DSC6946x-\u2014-1f\" title=\"_DSC6946x-\u2014-1f\" \/><\/a><\/li><li class=\"isotope-item\"><a class=\"prettyphoto\" href=\"https:\/\/pepperoniteam.pl\/wp-content\/uploads\/2019\/02\/DSC6937x-\u2014-1_2f-1024x684.jpg\" data-rel=\"prettyPhoto[rel-4970-877947988]\"><img class=\"\" src=\"https:\/\/pepperoniteam.pl\/wp-content\/uploads\/2019\/02\/DSC6937x-\u2014-1_2f-165x165.jpg\" width=\"165\" height=\"165\" alt=\"_DSC6937x-\u2014-1_2f\" title=\"_DSC6937x-\u2014-1_2f\" \/><\/a><\/li><li class=\"isotope-item\"><a class=\"prettyphoto\" href=\"https:\/\/pepperoniteam.pl\/wp-content\/uploads\/2022\/06\/piri.jpg\" data-rel=\"prettyPhoto[rel-4970-877947988]\"><img class=\"\" src=\"https:\/\/pepperoniteam.pl\/wp-content\/uploads\/2022\/06\/piri-165x165.jpg\" width=\"165\" height=\"165\" alt=\"piri\" title=\"piri\" \/><\/a><\/li><li class=\"isotope-item\"><a class=\"prettyphoto\" href=\"https:\/\/pepperoniteam.pl\/wp-content\/uploads\/2026\/04\/5U0A5766_fb.jpg\" data-rel=\"prettyPhoto[rel-4970-877947988]\"><img class=\"\" src=\"https:\/\/pepperoniteam.pl\/wp-content\/uploads\/2026\/04\/5U0A5766_fb-165x165.jpg\" width=\"165\" height=\"165\" alt=\"5U0A5766_fb\" title=\"5U0A5766_fb\" \/><\/a><\/li><li class=\"isotope-item\"><a class=\"prettyphoto\" href=\"https:\/\/pepperoniteam.pl\/wp-content\/uploads\/2026\/04\/5U0A8377_fb.jpg\" data-rel=\"prettyPhoto[rel-4970-877947988]\"><img class=\"\" src=\"https:\/\/pepperoniteam.pl\/wp-content\/uploads\/2026\/04\/5U0A8377_fb-165x165.jpg\" width=\"165\" height=\"165\" alt=\"5U0A8377_fb\" title=\"5U0A8377_fb\" \/><\/a><\/li><\/ul><\/div><\/div><\/div>\n\t<div class=\"wpb_text_column wpb_content_element\" >\n\t\t<div class=\"wpb_wrapper\">\n\t\t\t<p style=\"text-align: center;\"><a href=\"https:\/\/www.facebook.com\/media\/set\/?set=a.321711287845749&amp;type=3\"><span style=\"color: #808080;\"><strong>More photos<\/strong><\/span><\/a>\u00a0<i class=\"fa fa-facebook-square\" ><\/i><\/p>\n\n\t\t<\/div>\n\t<\/div>\n<\/div><\/div><\/div><\/div>","protected":false},"excerpt":{"rendered":"Piri-Piri Pepperoni Team Ur. 14.09.2011 \u015am. 18.02.2026 Rodow\u00f3d ( Cs\u00f6v\u00e1rberki \u00dajonc x Czuszka Z Ta\u0142chej\u00f3w ) INTERCHAMPION C.I.B. M\u0142odzie\u017cowy Champion<a class=\"article-read-more\" href=\"https:\/\/pepperoniteam.pl\/en\/piri\/\"><i class=\"worldblogicon fa-angle-double-right\"><\/i><\/a>","protected":false},"author":2,"featured_media":0,"parent":0,"menu_order":0,"comment_status":"closed","ping_status":"closed","template":"","meta":[],"wps_subtitle":"","_links":{"self":[{"href":"https:\/\/pepperoniteam.pl\/en\/wp-json\/wp\/v2\/pages\/4970"}],"collection":[{"href":"https:\/\/pepperoniteam.pl\/en\/wp-json\/wp\/v2\/pages"}],"about":[{"href":"https:\/\/pepperoniteam.pl\/en\/wp-json\/wp\/v2\/types\/page"}],"author":[{"embeddable":true,"href":"https:\/\/pepperoniteam.pl\/en\/wp-json\/wp\/v2\/users\/2"}],"replies":[{"embeddable":true,"href":"https:\/\/pepperoniteam.pl\/en\/wp-json\/wp\/v2\/comments?post=4970"}],"version-history":[{"count":0,"href":"https:\/\/pepperoniteam.pl\/en\/wp-json\/wp\/v2\/pages\/4970\/revisions"}],"wp:attachment":[{"href":"https:\/\/pepperoniteam.pl\/en\/wp-json\/wp\/v2\/media?parent=4970"}],"curies":[{"name":"wp","href":"https:\/\/api.w.org\/{rel}","templated":true}]}}