{"id":4994,"date":"2018-12-27T22:57:35","date_gmt":"2018-12-27T21:57:35","guid":{"rendered":"http:\/\/pepperoniteam.pl\/pepperoni\/?page_id=4994"},"modified":"2022-04-21T20:29:56","modified_gmt":"2022-04-21T18:29:56","slug":"czuszka","status":"publish","type":"page","link":"https:\/\/pepperoniteam.pl\/en\/czuszka\/","title":{"rendered":"Czuszka"},"content":{"rendered":"<div class=\"vc_row wpb_row vc_row-fluid\"><div class=\"wpb_column vc_column_container vc_col-sm-12\"><div class=\"vc_column-inner\"><div class=\"wpb_wrapper\">\n\t<div class=\"wpb_text_column wpb_content_element  wpb_animate_when_almost_visible wpb_fadeInDown fadeInDown vc_custom_1545947224493 special1\" >\n\t\t<div class=\"wpb_wrapper\">\n\t\t\t<h1>Czuszka Z Ta\u0142chej\u00f3w<\/h1>\n\n\t\t<\/div>\n\t<\/div>\n\n\t<div class=\"wpb_text_column wpb_content_element\" >\n\t\t<div class=\"wpb_wrapper\">\n\t\t\t<p><i class=\"fa fa-calendar\" ><\/i> DOB 15.05.2004<br \/>\n<i class=\"fa fa-calendar\" ><\/i> DOD 19.12.2015<br \/>\n<i class=\"fa fa-id-card-o\" ><\/i> <span style=\"color: #808080;\"><a style=\"color: #808080;\" href=\"http:\/\/www.vizsladatabase.com\/details.php?id=6716\">Pedigree<\/a><\/span><\/p>\n<p>( Tocok\u00e9rti-Vad\u00e1sz Adu x Barda z Pansk\u00fdch les\u00fa )<\/p>\n\n\t\t<\/div>\n\t<\/div>\n<\/div><\/div><\/div><\/div><div class=\"vc_row wpb_row vc_row-fluid\"><div class=\"wpb_column vc_column_container vc_col-sm-12\"><div class=\"vc_column-inner\"><div class=\"wpb_wrapper\">\n\t<div  class=\"wpb_single_image wpb_content_element vc_align_left  wpb_animate_when_almost_visible wpb_rotateInUpLeft rotateInUpLeft\">\n\t\t\n\t\t<figure class=\"wpb_wrapper vc_figure\">\n\t\t\t<a data-rel=\"prettyPhoto[rel-4994-1539520328]\" href=\"https:\/\/pepperoniteam.pl\/wp-content\/uploads\/2018\/11\/suka1.jpg\" target=\"_self\" class=\"vc_single_image-wrapper vc_box_border  vc_box_border_grey prettyphoto\"><img class=\"vc_single_image-img\" src=\"https:\/\/pepperoniteam.pl\/wp-content\/uploads\/2018\/11\/suka1-450x300.jpg\" width=\"450\" height=\"300\" alt=\"suka1\" title=\"suka1\" \/><\/a>\n\t\t<\/figure>\n\t<\/div>\n<\/div><\/div><\/div><\/div><div class=\"vc_row wpb_row vc_row-fluid\"><div class=\"wpb_column vc_column_container vc_col-sm-12\"><div class=\"vc_column-inner\"><div class=\"wpb_wrapper\">\n\t<div class=\"wpb_text_column wpb_content_element\" >\n\t\t<div class=\"wpb_wrapper\">\n\t\t\t<p style=\"text-align: left;\"><i class=\"fa fa-trophy\" ><\/i> <b>INTERCHAMPION C.I.E.<\/b><b><br \/>\n<\/b><i class=\"fa fa-trophy\" ><\/i> <b>Champion of Poland<br \/>\n<\/b><i class=\"fa fa-trophy\" ><\/i>\u00a0<b>Champion of Slovakia<br \/>\n<\/b><i class=\"fa fa-trophy\" ><\/i>\u00a0<b>Champion of Lithuania<br \/>\n<\/b><\/p>\n<p><strong>Shows<\/strong><br \/>\nLithuanian Winnner 2012<br \/>\nBOG II<br \/>\nBIS II Veteran<br \/>\nBIS III Veteran<br \/>\n14 x BOB<br \/>\n11 x CACIB<br \/>\n7 x resCACIB<br \/>\n24 x CAC<br \/>\nresCAC<\/p>\n<p><strong>Working<br \/>\n<\/strong>Hunting Test - I degree diploma<\/p>\n\n\t\t<\/div>\n\t<\/div>\n<\/div><\/div><\/div><\/div><div class=\"vc_row wpb_row vc_row-fluid\"><div class=\"wpb_column vc_column_container vc_col-sm-12\"><div class=\"vc_column-inner\"><div class=\"wpb_wrapper\"><div class=\"wpb_gallery wpb_content_element vc_clearfix\" ><div class=\"wpb_wrapper\"><div class=\"wpb_gallery_slides wpb_image_grid\" data-interval=\"3\"><ul class=\"wpb_image_grid_ul\"><li class=\"isotope-item\"><a class=\"prettyphoto\" href=\"https:\/\/pepperoniteam.pl\/wp-content\/uploads\/2018\/12\/rozne16.jpg\" data-rel=\"prettyPhoto[rel-4994-1272372591]\"><img class=\"\" src=\"https:\/\/pepperoniteam.pl\/wp-content\/uploads\/2018\/12\/rozne16-165x165.jpg\" width=\"165\" height=\"165\" alt=\"rozne16\" title=\"rozne16\" \/><\/a><\/li><li class=\"isotope-item\"><a class=\"prettyphoto\" href=\"https:\/\/pepperoniteam.pl\/wp-content\/uploads\/2018\/12\/1916664_113087025374844_444973_n.jpg\" data-rel=\"prettyPhoto[rel-4994-1272372591]\"><img class=\"\" src=\"https:\/\/pepperoniteam.pl\/wp-content\/uploads\/2018\/12\/1916664_113087025374844_444973_n-165x165.jpg\" width=\"165\" height=\"165\" alt=\"Czuszka1\" title=\"Czuszka1\" \/><\/a><\/li><li class=\"isotope-item\"><a class=\"prettyphoto\" href=\"https:\/\/pepperoniteam.pl\/wp-content\/uploads\/2018\/12\/spacery21.jpg\" data-rel=\"prettyPhoto[rel-4994-1272372591]\"><img class=\"\" src=\"https:\/\/pepperoniteam.pl\/wp-content\/uploads\/2018\/12\/spacery21-165x165.jpg\" width=\"165\" height=\"165\" alt=\"spacery21\" title=\"spacery21\" \/><\/a><\/li><li class=\"isotope-item\"><a class=\"prettyphoto\" href=\"https:\/\/pepperoniteam.pl\/wp-content\/uploads\/2018\/12\/1916664_113087032041510_1255308_n.jpg\" data-rel=\"prettyPhoto[rel-4994-1272372591]\"><img class=\"\" src=\"https:\/\/pepperoniteam.pl\/wp-content\/uploads\/2018\/12\/1916664_113087032041510_1255308_n-165x165.jpg\" width=\"165\" height=\"165\" alt=\"Czuszka2\" title=\"Czuszka2\" \/><\/a><\/li><li class=\"isotope-item\"><a class=\"prettyphoto\" href=\"https:\/\/pepperoniteam.pl\/wp-content\/uploads\/2018\/12\/spacery27.jpg\" data-rel=\"prettyPhoto[rel-4994-1272372591]\"><img class=\"\" src=\"https:\/\/pepperoniteam.pl\/wp-content\/uploads\/2018\/12\/spacery27-165x165.jpg\" width=\"165\" height=\"165\" alt=\"spacery27\" title=\"spacery27\" \/><\/a><\/li><li class=\"isotope-item\"><a class=\"prettyphoto\" href=\"https:\/\/pepperoniteam.pl\/wp-content\/uploads\/2018\/12\/1916664_113087028708177_1941397_n.jpg\" data-rel=\"prettyPhoto[rel-4994-1272372591]\"><img class=\"\" src=\"https:\/\/pepperoniteam.pl\/wp-content\/uploads\/2018\/12\/1916664_113087028708177_1941397_n-165x165.jpg\" width=\"165\" height=\"165\" alt=\"1916664_113087028708177_1941397_n\" title=\"1916664_113087028708177_1941397_n\" \/><\/a><\/li><li class=\"isotope-item\"><a class=\"prettyphoto\" href=\"https:\/\/pepperoniteam.pl\/wp-content\/uploads\/2018\/12\/rozne20.jpg\" data-rel=\"prettyPhoto[rel-4994-1272372591]\"><img class=\"\" src=\"https:\/\/pepperoniteam.pl\/wp-content\/uploads\/2018\/12\/rozne20-165x165.jpg\" width=\"165\" height=\"165\" alt=\"rozne20\" title=\"rozne20\" \/><\/a><\/li><li class=\"isotope-item\"><a class=\"prettyphoto\" href=\"https:\/\/pepperoniteam.pl\/wp-content\/uploads\/2018\/12\/31692_129119060438307_4744731_n.jpg\" data-rel=\"prettyPhoto[rel-4994-1272372591]\"><img class=\"\" src=\"https:\/\/pepperoniteam.pl\/wp-content\/uploads\/2018\/12\/31692_129119060438307_4744731_n-165x165.jpg\" width=\"165\" height=\"165\" alt=\"31692_129119060438307_4744731_n\" title=\"31692_129119060438307_4744731_n\" \/><\/a><\/li><li class=\"isotope-item\"><a class=\"prettyphoto\" href=\"https:\/\/pepperoniteam.pl\/wp-content\/uploads\/2018\/12\/31742_124950237521856_51342_n.jpg\" data-rel=\"prettyPhoto[rel-4994-1272372591]\"><img class=\"\" src=\"https:\/\/pepperoniteam.pl\/wp-content\/uploads\/2018\/12\/31742_124950237521856_51342_n-165x165.jpg\" width=\"165\" height=\"165\" alt=\"31742_124950237521856_51342_n\" title=\"31742_124950237521856_51342_n\" \/><\/a><\/li><li class=\"isotope-item\"><a class=\"prettyphoto\" href=\"https:\/\/pepperoniteam.pl\/wp-content\/uploads\/2018\/12\/31742_124950250855188_686063_n.jpg\" data-rel=\"prettyPhoto[rel-4994-1272372591]\"><img class=\"\" src=\"https:\/\/pepperoniteam.pl\/wp-content\/uploads\/2018\/12\/31742_124950250855188_686063_n-165x165.jpg\" width=\"165\" height=\"165\" alt=\"31742_124950250855188_686063_n\" title=\"31742_124950250855188_686063_n\" \/><\/a><\/li><li class=\"isotope-item\"><a class=\"prettyphoto\" href=\"https:\/\/pepperoniteam.pl\/wp-content\/uploads\/2018\/12\/309068_512533275430215_1528730646_n.jpg\" data-rel=\"prettyPhoto[rel-4994-1272372591]\"><img class=\"\" src=\"https:\/\/pepperoniteam.pl\/wp-content\/uploads\/2018\/12\/309068_512533275430215_1528730646_n-165x165.jpg\" width=\"165\" height=\"165\" alt=\"309068_512533275430215_1528730646_n\" title=\"309068_512533275430215_1528730646_n\" \/><\/a><\/li><li class=\"isotope-item\"><a class=\"prettyphoto\" href=\"https:\/\/pepperoniteam.pl\/wp-content\/uploads\/2018\/12\/czuszka12.jpg\" data-rel=\"prettyPhoto[rel-4994-1272372591]\"><img class=\"\" src=\"https:\/\/pepperoniteam.pl\/wp-content\/uploads\/2018\/12\/czuszka12-165x165.jpg\" width=\"165\" height=\"165\" alt=\"czuszka12\" title=\"czuszka12\" \/><\/a><\/li><li class=\"isotope-item\"><a class=\"prettyphoto\" href=\"https:\/\/pepperoniteam.pl\/wp-content\/uploads\/2018\/12\/389951_357536797596531_1727112618_n.jpg\" data-rel=\"prettyPhoto[rel-4994-1272372591]\"><img class=\"\" src=\"https:\/\/pepperoniteam.pl\/wp-content\/uploads\/2018\/12\/389951_357536797596531_1727112618_n-165x165.jpg\" width=\"165\" height=\"165\" alt=\"389951_357536797596531_1727112618_n\" title=\"389951_357536797596531_1727112618_n\" \/><\/a><\/li><li class=\"isotope-item\"><a class=\"prettyphoto\" href=\"https:\/\/pepperoniteam.pl\/wp-content\/uploads\/2018\/12\/407638_369492033067674_815867749_n.jpg\" data-rel=\"prettyPhoto[rel-4994-1272372591]\"><img class=\"\" src=\"https:\/\/pepperoniteam.pl\/wp-content\/uploads\/2018\/12\/407638_369492033067674_815867749_n-165x165.jpg\" width=\"165\" height=\"165\" alt=\"407638_369492033067674_815867749_n\" title=\"407638_369492033067674_815867749_n\" \/><\/a><\/li><li class=\"isotope-item\"><a class=\"prettyphoto\" href=\"https:\/\/pepperoniteam.pl\/wp-content\/uploads\/2018\/12\/rozne79.jpg\" data-rel=\"prettyPhoto[rel-4994-1272372591]\"><img class=\"\" src=\"https:\/\/pepperoniteam.pl\/wp-content\/uploads\/2018\/12\/rozne79-165x165.jpg\" width=\"165\" height=\"165\" alt=\"rozne79\" title=\"rozne79\" \/><\/a><\/li><li class=\"isotope-item\"><a class=\"prettyphoto\" href=\"https:\/\/pepperoniteam.pl\/wp-content\/uploads\/2018\/12\/550592_482661418417401_22732085_n.jpg\" data-rel=\"prettyPhoto[rel-4994-1272372591]\"><img class=\"\" src=\"https:\/\/pepperoniteam.pl\/wp-content\/uploads\/2018\/12\/550592_482661418417401_22732085_n-165x165.jpg\" width=\"165\" height=\"165\" alt=\"550592_482661418417401_22732085_n\" title=\"550592_482661418417401_22732085_n\" \/><\/a><\/li><li class=\"isotope-item\"><a class=\"prettyphoto\" href=\"https:\/\/pepperoniteam.pl\/wp-content\/uploads\/2018\/12\/554308_482661455084064_629836135_n.jpg\" data-rel=\"prettyPhoto[rel-4994-1272372591]\"><img class=\"\" src=\"https:\/\/pepperoniteam.pl\/wp-content\/uploads\/2018\/12\/554308_482661455084064_629836135_n-165x165.jpg\" width=\"165\" height=\"165\" alt=\"554308_482661455084064_629836135_n\" title=\"554308_482661455084064_629836135_n\" \/><\/a><\/li><li class=\"isotope-item\"><a class=\"prettyphoto\" href=\"https:\/\/pepperoniteam.pl\/wp-content\/uploads\/2018\/12\/577106_481912771825599_153462764_n.jpg\" data-rel=\"prettyPhoto[rel-4994-1272372591]\"><img class=\"\" src=\"https:\/\/pepperoniteam.pl\/wp-content\/uploads\/2018\/12\/577106_481912771825599_153462764_n-165x165.jpg\" width=\"165\" height=\"165\" alt=\"Czuszka\" title=\"Czuszka\" \/><\/a><\/li><li class=\"isotope-item\"><a class=\"prettyphoto\" href=\"https:\/\/pepperoniteam.pl\/wp-content\/uploads\/2018\/12\/268574_582005235149685_1786442886_n.jpg\" data-rel=\"prettyPhoto[rel-4994-1272372591]\"><img class=\"\" src=\"https:\/\/pepperoniteam.pl\/wp-content\/uploads\/2018\/12\/268574_582005235149685_1786442886_n-165x165.jpg\" width=\"165\" height=\"165\" alt=\"268574_582005235149685_1786442886_n\" title=\"268574_582005235149685_1786442886_n\" \/><\/a><\/li><li class=\"isotope-item\"><a class=\"prettyphoto\" href=\"https:\/\/pepperoniteam.pl\/wp-content\/uploads\/2018\/12\/10686918_991331237550414_7538045414166587152_n.jpg\" data-rel=\"prettyPhoto[rel-4994-1272372591]\"><img class=\"\" src=\"https:\/\/pepperoniteam.pl\/wp-content\/uploads\/2018\/12\/10686918_991331237550414_7538045414166587152_n-165x165.jpg\" width=\"165\" height=\"165\" alt=\"10686918_991331237550414_7538045414166587152_n\" title=\"10686918_991331237550414_7538045414166587152_n\" \/><\/a><\/li><li class=\"isotope-item\"><a class=\"prettyphoto\" href=\"https:\/\/pepperoniteam.pl\/wp-content\/uploads\/2018\/12\/1908473_1004830132867191_5598573379021667818_n.jpg\" data-rel=\"prettyPhoto[rel-4994-1272372591]\"><img class=\"\" src=\"https:\/\/pepperoniteam.pl\/wp-content\/uploads\/2018\/12\/1908473_1004830132867191_5598573379021667818_n-165x165.jpg\" width=\"165\" height=\"165\" alt=\"1908473_1004830132867191_5598573379021667818_n\" title=\"1908473_1004830132867191_5598573379021667818_n\" \/><\/a><\/li><li class=\"isotope-item\"><a class=\"prettyphoto\" href=\"https:\/\/pepperoniteam.pl\/wp-content\/uploads\/2018\/12\/12091444_1189542857729250_8314274020224596465_o.jpg\" data-rel=\"prettyPhoto[rel-4994-1272372591]\"><img class=\"\" src=\"https:\/\/pepperoniteam.pl\/wp-content\/uploads\/2018\/12\/12091444_1189542857729250_8314274020224596465_o-165x165.jpg\" width=\"165\" height=\"165\" alt=\"12091444_1189542857729250_8314274020224596465_o\" title=\"12091444_1189542857729250_8314274020224596465_o\" \/><\/a><\/li><li class=\"isotope-item\"><a class=\"prettyphoto\" href=\"https:\/\/pepperoniteam.pl\/wp-content\/uploads\/2018\/12\/12232830_1217907271559475_6000273500012961066_o.jpg\" data-rel=\"prettyPhoto[rel-4994-1272372591]\"><img class=\"\" src=\"https:\/\/pepperoniteam.pl\/wp-content\/uploads\/2018\/12\/12232830_1217907271559475_6000273500012961066_o-165x165.jpg\" width=\"165\" height=\"165\" alt=\"12232830_1217907271559475_6000273500012961066_o\" title=\"12232830_1217907271559475_6000273500012961066_o\" \/><\/a><\/li><li class=\"isotope-item\"><a class=\"prettyphoto\" href=\"https:\/\/pepperoniteam.pl\/wp-content\/uploads\/2018\/12\/12244713_1215244948492374_7778842983262427225_o.jpg\" data-rel=\"prettyPhoto[rel-4994-1272372591]\"><img class=\"\" src=\"https:\/\/pepperoniteam.pl\/wp-content\/uploads\/2018\/12\/12244713_1215244948492374_7778842983262427225_o-165x165.jpg\" width=\"165\" height=\"165\" alt=\"12244713_1215244948492374_7778842983262427225_o\" title=\"12244713_1215244948492374_7778842983262427225_o\" \/><\/a><\/li><\/ul><\/div><\/div><\/div>\n\t<div class=\"wpb_text_column wpb_content_element\" >\n\t\t<div class=\"wpb_wrapper\">\n\t\t\t<p style=\"text-align: center;\"><a href=\"https:\/\/www.facebook.com\/media\/set\/?set=a.113085802041633&amp;type=3\"><span style=\"color: #808080;\"><strong>More photos<\/strong><\/span><\/a>\u00a0<i class=\"fa fa-facebook-square\" ><\/i><\/p>\n\n\t\t<\/div>\n\t<\/div>\n<\/div><\/div><\/div><\/div>","protected":false},"excerpt":{"rendered":"Czuszka Z Ta\u0142chej\u00f3w Ur. 15.05.2004 \u015am. 19.12.2015 Rodow\u00f3d ( Tocok\u00e9rti-Vad\u00e1sz Adu x Barda z Pansk\u00fdch les\u00fa ) INTERCHAMPION C.I.E. Champion<a class=\"article-read-more\" href=\"https:\/\/pepperoniteam.pl\/en\/czuszka\/\"><i class=\"worldblogicon fa-angle-double-right\"><\/i><\/a>","protected":false},"author":2,"featured_media":0,"parent":0,"menu_order":0,"comment_status":"closed","ping_status":"closed","template":"","meta":[],"wps_subtitle":"","_links":{"self":[{"href":"https:\/\/pepperoniteam.pl\/en\/wp-json\/wp\/v2\/pages\/4994"}],"collection":[{"href":"https:\/\/pepperoniteam.pl\/en\/wp-json\/wp\/v2\/pages"}],"about":[{"href":"https:\/\/pepperoniteam.pl\/en\/wp-json\/wp\/v2\/types\/page"}],"author":[{"embeddable":true,"href":"https:\/\/pepperoniteam.pl\/en\/wp-json\/wp\/v2\/users\/2"}],"replies":[{"embeddable":true,"href":"https:\/\/pepperoniteam.pl\/en\/wp-json\/wp\/v2\/comments?post=4994"}],"version-history":[{"count":0,"href":"https:\/\/pepperoniteam.pl\/en\/wp-json\/wp\/v2\/pages\/4994\/revisions"}],"wp:attachment":[{"href":"https:\/\/pepperoniteam.pl\/en\/wp-json\/wp\/v2\/media?parent=4994"}],"curies":[{"name":"wp","href":"https:\/\/api.w.org\/{rel}","templated":true}]}}