{"id":5036,"date":"2018-12-30T12:17:06","date_gmt":"2018-12-30T11:17:06","guid":{"rendered":"http:\/\/pepperoniteam.pl\/pepperoni\/?page_id=5036"},"modified":"2022-06-01T22:20:25","modified_gmt":"2022-06-01T20:20:25","slug":"bogar","status":"publish","type":"page","link":"https:\/\/pepperoniteam.pl\/en\/bogar\/","title":{"rendered":"Bogar"},"content":{"rendered":"<div class=\"vc_row wpb_row vc_row-fluid\"><div class=\"wpb_column vc_column_container vc_col-sm-12\"><div class=\"vc_column-inner\"><div class=\"wpb_wrapper\">\n\t<div class=\"wpb_text_column wpb_content_element  wpb_animate_when_almost_visible wpb_fadeInDown fadeInDown vc_custom_1546168475165 special1\" >\n\t\t<div class=\"wpb_wrapper\">\n\t\t\t<h1><strong><span class=\"_3oh- _58nk\">Bogar Pepperoni Team<\/span><\/strong><\/h1>\n\n\t\t<\/div>\n\t<\/div>\n\n\t<div class=\"wpb_text_column wpb_content_element\" >\n\t\t<div class=\"wpb_wrapper\">\n\t\t\t<p><i class=\"fa fa-female\" ><\/i> Owner: Maja Banasik<\/p>\n<p><i class=\"fa fa-calendar\" ><\/i> DOB 18.03.2016<br \/>\n<i class=\"fa fa-id-card-o\" ><\/i> <span style=\"color: #808080;\"><a style=\"color: #808080;\" href=\"http:\/\/www.vizsladatabase.com\/details.php?id=169096\">Pedigree<\/a><\/span><\/p>\n<p>(Aranyvad\u00e1sz Nimr\u00f3d x Piri-Piri Pepperoni Team )<\/p>\n\n\t\t<\/div>\n\t<\/div>\n<\/div><\/div><\/div><\/div><div class=\"vc_row wpb_row vc_row-fluid\"><div class=\"wpb_column vc_column_container vc_col-sm-12\"><div class=\"vc_column-inner\"><div class=\"wpb_wrapper\">\n\t<div  class=\"wpb_single_image wpb_content_element vc_align_left  wpb_animate_when_almost_visible wpb_rotateInUpLeft rotateInUpLeft\">\n\t\t\n\t\t<figure class=\"wpb_wrapper vc_figure\">\n\t\t\t<a data-rel=\"prettyPhoto[rel-5036-1299661188]\" href=\"https:\/\/pepperoniteam.pl\/wp-content\/uploads\/2018\/11\/IMG_9334-1024x683.jpg\" target=\"_self\" class=\"vc_single_image-wrapper vc_box_border  vc_box_border_grey prettyphoto\"><img class=\"vc_single_image-img\" src=\"https:\/\/pepperoniteam.pl\/wp-content\/uploads\/2018\/11\/IMG_9334-450x300.jpg\" width=\"450\" height=\"300\" alt=\"IMG_9334\" title=\"IMG_9334\" \/><\/a>\n\t\t<\/figure>\n\t<\/div>\n<\/div><\/div><\/div><\/div><div class=\"vc_row wpb_row vc_row-fluid\"><div class=\"wpb_column vc_column_container vc_col-sm-12\"><div class=\"vc_column-inner\"><div class=\"wpb_wrapper\">\n\t<div class=\"wpb_text_column wpb_content_element\" >\n\t\t<div class=\"wpb_wrapper\">\n\t\t\t<p style=\"text-align: left;\"><strong>STUD DOG<\/strong><\/p>\n<p><i class=\"fa fa-trophy\" ><\/i> <b>Junior Champion of Poland<\/b><br \/>\n<i class=\"fa fa-trophy\" ><\/i> <b>Champion of Poland<br \/>\n<\/b><i class=\"fa fa-trophy\" ><\/i>\u00a0<b>Champion of Lithuania<br \/>\n<\/b><i class=\"fa fa-trophy\" ><\/i> <b>Grand\u00a0Champion Polski<br \/>\n<\/b><\/p>\n<p><strong>Shows<br \/>\n<\/strong>BIS Puppy III<br \/>\nBIS Working Dogs I<br \/>\nBIS Working Dogs III<br \/>\nBOG III<br \/>\n6 x BOB<br \/>\n4 x BOS<br \/>\n3 x CACIB<br \/>\nresCACIB<br \/>\n15 x CAC<br \/>\n3 x jCAC<\/p>\n<p><strong>Working<br \/>\n<\/strong>Hunting Test - I degree diploma<br \/>\nField Trials \u2013 III degree diploma<br \/>\nWorking Class Certificate<\/p>\n<p><strong>Health<br \/>\n<\/strong>HD &#8211; A<br \/>\nEyes clear with certificate<br \/>\nHeart echo scan - clear (with certificate)<br \/>\nL\/L (free of long hair gene)<\/p>\n\n\t\t<\/div>\n\t<\/div>\n<\/div><\/div><\/div><\/div><div class=\"vc_row wpb_row vc_row-fluid\"><div class=\"wpb_column vc_column_container vc_col-sm-12\"><div class=\"vc_column-inner\"><div class=\"wpb_wrapper\"><div class=\"wpb_gallery wpb_content_element vc_clearfix\" ><div class=\"wpb_wrapper\"><div class=\"wpb_gallery_slides wpb_image_grid\" data-interval=\"3\"><ul class=\"wpb_image_grid_ul\"><li class=\"isotope-item\"><a class=\"prettyphoto\" href=\"https:\/\/pepperoniteam.pl\/wp-content\/uploads\/2018\/12\/13235252_1343683118981889_3157041983740713890_o.jpg\" data-rel=\"prettyPhoto[rel-5036-1688890380]\"><img class=\"\" src=\"https:\/\/pepperoniteam.pl\/wp-content\/uploads\/2018\/12\/13235252_1343683118981889_3157041983740713890_o-165x165.jpg\" width=\"165\" height=\"165\" alt=\"13235252_1343683118981889_3157041983740713890_o\" title=\"13235252_1343683118981889_3157041983740713890_o\" \/><\/a><\/li><li class=\"isotope-item\"><a class=\"prettyphoto\" href=\"https:\/\/pepperoniteam.pl\/wp-content\/uploads\/2018\/12\/13217573_1343680638982137_6533279567444078377_o.jpg\" data-rel=\"prettyPhoto[rel-5036-1688890380]\"><img class=\"\" src=\"https:\/\/pepperoniteam.pl\/wp-content\/uploads\/2018\/12\/13217573_1343680638982137_6533279567444078377_o-165x165.jpg\" width=\"165\" height=\"165\" alt=\"13217573_1343680638982137_6533279567444078377_o\" title=\"13217573_1343680638982137_6533279567444078377_o\" \/><\/a><\/li><li class=\"isotope-item\"><a class=\"prettyphoto\" href=\"https:\/\/pepperoniteam.pl\/wp-content\/uploads\/2019\/01\/14352423_1453564021327131_681058176884885635_o-1-1024x683.jpg\" data-rel=\"prettyPhoto[rel-5036-1688890380]\"><img class=\"\" src=\"https:\/\/pepperoniteam.pl\/wp-content\/uploads\/2019\/01\/14352423_1453564021327131_681058176884885635_o-1-165x165.jpg\" width=\"165\" height=\"165\" alt=\"14352423_1453564021327131_681058176884885635_o\" title=\"14352423_1453564021327131_681058176884885635_o\" \/><\/a><\/li><li class=\"isotope-item\"><a class=\"prettyphoto\" href=\"https:\/\/pepperoniteam.pl\/wp-content\/uploads\/2018\/12\/22424641_1962956223721239_129667321871033473_o-1024x683.jpg\" data-rel=\"prettyPhoto[rel-5036-1688890380]\"><img class=\"\" src=\"https:\/\/pepperoniteam.pl\/wp-content\/uploads\/2018\/12\/22424641_1962956223721239_129667321871033473_o-165x165.jpg\" width=\"165\" height=\"165\" alt=\"22424641_1962956223721239_129667321871033473_o\" title=\"22424641_1962956223721239_129667321871033473_o\" \/><\/a><\/li><li class=\"isotope-item\"><a class=\"prettyphoto\" href=\"https:\/\/pepperoniteam.pl\/wp-content\/uploads\/2018\/12\/18359376_1750723434944520_8501418553813589375_o-1024x768.jpg\" data-rel=\"prettyPhoto[rel-5036-1688890380]\"><img class=\"\" src=\"https:\/\/pepperoniteam.pl\/wp-content\/uploads\/2018\/12\/18359376_1750723434944520_8501418553813589375_o-165x165.jpg\" width=\"165\" height=\"165\" alt=\"18359376_1750723434944520_8501418553813589375_o\" title=\"18359376_1750723434944520_8501418553813589375_o\" \/><\/a><\/li><li class=\"isotope-item\"><a class=\"prettyphoto\" href=\"https:\/\/pepperoniteam.pl\/wp-content\/uploads\/2018\/11\/bogarrr-1024x683.jpg\" data-rel=\"prettyPhoto[rel-5036-1688890380]\"><img class=\"\" src=\"https:\/\/pepperoniteam.pl\/wp-content\/uploads\/2018\/11\/bogarrr-165x165.jpg\" width=\"165\" height=\"165\" alt=\"bogarrr\" title=\"bogarrr\" \/><\/a><\/li><li class=\"isotope-item\"><a class=\"prettyphoto\" href=\"https:\/\/pepperoniteam.pl\/wp-content\/uploads\/2018\/05\/32072622_2245125198837672_5511535663268233216_o-683x1024.jpg\" data-rel=\"prettyPhoto[rel-5036-1688890380]\"><img class=\"\" src=\"https:\/\/pepperoniteam.pl\/wp-content\/uploads\/2018\/05\/32072622_2245125198837672_5511535663268233216_o-165x165.jpg\" width=\"165\" height=\"165\" alt=\"32072622_2245125198837672_5511535663268233216_o\" title=\"32072622_2245125198837672_5511535663268233216_o\" \/><\/a><\/li><li class=\"isotope-item\"><a class=\"prettyphoto\" href=\"https:\/\/pepperoniteam.pl\/wp-content\/uploads\/2018\/10\/43510988_2474636685886521_811373322838212608_n.jpg\" data-rel=\"prettyPhoto[rel-5036-1688890380]\"><img class=\"\" src=\"https:\/\/pepperoniteam.pl\/wp-content\/uploads\/2018\/10\/43510988_2474636685886521_811373322838212608_n-165x165.jpg\" width=\"165\" height=\"165\" alt=\"43510988_2474636685886521_811373322838212608_n\" title=\"43510988_2474636685886521_811373322838212608_n\" \/><\/a><\/li><li class=\"isotope-item\"><a class=\"prettyphoto\" href=\"https:\/\/pepperoniteam.pl\/wp-content\/uploads\/2018\/10\/43530765_2474636689219854_2348792106648076288_n.jpg\" data-rel=\"prettyPhoto[rel-5036-1688890380]\"><img class=\"\" src=\"https:\/\/pepperoniteam.pl\/wp-content\/uploads\/2018\/10\/43530765_2474636689219854_2348792106648076288_n-165x165.jpg\" width=\"165\" height=\"165\" alt=\"43530765_2474636689219854_2348792106648076288_n\" title=\"43530765_2474636689219854_2348792106648076288_n\" \/><\/a><\/li><li class=\"isotope-item\"><a class=\"prettyphoto\" href=\"https:\/\/pepperoniteam.pl\/wp-content\/uploads\/2018\/10\/43346224_2474636705886519_1569835070951260160_n.jpg\" data-rel=\"prettyPhoto[rel-5036-1688890380]\"><img class=\"\" src=\"https:\/\/pepperoniteam.pl\/wp-content\/uploads\/2018\/10\/43346224_2474636705886519_1569835070951260160_n-165x165.jpg\" width=\"165\" height=\"165\" alt=\"43346224_2474636705886519_1569835070951260160_n\" title=\"43346224_2474636705886519_1569835070951260160_n\" \/><\/a><\/li><li class=\"isotope-item\"><a class=\"prettyphoto\" href=\"https:\/\/pepperoniteam.pl\/wp-content\/uploads\/2018\/11\/43747857_2182549782003811_8362558361924796416_n.jpg\" data-rel=\"prettyPhoto[rel-5036-1688890380]\"><img class=\"\" src=\"https:\/\/pepperoniteam.pl\/wp-content\/uploads\/2018\/11\/43747857_2182549782003811_8362558361924796416_n-165x165.jpg\" width=\"165\" height=\"165\" alt=\"43747857_2182549782003811_8362558361924796416_n\" title=\"43747857_2182549782003811_8362558361924796416_n\" \/><\/a><\/li><li class=\"isotope-item\"><a class=\"prettyphoto\" href=\"https:\/\/pepperoniteam.pl\/wp-content\/uploads\/2018\/12\/37991255_2145622475707471_458167431597129728_o.jpg\" data-rel=\"prettyPhoto[rel-5036-1688890380]\"><img class=\"\" src=\"https:\/\/pepperoniteam.pl\/wp-content\/uploads\/2018\/12\/37991255_2145622475707471_458167431597129728_o-165x165.jpg\" width=\"165\" height=\"165\" alt=\"37991255_2145622475707471_458167431597129728_o\" title=\"37991255_2145622475707471_458167431597129728_o\" \/><\/a><\/li><li class=\"isotope-item\"><a class=\"prettyphoto\" href=\"https:\/\/pepperoniteam.pl\/wp-content\/uploads\/2018\/12\/22459091_1962956267054568_2988309514099172085_o.jpg\" data-rel=\"prettyPhoto[rel-5036-1688890380]\"><img class=\"\" src=\"https:\/\/pepperoniteam.pl\/wp-content\/uploads\/2018\/12\/22459091_1962956267054568_2988309514099172085_o-165x165.jpg\" width=\"165\" height=\"165\" alt=\"22459091_1962956267054568_2988309514099172085_o\" title=\"22459091_1962956267054568_2988309514099172085_o\" \/><\/a><\/li><li class=\"isotope-item\"><a class=\"prettyphoto\" href=\"https:\/\/pepperoniteam.pl\/wp-content\/uploads\/2018\/12\/37753407_2141131549489897_4114700144128032768_o.jpg\" data-rel=\"prettyPhoto[rel-5036-1688890380]\"><img class=\"\" src=\"https:\/\/pepperoniteam.pl\/wp-content\/uploads\/2018\/12\/37753407_2141131549489897_4114700144128032768_o-165x165.jpg\" width=\"165\" height=\"165\" alt=\"37753407_2141131549489897_4114700144128032768_o\" title=\"37753407_2141131549489897_4114700144128032768_o\" \/><\/a><\/li><li class=\"isotope-item\"><a class=\"prettyphoto\" href=\"https:\/\/pepperoniteam.pl\/wp-content\/uploads\/2018\/12\/44453506_2204618169807901_1541066568253833216_n.jpg\" data-rel=\"prettyPhoto[rel-5036-1688890380]\"><img class=\"\" src=\"https:\/\/pepperoniteam.pl\/wp-content\/uploads\/2018\/12\/44453506_2204618169807901_1541066568253833216_n-165x165.jpg\" width=\"165\" height=\"165\" alt=\"44453506_2204618169807901_1541066568253833216_n\" title=\"44453506_2204618169807901_1541066568253833216_n\" \/><\/a><\/li><li class=\"isotope-item\"><a class=\"prettyphoto\" href=\"https:\/\/pepperoniteam.pl\/wp-content\/uploads\/2018\/12\/48981180_2241607719442279_4399704295465811968_n.jpg\" data-rel=\"prettyPhoto[rel-5036-1688890380]\"><img class=\"\" src=\"https:\/\/pepperoniteam.pl\/wp-content\/uploads\/2018\/12\/48981180_2241607719442279_4399704295465811968_n-165x165.jpg\" width=\"165\" height=\"165\" alt=\"48981180_2241607719442279_4399704295465811968_n\" title=\"48981180_2241607719442279_4399704295465811968_n\" \/><\/a><\/li><li class=\"isotope-item\"><a class=\"prettyphoto\" href=\"https:\/\/pepperoniteam.pl\/wp-content\/uploads\/2019\/05\/60414667_2338786713057712_556931153756422144_n.jpg\" data-rel=\"prettyPhoto[rel-5036-1688890380]\"><img class=\"\" src=\"https:\/\/pepperoniteam.pl\/wp-content\/uploads\/2019\/05\/60414667_2338786713057712_556931153756422144_n-165x165.jpg\" width=\"165\" height=\"165\" alt=\"60414667_2338786713057712_556931153756422144_n\" title=\"60414667_2338786713057712_556931153756422144_n\" \/><\/a><\/li><li class=\"isotope-item\"><a class=\"prettyphoto\" href=\"https:\/\/pepperoniteam.pl\/wp-content\/uploads\/2019\/10\/55919053_2743050352378485_7857047583133270016_n.jpg\" data-rel=\"prettyPhoto[rel-5036-1688890380]\"><img class=\"\" src=\"https:\/\/pepperoniteam.pl\/wp-content\/uploads\/2019\/10\/55919053_2743050352378485_7857047583133270016_n-165x165.jpg\" width=\"165\" height=\"165\" alt=\"55919053_2743050352378485_7857047583133270016_n\" title=\"55919053_2743050352378485_7857047583133270016_n\" \/><\/a><\/li><li class=\"isotope-item\"><a class=\"prettyphoto\" href=\"https:\/\/pepperoniteam.pl\/wp-content\/uploads\/2020\/03\/IMG_2870.jpg\" data-rel=\"prettyPhoto[rel-5036-1688890380]\"><img class=\"\" src=\"https:\/\/pepperoniteam.pl\/wp-content\/uploads\/2020\/03\/IMG_2870-165x165.jpg\" width=\"165\" height=\"165\" alt=\"IMG_2870\" title=\"IMG_2870\" \/><\/a><\/li><li class=\"isotope-item\"><a class=\"prettyphoto\" href=\"https:\/\/pepperoniteam.pl\/wp-content\/uploads\/2021\/01\/116905825_3855849787765197_5834400691994609727_o-1024x768.jpg\" data-rel=\"prettyPhoto[rel-5036-1688890380]\"><img class=\"\" src=\"https:\/\/pepperoniteam.pl\/wp-content\/uploads\/2021\/01\/116905825_3855849787765197_5834400691994609727_o-165x165.jpg\" width=\"165\" height=\"165\" alt=\"116905825_3855849787765197_5834400691994609727_o\" title=\"116905825_3855849787765197_5834400691994609727_o\" \/><\/a><\/li><li class=\"isotope-item\"><a class=\"prettyphoto\" href=\"https:\/\/pepperoniteam.pl\/wp-content\/uploads\/2021\/01\/133559557_4286673244682847_5603081024623567875_o-683x1024.jpg\" data-rel=\"prettyPhoto[rel-5036-1688890380]\"><img class=\"\" src=\"https:\/\/pepperoniteam.pl\/wp-content\/uploads\/2021\/01\/133559557_4286673244682847_5603081024623567875_o-165x165.jpg\" width=\"165\" height=\"165\" alt=\"133559557_4286673244682847_5603081024623567875_o\" title=\"133559557_4286673244682847_5603081024623567875_o\" \/><\/a><\/li><li class=\"isotope-item\"><a class=\"prettyphoto\" href=\"https:\/\/pepperoniteam.pl\/wp-content\/uploads\/2021\/09\/bogarek.jpeg\" data-rel=\"prettyPhoto[rel-5036-1688890380]\"><img class=\"\" src=\"https:\/\/pepperoniteam.pl\/wp-content\/uploads\/2021\/09\/bogarek-165x165.jpeg\" width=\"165\" height=\"165\" alt=\"bogarek\" title=\"bogarek\" \/><\/a><\/li><li class=\"isotope-item\"><a class=\"prettyphoto\" href=\"https:\/\/pepperoniteam.pl\/wp-content\/uploads\/2022\/06\/bogar.jpeg\" data-rel=\"prettyPhoto[rel-5036-1688890380]\"><img class=\"\" src=\"https:\/\/pepperoniteam.pl\/wp-content\/uploads\/2022\/06\/bogar-165x165.jpeg\" width=\"165\" height=\"165\" alt=\"bogar\" title=\"bogar\" \/><\/a><\/li><li class=\"isotope-item\"><a class=\"prettyphoto\" href=\"https:\/\/pepperoniteam.pl\/wp-content\/uploads\/2022\/06\/bogar1.jpg\" data-rel=\"prettyPhoto[rel-5036-1688890380]\"><img class=\"\" src=\"https:\/\/pepperoniteam.pl\/wp-content\/uploads\/2022\/06\/bogar1-165x165.jpg\" width=\"165\" height=\"165\" alt=\"bogar1\" title=\"bogar1\" \/><\/a><\/li><\/ul><\/div><\/div><\/div>\n\t<div class=\"wpb_text_column wpb_content_element\" >\n\t\t<div class=\"wpb_wrapper\">\n\t\t\t<p style=\"text-align: center;\"><a href=\"https:\/\/www.facebook.com\/media\/set\/?set=a.1361818960501638&amp;type=3\"><span style=\"color: #808080;\"><strong>More photos<\/strong><\/span><\/a>\u00a0<i class=\"fa fa-facebook-square\" ><\/i><\/p>\n\n\t\t<\/div>\n\t<\/div>\n<\/div><\/div><\/div><\/div><div class=\"vc_row wpb_row vc_row-fluid\"><div class=\"wpb_column vc_column_container vc_col-sm-12\"><div class=\"vc_column-inner\"><div class=\"wpb_wrapper\"><\/div><\/div><\/div><\/div>","protected":false},"excerpt":{"rendered":"Bogar Pepperoni Team W\u0142a\u015bciciel: Maja Banasik Ur. 18.03.2016 Rodow\u00f3d (Aranyvad\u00e1sz Nimr\u00f3d x Piri-Piri Pepperoni Team ) REPRODUKTOR M\u0142odzie\u017cowy Champion Polski<a class=\"article-read-more\" href=\"https:\/\/pepperoniteam.pl\/en\/bogar\/\"><i class=\"worldblogicon fa-angle-double-right\"><\/i><\/a>","protected":false},"author":2,"featured_media":0,"parent":0,"menu_order":0,"comment_status":"closed","ping_status":"closed","template":"","meta":[],"wps_subtitle":"","_links":{"self":[{"href":"https:\/\/pepperoniteam.pl\/en\/wp-json\/wp\/v2\/pages\/5036"}],"collection":[{"href":"https:\/\/pepperoniteam.pl\/en\/wp-json\/wp\/v2\/pages"}],"about":[{"href":"https:\/\/pepperoniteam.pl\/en\/wp-json\/wp\/v2\/types\/page"}],"author":[{"embeddable":true,"href":"https:\/\/pepperoniteam.pl\/en\/wp-json\/wp\/v2\/users\/2"}],"replies":[{"embeddable":true,"href":"https:\/\/pepperoniteam.pl\/en\/wp-json\/wp\/v2\/comments?post=5036"}],"version-history":[{"count":0,"href":"https:\/\/pepperoniteam.pl\/en\/wp-json\/wp\/v2\/pages\/5036\/revisions"}],"wp:attachment":[{"href":"https:\/\/pepperoniteam.pl\/en\/wp-json\/wp\/v2\/media?parent=5036"}],"curies":[{"name":"wp","href":"https:\/\/api.w.org\/{rel}","templated":true}]}}