{"id":5061,"date":"2018-12-30T13:08:33","date_gmt":"2018-12-30T12:08:33","guid":{"rendered":"http:\/\/pepperoniteam.pl\/pepperoni\/?page_id=5061"},"modified":"2022-04-21T20:37:33","modified_gmt":"2022-04-21T18:37:33","slug":"brego","status":"publish","type":"page","link":"https:\/\/pepperoniteam.pl\/en\/brego\/","title":{"rendered":"Brego"},"content":{"rendered":"<div class=\"vc_row wpb_row vc_row-fluid\"><div class=\"wpb_column vc_column_container vc_col-sm-12\"><div class=\"vc_column-inner\"><div class=\"wpb_wrapper\">\n\t<div class=\"wpb_text_column wpb_content_element  wpb_animate_when_almost_visible wpb_fadeInDown fadeInDown vc_custom_1546171646518 special1\" >\n\t\t<div class=\"wpb_wrapper\">\n\t\t\t<h1><strong><span class=\"_3oh- _58nk\">Brego Pepperoni Team<\/span><\/strong><\/h1>\n\n\t\t<\/div>\n\t<\/div>\n\n\t<div class=\"wpb_text_column wpb_content_element\" >\n\t\t<div class=\"wpb_wrapper\">\n\t\t\t<p><i class=\"fa fa-male\" ><\/i> Owner: Mariusz Wieczorek<\/p>\n<p><i class=\"fa fa-calendar\" ><\/i> DOB 18.03.2016<br \/>\n<i class=\"fa fa-id-card-o\" ><\/i> <span style=\"color: #808080;\"><a style=\"color: #808080;\" href=\"http:\/\/www.vizsladatabase.com\/details.php?id=169097\">Pedigree<\/a><\/span><\/p>\n<p>(Aranyvad\u00e1sz Nimr\u00f3d x Piri-Piri Pepperoni Team )<\/p>\n\n\t\t<\/div>\n\t<\/div>\n<\/div><\/div><\/div><\/div><div class=\"vc_row wpb_row vc_row-fluid\"><div class=\"wpb_column vc_column_container vc_col-sm-12\"><div class=\"vc_column-inner\"><div class=\"wpb_wrapper\">\n\t<div  class=\"wpb_single_image wpb_content_element vc_align_left  wpb_animate_when_almost_visible wpb_rotateInUpLeft rotateInUpLeft\">\n\t\t\n\t\t<figure class=\"wpb_wrapper vc_figure\">\n\t\t\t<a data-rel=\"prettyPhoto[rel-5061-137591740]\" href=\"https:\/\/pepperoniteam.pl\/wp-content\/uploads\/2018\/12\/brego-1.jpg\" target=\"_self\" class=\"vc_single_image-wrapper vc_box_border  vc_box_border_grey prettyphoto\"><img class=\"vc_single_image-img\" src=\"https:\/\/pepperoniteam.pl\/wp-content\/uploads\/2018\/12\/brego-1-450x300.jpg\" width=\"450\" height=\"300\" alt=\"brego\" title=\"brego\" \/><\/a>\n\t\t<\/figure>\n\t<\/div>\n<\/div><\/div><\/div><\/div><div class=\"vc_row wpb_row vc_row-fluid\"><div class=\"wpb_column vc_column_container vc_col-sm-12\"><div class=\"vc_column-inner\"><div class=\"wpb_wrapper\">\n\t<div class=\"wpb_text_column wpb_content_element\" >\n\t\t<div class=\"wpb_wrapper\">\n\t\t\t<p style=\"text-align: left;\"><strong>STUD DOG<br \/>\n<\/strong><br \/>\n<i class=\"fa fa-trophy\" ><\/i> <b>Junior Champion of Poland<\/b><br \/>\n<i class=\"fa fa-trophy\" ><\/i> <b>Champion of Poland<\/b><\/p>\n<p><strong>Shows<br \/>\n<\/strong>3 x jCAC<br \/>\n6 x CAC<br \/>\n3 x resCACIB<br \/>\n3 x BOS<br \/>\nBOB<br \/>\nBOG IV<\/p>\n<p><strong>Working<br \/>\n<\/strong>Hunting Test - I degree diploma<br \/>\nworking dog<\/p>\n<p><strong>Health<br \/>\n<\/strong>HD &#8211; A, ED 0<\/p>\n\n\t\t<\/div>\n\t<\/div>\n<\/div><\/div><\/div><\/div><div class=\"vc_row wpb_row vc_row-fluid\"><div class=\"wpb_column vc_column_container vc_col-sm-12\"><div class=\"vc_column-inner\"><div class=\"wpb_wrapper\"><div class=\"wpb_gallery wpb_content_element vc_clearfix\" ><div class=\"wpb_wrapper\"><div class=\"wpb_gallery_slides wpb_image_grid\" data-interval=\"3\"><ul class=\"wpb_image_grid_ul\"><li class=\"isotope-item\"><a class=\"prettyphoto\" href=\"https:\/\/pepperoniteam.pl\/wp-content\/uploads\/2018\/12\/13119804_1332853646731503_7599771228423265398_o.jpg\" data-rel=\"prettyPhoto[rel-5061-602348233]\"><img class=\"\" src=\"https:\/\/pepperoniteam.pl\/wp-content\/uploads\/2018\/12\/13119804_1332853646731503_7599771228423265398_o-165x165.jpg\" width=\"165\" height=\"165\" alt=\"13119804_1332853646731503_7599771228423265398_o\" title=\"13119804_1332853646731503_7599771228423265398_o\" \/><\/a><\/li><li class=\"isotope-item\"><a class=\"prettyphoto\" href=\"https:\/\/pepperoniteam.pl\/wp-content\/uploads\/2018\/12\/13064733_1343682468981954_8829591413339869830_o.jpg\" data-rel=\"prettyPhoto[rel-5061-602348233]\"><img class=\"\" src=\"https:\/\/pepperoniteam.pl\/wp-content\/uploads\/2018\/12\/13064733_1343682468981954_8829591413339869830_o-165x165.jpg\" width=\"165\" height=\"165\" alt=\"13064733_1343682468981954_8829591413339869830_o\" title=\"13064733_1343682468981954_8829591413339869830_o\" \/><\/a><\/li><li class=\"isotope-item\"><a class=\"prettyphoto\" href=\"https:\/\/pepperoniteam.pl\/wp-content\/uploads\/2018\/12\/24879549_2044497435567117_2467658396587168648_o.jpg\" data-rel=\"prettyPhoto[rel-5061-602348233]\"><img class=\"\" src=\"https:\/\/pepperoniteam.pl\/wp-content\/uploads\/2018\/12\/24879549_2044497435567117_2467658396587168648_o-165x165.jpg\" width=\"165\" height=\"165\" alt=\"24879549_2044497435567117_2467658396587168648_o\" title=\"24879549_2044497435567117_2467658396587168648_o\" \/><\/a><\/li><li class=\"isotope-item\"><a class=\"prettyphoto\" href=\"https:\/\/pepperoniteam.pl\/wp-content\/uploads\/2019\/03\/brego2-1024x682.jpg\" data-rel=\"prettyPhoto[rel-5061-602348233]\"><img class=\"\" src=\"https:\/\/pepperoniteam.pl\/wp-content\/uploads\/2019\/03\/brego2-165x165.jpg\" width=\"165\" height=\"165\" alt=\"brego2\" title=\"brego2\" \/><\/a><\/li><li class=\"isotope-item\"><a class=\"prettyphoto\" href=\"https:\/\/pepperoniteam.pl\/wp-content\/uploads\/2018\/12\/17637088_1693806793969518_8683831777597099430_o.jpg\" data-rel=\"prettyPhoto[rel-5061-602348233]\"><img class=\"\" src=\"https:\/\/pepperoniteam.pl\/wp-content\/uploads\/2018\/12\/17637088_1693806793969518_8683831777597099430_o-165x165.jpg\" width=\"165\" height=\"165\" alt=\"17637088_1693806793969518_8683831777597099430_o\" title=\"17637088_1693806793969518_8683831777597099430_o\" \/><\/a><\/li><li class=\"isotope-item\"><a class=\"prettyphoto\" href=\"https:\/\/pepperoniteam.pl\/wp-content\/uploads\/2018\/12\/17620385_1693806797302851_404860667022470837_o.jpg\" data-rel=\"prettyPhoto[rel-5061-602348233]\"><img class=\"\" src=\"https:\/\/pepperoniteam.pl\/wp-content\/uploads\/2018\/12\/17620385_1693806797302851_404860667022470837_o-165x165.jpg\" width=\"165\" height=\"165\" alt=\"17620385_1693806797302851_404860667022470837_o\" title=\"17620385_1693806797302851_404860667022470837_o\" \/><\/a><\/li><li class=\"isotope-item\"><a class=\"prettyphoto\" href=\"https:\/\/pepperoniteam.pl\/wp-content\/uploads\/2019\/01\/20157248_1855528944463968_8339769965938178528_o.jpg\" data-rel=\"prettyPhoto[rel-5061-602348233]\"><img class=\"\" src=\"https:\/\/pepperoniteam.pl\/wp-content\/uploads\/2019\/01\/20157248_1855528944463968_8339769965938178528_o-165x165.jpg\" width=\"165\" height=\"165\" alt=\"20157248_1855528944463968_8339769965938178528_o\" title=\"20157248_1855528944463968_8339769965938178528_o\" \/><\/a><\/li><li class=\"isotope-item\"><a class=\"prettyphoto\" href=\"https:\/\/pepperoniteam.pl\/wp-content\/uploads\/2018\/12\/26677889_2093704930646367_8054207123682479051_o.jpg\" data-rel=\"prettyPhoto[rel-5061-602348233]\"><img class=\"\" src=\"https:\/\/pepperoniteam.pl\/wp-content\/uploads\/2018\/12\/26677889_2093704930646367_8054207123682479051_o-165x165.jpg\" width=\"165\" height=\"165\" alt=\"26677889_2093704930646367_8054207123682479051_o\" title=\"26677889_2093704930646367_8054207123682479051_o\" \/><\/a><\/li><li class=\"isotope-item\"><a class=\"prettyphoto\" href=\"https:\/\/pepperoniteam.pl\/wp-content\/uploads\/2018\/12\/26841001_2094900523860141_3762634602055124957_o.jpg\" data-rel=\"prettyPhoto[rel-5061-602348233]\"><img class=\"\" src=\"https:\/\/pepperoniteam.pl\/wp-content\/uploads\/2018\/12\/26841001_2094900523860141_3762634602055124957_o-165x165.jpg\" width=\"165\" height=\"165\" alt=\"26841001_2094900523860141_3762634602055124957_o\" title=\"26841001_2094900523860141_3762634602055124957_o\" \/><\/a><\/li><li class=\"isotope-item\"><a class=\"prettyphoto\" href=\"https:\/\/pepperoniteam.pl\/wp-content\/uploads\/2018\/12\/26063546_2080848235265370_4708249682058699396_o.jpg\" data-rel=\"prettyPhoto[rel-5061-602348233]\"><img class=\"\" src=\"https:\/\/pepperoniteam.pl\/wp-content\/uploads\/2018\/12\/26063546_2080848235265370_4708249682058699396_o-165x165.jpg\" width=\"165\" height=\"165\" alt=\"26063546_2080848235265370_4708249682058699396_o\" title=\"26063546_2080848235265370_4708249682058699396_o\" \/><\/a><\/li><li class=\"isotope-item\"><a class=\"prettyphoto\" href=\"https:\/\/pepperoniteam.pl\/wp-content\/uploads\/2018\/12\/46436766_2200289373336812_7155698708099629056_n.jpg\" data-rel=\"prettyPhoto[rel-5061-602348233]\"><img class=\"\" src=\"https:\/\/pepperoniteam.pl\/wp-content\/uploads\/2018\/12\/46436766_2200289373336812_7155698708099629056_n-165x165.jpg\" width=\"165\" height=\"165\" alt=\"46436766_2200289373336812_7155698708099629056_n\" title=\"46436766_2200289373336812_7155698708099629056_n\" \/><\/a><\/li><li class=\"isotope-item\"><a class=\"prettyphoto\" href=\"https:\/\/pepperoniteam.pl\/wp-content\/uploads\/2018\/12\/46652380_547495335676803_3758892202785243136_n.jpg\" data-rel=\"prettyPhoto[rel-5061-602348233]\"><img class=\"\" src=\"https:\/\/pepperoniteam.pl\/wp-content\/uploads\/2018\/12\/46652380_547495335676803_3758892202785243136_n-165x165.jpg\" width=\"165\" height=\"165\" alt=\"46652380_547495335676803_3758892202785243136_n\" title=\"46652380_547495335676803_3758892202785243136_n\" \/><\/a><\/li><li class=\"isotope-item\"><a class=\"prettyphoto\" href=\"https:\/\/pepperoniteam.pl\/wp-content\/uploads\/2018\/12\/46756613_1125549477605945_4753470529615167488_n.jpg\" data-rel=\"prettyPhoto[rel-5061-602348233]\"><img class=\"\" src=\"https:\/\/pepperoniteam.pl\/wp-content\/uploads\/2018\/12\/46756613_1125549477605945_4753470529615167488_n-165x165.jpg\" width=\"165\" height=\"165\" alt=\"46756613_1125549477605945_4753470529615167488_n\" title=\"46756613_1125549477605945_4753470529615167488_n\" \/><\/a><\/li><li class=\"isotope-item\"><a class=\"prettyphoto\" href=\"https:\/\/pepperoniteam.pl\/wp-content\/uploads\/2018\/12\/48269068_1062003857312717_1040756071439794176_n.jpg\" data-rel=\"prettyPhoto[rel-5061-602348233]\"><img class=\"\" src=\"https:\/\/pepperoniteam.pl\/wp-content\/uploads\/2018\/12\/48269068_1062003857312717_1040756071439794176_n-165x165.jpg\" width=\"165\" height=\"165\" alt=\"48269068_1062003857312717_1040756071439794176_n\" title=\"48269068_1062003857312717_1040756071439794176_n\" \/><\/a><\/li><li class=\"isotope-item\"><a class=\"prettyphoto\" href=\"https:\/\/pepperoniteam.pl\/wp-content\/uploads\/2018\/12\/48164171_2210978019189613_5675216480371736576_n.jpg\" data-rel=\"prettyPhoto[rel-5061-602348233]\"><img class=\"\" src=\"https:\/\/pepperoniteam.pl\/wp-content\/uploads\/2018\/12\/48164171_2210978019189613_5675216480371736576_n-165x165.jpg\" width=\"165\" height=\"165\" alt=\"48164171_2210978019189613_5675216480371736576_n\" title=\"48164171_2210978019189613_5675216480371736576_n\" \/><\/a><\/li><li class=\"isotope-item\"><a class=\"prettyphoto\" href=\"https:\/\/pepperoniteam.pl\/wp-content\/uploads\/2018\/12\/46761023_254839781851264_4612515140389044224_n.jpg\" data-rel=\"prettyPhoto[rel-5061-602348233]\"><img class=\"\" src=\"https:\/\/pepperoniteam.pl\/wp-content\/uploads\/2018\/12\/46761023_254839781851264_4612515140389044224_n-165x165.jpg\" width=\"165\" height=\"165\" alt=\"46761023_254839781851264_4612515140389044224_n\" title=\"46761023_254839781851264_4612515140389044224_n\" \/><\/a><\/li><li class=\"isotope-item\"><a class=\"prettyphoto\" href=\"https:\/\/pepperoniteam.pl\/wp-content\/uploads\/2021\/03\/100471425_2573790706219815_3740913864821178368_n.jpg\" data-rel=\"prettyPhoto[rel-5061-602348233]\"><img class=\"\" src=\"https:\/\/pepperoniteam.pl\/wp-content\/uploads\/2021\/03\/100471425_2573790706219815_3740913864821178368_n-165x165.jpg\" width=\"165\" height=\"165\" alt=\"100471425_2573790706219815_3740913864821178368_n\" title=\"100471425_2573790706219815_3740913864821178368_n\" \/><\/a><\/li><li class=\"isotope-item\"><a class=\"prettyphoto\" href=\"https:\/\/pepperoniteam.pl\/wp-content\/uploads\/2021\/03\/99123302_591061738194288_2557222561670758400_n.jpg\" data-rel=\"prettyPhoto[rel-5061-602348233]\"><img class=\"\" src=\"https:\/\/pepperoniteam.pl\/wp-content\/uploads\/2021\/03\/99123302_591061738194288_2557222561670758400_n-165x165.jpg\" width=\"165\" height=\"165\" alt=\"99123302_591061738194288_2557222561670758400_n\" title=\"99123302_591061738194288_2557222561670758400_n\" \/><\/a><\/li><\/ul><\/div><\/div><\/div>\n\t<div class=\"wpb_text_column wpb_content_element\" >\n\t\t<div class=\"wpb_wrapper\">\n\t\t\t<p style=\"text-align: center;\"><a href=\"https:\/\/www.facebook.com\/media\/set\/?set=a.1372662782750589&amp;type=3\"><span style=\"color: #808080;\"><strong>More photos<\/strong><\/span><\/a>\u00a0<i class=\"fa fa-facebook-square\" ><\/i><\/p>\n\n\t\t<\/div>\n\t<\/div>\n<\/div><\/div><\/div><\/div><div class=\"vc_row wpb_row vc_row-fluid\"><div class=\"wpb_column vc_column_container vc_col-sm-12\"><div class=\"vc_column-inner\"><div class=\"wpb_wrapper\"><\/div><\/div><\/div><\/div>","protected":false},"excerpt":{"rendered":"Brego Pepperoni Team W\u0142a\u015bciciel: Mariusz Wieczorek Ur. 18.03.2016 Rodow\u00f3d (Aranyvad\u00e1sz Nimr\u00f3d x Piri-Piri Pepperoni Team ) REPRODUKTOR M\u0142odzie\u017cowy Champion Polski<a class=\"article-read-more\" href=\"https:\/\/pepperoniteam.pl\/en\/brego\/\"><i class=\"worldblogicon fa-angle-double-right\"><\/i><\/a>","protected":false},"author":2,"featured_media":0,"parent":0,"menu_order":0,"comment_status":"closed","ping_status":"closed","template":"","meta":[],"wps_subtitle":"","_links":{"self":[{"href":"https:\/\/pepperoniteam.pl\/en\/wp-json\/wp\/v2\/pages\/5061"}],"collection":[{"href":"https:\/\/pepperoniteam.pl\/en\/wp-json\/wp\/v2\/pages"}],"about":[{"href":"https:\/\/pepperoniteam.pl\/en\/wp-json\/wp\/v2\/types\/page"}],"author":[{"embeddable":true,"href":"https:\/\/pepperoniteam.pl\/en\/wp-json\/wp\/v2\/users\/2"}],"replies":[{"embeddable":true,"href":"https:\/\/pepperoniteam.pl\/en\/wp-json\/wp\/v2\/comments?post=5061"}],"version-history":[{"count":0,"href":"https:\/\/pepperoniteam.pl\/en\/wp-json\/wp\/v2\/pages\/5061\/revisions"}],"wp:attachment":[{"href":"https:\/\/pepperoniteam.pl\/en\/wp-json\/wp\/v2\/media?parent=5061"}],"curies":[{"name":"wp","href":"https:\/\/api.w.org\/{rel}","templated":true}]}}