{"id":5070,"date":"2019-01-01T17:30:33","date_gmt":"2019-01-01T16:30:33","guid":{"rendered":"http:\/\/pepperoniteam.pl\/pepperoni\/?page_id=5070"},"modified":"2022-04-21T20:47:26","modified_gmt":"2022-04-21T18:47:26","slug":"porter","status":"publish","type":"page","link":"https:\/\/pepperoniteam.pl\/en\/porter\/","title":{"rendered":"Porter"},"content":{"rendered":"<div class=\"vc_row wpb_row vc_row-fluid\"><div class=\"wpb_column vc_column_container vc_col-sm-12\"><div class=\"vc_column-inner\"><div class=\"wpb_wrapper\">\n\t<div class=\"wpb_text_column wpb_content_element  wpb_animate_when_almost_visible wpb_fadeInDown fadeInDown vc_custom_1546360203732 special1\" >\n\t\t<div class=\"wpb_wrapper\">\n\t\t\t<h1><strong><span class=\"_3oh- _58nk\">Porter Pepperoni Team<\/span><\/strong><\/h1>\n\n\t\t<\/div>\n\t<\/div>\n\n\t<div class=\"wpb_text_column wpb_content_element\" >\n\t\t<div class=\"wpb_wrapper\">\n\t\t\t<p><i class=\"fa fa-female\" ><\/i> Owner: Anastazja Walczak<\/p>\n<p><i class=\"fa fa-calendar\" ><\/i> DOB 14.09.2011<br \/>\n<i class=\"fa fa-id-card-o\" ><\/i> <span style=\"color: #808080;\"><a style=\"color: #808080;\" href=\"http:\/\/www.vizsladatabase.com\/details.php?id=73503\">Pedigree<\/a><\/span><\/p>\n<p>(Cs\u00f6v\u00e1rberki \u00dajonc x Czuszka Z Ta\u0142chej\u00f3w )<\/p>\n\n\t\t<\/div>\n\t<\/div>\n<\/div><\/div><\/div><\/div><div class=\"vc_row wpb_row vc_row-fluid\"><div class=\"wpb_column vc_column_container vc_col-sm-12\"><div class=\"vc_column-inner\"><div class=\"wpb_wrapper\">\n\t<div  class=\"wpb_single_image wpb_content_element vc_align_left  wpb_animate_when_almost_visible wpb_rotateInUpLeft rotateInUpLeft\">\n\t\t\n\t\t<figure class=\"wpb_wrapper vc_figure\">\n\t\t\t<a data-rel=\"prettyPhoto[rel-5070-681469971]\" href=\"https:\/\/pepperoniteam.pl\/wp-content\/uploads\/2018\/12\/14125494_1444460068904193_195677680639270521_o.jpg\" target=\"_self\" class=\"vc_single_image-wrapper vc_box_border  vc_box_border_grey prettyphoto\"><img class=\"vc_single_image-img\" src=\"https:\/\/pepperoniteam.pl\/wp-content\/uploads\/2018\/12\/14125494_1444460068904193_195677680639270521_o-450x300.jpg\" width=\"450\" height=\"300\" alt=\"14125494_1444460068904193_195677680639270521_o\" title=\"14125494_1444460068904193_195677680639270521_o\" \/><\/a>\n\t\t<\/figure>\n\t<\/div>\n<\/div><\/div><\/div><\/div><div class=\"vc_row wpb_row vc_row-fluid\"><div class=\"wpb_column vc_column_container vc_col-sm-12\"><div class=\"vc_column-inner\"><div class=\"wpb_wrapper\">\n\t<div class=\"wpb_text_column wpb_content_element\" >\n\t\t<div class=\"wpb_wrapper\">\n\t\t\t<p style=\"text-align: left;\"><strong>STUD DOG<br \/>\n<\/strong><br \/>\n<i class=\"fa fa-trophy\" ><\/i> <strong>INTERCHAMPION C.I.E.<\/strong><br \/>\n<i class=\"fa fa-trophy\" ><\/i> <strong>INTERCHAMPION C.I.B.<\/strong><br \/>\n<i class=\"fa fa-trophy\" ><\/i> <b>Junior Champion of Poland<\/b><br \/>\n<i class=\"fa fa-trophy\" ><\/i><b>\u00a0Champion of Poland<\/b><br \/>\n<i class=\"fa fa-trophy\" ><\/i> <b>Hungarian Champion<\/b><br \/>\n<i class=\"fa fa-trophy\" ><\/i> <b>Champion of Czech Republic<\/b><br \/>\n<i class=\"fa fa-trophy\" ><\/i> <b>Champion of Slovakia<\/b><br \/>\n<i class=\"fa fa-trophy\" ><\/i> <b>Champion of Germany<\/b><br \/>\n<i class=\"fa fa-trophy\" ><\/i> <b>Champion of Romania<\/b><br \/>\n<i class=\"fa fa-trophy\" ><\/i> <b>Champion of Ukraine<\/b><\/p>\n<p><strong>Shows<br \/>\n<\/strong>4 x jCAC<br \/>\n29 x CAC<br \/>\n9 x CACIB<br \/>\n4 x resCACIB<br \/>\n14 x BOB<br \/>\n3 x BOG III<br \/>\n2 x BOG IV<br \/>\nClub Winner<br \/>\nPolish Winner<br \/>\nBIS Working Dog II<\/p>\n<p><strong>Working<br \/>\n<\/strong>Hunting Test - I degree diploma<br \/>\n2 x Multilateral Competition - I degree diploma<br \/>\n2 x Multilateral Competition - III degree diploma<br \/>\nField Trials \u2013 II degree diploma<br \/>\n2 x Field Trials \u2013 III degree diploma<br \/>\nWorking Class Certificate<br \/>\nworking dog<\/p>\n<p><strong>Health<br \/>\n<\/strong>HD &#8211; A, ED 0<br \/>\noculist certificate<\/p>\n\n\t\t<\/div>\n\t<\/div>\n<\/div><\/div><\/div><\/div><div class=\"vc_row wpb_row vc_row-fluid\"><div class=\"wpb_column vc_column_container vc_col-sm-12\"><div class=\"vc_column-inner\"><div class=\"wpb_wrapper\"><div class=\"wpb_gallery wpb_content_element vc_clearfix\" ><div class=\"wpb_wrapper\"><div class=\"wpb_gallery_slides wpb_image_grid\" data-interval=\"3\"><ul class=\"wpb_image_grid_ul\"><li class=\"isotope-item\"><a class=\"prettyphoto\" href=\"https:\/\/pepperoniteam.pl\/wp-content\/uploads\/2018\/12\/299865_323990874284457_655585249_n.jpg\" data-rel=\"prettyPhoto[rel-5070-1714282193]\"><img class=\"\" src=\"https:\/\/pepperoniteam.pl\/wp-content\/uploads\/2018\/12\/299865_323990874284457_655585249_n-165x165.jpg\" width=\"165\" height=\"165\" alt=\"299865_323990874284457_655585249_n\" title=\"299865_323990874284457_655585249_n\" \/><\/a><\/li><li class=\"isotope-item\"><a class=\"prettyphoto\" href=\"https:\/\/pepperoniteam.pl\/wp-content\/uploads\/2018\/12\/389909_323990897617788_499811001_n.jpg\" data-rel=\"prettyPhoto[rel-5070-1714282193]\"><img class=\"\" src=\"https:\/\/pepperoniteam.pl\/wp-content\/uploads\/2018\/12\/389909_323990897617788_499811001_n-165x165.jpg\" width=\"165\" height=\"165\" alt=\"389909_323990897617788_499811001_n\" title=\"389909_323990897617788_499811001_n\" \/><\/a><\/li><li class=\"isotope-item\"><a class=\"prettyphoto\" href=\"https:\/\/pepperoniteam.pl\/wp-content\/uploads\/2018\/12\/1377036_750325051651035_1814961177_n.jpg\" data-rel=\"prettyPhoto[rel-5070-1714282193]\"><img class=\"\" src=\"https:\/\/pepperoniteam.pl\/wp-content\/uploads\/2018\/12\/1377036_750325051651035_1814961177_n-165x165.jpg\" width=\"165\" height=\"165\" alt=\"1377036_750325051651035_1814961177_n\" title=\"1377036_750325051651035_1814961177_n\" \/><\/a><\/li><li class=\"isotope-item\"><a class=\"prettyphoto\" href=\"https:\/\/pepperoniteam.pl\/wp-content\/uploads\/2018\/12\/1383272_750324964984377_989091901_n.jpg\" data-rel=\"prettyPhoto[rel-5070-1714282193]\"><img class=\"\" src=\"https:\/\/pepperoniteam.pl\/wp-content\/uploads\/2018\/12\/1383272_750324964984377_989091901_n-165x165.jpg\" width=\"165\" height=\"165\" alt=\"1383272_750324964984377_989091901_n\" title=\"1383272_750324964984377_989091901_n\" \/><\/a><\/li><li class=\"isotope-item\"><a class=\"prettyphoto\" href=\"https:\/\/pepperoniteam.pl\/wp-content\/uploads\/2018\/12\/10606027_941270702556468_6359840604982305555_n.jpg\" data-rel=\"prettyPhoto[rel-5070-1714282193]\"><img class=\"\" src=\"https:\/\/pepperoniteam.pl\/wp-content\/uploads\/2018\/12\/10606027_941270702556468_6359840604982305555_n-165x165.jpg\" width=\"165\" height=\"165\" alt=\"10606027_941270702556468_6359840604982305555_n\" title=\"10606027_941270702556468_6359840604982305555_n\" \/><\/a><\/li><li class=\"isotope-item\"><a class=\"prettyphoto\" href=\"https:\/\/pepperoniteam.pl\/wp-content\/uploads\/2018\/12\/1157432_703434969673377_64816941_n.jpg\" data-rel=\"prettyPhoto[rel-5070-1714282193]\"><img class=\"\" src=\"https:\/\/pepperoniteam.pl\/wp-content\/uploads\/2018\/12\/1157432_703434969673377_64816941_n-165x165.jpg\" width=\"165\" height=\"165\" alt=\"1157432_703434969673377_64816941_n\" title=\"1157432_703434969673377_64816941_n\" \/><\/a><\/li><li class=\"isotope-item\"><a class=\"prettyphoto\" href=\"https:\/\/pepperoniteam.pl\/wp-content\/uploads\/2018\/12\/10665663_941270652556473_4853711196971661450_n.jpg\" data-rel=\"prettyPhoto[rel-5070-1714282193]\"><img class=\"\" src=\"https:\/\/pepperoniteam.pl\/wp-content\/uploads\/2018\/12\/10665663_941270652556473_4853711196971661450_n-165x165.jpg\" width=\"165\" height=\"165\" alt=\"10665663_941270652556473_4853711196971661450_n\" title=\"10665663_941270652556473_4853711196971661450_n\" \/><\/a><\/li><li class=\"isotope-item\"><a class=\"prettyphoto\" href=\"https:\/\/pepperoniteam.pl\/wp-content\/uploads\/2018\/12\/999115_703434833006724_1776408435_n.jpg\" data-rel=\"prettyPhoto[rel-5070-1714282193]\"><img class=\"\" src=\"https:\/\/pepperoniteam.pl\/wp-content\/uploads\/2018\/12\/999115_703434833006724_1776408435_n-165x165.jpg\" width=\"165\" height=\"165\" alt=\"999115_703434833006724_1776408435_n\" title=\"999115_703434833006724_1776408435_n\" \/><\/a><\/li><li class=\"isotope-item\"><a class=\"prettyphoto\" href=\"https:\/\/pepperoniteam.pl\/wp-content\/uploads\/2018\/12\/10645050_941588619191343_5642410807910193152_n.jpg\" data-rel=\"prettyPhoto[rel-5070-1714282193]\"><img class=\"\" src=\"https:\/\/pepperoniteam.pl\/wp-content\/uploads\/2018\/12\/10645050_941588619191343_5642410807910193152_n-165x165.jpg\" width=\"165\" height=\"165\" alt=\"10645050_941588619191343_5642410807910193152_n\" title=\"10645050_941588619191343_5642410807910193152_n\" \/><\/a><\/li><li class=\"isotope-item\"><a class=\"prettyphoto\" href=\"https:\/\/pepperoniteam.pl\/wp-content\/uploads\/2018\/12\/11781838_1142582865758583_6131138945303394188_n.jpg\" data-rel=\"prettyPhoto[rel-5070-1714282193]\"><img class=\"\" src=\"https:\/\/pepperoniteam.pl\/wp-content\/uploads\/2018\/12\/11781838_1142582865758583_6131138945303394188_n-165x165.jpg\" width=\"165\" height=\"165\" alt=\"11781838_1142582865758583_6131138945303394188_n\" title=\"11781838_1142582865758583_6131138945303394188_n\" \/><\/a><\/li><li class=\"isotope-item\"><a class=\"prettyphoto\" href=\"https:\/\/pepperoniteam.pl\/wp-content\/uploads\/2018\/12\/10846450_1007179452632259_76653640238637681_n.jpg\" data-rel=\"prettyPhoto[rel-5070-1714282193]\"><img class=\"\" src=\"https:\/\/pepperoniteam.pl\/wp-content\/uploads\/2018\/12\/10846450_1007179452632259_76653640238637681_n-165x165.jpg\" width=\"165\" height=\"165\" alt=\"10846450_1007179452632259_76653640238637681_n\" title=\"10846450_1007179452632259_76653640238637681_n\" \/><\/a><\/li><li class=\"isotope-item\"><a class=\"prettyphoto\" href=\"https:\/\/pepperoniteam.pl\/wp-content\/uploads\/2018\/12\/10710631_951740591509479_2933967233058201285_n.jpg\" data-rel=\"prettyPhoto[rel-5070-1714282193]\"><img class=\"\" src=\"https:\/\/pepperoniteam.pl\/wp-content\/uploads\/2018\/12\/10710631_951740591509479_2933967233058201285_n-165x165.jpg\" width=\"165\" height=\"165\" alt=\"10710631_951740591509479_2933967233058201285_n\" title=\"10710631_951740591509479_2933967233058201285_n\" \/><\/a><\/li><li class=\"isotope-item\"><a class=\"prettyphoto\" href=\"https:\/\/pepperoniteam.pl\/wp-content\/uploads\/2018\/12\/10399446_1058609817489222_8832706585315581195_n.jpg\" data-rel=\"prettyPhoto[rel-5070-1714282193]\"><img class=\"\" src=\"https:\/\/pepperoniteam.pl\/wp-content\/uploads\/2018\/12\/10399446_1058609817489222_8832706585315581195_n-165x165.jpg\" width=\"165\" height=\"165\" alt=\"10399446_1058609817489222_8832706585315581195_n\" title=\"10399446_1058609817489222_8832706585315581195_n\" \/><\/a><\/li><li class=\"isotope-item\"><a class=\"prettyphoto\" href=\"https:\/\/pepperoniteam.pl\/wp-content\/uploads\/2018\/12\/10479566_1135288759821327_2646112583465094572_n.jpg\" data-rel=\"prettyPhoto[rel-5070-1714282193]\"><img class=\"\" src=\"https:\/\/pepperoniteam.pl\/wp-content\/uploads\/2018\/12\/10479566_1135288759821327_2646112583465094572_n-165x165.jpg\" width=\"165\" height=\"165\" alt=\"10479566_1135288759821327_2646112583465094572_n\" title=\"10479566_1135288759821327_2646112583465094572_n\" \/><\/a><\/li><li class=\"isotope-item\"><a class=\"prettyphoto\" href=\"https:\/\/pepperoniteam.pl\/wp-content\/uploads\/2018\/12\/12314689_1219889381361264_3670121584227438290_o.jpg\" data-rel=\"prettyPhoto[rel-5070-1714282193]\"><img class=\"\" src=\"https:\/\/pepperoniteam.pl\/wp-content\/uploads\/2018\/12\/12314689_1219889381361264_3670121584227438290_o-165x165.jpg\" width=\"165\" height=\"165\" alt=\"12314689_1219889381361264_3670121584227438290_o\" title=\"12314689_1219889381361264_3670121584227438290_o\" \/><\/a><\/li><li class=\"isotope-item\"><a class=\"prettyphoto\" href=\"https:\/\/pepperoniteam.pl\/wp-content\/uploads\/2018\/12\/22886280_1991042604245934_4378534758988825339_n.jpg\" data-rel=\"prettyPhoto[rel-5070-1714282193]\"><img class=\"\" src=\"https:\/\/pepperoniteam.pl\/wp-content\/uploads\/2018\/12\/22886280_1991042604245934_4378534758988825339_n-165x165.jpg\" width=\"165\" height=\"165\" alt=\"22886280_1991042604245934_4378534758988825339_n\" title=\"22886280_1991042604245934_4378534758988825339_n\" \/><\/a><\/li><li class=\"isotope-item\"><a class=\"prettyphoto\" href=\"https:\/\/pepperoniteam.pl\/wp-content\/uploads\/2018\/12\/12240482_1212165398800329_4632935470687271202_o.jpg\" data-rel=\"prettyPhoto[rel-5070-1714282193]\"><img class=\"\" src=\"https:\/\/pepperoniteam.pl\/wp-content\/uploads\/2018\/12\/12240482_1212165398800329_4632935470687271202_o-165x165.jpg\" width=\"165\" height=\"165\" alt=\"12240482_1212165398800329_4632935470687271202_o\" title=\"12240482_1212165398800329_4632935470687271202_o\" \/><\/a><\/li><li class=\"isotope-item\"><a class=\"prettyphoto\" href=\"https:\/\/pepperoniteam.pl\/wp-content\/uploads\/2018\/12\/12132527_1290418880974980_8499739377269457519_o.jpg\" data-rel=\"prettyPhoto[rel-5070-1714282193]\"><img class=\"\" src=\"https:\/\/pepperoniteam.pl\/wp-content\/uploads\/2018\/12\/12132527_1290418880974980_8499739377269457519_o-165x165.jpg\" width=\"165\" height=\"165\" alt=\"12132527_1290418880974980_8499739377269457519_o\" title=\"12132527_1290418880974980_8499739377269457519_o\" \/><\/a><\/li><li class=\"isotope-item\"><a class=\"prettyphoto\" href=\"https:\/\/pepperoniteam.pl\/wp-content\/uploads\/2018\/12\/17546851_1694870887196442_1044538937581908358_o.jpg\" data-rel=\"prettyPhoto[rel-5070-1714282193]\"><img class=\"\" src=\"https:\/\/pepperoniteam.pl\/wp-content\/uploads\/2018\/12\/17546851_1694870887196442_1044538937581908358_o-165x165.jpg\" width=\"165\" height=\"165\" alt=\"17546851_1694870887196442_1044538937581908358_o\" title=\"17546851_1694870887196442_1044538937581908358_o\" \/><\/a><\/li><li class=\"isotope-item\"><a class=\"prettyphoto\" href=\"https:\/\/pepperoniteam.pl\/wp-content\/uploads\/2018\/12\/16387905_1626068597410005_8858455192190067558_n.jpg\" data-rel=\"prettyPhoto[rel-5070-1714282193]\"><img class=\"\" src=\"https:\/\/pepperoniteam.pl\/wp-content\/uploads\/2018\/12\/16387905_1626068597410005_8858455192190067558_n-165x165.jpg\" width=\"165\" height=\"165\" alt=\"16387905_1626068597410005_8858455192190067558_n\" title=\"16387905_1626068597410005_8858455192190067558_n\" \/><\/a><\/li><li class=\"isotope-item\"><a class=\"prettyphoto\" href=\"https:\/\/pepperoniteam.pl\/wp-content\/uploads\/2018\/12\/14125494_1444460068904193_195677680639270521_o.jpg\" data-rel=\"prettyPhoto[rel-5070-1714282193]\"><img class=\"\" src=\"https:\/\/pepperoniteam.pl\/wp-content\/uploads\/2018\/12\/14125494_1444460068904193_195677680639270521_o-165x165.jpg\" width=\"165\" height=\"165\" alt=\"14125494_1444460068904193_195677680639270521_o\" title=\"14125494_1444460068904193_195677680639270521_o\" \/><\/a><\/li><li class=\"isotope-item\"><a class=\"prettyphoto\" href=\"https:\/\/pepperoniteam.pl\/wp-content\/uploads\/2018\/12\/25353783_2055279201155607_8200057241785037136_n.jpg\" data-rel=\"prettyPhoto[rel-5070-1714282193]\"><img class=\"\" src=\"https:\/\/pepperoniteam.pl\/wp-content\/uploads\/2018\/12\/25353783_2055279201155607_8200057241785037136_n-165x165.jpg\" width=\"165\" height=\"165\" alt=\"25353783_2055279201155607_8200057241785037136_n\" title=\"25353783_2055279201155607_8200057241785037136_n\" \/><\/a><\/li><li class=\"isotope-item\"><a class=\"prettyphoto\" href=\"https:\/\/pepperoniteam.pl\/wp-content\/uploads\/2018\/12\/13913949_1407409845942549_7340634789322592979_o.jpg\" data-rel=\"prettyPhoto[rel-5070-1714282193]\"><img class=\"\" src=\"https:\/\/pepperoniteam.pl\/wp-content\/uploads\/2018\/12\/13913949_1407409845942549_7340634789322592979_o-165x165.jpg\" width=\"165\" height=\"165\" alt=\"13913949_1407409845942549_7340634789322592979_o\" title=\"13913949_1407409845942549_7340634789322592979_o\" \/><\/a><\/li><li class=\"isotope-item\"><a class=\"prettyphoto\" href=\"https:\/\/pepperoniteam.pl\/wp-content\/uploads\/2018\/12\/34668373_2284435691573289_3409172562268127232_n.jpg\" data-rel=\"prettyPhoto[rel-5070-1714282193]\"><img class=\"\" src=\"https:\/\/pepperoniteam.pl\/wp-content\/uploads\/2018\/12\/34668373_2284435691573289_3409172562268127232_n-165x165.jpg\" width=\"165\" height=\"165\" alt=\"34668373_2284435691573289_3409172562268127232_n\" title=\"34668373_2284435691573289_3409172562268127232_n\" \/><\/a><\/li><\/ul><\/div><\/div><\/div>\n\t<div class=\"wpb_text_column wpb_content_element\" >\n\t\t<div class=\"wpb_wrapper\">\n\t\t\t<p style=\"text-align: center;\"><a href=\"https:\/\/www.facebook.com\/media\/set\/?set=a.323990864284458&amp;type=3\"><span style=\"color: #808080;\"><strong>More photos<\/strong><\/span><\/a>\u00a0<i class=\"fa fa-facebook-square\" ><\/i><\/p>\n\n\t\t<\/div>\n\t<\/div>\n<\/div><\/div><\/div><\/div><div class=\"vc_row wpb_row vc_row-fluid\"><div class=\"wpb_column vc_column_container vc_col-sm-12\"><div class=\"vc_column-inner\"><div class=\"wpb_wrapper\"><\/div><\/div><\/div><\/div>","protected":false},"excerpt":{"rendered":"Porter Pepperoni Team W\u0142a\u015bciciel: Anastazja Walczak Ur. 14.09.2011 Rodow\u00f3d (Cs\u00f6v\u00e1rberki \u00dajonc x Czuszka Z Ta\u0142chej\u00f3w ) REPRODUKTOR INTERCHAMPION C.I.E. INTERCHAMPION<a class=\"article-read-more\" href=\"https:\/\/pepperoniteam.pl\/en\/porter\/\"><i class=\"worldblogicon fa-angle-double-right\"><\/i><\/a>","protected":false},"author":2,"featured_media":0,"parent":0,"menu_order":0,"comment_status":"closed","ping_status":"closed","template":"","meta":[],"wps_subtitle":"","_links":{"self":[{"href":"https:\/\/pepperoniteam.pl\/en\/wp-json\/wp\/v2\/pages\/5070"}],"collection":[{"href":"https:\/\/pepperoniteam.pl\/en\/wp-json\/wp\/v2\/pages"}],"about":[{"href":"https:\/\/pepperoniteam.pl\/en\/wp-json\/wp\/v2\/types\/page"}],"author":[{"embeddable":true,"href":"https:\/\/pepperoniteam.pl\/en\/wp-json\/wp\/v2\/users\/2"}],"replies":[{"embeddable":true,"href":"https:\/\/pepperoniteam.pl\/en\/wp-json\/wp\/v2\/comments?post=5070"}],"version-history":[{"count":0,"href":"https:\/\/pepperoniteam.pl\/en\/wp-json\/wp\/v2\/pages\/5070\/revisions"}],"wp:attachment":[{"href":"https:\/\/pepperoniteam.pl\/en\/wp-json\/wp\/v2\/media?parent=5070"}],"curies":[{"name":"wp","href":"https:\/\/api.w.org\/{rel}","templated":true}]}}