{"id":5087,"date":"2019-01-01T19:37:13","date_gmt":"2019-01-01T18:37:13","guid":{"rendered":"http:\/\/pepperoniteam.pl\/pepperoni\/?page_id=5087"},"modified":"2022-06-02T13:14:07","modified_gmt":"2022-06-02T11:14:07","slug":"tibor","status":"publish","type":"page","link":"https:\/\/pepperoniteam.pl\/en\/tibor\/","title":{"rendered":"Tibor"},"content":{"rendered":"<div class=\"vc_row wpb_row vc_row-fluid\"><div class=\"wpb_column vc_column_container vc_col-sm-12\"><div class=\"vc_column-inner\"><div class=\"wpb_wrapper\">\n\t<div class=\"wpb_text_column wpb_content_element  wpb_animate_when_almost_visible wpb_fadeInDown fadeInDown vc_custom_1546365110508 special1\" >\n\t\t<div class=\"wpb_wrapper\">\n\t\t\t<h1><strong><span class=\"_3oh- _58nk\">Tibor Pepperoni Team<\/span><\/strong><\/h1>\n\n\t\t<\/div>\n\t<\/div>\n\n\t<div class=\"wpb_text_column wpb_content_element\" >\n\t\t<div class=\"wpb_wrapper\">\n\t\t\t<p><i class=\"fa fa-female\" ><\/i> Owner: Ala Stocka<\/p>\n<p><i class=\"fa fa-calendar\" ><\/i> DOB 14.04.2010<br \/>\n<i class=\"fa fa-calendar\" ><\/i> \u015am. 05.2022<br \/>\n<i class=\"fa fa-id-card-o\" ><\/i> <span style=\"color: #808080;\"><a style=\"color: #808080;\" href=\"http:\/\/www.vizsladatabase.com\/details.php?id=77581\">Pedigree<\/a><\/span><\/p>\n<p>(Malomk\u00f6zi Kris x Czuszka Z Ta\u0142chej\u00f3w )<\/p>\n\n\t\t<\/div>\n\t<\/div>\n<\/div><\/div><\/div><\/div><div class=\"vc_row wpb_row vc_row-fluid\"><div class=\"wpb_column vc_column_container vc_col-sm-12\"><div class=\"vc_column-inner\"><div class=\"wpb_wrapper\">\n\t<div  class=\"wpb_single_image wpb_content_element vc_align_left  wpb_animate_when_almost_visible wpb_rotateInUpLeft rotateInUpLeft\">\n\t\t\n\t\t<figure class=\"wpb_wrapper vc_figure\">\n\t\t\t<a data-rel=\"prettyPhoto[rel-5087-645504739]\" href=\"https:\/\/pepperoniteam.pl\/wp-content\/uploads\/2018\/12\/217769_216414081708804_6622368_n.jpg\" target=\"_self\" class=\"vc_single_image-wrapper vc_box_border  vc_box_border_grey prettyphoto\"><img class=\"vc_single_image-img\" src=\"https:\/\/pepperoniteam.pl\/wp-content\/uploads\/2018\/12\/217769_216414081708804_6622368_n-450x300.jpg\" width=\"450\" height=\"300\" alt=\"217769_216414081708804_6622368_n\" title=\"217769_216414081708804_6622368_n\" \/><\/a>\n\t\t<\/figure>\n\t<\/div>\n<\/div><\/div><\/div><\/div><div class=\"vc_row wpb_row vc_row-fluid\"><div class=\"wpb_column vc_column_container vc_col-sm-12\"><div class=\"vc_column-inner\"><div class=\"wpb_wrapper\">\n\t<div class=\"wpb_text_column wpb_content_element\" >\n\t\t<div class=\"wpb_wrapper\">\n\t\t\t<p style=\"text-align: left;\"><strong>STUD DOG<\/strong><\/p>\n<p><i class=\"fa fa-trophy\" ><\/i> <b>Junior Champion of Poland<\/b><br \/>\n<i class=\"fa fa-trophy\" ><\/i> <b>Champion of Poland<\/b><\/p>\n<p><strong>Shows<br \/>\n<\/strong>4 x jCAC<br \/>\n3 x CAC<br \/>\nCACIB<br \/>\n8 x BOB<br \/>\nBOG II<br \/>\nBOG III<br \/>\nBOG IV<\/p>\n<p><strong>Working<br \/>\n<\/strong>Hunting Test - I degree diploma<\/p>\n<p><strong>Health<br \/>\n<\/strong>HD &#8211; A<\/p>\n\n\t\t<\/div>\n\t<\/div>\n<\/div><\/div><\/div><\/div><div class=\"vc_row wpb_row vc_row-fluid\"><div class=\"wpb_column vc_column_container vc_col-sm-12\"><div class=\"vc_column-inner\"><div class=\"wpb_wrapper\"><div class=\"wpb_gallery wpb_content_element vc_clearfix\" ><div class=\"wpb_wrapper\"><div class=\"wpb_gallery_slides wpb_image_grid\" data-interval=\"3\"><ul class=\"wpb_image_grid_ul\"><li class=\"isotope-item\"><a class=\"prettyphoto\" href=\"https:\/\/pepperoniteam.pl\/wp-content\/uploads\/2018\/12\/32542_133630553320491_3721037_n.jpg\" data-rel=\"prettyPhoto[rel-5087-1440946452]\"><img class=\"\" src=\"https:\/\/pepperoniteam.pl\/wp-content\/uploads\/2018\/12\/32542_133630553320491_3721037_n-165x165.jpg\" width=\"165\" height=\"165\" alt=\"32542_133630553320491_3721037_n\" title=\"32542_133630553320491_3721037_n\" \/><\/a><\/li><li class=\"isotope-item\"><a class=\"prettyphoto\" href=\"https:\/\/pepperoniteam.pl\/wp-content\/uploads\/2018\/12\/32542_133630559987157_8152212_n.jpg\" data-rel=\"prettyPhoto[rel-5087-1440946452]\"><img class=\"\" src=\"https:\/\/pepperoniteam.pl\/wp-content\/uploads\/2018\/12\/32542_133630559987157_8152212_n-165x165.jpg\" width=\"165\" height=\"165\" alt=\"32542_133630559987157_8152212_n\" title=\"32542_133630559987157_8152212_n\" \/><\/a><\/li><li class=\"isotope-item\"><a class=\"prettyphoto\" href=\"https:\/\/pepperoniteam.pl\/wp-content\/uploads\/2018\/12\/60809_159968954019984_3555176_n.jpg\" data-rel=\"prettyPhoto[rel-5087-1440946452]\"><img class=\"\" src=\"https:\/\/pepperoniteam.pl\/wp-content\/uploads\/2018\/12\/60809_159968954019984_3555176_n-165x165.jpg\" width=\"165\" height=\"165\" alt=\"60809_159968954019984_3555176_n\" title=\"60809_159968954019984_3555176_n\" \/><\/a><\/li><li class=\"isotope-item\"><a class=\"prettyphoto\" href=\"https:\/\/pepperoniteam.pl\/wp-content\/uploads\/2018\/12\/397095_383926868290857_2118223660_n.jpg\" data-rel=\"prettyPhoto[rel-5087-1440946452]\"><img class=\"\" src=\"https:\/\/pepperoniteam.pl\/wp-content\/uploads\/2018\/12\/397095_383926868290857_2118223660_n-165x165.jpg\" width=\"165\" height=\"165\" alt=\"397095_383926868290857_2118223660_n\" title=\"397095_383926868290857_2118223660_n\" \/><\/a><\/li><li class=\"isotope-item\"><a class=\"prettyphoto\" href=\"https:\/\/pepperoniteam.pl\/wp-content\/uploads\/2018\/12\/378748_334614079888803_1902761028_n.jpg\" data-rel=\"prettyPhoto[rel-5087-1440946452]\"><img class=\"\" src=\"https:\/\/pepperoniteam.pl\/wp-content\/uploads\/2018\/12\/378748_334614079888803_1902761028_n-165x165.jpg\" width=\"165\" height=\"165\" alt=\"378748_334614079888803_1902761028_n\" title=\"378748_334614079888803_1902761028_n\" \/><\/a><\/li><li class=\"isotope-item\"><a class=\"prettyphoto\" href=\"https:\/\/pepperoniteam.pl\/wp-content\/uploads\/2018\/12\/156573_179424332074446_7152276_n.jpg\" data-rel=\"prettyPhoto[rel-5087-1440946452]\"><img class=\"\" src=\"https:\/\/pepperoniteam.pl\/wp-content\/uploads\/2018\/12\/156573_179424332074446_7152276_n-165x165.jpg\" width=\"165\" height=\"165\" alt=\"156573_179424332074446_7152276_n\" title=\"156573_179424332074446_7152276_n\" \/><\/a><\/li><li class=\"isotope-item\"><a class=\"prettyphoto\" href=\"https:\/\/pepperoniteam.pl\/wp-content\/uploads\/2018\/12\/217769_216414081708804_6622368_n.jpg\" data-rel=\"prettyPhoto[rel-5087-1440946452]\"><img class=\"\" src=\"https:\/\/pepperoniteam.pl\/wp-content\/uploads\/2018\/12\/217769_216414081708804_6622368_n-165x165.jpg\" width=\"165\" height=\"165\" alt=\"217769_216414081708804_6622368_n\" title=\"217769_216414081708804_6622368_n\" \/><\/a><\/li><li class=\"isotope-item\"><a class=\"prettyphoto\" href=\"https:\/\/pepperoniteam.pl\/wp-content\/uploads\/2018\/12\/10620756_1034634366553434_7502828157839650841_n.jpg\" data-rel=\"prettyPhoto[rel-5087-1440946452]\"><img class=\"\" src=\"https:\/\/pepperoniteam.pl\/wp-content\/uploads\/2018\/12\/10620756_1034634366553434_7502828157839650841_n-165x165.jpg\" width=\"165\" height=\"165\" alt=\"10620756_1034634366553434_7502828157839650841_n\" title=\"10620756_1034634366553434_7502828157839650841_n\" \/><\/a><\/li><li class=\"isotope-item\"><a class=\"prettyphoto\" href=\"https:\/\/pepperoniteam.pl\/wp-content\/uploads\/2018\/12\/260027_252068308143381_4260018_n.jpg\" data-rel=\"prettyPhoto[rel-5087-1440946452]\"><img class=\"\" src=\"https:\/\/pepperoniteam.pl\/wp-content\/uploads\/2018\/12\/260027_252068308143381_4260018_n-165x165.jpg\" width=\"165\" height=\"165\" alt=\"260027_252068308143381_4260018_n\" title=\"260027_252068308143381_4260018_n\" \/><\/a><\/li><li class=\"isotope-item\"><a class=\"prettyphoto\" href=\"https:\/\/pepperoniteam.pl\/wp-content\/uploads\/2018\/12\/269063_248468298503382_1266705_n.jpg\" data-rel=\"prettyPhoto[rel-5087-1440946452]\"><img class=\"\" src=\"https:\/\/pepperoniteam.pl\/wp-content\/uploads\/2018\/12\/269063_248468298503382_1266705_n-165x165.jpg\" width=\"165\" height=\"165\" alt=\"269063_248468298503382_1266705_n\" title=\"269063_248468298503382_1266705_n\" \/><\/a><\/li><li class=\"isotope-item\"><a class=\"prettyphoto\" href=\"https:\/\/pepperoniteam.pl\/wp-content\/uploads\/2018\/12\/282774_483421498341393_1897540249_n.jpg\" data-rel=\"prettyPhoto[rel-5087-1440946452]\"><img class=\"\" src=\"https:\/\/pepperoniteam.pl\/wp-content\/uploads\/2018\/12\/282774_483421498341393_1897540249_n-165x165.jpg\" width=\"165\" height=\"165\" alt=\"282774_483421498341393_1897540249_n\" title=\"282774_483421498341393_1897540249_n\" \/><\/a><\/li><li class=\"isotope-item\"><a class=\"prettyphoto\" href=\"https:\/\/pepperoniteam.pl\/wp-content\/uploads\/2018\/12\/487841_502767149740161_816592971_n.jpg\" data-rel=\"prettyPhoto[rel-5087-1440946452]\"><img class=\"\" src=\"https:\/\/pepperoniteam.pl\/wp-content\/uploads\/2018\/12\/487841_502767149740161_816592971_n-165x165.jpg\" width=\"165\" height=\"165\" alt=\"487841_502767149740161_816592971_n\" title=\"487841_502767149740161_816592971_n\" \/><\/a><\/li><li class=\"isotope-item\"><a class=\"prettyphoto\" href=\"https:\/\/pepperoniteam.pl\/wp-content\/uploads\/2018\/12\/544586_636609719689236_1508867510_n.jpg\" data-rel=\"prettyPhoto[rel-5087-1440946452]\"><img class=\"\" src=\"https:\/\/pepperoniteam.pl\/wp-content\/uploads\/2018\/12\/544586_636609719689236_1508867510_n-165x165.jpg\" width=\"165\" height=\"165\" alt=\"544586_636609719689236_1508867510_n\" title=\"544586_636609719689236_1508867510_n\" \/><\/a><\/li><li class=\"isotope-item\"><a class=\"prettyphoto\" href=\"https:\/\/pepperoniteam.pl\/wp-content\/uploads\/2018\/12\/563813_636609846355890_2333190_n.jpg\" data-rel=\"prettyPhoto[rel-5087-1440946452]\"><img class=\"\" src=\"https:\/\/pepperoniteam.pl\/wp-content\/uploads\/2018\/12\/563813_636609846355890_2333190_n-165x165.jpg\" width=\"165\" height=\"165\" alt=\"563813_636609846355890_2333190_n\" title=\"563813_636609846355890_2333190_n\" \/><\/a><\/li><li class=\"isotope-item\"><a class=\"prettyphoto\" href=\"https:\/\/pepperoniteam.pl\/wp-content\/uploads\/2018\/12\/73356_636609703022571_406619455_n.jpg\" data-rel=\"prettyPhoto[rel-5087-1440946452]\"><img class=\"\" src=\"https:\/\/pepperoniteam.pl\/wp-content\/uploads\/2018\/12\/73356_636609703022571_406619455_n-165x165.jpg\" width=\"165\" height=\"165\" alt=\"73356_636609703022571_406619455_n\" title=\"73356_636609703022571_406619455_n\" \/><\/a><\/li><\/ul><\/div><\/div><\/div>\n\t<div class=\"wpb_text_column wpb_content_element\" >\n\t\t<div class=\"wpb_wrapper\">\n\t\t\t<p style=\"text-align: center;\"><a href=\"https:\/\/www.facebook.com\/media\/set\/?set=a.133630396653840&amp;type=3\"><span style=\"color: #808080;\"><strong>More photos<\/strong><\/span><\/a>\u00a0<i class=\"fa fa-facebook-square\" ><\/i><\/p>\n\n\t\t<\/div>\n\t<\/div>\n<\/div><\/div><\/div><\/div><div class=\"vc_row wpb_row vc_row-fluid\"><div class=\"wpb_column vc_column_container vc_col-sm-12\"><div class=\"vc_column-inner\"><div class=\"wpb_wrapper\"><\/div><\/div><\/div><\/div>","protected":false},"excerpt":{"rendered":"Tibor Pepperoni Team W\u0142a\u015bciciel: Ala Stocka Ur. 14.04.2010 \u015am. 05.2022 Rodow\u00f3d (Malomk\u00f6zi Kris x Czuszka Z Ta\u0142chej\u00f3w ) REPRODUKTOR M\u0142odzie\u017cowy<a class=\"article-read-more\" href=\"https:\/\/pepperoniteam.pl\/en\/tibor\/\"><i class=\"worldblogicon fa-angle-double-right\"><\/i><\/a>","protected":false},"author":2,"featured_media":0,"parent":0,"menu_order":0,"comment_status":"closed","ping_status":"closed","template":"","meta":[],"wps_subtitle":"","_links":{"self":[{"href":"https:\/\/pepperoniteam.pl\/en\/wp-json\/wp\/v2\/pages\/5087"}],"collection":[{"href":"https:\/\/pepperoniteam.pl\/en\/wp-json\/wp\/v2\/pages"}],"about":[{"href":"https:\/\/pepperoniteam.pl\/en\/wp-json\/wp\/v2\/types\/page"}],"author":[{"embeddable":true,"href":"https:\/\/pepperoniteam.pl\/en\/wp-json\/wp\/v2\/users\/2"}],"replies":[{"embeddable":true,"href":"https:\/\/pepperoniteam.pl\/en\/wp-json\/wp\/v2\/comments?post=5087"}],"version-history":[{"count":0,"href":"https:\/\/pepperoniteam.pl\/en\/wp-json\/wp\/v2\/pages\/5087\/revisions"}],"wp:attachment":[{"href":"https:\/\/pepperoniteam.pl\/en\/wp-json\/wp\/v2\/media?parent=5087"}],"curies":[{"name":"wp","href":"https:\/\/api.w.org\/{rel}","templated":true}]}}