{"id":6706,"date":"2019-04-28T10:54:56","date_gmt":"2019-04-28T09:54:56","guid":{"rendered":"http:\/\/pepperoniteam.pl\/?page_id=6706"},"modified":"2019-04-28T10:58:02","modified_gmt":"2019-04-28T09:58:02","slug":"newsy-2010","status":"publish","type":"page","link":"https:\/\/pepperoniteam.pl\/en\/newsy-2010\/","title":{"rendered":"News 2010"},"content":{"rendered":"<div class=\"vc_row wpb_row vc_row-fluid\"><div class=\"wpb_column vc_column_container vc_col-sm-12\"><div class=\"vc_column-inner\"><div class=\"wpb_wrapper\">\n\t<div class=\"wpb_text_column wpb_content_element  special1\" >\n\t\t<div class=\"wpb_wrapper\">\n\t\t\t<h1>News 2010<\/h1>\n\n\t\t<\/div>\n\t<\/div>\n<\/div><\/div><\/div><\/div><div class=\"vc_row wpb_row vc_row-fluid\"><div class=\"wpb_column vc_column_container vc_col-sm-12\"><div class=\"vc_column-inner\"><div class=\"wpb_wrapper\">\n\t<div class=\"wpb_text_column wpb_content_element\" >\n\t\t<div class=\"wpb_wrapper\">\n\t\t\t<div id=\"bdpp-post-list-1\" class=\"bdpp-wrap bdpp-lite bdpp-post-list-wrap bdpp-post-data-wrap bdpp-design-1  bdpp-clearfix\">\r\n\t<div class=\"bdpp-post-list-inr-wrap bdpp-post-data-inr-wrap bdpp-clearfix\"><div class=\"bdpp-post-list-main bdpp-post-6749 bdpp-post-standard bdpp-has-thumb\">\r\n\t<div class=\"bdpp-post-list-content bdpp-clearfix\">\r\n\t\t\t\t<div class=\"bdpp-post-list-left bdpp-col-2 bdpp-columns\">\r\n\t\t\t<div class=\"bdpp-post-img-bg\">\r\n\t\t\t\t<a href=\"https:\/\/pepperoniteam.pl\/en\/2010\/12\/24\/wesolych-swiat-5\/\">\r\n\t\t\t\t\t<img src=\"https:\/\/pepperoniteam.pl\/wp-content\/uploads\/2019\/05\/77659_186708111346068_2297325_o.jpg\" class=\"bdpp-img bdpp-post-feat-img\" alt=\"Weso\u0142ych \u015awi\u0105t!!!\" \/>\r\n\t\t\t\t\t\t\t\t\t<\/a>\r\n\t\t\t<\/div>\r\n\t\t<\/div>\r\n\t\t\r\n\t\t<div class=\"bdpp-post-list-right bdpp-col-2 bdpp-columns\">\r\n\t\t\t\r\n\t\t\t<h2 class=\"bdpp-post-title\">\r\n\t\t\t\t<a href=\"https:\/\/pepperoniteam.pl\/en\/2010\/12\/24\/wesolych-swiat-5\/\">Weso\u0142ych \u015awi\u0105t!!!<\/a>\r\n\t\t\t<\/h2>\r\n\r\n\t\t\t\t\t\t<div class=\"bdpp-post-meta bdpp-post-meta-up\">\r\n\t\t\t\t<span class=\"bdpp-post-meta-data bdpp-post-date\"><i class=\"fa fa-clock-o\"><\/i>24\/12\/2010<\/span>\t\t\t<\/div>\r\n\t\t\t\t\t\t<div class=\"bdpp-post-content\">\r\n\t\t\t\t<div class=\"bdpp-post-desc\">Najlepsze \u017cyczenia od naszej hodowli!<\/div>\r\n\t\t\t\t\t\t\t\t\t<a href=\"https:\/\/pepperoniteam.pl\/en\/2010\/12\/24\/wesolych-swiat-5\/\" class=\"bdpp-rdmr-btn\">Read More<\/a>\r\n\t\t\t\t\t\t\t<\/div>\r\n\t\t\t\t\t<\/div>\r\n\t<\/div>\r\n<\/div><div class=\"bdpp-post-list-main bdpp-post-6730 bdpp-post-standard bdpp-has-thumb\">\r\n\t<div class=\"bdpp-post-list-content bdpp-clearfix\">\r\n\t\t\t\t<div class=\"bdpp-post-list-left bdpp-col-2 bdpp-columns\">\r\n\t\t\t<div class=\"bdpp-post-img-bg\">\r\n\t\t\t\t<a href=\"https:\/\/pepperoniteam.pl\/en\/2010\/12\/11\/cac-nowy-dwor-mazowiecki-10\/\">\r\n\t\t\t\t\t<img src=\"https:\/\/pepperoniteam.pl\/wp-content\/uploads\/2019\/05\/tibor32.jpg\" class=\"bdpp-img bdpp-post-feat-img\" alt=\"CAC Nowy Dw\u00f3r Mazowiecki\" \/>\r\n\t\t\t\t\t\t\t\t\t<\/a>\r\n\t\t\t<\/div>\r\n\t\t<\/div>\r\n\t\t\r\n\t\t<div class=\"bdpp-post-list-right bdpp-col-2 bdpp-columns\">\r\n\t\t\t\r\n\t\t\t<h2 class=\"bdpp-post-title\">\r\n\t\t\t\t<a href=\"https:\/\/pepperoniteam.pl\/en\/2010\/12\/11\/cac-nowy-dwor-mazowiecki-10\/\">CAC Nowy Dw\u00f3r Mazowiecki<\/a>\r\n\t\t\t<\/h2>\r\n\r\n\t\t\t\t\t\t<div class=\"bdpp-post-meta bdpp-post-meta-up\">\r\n\t\t\t\t<span class=\"bdpp-post-meta-data bdpp-post-date\"><i class=\"fa fa-clock-o\"><\/i>11\/12\/2010<\/span>\t\t\t<\/div>\r\n\t\t\t\t\t\t<div class=\"bdpp-post-content\">\r\n\t\t\t\t<div class=\"bdpp-post-desc\">TIBOR - ocena doskona\u0142a, Najlepsze Szczeni\u0119 w Rasie!!!<\/div>\r\n\t\t\t\t\t\t\t\t\t<a href=\"https:\/\/pepperoniteam.pl\/en\/2010\/12\/11\/cac-nowy-dwor-mazowiecki-10\/\" class=\"bdpp-rdmr-btn\">Read More<\/a>\r\n\t\t\t\t\t\t\t<\/div>\r\n\t\t\t\t\t<\/div>\r\n\t<\/div>\r\n<\/div><div class=\"bdpp-post-list-main bdpp-post-6737 bdpp-post-standard bdpp-has-thumb\">\r\n\t<div class=\"bdpp-post-list-content bdpp-clearfix\">\r\n\t\t\t\t<div class=\"bdpp-post-list-left bdpp-col-2 bdpp-columns\">\r\n\t\t\t<div class=\"bdpp-post-img-bg\">\r\n\t\t\t\t<a href=\"https:\/\/pepperoniteam.pl\/en\/2010\/11\/21\/cacib-nitra-slowacja-2\/\">\r\n\t\t\t\t\t<img src=\"https:\/\/pepperoniteam.pl\/wp-content\/uploads\/2019\/05\/nitra5.jpg\" class=\"bdpp-img bdpp-post-feat-img\" alt=\"CACIB Nitra (S\u0142owacja)\" \/>\r\n\t\t\t\t\t\t\t\t\t<\/a>\r\n\t\t\t<\/div>\r\n\t\t<\/div>\r\n\t\t\r\n\t\t<div class=\"bdpp-post-list-right bdpp-col-2 bdpp-columns\">\r\n\t\t\t\r\n\t\t\t<h2 class=\"bdpp-post-title\">\r\n\t\t\t\t<a href=\"https:\/\/pepperoniteam.pl\/en\/2010\/11\/21\/cacib-nitra-slowacja-2\/\">CACIB Nitra (S\u0142owacja)<\/a>\r\n\t\t\t<\/h2>\r\n\r\n\t\t\t\t\t\t<div class=\"bdpp-post-meta bdpp-post-meta-up\">\r\n\t\t\t\t<span class=\"bdpp-post-meta-data bdpp-post-date\"><i class=\"fa fa-clock-o\"><\/i>21\/11\/2010<\/span>\t\t\t<\/div>\r\n\t\t\t\t\t\t<div class=\"bdpp-post-content\">\r\n\t\t\t\t<div class=\"bdpp-post-desc\">CZUSZKA CHAMPIONEM S\u0141OWACJI!!!<\/div>\r\n\t\t\t\t\t\t\t\t\t<a href=\"https:\/\/pepperoniteam.pl\/en\/2010\/11\/21\/cacib-nitra-slowacja-2\/\" class=\"bdpp-rdmr-btn\">Read More<\/a>\r\n\t\t\t\t\t\t\t<\/div>\r\n\t\t\t\t\t<\/div>\r\n\t<\/div>\r\n<\/div><div class=\"bdpp-post-list-main bdpp-post-6733 bdpp-post-standard bdpp-has-thumb\">\r\n\t<div class=\"bdpp-post-list-content bdpp-clearfix\">\r\n\t\t\t\t<div class=\"bdpp-post-list-left bdpp-col-2 bdpp-columns\">\r\n\t\t\t<div class=\"bdpp-post-img-bg\">\r\n\t\t\t\t<a href=\"https:\/\/pepperoniteam.pl\/en\/2010\/11\/20\/cacib-nitra-slowacja\/\">\r\n\t\t\t\t\t<img src=\"https:\/\/pepperoniteam.pl\/wp-content\/uploads\/2019\/05\/nitra1.jpg\" class=\"bdpp-img bdpp-post-feat-img\" alt=\"CACIB Nitra (S\u0142owacja)\" \/>\r\n\t\t\t\t\t\t\t\t\t<\/a>\r\n\t\t\t<\/div>\r\n\t\t<\/div>\r\n\t\t\r\n\t\t<div class=\"bdpp-post-list-right bdpp-col-2 bdpp-columns\">\r\n\t\t\t\r\n\t\t\t<h2 class=\"bdpp-post-title\">\r\n\t\t\t\t<a href=\"https:\/\/pepperoniteam.pl\/en\/2010\/11\/20\/cacib-nitra-slowacja\/\">CACIB Nitra (S\u0142owacja)<\/a>\r\n\t\t\t<\/h2>\r\n\r\n\t\t\t\t\t\t<div class=\"bdpp-post-meta bdpp-post-meta-up\">\r\n\t\t\t\t<span class=\"bdpp-post-meta-data bdpp-post-date\"><i class=\"fa fa-clock-o\"><\/i>20\/11\/2010<\/span>\t\t\t<\/div>\r\n\t\t\t\t\t\t<div class=\"bdpp-post-content\">\r\n\t\t\t\t<div class=\"bdpp-post-desc\">CZUSZKA - ocena doskona\u0142a, CAC, resCACIB!!!<\/div>\r\n\t\t\t\t\t\t\t\t\t<a href=\"https:\/\/pepperoniteam.pl\/en\/2010\/11\/20\/cacib-nitra-slowacja\/\" class=\"bdpp-rdmr-btn\">Read More<\/a>\r\n\t\t\t\t\t\t\t<\/div>\r\n\t\t\t\t\t<\/div>\r\n\t<\/div>\r\n<\/div><div class=\"bdpp-post-list-main bdpp-post-6744 bdpp-post-standard bdpp-has-thumb\">\r\n\t<div class=\"bdpp-post-list-content bdpp-clearfix\">\r\n\t\t\t\t<div class=\"bdpp-post-list-left bdpp-col-2 bdpp-columns\">\r\n\t\t\t<div class=\"bdpp-post-img-bg\">\r\n\t\t\t\t<a href=\"https:\/\/pepperoniteam.pl\/en\/2010\/10\/10\/cac-legionowo\/\">\r\n\t\t\t\t\t<img src=\"https:\/\/pepperoniteam.pl\/wp-content\/uploads\/2019\/05\/legionowo1.jpg\" class=\"bdpp-img bdpp-post-feat-img\" alt=\"CAC Legionowo\" \/>\r\n\t\t\t\t\t\t\t\t\t<\/a>\r\n\t\t\t<\/div>\r\n\t\t<\/div>\r\n\t\t\r\n\t\t<div class=\"bdpp-post-list-right bdpp-col-2 bdpp-columns\">\r\n\t\t\t\r\n\t\t\t<h2 class=\"bdpp-post-title\">\r\n\t\t\t\t<a href=\"https:\/\/pepperoniteam.pl\/en\/2010\/10\/10\/cac-legionowo\/\">CAC Legionowo<\/a>\r\n\t\t\t<\/h2>\r\n\r\n\t\t\t\t\t\t<div class=\"bdpp-post-meta bdpp-post-meta-up\">\r\n\t\t\t\t<span class=\"bdpp-post-meta-data bdpp-post-date\"><i class=\"fa fa-clock-o\"><\/i>10\/10\/2010<\/span>\t\t\t<\/div>\r\n\t\t\t\t\t\t<div class=\"bdpp-post-content\">\r\n\t\t\t\t<div class=\"bdpp-post-desc\">Wyniki Czuszki i Tibora!<\/div>\r\n\t\t\t\t\t\t\t\t\t<a href=\"https:\/\/pepperoniteam.pl\/en\/2010\/10\/10\/cac-legionowo\/\" class=\"bdpp-rdmr-btn\">Read More<\/a>\r\n\t\t\t\t\t\t\t<\/div>\r\n\t\t\t\t\t<\/div>\r\n\t<\/div>\r\n<\/div><div class=\"bdpp-post-list-main bdpp-post-6753 bdpp-post-standard bdpp-has-thumb\">\r\n\t<div class=\"bdpp-post-list-content bdpp-clearfix\">\r\n\t\t\t\t<div class=\"bdpp-post-list-left bdpp-col-2 bdpp-columns\">\r\n\t\t\t<div class=\"bdpp-post-img-bg\">\r\n\t\t\t\t<a href=\"https:\/\/pepperoniteam.pl\/en\/2010\/09\/04\/cacib-krakow-4\/\">\r\n\t\t\t\t\t<img src=\"https:\/\/pepperoniteam.pl\/wp-content\/uploads\/2019\/05\/74596_171184039565142_8071992_n.jpg\" class=\"bdpp-img bdpp-post-feat-img\" alt=\"CACIB Krak\u00f3w\" \/>\r\n\t\t\t\t\t\t\t\t\t<\/a>\r\n\t\t\t<\/div>\r\n\t\t<\/div>\r\n\t\t\r\n\t\t<div class=\"bdpp-post-list-right bdpp-col-2 bdpp-columns\">\r\n\t\t\t\r\n\t\t\t<h2 class=\"bdpp-post-title\">\r\n\t\t\t\t<a href=\"https:\/\/pepperoniteam.pl\/en\/2010\/09\/04\/cacib-krakow-4\/\">CACIB Krak\u00f3w<\/a>\r\n\t\t\t<\/h2>\r\n\r\n\t\t\t\t\t\t<div class=\"bdpp-post-meta bdpp-post-meta-up\">\r\n\t\t\t\t<span class=\"bdpp-post-meta-data bdpp-post-date\"><i class=\"fa fa-clock-o\"><\/i>04\/09\/2010<\/span>\t\t\t<\/div>\r\n\t\t\t\t\t\t<div class=\"bdpp-post-content\">\r\n\t\t\t\t<div class=\"bdpp-post-desc\">TISZA - ocena wybitnie obiecuj\u0105ca, Najlepsze Baby w Rasie!<\/div>\r\n\t\t\t\t\t\t\t\t\t<a href=\"https:\/\/pepperoniteam.pl\/en\/2010\/09\/04\/cacib-krakow-4\/\" class=\"bdpp-rdmr-btn\">Read More<\/a>\r\n\t\t\t\t\t\t\t<\/div>\r\n\t\t\t\t\t<\/div>\r\n\t<\/div>\r\n<\/div><div class=\"bdpp-post-list-main bdpp-post-6757 bdpp-post-standard bdpp-has-thumb\">\r\n\t<div class=\"bdpp-post-list-content bdpp-clearfix\">\r\n\t\t\t\t<div class=\"bdpp-post-list-left bdpp-col-2 bdpp-columns\">\r\n\t\t\t<div class=\"bdpp-post-img-bg\">\r\n\t\t\t\t<a href=\"https:\/\/pepperoniteam.pl\/en\/2010\/07\/10\/cacib-warszawa-9\/\">\r\n\t\t\t\t\t<img src=\"https:\/\/pepperoniteam.pl\/wp-content\/uploads\/2019\/05\/38162_144646398885573_6591514_n.jpg\" class=\"bdpp-img bdpp-post-feat-img\" alt=\"CACIB Warszawa\" \/>\r\n\t\t\t\t\t\t\t\t\t<\/a>\r\n\t\t\t<\/div>\r\n\t\t<\/div>\r\n\t\t\r\n\t\t<div class=\"bdpp-post-list-right bdpp-col-2 bdpp-columns\">\r\n\t\t\t\r\n\t\t\t<h2 class=\"bdpp-post-title\">\r\n\t\t\t\t<a href=\"https:\/\/pepperoniteam.pl\/en\/2010\/07\/10\/cacib-warszawa-9\/\">CACIB Warszawa<\/a>\r\n\t\t\t<\/h2>\r\n\r\n\t\t\t\t\t\t<div class=\"bdpp-post-meta bdpp-post-meta-up\">\r\n\t\t\t\t<span class=\"bdpp-post-meta-data bdpp-post-date\"><i class=\"fa fa-clock-o\"><\/i>10\/07\/2010<\/span>\t\t\t<\/div>\r\n\t\t\t\t\t\t<div class=\"bdpp-post-content\">\r\n\t\t\t\t<div class=\"bdpp-post-desc\">LENTI -\u00a0ocena doskona\u0142a, CWC, CACIB oraz Zwyci\u0119stwo!!!<\/div>\r\n\t\t\t\t\t\t\t\t\t<a href=\"https:\/\/pepperoniteam.pl\/en\/2010\/07\/10\/cacib-warszawa-9\/\" class=\"bdpp-rdmr-btn\">Read More<\/a>\r\n\t\t\t\t\t\t\t<\/div>\r\n\t\t\t\t\t<\/div>\r\n\t<\/div>\r\n<\/div>\t<\/div>\r\n\t<\/div>\n\n\t\t<\/div>\n\t<\/div>\n<\/div><\/div><\/div><\/div>","protected":false},"excerpt":{"rendered":"LENTI -\u00a0ocena doskona\u0142a, CWC, CACIB oraz Zwyci\u0119stwo!!!","protected":false},"author":2,"featured_media":0,"parent":0,"menu_order":0,"comment_status":"closed","ping_status":"closed","template":"","meta":[],"wps_subtitle":"","_links":{"self":[{"href":"https:\/\/pepperoniteam.pl\/en\/wp-json\/wp\/v2\/pages\/6706"}],"collection":[{"href":"https:\/\/pepperoniteam.pl\/en\/wp-json\/wp\/v2\/pages"}],"about":[{"href":"https:\/\/pepperoniteam.pl\/en\/wp-json\/wp\/v2\/types\/page"}],"author":[{"embeddable":true,"href":"https:\/\/pepperoniteam.pl\/en\/wp-json\/wp\/v2\/users\/2"}],"replies":[{"embeddable":true,"href":"https:\/\/pepperoniteam.pl\/en\/wp-json\/wp\/v2\/comments?post=6706"}],"version-history":[{"count":0,"href":"https:\/\/pepperoniteam.pl\/en\/wp-json\/wp\/v2\/pages\/6706\/revisions"}],"wp:attachment":[{"href":"https:\/\/pepperoniteam.pl\/en\/wp-json\/wp\/v2\/media?parent=6706"}],"curies":[{"name":"wp","href":"https:\/\/api.w.org\/{rel}","templated":true}]}}