{"id":7242,"date":"2020-01-02T22:01:28","date_gmt":"2020-01-02T21:01:28","guid":{"rendered":"http:\/\/pepperoniteam.pl\/?page_id=7242"},"modified":"2022-04-21T20:26:56","modified_gmt":"2022-04-21T18:26:56","slug":"deedee","status":"publish","type":"page","link":"https:\/\/pepperoniteam.pl\/en\/deedee\/","title":{"rendered":"Dee Dee"},"content":{"rendered":"<div class=\"vc_row wpb_row vc_row-fluid\"><div class=\"wpb_column vc_column_container vc_col-sm-12\"><div class=\"vc_column-inner\"><div class=\"wpb_wrapper\">\n\t<div class=\"wpb_text_column wpb_content_element  wpb_animate_when_almost_visible wpb_fadeInDown fadeInDown vc_custom_1546170713483 special1\" >\n\t\t<div class=\"wpb_wrapper\">\n\t\t\t<h1>Dee Dee Pepperoni Team &#8220;Hunti&#8221;<\/h1>\n\n\t\t<\/div>\n\t<\/div>\n\n\t<div class=\"wpb_text_column wpb_content_element\" >\n\t\t<div class=\"wpb_wrapper\">\n\t\t\t<p><i class=\"fa fa-male\" ><\/i> Owners: Ma\u0142gorzata Janiec i Piotr Kiecze\u0144<\/p>\n<p><i class=\"fa fa-calendar\" ><\/i> Ur. 21.05.2014<br \/>\n<i class=\"fa fa-id-card-o\" ><\/i> <span style=\"color: #808080;\"><a style=\"color: #808080;\" href=\"https:\/\/www.vizsladatabase.com\/details.php?id=103062\">Pedigree<\/a><\/span><\/p>\n<p>( <span class=\"_3oh- _58nk\">Moho<\/span><span class=\"_3oh- _58nk\">sk\u0151i<\/span><span class=\"_3oh- _58nk\"> M\u00f3ci<\/span> x Piri-Piri Pepperoni Team )<\/p>\n\n\t\t<\/div>\n\t<\/div>\n<\/div><\/div><\/div><\/div><div class=\"vc_row wpb_row vc_row-fluid\"><div class=\"wpb_column vc_column_container vc_col-sm-12\"><div class=\"vc_column-inner\"><div class=\"wpb_wrapper\">\n\t<div  class=\"wpb_single_image wpb_content_element vc_align_left  wpb_animate_when_almost_visible wpb_rotateInUpLeft rotateInUpLeft\">\n\t\t\n\t\t<figure class=\"wpb_wrapper vc_figure\">\n\t\t\t<a data-rel=\"prettyPhoto[rel-7242-369539304]\" href=\"https:\/\/pepperoniteam.pl\/wp-content\/uploads\/2020\/01\/deedee.jpg\" target=\"_self\" class=\"vc_single_image-wrapper vc_box_border  vc_box_border_grey prettyphoto\"><img class=\"vc_single_image-img\" src=\"https:\/\/pepperoniteam.pl\/wp-content\/uploads\/2020\/01\/deedee-450x293.jpg\" width=\"450\" height=\"293\" alt=\"deedee\" title=\"deedee\" \/><\/a>\n\t\t<\/figure>\n\t<\/div>\n<\/div><\/div><\/div><\/div><div class=\"vc_row wpb_row vc_row-fluid\"><div class=\"wpb_column vc_column_container vc_col-sm-12\"><div class=\"vc_column-inner\"><div class=\"wpb_wrapper\">\n\t<div class=\"wpb_text_column wpb_content_element\" >\n\t\t<div class=\"wpb_wrapper\">\n\t\t\t<p><strong>Shows<br \/>\n<\/strong>excellent<strong><br \/>\n<\/strong><br \/>\n<strong>Working<br \/>\n<\/strong>Hunting Test - I degree diploma<br \/>\nworking dog<\/p>\n<p><strong>Health<br \/>\n<\/strong>HD &#8211; A<br \/>\nL\/L (free of long hair gene)<\/p>\n\n\t\t<\/div>\n\t<\/div>\n<\/div><\/div><\/div><\/div><div class=\"vc_row wpb_row vc_row-fluid\"><div class=\"wpb_column vc_column_container vc_col-sm-12\"><div class=\"vc_column-inner\"><div class=\"wpb_wrapper\"><div class=\"wpb_gallery wpb_content_element vc_clearfix\" ><div class=\"wpb_wrapper\"><div class=\"wpb_gallery_slides wpb_image_grid\" data-interval=\"3\"><ul class=\"wpb_image_grid_ul\"><li class=\"isotope-item\"><a class=\"prettyphoto\" href=\"https:\/\/pepperoniteam.pl\/wp-content\/uploads\/2018\/12\/10525946_907112599305612_3320742900285652687_n.jpg\" data-rel=\"prettyPhoto[rel-7242-1690989108]\"><img class=\"\" src=\"https:\/\/pepperoniteam.pl\/wp-content\/uploads\/2018\/12\/10525946_907112599305612_3320742900285652687_n-165x165.jpg\" width=\"165\" height=\"165\" alt=\"10525946_907112599305612_3320742900285652687_n\" title=\"10525946_907112599305612_3320742900285652687_n\" \/><\/a><\/li><li class=\"isotope-item\"><a class=\"prettyphoto\" href=\"https:\/\/pepperoniteam.pl\/wp-content\/uploads\/2018\/12\/10478601_907112569305615_70482379000126371_n.jpg\" data-rel=\"prettyPhoto[rel-7242-1690989108]\"><img class=\"\" src=\"https:\/\/pepperoniteam.pl\/wp-content\/uploads\/2018\/12\/10478601_907112569305615_70482379000126371_n-165x165.jpg\" width=\"165\" height=\"165\" alt=\"10478601_907112569305615_70482379000126371_n\" title=\"10478601_907112569305615_70482379000126371_n\" \/><\/a><\/li><li class=\"isotope-item\"><a class=\"prettyphoto\" href=\"https:\/\/pepperoniteam.pl\/wp-content\/uploads\/2018\/12\/DSC0108-1024x680.jpg\" data-rel=\"prettyPhoto[rel-7242-1690989108]\"><img class=\"\" src=\"https:\/\/pepperoniteam.pl\/wp-content\/uploads\/2018\/12\/DSC0108-165x165.jpg\" width=\"165\" height=\"165\" alt=\"_DSC0108\" title=\"_DSC0108\" \/><\/a><\/li><li class=\"isotope-item\"><a class=\"prettyphoto\" href=\"https:\/\/pepperoniteam.pl\/wp-content\/uploads\/2018\/12\/11924541_1172468216103381_9119648246233418754_n.jpg\" data-rel=\"prettyPhoto[rel-7242-1690989108]\"><img class=\"\" src=\"https:\/\/pepperoniteam.pl\/wp-content\/uploads\/2018\/12\/11924541_1172468216103381_9119648246233418754_n-165x165.jpg\" width=\"165\" height=\"165\" alt=\"11924541_1172468216103381_9119648246233418754_n\" title=\"11924541_1172468216103381_9119648246233418754_n\" \/><\/a><\/li><li class=\"isotope-item\"><a class=\"prettyphoto\" href=\"https:\/\/pepperoniteam.pl\/wp-content\/uploads\/2018\/12\/11745748_1141810505835819_5222610858902463685_n.jpg\" data-rel=\"prettyPhoto[rel-7242-1690989108]\"><img class=\"\" src=\"https:\/\/pepperoniteam.pl\/wp-content\/uploads\/2018\/12\/11745748_1141810505835819_5222610858902463685_n-165x165.jpg\" width=\"165\" height=\"165\" alt=\"11745748_1141810505835819_5222610858902463685_n\" title=\"11745748_1141810505835819_5222610858902463685_n\" \/><\/a><\/li><li class=\"isotope-item\"><a class=\"prettyphoto\" href=\"https:\/\/pepperoniteam.pl\/wp-content\/uploads\/2018\/12\/DSC1155-1024x609.jpg\" data-rel=\"prettyPhoto[rel-7242-1690989108]\"><img class=\"\" src=\"https:\/\/pepperoniteam.pl\/wp-content\/uploads\/2018\/12\/DSC1155-165x165.jpg\" width=\"165\" height=\"165\" alt=\"_DSC1155\" title=\"_DSC1155\" \/><\/a><\/li><li class=\"isotope-item\"><a class=\"prettyphoto\" href=\"https:\/\/pepperoniteam.pl\/wp-content\/uploads\/2018\/12\/20170815_091029.jpg\" data-rel=\"prettyPhoto[rel-7242-1690989108]\"><img class=\"\" src=\"https:\/\/pepperoniteam.pl\/wp-content\/uploads\/2018\/12\/20170815_091029-165x165.jpg\" width=\"165\" height=\"165\" alt=\"20170815_091029\" title=\"20170815_091029\" \/><\/a><\/li><li class=\"isotope-item\"><a class=\"prettyphoto\" href=\"https:\/\/pepperoniteam.pl\/wp-content\/uploads\/2018\/12\/DSC0540-800x1024.jpg\" data-rel=\"prettyPhoto[rel-7242-1690989108]\"><img class=\"\" src=\"https:\/\/pepperoniteam.pl\/wp-content\/uploads\/2018\/12\/DSC0540-165x165.jpg\" width=\"165\" height=\"165\" alt=\"_DSC0540\" title=\"_DSC0540\" \/><\/a><\/li><li class=\"isotope-item\"><a class=\"prettyphoto\" href=\"https:\/\/pepperoniteam.pl\/wp-content\/uploads\/2018\/12\/12898341_1303971956286339_5611732822475860431_o.jpg\" data-rel=\"prettyPhoto[rel-7242-1690989108]\"><img class=\"\" src=\"https:\/\/pepperoniteam.pl\/wp-content\/uploads\/2018\/12\/12898341_1303971956286339_5611732822475860431_o-165x165.jpg\" width=\"165\" height=\"165\" alt=\"12898341_1303971956286339_5611732822475860431_o\" title=\"12898341_1303971956286339_5611732822475860431_o\" \/><\/a><\/li><li class=\"isotope-item\"><a class=\"prettyphoto\" href=\"https:\/\/pepperoniteam.pl\/wp-content\/uploads\/2020\/01\/deddee.jpg\" data-rel=\"prettyPhoto[rel-7242-1690989108]\"><img class=\"\" src=\"https:\/\/pepperoniteam.pl\/wp-content\/uploads\/2020\/01\/deddee-165x165.jpg\" width=\"165\" height=\"165\" alt=\"deddee\" title=\"deddee\" \/><\/a><\/li><li class=\"isotope-item\"><a class=\"prettyphoto\" href=\"https:\/\/pepperoniteam.pl\/wp-content\/uploads\/2020\/01\/20160918_182807.jpg\" data-rel=\"prettyPhoto[rel-7242-1690989108]\"><img class=\"\" src=\"https:\/\/pepperoniteam.pl\/wp-content\/uploads\/2020\/01\/20160918_182807-165x165.jpg\" width=\"165\" height=\"165\" alt=\"20160918_182807\" title=\"20160918_182807\" \/><\/a><\/li><li class=\"isotope-item\"><a class=\"prettyphoto\" href=\"https:\/\/pepperoniteam.pl\/wp-content\/uploads\/2018\/12\/20160703_184629.jpg\" data-rel=\"prettyPhoto[rel-7242-1690989108]\"><img class=\"\" src=\"https:\/\/pepperoniteam.pl\/wp-content\/uploads\/2018\/12\/20160703_184629-165x165.jpg\" width=\"165\" height=\"165\" alt=\"20160703_184629\" title=\"20160703_184629\" \/><\/a><\/li><li class=\"isotope-item\"><a class=\"prettyphoto\" href=\"https:\/\/pepperoniteam.pl\/wp-content\/uploads\/2020\/01\/IMG_1582.jpg\" data-rel=\"prettyPhoto[rel-7242-1690989108]\"><img class=\"\" src=\"https:\/\/pepperoniteam.pl\/wp-content\/uploads\/2020\/01\/IMG_1582-165x165.jpg\" width=\"165\" height=\"165\" alt=\"IMG_1582\" title=\"IMG_1582\" \/><\/a><\/li><li class=\"isotope-item\"><a class=\"prettyphoto\" href=\"https:\/\/pepperoniteam.pl\/wp-content\/uploads\/2020\/01\/IMG_1585.jpg\" data-rel=\"prettyPhoto[rel-7242-1690989108]\"><img class=\"\" src=\"https:\/\/pepperoniteam.pl\/wp-content\/uploads\/2020\/01\/IMG_1585-165x165.jpg\" width=\"165\" height=\"165\" alt=\"IMG_1585\" title=\"IMG_1585\" \/><\/a><\/li><li class=\"isotope-item\"><a class=\"prettyphoto\" href=\"https:\/\/pepperoniteam.pl\/wp-content\/uploads\/2020\/01\/DSC0701.jpg\" data-rel=\"prettyPhoto[rel-7242-1690989108]\"><img class=\"\" src=\"https:\/\/pepperoniteam.pl\/wp-content\/uploads\/2020\/01\/DSC0701-165x165.jpg\" width=\"165\" height=\"165\" alt=\"_DSC0701\" title=\"_DSC0701\" \/><\/a><\/li><li class=\"isotope-item\"><a class=\"prettyphoto\" href=\"https:\/\/pepperoniteam.pl\/wp-content\/uploads\/2020\/01\/DSC0659.jpg\" data-rel=\"prettyPhoto[rel-7242-1690989108]\"><img class=\"\" src=\"https:\/\/pepperoniteam.pl\/wp-content\/uploads\/2020\/01\/DSC0659-165x165.jpg\" width=\"165\" height=\"165\" alt=\"_DSC0659\" title=\"_DSC0659\" \/><\/a><\/li><li class=\"isotope-item\"><a class=\"prettyphoto\" href=\"https:\/\/pepperoniteam.pl\/wp-content\/uploads\/2018\/12\/12819304_1279320098751525_7021436687645813802_o.jpg\" data-rel=\"prettyPhoto[rel-7242-1690989108]\"><img class=\"\" src=\"https:\/\/pepperoniteam.pl\/wp-content\/uploads\/2018\/12\/12819304_1279320098751525_7021436687645813802_o-165x165.jpg\" width=\"165\" height=\"165\" alt=\"12819304_1279320098751525_7021436687645813802_o\" title=\"12819304_1279320098751525_7021436687645813802_o\" \/><\/a><\/li><li class=\"isotope-item\"><a class=\"prettyphoto\" href=\"https:\/\/pepperoniteam.pl\/wp-content\/uploads\/2020\/01\/20150919_143754.jpg\" data-rel=\"prettyPhoto[rel-7242-1690989108]\"><img class=\"\" src=\"https:\/\/pepperoniteam.pl\/wp-content\/uploads\/2020\/01\/20150919_143754-165x165.jpg\" width=\"165\" height=\"165\" alt=\"20150919_143754\" title=\"20150919_143754\" \/><\/a><\/li><li class=\"isotope-item\"><a class=\"prettyphoto\" href=\"https:\/\/pepperoniteam.pl\/wp-content\/uploads\/2018\/12\/20151211_093337.jpg\" data-rel=\"prettyPhoto[rel-7242-1690989108]\"><img class=\"\" src=\"https:\/\/pepperoniteam.pl\/wp-content\/uploads\/2018\/12\/20151211_093337-165x165.jpg\" width=\"165\" height=\"165\" alt=\"20151211_093337\" title=\"20151211_093337\" \/><\/a><\/li><li class=\"isotope-item\"><a class=\"prettyphoto\" href=\"https:\/\/pepperoniteam.pl\/wp-content\/uploads\/2018\/12\/20160226_151323.jpg\" data-rel=\"prettyPhoto[rel-7242-1690989108]\"><img class=\"\" src=\"https:\/\/pepperoniteam.pl\/wp-content\/uploads\/2018\/12\/20160226_151323-165x165.jpg\" width=\"165\" height=\"165\" alt=\"20160226_151323\" title=\"20160226_151323\" \/><\/a><\/li><li class=\"isotope-item\"><a class=\"prettyphoto\" href=\"https:\/\/pepperoniteam.pl\/wp-content\/uploads\/2020\/01\/DSC0431.jpg\" data-rel=\"prettyPhoto[rel-7242-1690989108]\"><img class=\"\" src=\"https:\/\/pepperoniteam.pl\/wp-content\/uploads\/2020\/01\/DSC0431-165x165.jpg\" width=\"165\" height=\"165\" alt=\"_DSC0431\" title=\"_DSC0431\" \/><\/a><\/li><li class=\"isotope-item\"><a class=\"prettyphoto\" href=\"https:\/\/pepperoniteam.pl\/wp-content\/uploads\/2020\/01\/DSC0464.jpg\" data-rel=\"prettyPhoto[rel-7242-1690989108]\"><img class=\"\" src=\"https:\/\/pepperoniteam.pl\/wp-content\/uploads\/2020\/01\/DSC0464-165x165.jpg\" width=\"165\" height=\"165\" alt=\"_DSC0464\" title=\"_DSC0464\" \/><\/a><\/li><li class=\"isotope-item\"><a class=\"prettyphoto\" href=\"https:\/\/pepperoniteam.pl\/wp-content\/uploads\/2018\/12\/12778702_1279319885418213_1028479655478961842_o.jpg\" data-rel=\"prettyPhoto[rel-7242-1690989108]\"><img class=\"\" src=\"https:\/\/pepperoniteam.pl\/wp-content\/uploads\/2018\/12\/12778702_1279319885418213_1028479655478961842_o-165x165.jpg\" width=\"165\" height=\"165\" alt=\"12778702_1279319885418213_1028479655478961842_o\" title=\"12778702_1279319885418213_1028479655478961842_o\" \/><\/a><\/li><li class=\"isotope-item\"><a class=\"prettyphoto\" href=\"https:\/\/pepperoniteam.pl\/wp-content\/uploads\/2018\/12\/20170924_152708.jpg\" data-rel=\"prettyPhoto[rel-7242-1690989108]\"><img class=\"\" src=\"https:\/\/pepperoniteam.pl\/wp-content\/uploads\/2018\/12\/20170924_152708-165x165.jpg\" width=\"165\" height=\"165\" alt=\"20170924_152708\" title=\"20170924_152708\" \/><\/a><\/li><li class=\"isotope-item\"><a class=\"prettyphoto\" href=\"https:\/\/pepperoniteam.pl\/wp-content\/uploads\/2018\/12\/20170903_140106.jpg\" data-rel=\"prettyPhoto[rel-7242-1690989108]\"><img class=\"\" src=\"https:\/\/pepperoniteam.pl\/wp-content\/uploads\/2018\/12\/20170903_140106-165x165.jpg\" width=\"165\" height=\"165\" alt=\"20170903_140106\" title=\"20170903_140106\" \/><\/a><\/li><li class=\"isotope-item\"><a class=\"prettyphoto\" href=\"https:\/\/pepperoniteam.pl\/wp-content\/uploads\/2020\/01\/78663338_2816560555073789_1396348358179684352_n-768x1024.jpg\" data-rel=\"prettyPhoto[rel-7242-1690989108]\"><img class=\"\" src=\"https:\/\/pepperoniteam.pl\/wp-content\/uploads\/2020\/01\/78663338_2816560555073789_1396348358179684352_n-165x165.jpg\" width=\"165\" height=\"165\" alt=\"78663338_2816560555073789_1396348358179684352_n\" title=\"78663338_2816560555073789_1396348358179684352_n\" \/><\/a><\/li><li class=\"isotope-item\"><a class=\"prettyphoto\" href=\"https:\/\/pepperoniteam.pl\/wp-content\/uploads\/2020\/01\/78647317_487699642098056_4085298004905426944_n.jpg\" data-rel=\"prettyPhoto[rel-7242-1690989108]\"><img class=\"\" src=\"https:\/\/pepperoniteam.pl\/wp-content\/uploads\/2020\/01\/78647317_487699642098056_4085298004905426944_n-165x165.jpg\" width=\"165\" height=\"165\" alt=\"78647317_487699642098056_4085298004905426944_n\" title=\"78647317_487699642098056_4085298004905426944_n\" \/><\/a><\/li><li class=\"isotope-item\"><a class=\"prettyphoto\" href=\"https:\/\/pepperoniteam.pl\/wp-content\/uploads\/2018\/12\/20180120_132058.jpg\" data-rel=\"prettyPhoto[rel-7242-1690989108]\"><img class=\"\" src=\"https:\/\/pepperoniteam.pl\/wp-content\/uploads\/2018\/12\/20180120_132058-165x165.jpg\" width=\"165\" height=\"165\" alt=\"20180120_132058\" title=\"20180120_132058\" \/><\/a><\/li><li class=\"isotope-item\"><a class=\"prettyphoto\" href=\"https:\/\/pepperoniteam.pl\/wp-content\/uploads\/2020\/01\/dzik-roszczyce-2.jpg\" data-rel=\"prettyPhoto[rel-7242-1690989108]\"><img class=\"\" src=\"https:\/\/pepperoniteam.pl\/wp-content\/uploads\/2020\/01\/dzik-roszczyce-2-165x165.jpg\" width=\"165\" height=\"165\" alt=\"dzik roszczyce 2\" title=\"dzik roszczyce 2\" \/><\/a><\/li><li class=\"isotope-item\"><a class=\"prettyphoto\" href=\"https:\/\/pepperoniteam.pl\/wp-content\/uploads\/2020\/01\/20180319_204806.jpg\" data-rel=\"prettyPhoto[rel-7242-1690989108]\"><img class=\"\" src=\"https:\/\/pepperoniteam.pl\/wp-content\/uploads\/2020\/01\/20180319_204806-165x165.jpg\" width=\"165\" height=\"165\" alt=\"20180319_204806\" title=\"20180319_204806\" \/><\/a><\/li><\/ul><\/div><\/div><\/div>\n\t<div class=\"wpb_text_column wpb_content_element\" >\n\t\t<div class=\"wpb_wrapper\">\n\t\t\t<p style=\"text-align: center;\"><a href=\"https:\/\/www.facebook.com\/media\/set\/?set=a.906476622702543&amp;type=3\"><span style=\"color: #808080;\"><strong>More photos<\/strong><\/span><\/a>\u00a0<i class=\"fa fa-facebook-square\" ><\/i><\/p>\n\n\t\t<\/div>\n\t<\/div>\n<\/div><\/div><\/div><\/div>","protected":false},"excerpt":{"rendered":"Dee Dee Pepperoni Team \"Hunti\" W\u0142a\u015bciciel: Ma\u0142gorzata Janiec i Piotr Kiecze\u0144 Ur. 21.05.2014 Rodow\u00f3d ( Mohosk\u0151i M\u00f3ci x Piri-Piri Pepperoni<a class=\"article-read-more\" href=\"https:\/\/pepperoniteam.pl\/en\/deedee\/\"><i class=\"worldblogicon fa-angle-double-right\"><\/i><\/a>","protected":false},"author":2,"featured_media":0,"parent":0,"menu_order":0,"comment_status":"closed","ping_status":"closed","template":"","meta":[],"wps_subtitle":"","_links":{"self":[{"href":"https:\/\/pepperoniteam.pl\/en\/wp-json\/wp\/v2\/pages\/7242"}],"collection":[{"href":"https:\/\/pepperoniteam.pl\/en\/wp-json\/wp\/v2\/pages"}],"about":[{"href":"https:\/\/pepperoniteam.pl\/en\/wp-json\/wp\/v2\/types\/page"}],"author":[{"embeddable":true,"href":"https:\/\/pepperoniteam.pl\/en\/wp-json\/wp\/v2\/users\/2"}],"replies":[{"embeddable":true,"href":"https:\/\/pepperoniteam.pl\/en\/wp-json\/wp\/v2\/comments?post=7242"}],"version-history":[{"count":0,"href":"https:\/\/pepperoniteam.pl\/en\/wp-json\/wp\/v2\/pages\/7242\/revisions"}],"wp:attachment":[{"href":"https:\/\/pepperoniteam.pl\/en\/wp-json\/wp\/v2\/media?parent=7242"}],"curies":[{"name":"wp","href":"https:\/\/api.w.org\/{rel}","templated":true}]}}