{"id":7611,"date":"2020-06-10T23:23:11","date_gmt":"2020-06-10T21:23:11","guid":{"rendered":"http:\/\/pepperoniteam.pl\/?page_id=7611"},"modified":"2022-04-21T20:40:30","modified_gmt":"2022-04-21T18:40:30","slug":"narco","status":"publish","type":"page","link":"https:\/\/pepperoniteam.pl\/en\/narco\/","title":{"rendered":"Narco"},"content":{"rendered":"<div class=\"vc_row wpb_row vc_row-fluid\"><div class=\"wpb_column vc_column_container vc_col-sm-12\"><div class=\"vc_column-inner\"><div class=\"wpb_wrapper\">\n\t<div class=\"wpb_text_column wpb_content_element  wpb_animate_when_almost_visible wpb_fadeInDown fadeInDown vc_custom_1546168475165 special1\" >\n\t\t<div class=\"wpb_wrapper\">\n\t\t\t<h1><strong><span class=\"_3oh- _58nk\">Narco Pepperoni Team<\/span><\/strong><\/h1>\n\n\t\t<\/div>\n\t<\/div>\n\n\t<div class=\"wpb_text_column wpb_content_element\" >\n\t\t<div class=\"wpb_wrapper\">\n\t\t\t<p><i class=\"fa fa-female\" ><\/i> Owner: Olena Tekucheva (Ukraine)<\/p>\n<p><i class=\"fa fa-calendar\" ><\/i> DOB 25.07.2018<br \/>\n<i class=\"fa fa-id-card-o\" ><\/i> <span style=\"color: #808080;\"><a style=\"color: #808080;\" href=\"https:\/\/www.vizsladatabase.com\/details.php?id=256592\">Pedigree<\/a><\/span><\/p>\n<p>(<span class=\"_3oh- _58nk\">Nemzet Kincse S\u00e1m\u00e1n<\/span> x Piri-Piri Pepperoni Team )<\/p>\n\n\t\t<\/div>\n\t<\/div>\n<\/div><\/div><\/div><\/div><div class=\"vc_row wpb_row vc_row-fluid\"><div class=\"wpb_column vc_column_container vc_col-sm-12\"><div class=\"vc_column-inner\"><div class=\"wpb_wrapper\">\n\t<div  class=\"wpb_single_image wpb_content_element vc_align_left\">\n\t\t\n\t\t<figure class=\"wpb_wrapper vc_figure\">\n\t\t\t<div class=\"vc_single_image-wrapper   vc_box_border_grey\"><img class=\"vc_single_image-img\" src=\"https:\/\/pepperoniteam.pl\/wp-content\/uploads\/2020\/06\/99123306_536457587241666_2771085643516739584_n-450x301.jpg\" width=\"450\" height=\"301\" alt=\"99123306_536457587241666_2771085643516739584_n\" title=\"99123306_536457587241666_2771085643516739584_n\" \/><\/div>\n\t\t<\/figure>\n\t<\/div>\n<\/div><\/div><\/div><\/div><div class=\"vc_row wpb_row vc_row-fluid\"><div class=\"wpb_column vc_column_container vc_col-sm-12\"><div class=\"vc_column-inner\"><div class=\"wpb_wrapper\"><\/div><\/div><\/div><\/div><div class=\"vc_row wpb_row vc_row-fluid\"><div class=\"wpb_column vc_column_container vc_col-sm-12\"><div class=\"vc_column-inner\"><div class=\"wpb_wrapper\">\n\t<div class=\"wpb_text_column wpb_content_element\" >\n\t\t<div class=\"wpb_wrapper\">\n\t\t\t<p style=\"text-align: left;\"><strong>STUD DOG<\/strong><\/p>\n<p><i class=\"fa fa-trophy\" ><\/i> <b>Junior Champion of Ukraine<\/b><b><\/b><\/p>\n<p><strong>Shows<br \/>\n<\/strong>BOG I<br \/>\nBOB<br \/>\n3 x jCAC<br \/>\n3 x Best Junior<br \/>\n2 x Best Puppy<\/p>\n\n\t\t<\/div>\n\t<\/div>\n<\/div><\/div><\/div><\/div><div class=\"vc_row wpb_row vc_row-fluid\"><div class=\"wpb_column vc_column_container vc_col-sm-12\"><div class=\"vc_column-inner\"><div class=\"wpb_wrapper\"><div class=\"wpb_gallery wpb_content_element vc_clearfix\" ><div class=\"wpb_wrapper\"><div class=\"wpb_gallery_slides wpb_image_grid\" data-interval=\"3\"><ul class=\"wpb_image_grid_ul\"><li class=\"isotope-item\"><a class=\"prettyphoto\" href=\"https:\/\/pepperoniteam.pl\/wp-content\/uploads\/2019\/02\/52818251_2131183890306623_4338879329397112832_n.jpg\" data-rel=\"prettyPhoto[rel-7611-1422009983]\"><img width=\"150\" height=\"150\" src=\"https:\/\/pepperoniteam.pl\/wp-content\/uploads\/2019\/02\/52818251_2131183890306623_4338879329397112832_n-150x150.jpg\" class=\"attachment-thumbnail\" alt=\"\" loading=\"lazy\" srcset=\"https:\/\/pepperoniteam.pl\/wp-content\/uploads\/2019\/02\/52818251_2131183890306623_4338879329397112832_n-150x150.jpg 150w, https:\/\/pepperoniteam.pl\/wp-content\/uploads\/2019\/02\/52818251_2131183890306623_4338879329397112832_n-460x460.jpg 460w, https:\/\/pepperoniteam.pl\/wp-content\/uploads\/2019\/02\/52818251_2131183890306623_4338879329397112832_n-70x70.jpg 70w\" sizes=\"(max-width: 150px) 100vw, 150px\" \/><\/a><\/li><li class=\"isotope-item\"><a class=\"prettyphoto\" href=\"https:\/\/pepperoniteam.pl\/wp-content\/uploads\/2019\/05\/60542883_675099019612493_6295604075119509504_n.jpg\" data-rel=\"prettyPhoto[rel-7611-1422009983]\"><img width=\"150\" height=\"150\" src=\"https:\/\/pepperoniteam.pl\/wp-content\/uploads\/2019\/05\/60542883_675099019612493_6295604075119509504_n-150x150.jpg\" class=\"attachment-thumbnail\" alt=\"\" loading=\"lazy\" srcset=\"https:\/\/pepperoniteam.pl\/wp-content\/uploads\/2019\/05\/60542883_675099019612493_6295604075119509504_n-150x150.jpg 150w, https:\/\/pepperoniteam.pl\/wp-content\/uploads\/2019\/05\/60542883_675099019612493_6295604075119509504_n-460x460.jpg 460w, https:\/\/pepperoniteam.pl\/wp-content\/uploads\/2019\/05\/60542883_675099019612493_6295604075119509504_n-70x70.jpg 70w\" sizes=\"(max-width: 150px) 100vw, 150px\" \/><\/a><\/li><li class=\"isotope-item\"><a class=\"prettyphoto\" href=\"https:\/\/pepperoniteam.pl\/wp-content\/uploads\/2019\/08\/69590385_2366133680277079_6029187502856732672_n.jpg\" data-rel=\"prettyPhoto[rel-7611-1422009983]\"><img width=\"150\" height=\"150\" src=\"https:\/\/pepperoniteam.pl\/wp-content\/uploads\/2019\/08\/69590385_2366133680277079_6029187502856732672_n-150x150.jpg\" class=\"attachment-thumbnail\" alt=\"\" loading=\"lazy\" srcset=\"https:\/\/pepperoniteam.pl\/wp-content\/uploads\/2019\/08\/69590385_2366133680277079_6029187502856732672_n-150x150.jpg 150w, https:\/\/pepperoniteam.pl\/wp-content\/uploads\/2019\/08\/69590385_2366133680277079_6029187502856732672_n-460x460.jpg 460w, https:\/\/pepperoniteam.pl\/wp-content\/uploads\/2019\/08\/69590385_2366133680277079_6029187502856732672_n-70x70.jpg 70w\" sizes=\"(max-width: 150px) 100vw, 150px\" \/><\/a><\/li><li class=\"isotope-item\"><a class=\"prettyphoto\" href=\"https:\/\/pepperoniteam.pl\/wp-content\/uploads\/2019\/08\/68997726_902156900177210_8720391444772159488_o.jpg\" data-rel=\"prettyPhoto[rel-7611-1422009983]\"><img width=\"150\" height=\"150\" src=\"https:\/\/pepperoniteam.pl\/wp-content\/uploads\/2019\/08\/68997726_902156900177210_8720391444772159488_o-150x150.jpg\" class=\"attachment-thumbnail\" alt=\"\" loading=\"lazy\" srcset=\"https:\/\/pepperoniteam.pl\/wp-content\/uploads\/2019\/08\/68997726_902156900177210_8720391444772159488_o-150x150.jpg 150w, https:\/\/pepperoniteam.pl\/wp-content\/uploads\/2019\/08\/68997726_902156900177210_8720391444772159488_o-460x460.jpg 460w, https:\/\/pepperoniteam.pl\/wp-content\/uploads\/2019\/08\/68997726_902156900177210_8720391444772159488_o-70x70.jpg 70w\" sizes=\"(max-width: 150px) 100vw, 150px\" \/><\/a><\/li><li class=\"isotope-item\"><a class=\"prettyphoto\" href=\"https:\/\/pepperoniteam.pl\/wp-content\/uploads\/2020\/05\/78788572_994841310908768_3843667598713552896_o.jpg\" data-rel=\"prettyPhoto[rel-7611-1422009983]\"><img width=\"150\" height=\"150\" src=\"https:\/\/pepperoniteam.pl\/wp-content\/uploads\/2020\/05\/78788572_994841310908768_3843667598713552896_o-150x150.jpg\" class=\"attachment-thumbnail\" alt=\"\" loading=\"lazy\" srcset=\"https:\/\/pepperoniteam.pl\/wp-content\/uploads\/2020\/05\/78788572_994841310908768_3843667598713552896_o-150x150.jpg 150w, https:\/\/pepperoniteam.pl\/wp-content\/uploads\/2020\/05\/78788572_994841310908768_3843667598713552896_o-460x460.jpg 460w, https:\/\/pepperoniteam.pl\/wp-content\/uploads\/2020\/05\/78788572_994841310908768_3843667598713552896_o-70x70.jpg 70w\" sizes=\"(max-width: 150px) 100vw, 150px\" \/><\/a><\/li><li class=\"isotope-item\"><a class=\"prettyphoto\" href=\"https:\/\/pepperoniteam.pl\/wp-content\/uploads\/2020\/05\/80521466_994843204241912_1261344904567586816_o.jpg\" data-rel=\"prettyPhoto[rel-7611-1422009983]\"><img width=\"150\" height=\"150\" src=\"https:\/\/pepperoniteam.pl\/wp-content\/uploads\/2020\/05\/80521466_994843204241912_1261344904567586816_o-150x150.jpg\" class=\"attachment-thumbnail\" alt=\"\" loading=\"lazy\" srcset=\"https:\/\/pepperoniteam.pl\/wp-content\/uploads\/2020\/05\/80521466_994843204241912_1261344904567586816_o-150x150.jpg 150w, https:\/\/pepperoniteam.pl\/wp-content\/uploads\/2020\/05\/80521466_994843204241912_1261344904567586816_o-460x460.jpg 460w, https:\/\/pepperoniteam.pl\/wp-content\/uploads\/2020\/05\/80521466_994843204241912_1261344904567586816_o-70x70.jpg 70w\" sizes=\"(max-width: 150px) 100vw, 150px\" \/><\/a><\/li><li class=\"isotope-item\"><a class=\"prettyphoto\" href=\"https:\/\/pepperoniteam.pl\/wp-content\/uploads\/2020\/05\/99123306_536457587241666_2771085643516739584_n.jpg\" data-rel=\"prettyPhoto[rel-7611-1422009983]\"><img width=\"150\" height=\"150\" src=\"https:\/\/pepperoniteam.pl\/wp-content\/uploads\/2020\/05\/99123306_536457587241666_2771085643516739584_n-150x150.jpg\" class=\"attachment-thumbnail\" alt=\"\" loading=\"lazy\" srcset=\"https:\/\/pepperoniteam.pl\/wp-content\/uploads\/2020\/05\/99123306_536457587241666_2771085643516739584_n-150x150.jpg 150w, https:\/\/pepperoniteam.pl\/wp-content\/uploads\/2020\/05\/99123306_536457587241666_2771085643516739584_n-460x460.jpg 460w, https:\/\/pepperoniteam.pl\/wp-content\/uploads\/2020\/05\/99123306_536457587241666_2771085643516739584_n-70x70.jpg 70w\" sizes=\"(max-width: 150px) 100vw, 150px\" \/><\/a><\/li><li class=\"isotope-item\"><a class=\"prettyphoto\" href=\"https:\/\/pepperoniteam.pl\/wp-content\/uploads\/2020\/05\/98129404_2607137876240486_4428199290350862336_n.jpg\" data-rel=\"prettyPhoto[rel-7611-1422009983]\"><img width=\"150\" height=\"150\" src=\"https:\/\/pepperoniteam.pl\/wp-content\/uploads\/2020\/05\/98129404_2607137876240486_4428199290350862336_n-150x150.jpg\" class=\"attachment-thumbnail\" alt=\"\" loading=\"lazy\" srcset=\"https:\/\/pepperoniteam.pl\/wp-content\/uploads\/2020\/05\/98129404_2607137876240486_4428199290350862336_n-150x150.jpg 150w, https:\/\/pepperoniteam.pl\/wp-content\/uploads\/2020\/05\/98129404_2607137876240486_4428199290350862336_n-460x460.jpg 460w, https:\/\/pepperoniteam.pl\/wp-content\/uploads\/2020\/05\/98129404_2607137876240486_4428199290350862336_n-70x70.jpg 70w\" sizes=\"(max-width: 150px) 100vw, 150px\" \/><\/a><\/li><\/ul><\/div><\/div><\/div><\/div><\/div><\/div><\/div><div class=\"vc_row wpb_row vc_row-fluid\"><div class=\"wpb_column vc_column_container vc_col-sm-12\"><div class=\"vc_column-inner\"><div class=\"wpb_wrapper\">\n\t<div class=\"wpb_text_column wpb_content_element\" >\n\t\t<div class=\"wpb_wrapper\">\n\t\t\t<p style=\"text-align: center;\"><a href=\"https:\/\/www.facebook.com\/media\/set\/?set=a.2458700930813430&amp;type=3\"><span style=\"color: #808080;\"><strong>More photos<\/strong><\/span><\/a>\u00a0<i class=\"fa fa-facebook-square\" ><\/i><\/p>\n\n\t\t<\/div>\n\t<\/div>\n<\/div><\/div><\/div><\/div>","protected":false},"excerpt":{"rendered":"Narco Pepperoni Team W\u0142a\u015bciciel: Olena Tekucheva (Ukraina) Ur. 25.07.2018 Rodow\u00f3d (Nemzet Kincse S\u00e1m\u00e1n x Piri-Piri Pepperoni Team ) REPRODUKTOR M\u0142odzie\u017cowy<a class=\"article-read-more\" href=\"https:\/\/pepperoniteam.pl\/en\/narco\/\"><i class=\"worldblogicon fa-angle-double-right\"><\/i><\/a>","protected":false},"author":2,"featured_media":0,"parent":0,"menu_order":0,"comment_status":"closed","ping_status":"closed","template":"","meta":[],"wps_subtitle":"","_links":{"self":[{"href":"https:\/\/pepperoniteam.pl\/en\/wp-json\/wp\/v2\/pages\/7611"}],"collection":[{"href":"https:\/\/pepperoniteam.pl\/en\/wp-json\/wp\/v2\/pages"}],"about":[{"href":"https:\/\/pepperoniteam.pl\/en\/wp-json\/wp\/v2\/types\/page"}],"author":[{"embeddable":true,"href":"https:\/\/pepperoniteam.pl\/en\/wp-json\/wp\/v2\/users\/2"}],"replies":[{"embeddable":true,"href":"https:\/\/pepperoniteam.pl\/en\/wp-json\/wp\/v2\/comments?post=7611"}],"version-history":[{"count":0,"href":"https:\/\/pepperoniteam.pl\/en\/wp-json\/wp\/v2\/pages\/7611\/revisions"}],"wp:attachment":[{"href":"https:\/\/pepperoniteam.pl\/en\/wp-json\/wp\/v2\/media?parent=7611"}],"curies":[{"name":"wp","href":"https:\/\/api.w.org\/{rel}","templated":true}]}}