{"id":7631,"date":"2020-06-22T18:12:32","date_gmt":"2020-06-22T16:12:32","guid":{"rendered":"http:\/\/pepperoniteam.pl\/?page_id=7631"},"modified":"2025-10-29T21:35:22","modified_gmt":"2025-10-29T20:35:22","slug":"nord","status":"publish","type":"page","link":"https:\/\/pepperoniteam.pl\/en\/nord\/","title":{"rendered":"Nord"},"content":{"rendered":"<div class=\"vc_row wpb_row vc_row-fluid\"><div class=\"wpb_column vc_column_container vc_col-sm-12\"><div class=\"vc_column-inner\"><div class=\"wpb_wrapper\">\n\t<div class=\"wpb_text_column wpb_content_element  wpb_animate_when_almost_visible wpb_fadeInDown fadeInDown vc_custom_1546168475165 special1\" >\n\t\t<div class=\"wpb_wrapper\">\n\t\t\t<h1><strong><span class=\"_3oh- _58nk\">Nord Pepperoni Team<\/span><\/strong><\/h1>\n\n\t\t<\/div>\n\t<\/div>\n\n\t<div class=\"wpb_text_column wpb_content_element\" >\n\t\t<div class=\"wpb_wrapper\">\n\t\t\t<p><i class=\"fa fa-female\" ><\/i> Owner: Anastazja Walczak<\/p>\n<p><i class=\"fa fa-calendar\" ><\/i> DOB 25.07.2018<br \/>\n<i class=\"fa fa-id-card-o\" ><\/i> <span style=\"color: #808080;\"><a style=\"color: #808080;\" href=\"http:\/\/www.vizsladatabase.com\/details.php?id=256595\">Pedigree<\/a><\/span><\/p>\n<p>(Nemzet Kincse S\u00e1m\u00e1n x Piri-Piri Pepperoni Team )<\/p>\n\n\t\t<\/div>\n\t<\/div>\n<\/div><\/div><\/div><\/div><div class=\"vc_row wpb_row vc_row-fluid\"><div class=\"wpb_column vc_column_container vc_col-sm-12\"><div class=\"vc_column-inner\"><div class=\"wpb_wrapper\">\n\t<div  class=\"wpb_single_image wpb_content_element vc_align_left  wpb_animate_when_almost_visible wpb_rotateInUpLeft rotateInUpLeft\">\n\t\t\n\t\t<figure class=\"wpb_wrapper vc_figure\">\n\t\t\t<a data-rel=\"prettyPhoto[rel-7631-233317817]\" href=\"https:\/\/pepperoniteam.pl\/wp-content\/uploads\/2025\/10\/5U0A6165_fb_fb1.jpg\" target=\"_self\" class=\"vc_single_image-wrapper vc_box_border  vc_box_border_grey prettyphoto\"><img class=\"vc_single_image-img\" src=\"https:\/\/pepperoniteam.pl\/wp-content\/uploads\/2025\/10\/5U0A6165_fb_fb1-450x300.jpg\" width=\"450\" height=\"300\" alt=\"5U0A6165_fb_fb1\" title=\"5U0A6165_fb_fb1\" \/><\/a>\n\t\t<\/figure>\n\t<\/div>\n<\/div><\/div><\/div><\/div><div class=\"vc_row wpb_row vc_row-fluid\"><div class=\"wpb_column vc_column_container vc_col-sm-12\"><div class=\"vc_column-inner\"><div class=\"wpb_wrapper\">\n\t<div class=\"wpb_text_column wpb_content_element\" >\n\t\t<div class=\"wpb_wrapper\">\n\t\t\t<p style=\"text-align: left;\"><strong>STUD DOG<\/strong><\/p>\n<p><i class=\"fa fa-trophy\" ><\/i> <strong>CHAMPION PRACY<br \/>\n<\/strong><i class=\"fa fa-trophy\" ><\/i> <strong>INTERCHAMPION CIB<br \/>\n<\/strong><i class=\"fa fa-trophy\" ><\/i> <strong>INTERCHAMPION CIE<br \/>\n<\/strong><i class=\"fa fa-trophy\" ><\/i> <b>Junior Champion of Poland<br \/>\n<\/b><i class=\"fa fa-trophy\" ><\/i> <b>Champion of Poland<br \/>\n<\/b><i class=\"fa fa-trophy\" ><\/i> <strong>Grand<\/strong> <b>Champion of Poland<br \/>\n<\/b><i class=\"fa fa-trophy\" ><\/i> <b>Champion of Macedonia<br \/>\n<\/b><i class=\"fa fa-trophy\" ><\/i> <b>Grand Champion of Macedonia<br \/>\n<\/b><i class=\"fa fa-trophy\" ><\/i> <b>Champion of Slovakia<\/b><b><br \/>\n<\/b><\/p>\n<p><strong>Shows<br \/>\n<\/strong>BOG II<br \/>\n2 x BOG III<br \/>\nBOG IV<br \/>\n5 x BOB<br \/>\n6 x CACIB<br \/>\n3 x res.CACIB<br \/>\nCAC<br \/>\nres.CAC<br \/>\n3 x Best Puppy<br \/>\n2 x Best Junior<br \/>\n3 x jCAC<\/p>\n<p><strong>Osi\u0105gni\u0119cia u\u017cytkowe (zaliczone konkursy pracy w 5 krajach!)<br \/>\n<\/strong>VJP \u2013 70 points (DE)<br \/>\nHZP \u2013 184 points (DE)<br \/>\nVGP (konkurs wszechstronny) &#8211; 309 punkt\u00f3w (DE)<br \/>\nKonkurs Wy\u017c\u0142\u00f3w w klasie wielostronnej &#8211; dyplom I stopnia, 1\/17 lokata, CACT, Zwyci\u0119zca!!!<br \/>\nKonkurs Wy\u017c\u0142\u00f3w w klasie wielostronnej &#8211; dyplom I stopnia, 3\/13 lokata<br \/>\nKonkurs Wy\u017c\u0142\u00f3w w klasie wielostronnej &#8211; dyplom I stopnia, 4\/15 lokata<br \/>\nMultilateral competition (field &amp; water) - 2nd degree diploma<br \/>\nKonkurs Tropowc\u00f3w &#8211; dyplom I stopnia, 3\/15 lokata<br \/>\nPuchar Sudeckiej Krainy \u0141owieckiej (konkurs tropowc\u00f3w) &#8211; dyplom I stopnia, 1\/11 lokata, Zwyci\u0119zca!!!<br \/>\n2 x PZ &#8211; dyplom I stopnia (CZ)<br \/>\nLZ &#8211; dyplom I stopnia, 2 lokata (CZ)<br \/>\nLZ &#8211; dyplom II stopnia (CZ)<br \/>\nZV &#8211; dyplom I stopnia, 3 lokata (CZ)<br \/>\nPohar Karviny (CACT) &#8211; dyplom I stopnia<br \/>\nPohar Severu (CACT) &#8211; dyplom I stopnia<br \/>\nMemorial Jitky Hromadove (CACT) &#8211; dyplom II stopnia (LZ &#8211; dyplom I stopnia, max punkt\u00f3w; ZV &#8211; dyplom I stopnia; VP &#8211; dyplom II stopnia) (CZ)<br \/>\nMemorial Jitky Hromadove (CACT) &#8211; dyplom III stopnia (CZ)<br \/>\nIFT &#8211; excellent, 1 lokata, CACT, Zwyci\u0119zca!!!<br \/>\nIFT &#8211; excellent, 2\/6 lokata<br \/>\nIFT &#8211; excellent, 3\/11 lokata<br \/>\nIFT &#8211; excellent, 5\/11 lokata<br \/>\nIFT &#8211; excellent<br \/>\nIFT &#8211; very good, 2 lokata<br \/>\nNFT &#8211; excellent, 1 lokata, Zwyci\u0119zca!!!<br \/>\nNFT &#8211; excellent, 2\/6 lokata<br \/>\nNFT &#8211; excellent, 4\/13 lokata<br \/>\nNFT &#8211; very good, 3 lokata<br \/>\nPr\u00f3by Pracy Wy\u017c\u0142\u00f3w &#8211; dyplom I stopnia, 1 lokata, Zwyci\u0119zca!!!<br \/>\nKonkurs Polny &#8211; dyplom I stopnia, 1\/11 lokata, CACT, Zwyci\u0119zca!!!<br \/>\nMi\u0119dzynarodowy Konkurs Wszechstronny (CACIT) &#8211; dyplom III stopnia, 3 lokata, Najlepszy Pies na Polu!!!<br \/>\nMemorial Mudr.Alexandra Meszarosa (CACIT) &#8211; dyplom II stopnia<br \/>\nMemorial Stefana Hrncara (CACIT) &#8211; dyplom III stopnia<br \/>\nXXIII Magyar Vizsla European Cup 2022 &#8211; very good, 2 lokata w grupie, 9 lokata w klasyfikacji og\u00f3lnej. (HU)<\/p>\n<p>4 x CACT<br \/>\nCertyfikat u\u017cytkowo\u015bci WCC<br \/>\nHunting dog<\/p>\n<p><strong>Health<br \/>\n<\/strong>HD &#8211; A; ED0<br \/>\nEyes clear with certificate<br \/>\nL\/L (free of long hair gene)<br \/>\nDNA Profil<\/p>\n\n\t\t<\/div>\n\t<\/div>\n<\/div><\/div><\/div><\/div><div class=\"vc_row wpb_row vc_row-fluid\"><div class=\"wpb_column vc_column_container vc_col-sm-12\"><div class=\"vc_column-inner\"><div class=\"wpb_wrapper\"><div class=\"wpb_gallery wpb_content_element vc_clearfix\" ><div class=\"wpb_wrapper\"><div class=\"wpb_gallery_slides wpb_image_grid\" data-interval=\"3\"><ul class=\"wpb_image_grid_ul\"><li class=\"isotope-item\"><a class=\"prettyphoto\" href=\"https:\/\/pepperoniteam.pl\/wp-content\/uploads\/2019\/01\/42625793_2458529680830555_6452781933779746816_o-1024x683.jpg\" data-rel=\"prettyPhoto[rel-7631-1436552675]\"><img class=\"\" src=\"https:\/\/pepperoniteam.pl\/wp-content\/uploads\/2019\/01\/42625793_2458529680830555_6452781933779746816_o-165x165.jpg\" width=\"165\" height=\"165\" alt=\"42625793_2458529680830555_6452781933779746816_o\" title=\"42625793_2458529680830555_6452781933779746816_o\" \/><\/a><\/li><li class=\"isotope-item\"><a class=\"prettyphoto\" href=\"https:\/\/pepperoniteam.pl\/wp-content\/uploads\/2019\/01\/42566772_2458529704163886_3118545968027402240_o-1024x683.jpg\" data-rel=\"prettyPhoto[rel-7631-1436552675]\"><img class=\"\" src=\"https:\/\/pepperoniteam.pl\/wp-content\/uploads\/2019\/01\/42566772_2458529704163886_3118545968027402240_o-165x165.jpg\" width=\"165\" height=\"165\" alt=\"42566772_2458529704163886_3118545968027402240_o\" title=\"42566772_2458529704163886_3118545968027402240_o\" \/><\/a><\/li><li class=\"isotope-item\"><a class=\"prettyphoto\" href=\"https:\/\/pepperoniteam.pl\/wp-content\/uploads\/2020\/06\/DSC_0036n.jpg\" data-rel=\"prettyPhoto[rel-7631-1436552675]\"><img class=\"\" src=\"https:\/\/pepperoniteam.pl\/wp-content\/uploads\/2020\/06\/DSC_0036n-165x165.jpg\" width=\"165\" height=\"165\" alt=\"DSC_0036n\" title=\"DSC_0036n\" \/><\/a><\/li><li class=\"isotope-item\"><a class=\"prettyphoto\" href=\"https:\/\/pepperoniteam.pl\/wp-content\/uploads\/2020\/06\/IMG_7131n.jpg\" data-rel=\"prettyPhoto[rel-7631-1436552675]\"><img class=\"\" src=\"https:\/\/pepperoniteam.pl\/wp-content\/uploads\/2020\/06\/IMG_7131n-165x165.jpg\" width=\"165\" height=\"165\" alt=\"IMG_7131n\" title=\"IMG_7131n\" \/><\/a><\/li><li class=\"isotope-item\"><a class=\"prettyphoto\" href=\"https:\/\/pepperoniteam.pl\/wp-content\/uploads\/2020\/06\/DSC_0720n.jpg\" data-rel=\"prettyPhoto[rel-7631-1436552675]\"><img class=\"\" src=\"https:\/\/pepperoniteam.pl\/wp-content\/uploads\/2020\/06\/DSC_0720n-165x165.jpg\" width=\"165\" height=\"165\" alt=\"DSC_0720n\" title=\"DSC_0720n\" \/><\/a><\/li><li class=\"isotope-item\"><a class=\"prettyphoto\" href=\"https:\/\/pepperoniteam.pl\/wp-content\/uploads\/2020\/06\/DSC_0141n.jpg\" data-rel=\"prettyPhoto[rel-7631-1436552675]\"><img class=\"\" src=\"https:\/\/pepperoniteam.pl\/wp-content\/uploads\/2020\/06\/DSC_0141n-165x165.jpg\" width=\"165\" height=\"165\" alt=\"DSC_0141n\" title=\"DSC_0141n\" \/><\/a><\/li><li class=\"isotope-item\"><a class=\"prettyphoto\" href=\"https:\/\/pepperoniteam.pl\/wp-content\/uploads\/2020\/06\/DSC_0044p.jpg\" data-rel=\"prettyPhoto[rel-7631-1436552675]\"><img class=\"\" src=\"https:\/\/pepperoniteam.pl\/wp-content\/uploads\/2020\/06\/DSC_0044p-165x165.jpg\" width=\"165\" height=\"165\" alt=\"DSC_0044p\" title=\"DSC_0044p\" \/><\/a><\/li><li class=\"isotope-item\"><a class=\"prettyphoto\" href=\"https:\/\/pepperoniteam.pl\/wp-content\/uploads\/2020\/06\/DSC_0817p.jpg\" data-rel=\"prettyPhoto[rel-7631-1436552675]\"><img class=\"\" src=\"https:\/\/pepperoniteam.pl\/wp-content\/uploads\/2020\/06\/DSC_0817p-165x165.jpg\" width=\"165\" height=\"165\" alt=\"DSC_0817p\" title=\"DSC_0817p\" \/><\/a><\/li><li class=\"isotope-item\"><a class=\"prettyphoto\" href=\"https:\/\/pepperoniteam.pl\/wp-content\/uploads\/2020\/06\/DSC_0227n.jpg\" data-rel=\"prettyPhoto[rel-7631-1436552675]\"><img class=\"\" src=\"https:\/\/pepperoniteam.pl\/wp-content\/uploads\/2020\/06\/DSC_0227n-165x165.jpg\" width=\"165\" height=\"165\" alt=\"DSC_0227n\" title=\"DSC_0227n\" \/><\/a><\/li><li class=\"isotope-item\"><a class=\"prettyphoto\" href=\"https:\/\/pepperoniteam.pl\/wp-content\/uploads\/2020\/06\/DSC_1056a.jpg\" data-rel=\"prettyPhoto[rel-7631-1436552675]\"><img class=\"\" src=\"https:\/\/pepperoniteam.pl\/wp-content\/uploads\/2020\/06\/DSC_1056a-165x165.jpg\" width=\"165\" height=\"165\" alt=\"DSC_1056a\" title=\"DSC_1056a\" \/><\/a><\/li><li class=\"isotope-item\"><a class=\"prettyphoto\" href=\"https:\/\/pepperoniteam.pl\/wp-content\/uploads\/2020\/06\/DSC_0876a-2.jpg\" data-rel=\"prettyPhoto[rel-7631-1436552675]\"><img class=\"\" src=\"https:\/\/pepperoniteam.pl\/wp-content\/uploads\/2020\/06\/DSC_0876a-2-165x165.jpg\" width=\"165\" height=\"165\" alt=\"DSC_0876a\" title=\"DSC_0876a\" \/><\/a><\/li><li class=\"isotope-item\"><a class=\"prettyphoto\" href=\"https:\/\/pepperoniteam.pl\/wp-content\/uploads\/2020\/06\/DSC_0663n.jpg\" data-rel=\"prettyPhoto[rel-7631-1436552675]\"><img class=\"\" src=\"https:\/\/pepperoniteam.pl\/wp-content\/uploads\/2020\/06\/DSC_0663n-165x165.jpg\" width=\"165\" height=\"165\" alt=\"DSC_0663n\" title=\"DSC_0663n\" \/><\/a><\/li><li class=\"isotope-item\"><a class=\"prettyphoto\" href=\"https:\/\/pepperoniteam.pl\/wp-content\/uploads\/2020\/06\/DSC_0655n.jpg\" data-rel=\"prettyPhoto[rel-7631-1436552675]\"><img class=\"\" src=\"https:\/\/pepperoniteam.pl\/wp-content\/uploads\/2020\/06\/DSC_0655n-165x165.jpg\" width=\"165\" height=\"165\" alt=\"DSC_0655n\" title=\"DSC_0655n\" \/><\/a><\/li><li class=\"isotope-item\"><a class=\"prettyphoto\" href=\"https:\/\/pepperoniteam.pl\/wp-content\/uploads\/2020\/09\/nordos.jpg\" data-rel=\"prettyPhoto[rel-7631-1436552675]\"><img class=\"\" src=\"https:\/\/pepperoniteam.pl\/wp-content\/uploads\/2020\/09\/nordos-165x165.jpg\" width=\"165\" height=\"165\" alt=\"nordos\" title=\"nordos\" \/><\/a><\/li><li class=\"isotope-item\"><a class=\"prettyphoto\" href=\"https:\/\/pepperoniteam.pl\/wp-content\/uploads\/2020\/06\/DSC_0279n.jpg\" data-rel=\"prettyPhoto[rel-7631-1436552675]\"><img class=\"\" src=\"https:\/\/pepperoniteam.pl\/wp-content\/uploads\/2020\/06\/DSC_0279n-165x165.jpg\" width=\"165\" height=\"165\" alt=\"DSC_0279n\" title=\"DSC_0279n\" \/><\/a><\/li><li class=\"isotope-item\"><a class=\"prettyphoto\" href=\"https:\/\/pepperoniteam.pl\/wp-content\/uploads\/2020\/06\/DSC_0341n.jpg\" data-rel=\"prettyPhoto[rel-7631-1436552675]\"><img class=\"\" src=\"https:\/\/pepperoniteam.pl\/wp-content\/uploads\/2020\/06\/DSC_0341n-165x165.jpg\" width=\"165\" height=\"165\" alt=\"DSC_0341n\" title=\"DSC_0341n\" \/><\/a><\/li><li class=\"isotope-item\"><a class=\"prettyphoto\" href=\"https:\/\/pepperoniteam.pl\/wp-content\/uploads\/2020\/06\/DSC_0399n.jpg\" data-rel=\"prettyPhoto[rel-7631-1436552675]\"><img class=\"\" src=\"https:\/\/pepperoniteam.pl\/wp-content\/uploads\/2020\/06\/DSC_0399n-165x165.jpg\" width=\"165\" height=\"165\" alt=\"DSC_0399n\" title=\"DSC_0399n\" \/><\/a><\/li><li class=\"isotope-item\"><a class=\"prettyphoto\" href=\"https:\/\/pepperoniteam.pl\/wp-content\/uploads\/2020\/06\/DSC_0926n.jpg\" data-rel=\"prettyPhoto[rel-7631-1436552675]\"><img class=\"\" src=\"https:\/\/pepperoniteam.pl\/wp-content\/uploads\/2020\/06\/DSC_0926n-165x165.jpg\" width=\"165\" height=\"165\" alt=\"DSC_0926n\" title=\"DSC_0926n\" \/><\/a><\/li><li class=\"isotope-item\"><a class=\"prettyphoto\" href=\"https:\/\/pepperoniteam.pl\/wp-content\/uploads\/2020\/06\/DSC_0585n-1024x683.jpg\" data-rel=\"prettyPhoto[rel-7631-1436552675]\"><img class=\"\" src=\"https:\/\/pepperoniteam.pl\/wp-content\/uploads\/2020\/06\/DSC_0585n-165x165.jpg\" width=\"165\" height=\"165\" alt=\"DSC_0585n\" title=\"DSC_0585n\" \/><\/a><\/li><li class=\"isotope-item\"><a class=\"prettyphoto\" href=\"https:\/\/pepperoniteam.pl\/wp-content\/uploads\/2020\/10\/DSC_3216n.jpg\" data-rel=\"prettyPhoto[rel-7631-1436552675]\"><img class=\"\" src=\"https:\/\/pepperoniteam.pl\/wp-content\/uploads\/2020\/10\/DSC_3216n-165x165.jpg\" width=\"165\" height=\"165\" alt=\"DSC_3216n\" title=\"DSC_3216n\" \/><\/a><\/li><li class=\"isotope-item\"><a class=\"prettyphoto\" href=\"https:\/\/pepperoniteam.pl\/wp-content\/uploads\/2020\/10\/DSC_2775.jpg\" data-rel=\"prettyPhoto[rel-7631-1436552675]\"><img class=\"\" src=\"https:\/\/pepperoniteam.pl\/wp-content\/uploads\/2020\/10\/DSC_2775-165x165.jpg\" width=\"165\" height=\"165\" alt=\"DSC_2775\" title=\"DSC_2775\" \/><\/a><\/li><li class=\"isotope-item\"><a class=\"prettyphoto\" href=\"https:\/\/pepperoniteam.pl\/wp-content\/uploads\/2020\/10\/zajc.jpg\" data-rel=\"prettyPhoto[rel-7631-1436552675]\"><img class=\"\" src=\"https:\/\/pepperoniteam.pl\/wp-content\/uploads\/2020\/10\/zajc-165x165.jpg\" width=\"165\" height=\"165\" alt=\"zajc\" title=\"zajc\" \/><\/a><\/li><li class=\"isotope-item\"><a class=\"prettyphoto\" href=\"https:\/\/pepperoniteam.pl\/wp-content\/uploads\/2020\/10\/DSC_2508.jpg\" data-rel=\"prettyPhoto[rel-7631-1436552675]\"><img class=\"\" src=\"https:\/\/pepperoniteam.pl\/wp-content\/uploads\/2020\/10\/DSC_2508-165x165.jpg\" width=\"165\" height=\"165\" alt=\"DSC_2508\" title=\"DSC_2508\" \/><\/a><\/li><li class=\"isotope-item\"><a class=\"prettyphoto\" href=\"https:\/\/pepperoniteam.pl\/wp-content\/uploads\/2022\/02\/knordm.jpg\" data-rel=\"prettyPhoto[rel-7631-1436552675]\"><img class=\"\" src=\"https:\/\/pepperoniteam.pl\/wp-content\/uploads\/2022\/02\/knordm-165x165.jpg\" width=\"165\" height=\"165\" alt=\"knordm\" title=\"knordm\" \/><\/a><\/li><\/ul><\/div><\/div><\/div>\n\t<div class=\"wpb_text_column wpb_content_element\" >\n\t\t<div class=\"wpb_wrapper\">\n\t\t\t<p style=\"text-align: center;\"><a href=\"https:\/\/www.facebook.com\/media\/set\/?set=a.2458529617497228&amp;type=3\"><span style=\"color: #808080;\"><strong>More photos<\/strong><\/span><\/a>\u00a0<i class=\"fa fa-facebook-square\" ><\/i><\/p>\n\n\t\t<\/div>\n\t<\/div>\n<\/div><\/div><\/div><\/div><div class=\"vc_row wpb_row vc_row-fluid\"><div class=\"wpb_column vc_column_container vc_col-sm-12\"><div class=\"vc_column-inner\"><div class=\"wpb_wrapper\"><\/div><\/div><\/div><\/div>","protected":false},"excerpt":{"rendered":"Nord Pepperoni Team W\u0142a\u015bciciel: Anastazja Walczak Ur. 25.07.2018 Rodow\u00f3d (Nemzet Kincse S\u00e1m\u00e1n x Piri-Piri Pepperoni Team ) REPRODUKTOR CHAMPION PRACY<a class=\"article-read-more\" href=\"https:\/\/pepperoniteam.pl\/en\/nord\/\"><i class=\"worldblogicon fa-angle-double-right\"><\/i><\/a>","protected":false},"author":2,"featured_media":0,"parent":0,"menu_order":0,"comment_status":"closed","ping_status":"closed","template":"","meta":[],"wps_subtitle":"","_links":{"self":[{"href":"https:\/\/pepperoniteam.pl\/en\/wp-json\/wp\/v2\/pages\/7631"}],"collection":[{"href":"https:\/\/pepperoniteam.pl\/en\/wp-json\/wp\/v2\/pages"}],"about":[{"href":"https:\/\/pepperoniteam.pl\/en\/wp-json\/wp\/v2\/types\/page"}],"author":[{"embeddable":true,"href":"https:\/\/pepperoniteam.pl\/en\/wp-json\/wp\/v2\/users\/2"}],"replies":[{"embeddable":true,"href":"https:\/\/pepperoniteam.pl\/en\/wp-json\/wp\/v2\/comments?post=7631"}],"version-history":[{"count":0,"href":"https:\/\/pepperoniteam.pl\/en\/wp-json\/wp\/v2\/pages\/7631\/revisions"}],"wp:attachment":[{"href":"https:\/\/pepperoniteam.pl\/en\/wp-json\/wp\/v2\/media?parent=7631"}],"curies":[{"name":"wp","href":"https:\/\/api.w.org\/{rel}","templated":true}]}}