{"id":7842,"date":"2020-11-05T18:22:23","date_gmt":"2020-11-05T17:22:23","guid":{"rendered":"http:\/\/pepperoniteam.pl\/?page_id=7842"},"modified":"2022-04-21T20:24:23","modified_gmt":"2022-04-21T18:24:23","slug":"nesca","status":"publish","type":"page","link":"https:\/\/pepperoniteam.pl\/en\/nesca\/","title":{"rendered":"Nesca"},"content":{"rendered":"<div class=\"vc_row wpb_row vc_row-fluid\"><div class=\"wpb_column vc_column_container vc_col-sm-12\"><div class=\"vc_column-inner\"><div class=\"wpb_wrapper\">\n\t<div class=\"wpb_text_column wpb_content_element  wpb_animate_when_almost_visible wpb_fadeInDown fadeInDown vc_custom_1546170713483 special1\" >\n\t\t<div class=\"wpb_wrapper\">\n\t\t\t<h1>Nesca Pepperoni Team<\/h1>\n\n\t\t<\/div>\n\t<\/div>\n\n\t<div class=\"wpb_text_column wpb_content_element\" >\n\t\t<div class=\"wpb_wrapper\">\n\t\t\t<p><i class=\"fa fa-female\" ><\/i> W\u0142a\u015bciciel: Ma\u0142gorzata Janiec i Krystyna Soko\u0142owska<\/p>\n<p><i class=\"fa fa-calendar\" ><\/i> DOB 25.07.2018<br \/>\n<i class=\"fa fa-id-card-o\" ><\/i> <span style=\"color: #808080;\"><a style=\"color: #808080;\" href=\"http:\/\/www.vizsladatabase.com\/details.php?id=256597\">Pedigree<\/a><\/span><\/p>\n<p>(Nemzet Kincse S\u00e1m\u00e1n x Piri-Piri Pepperoni Team)<\/p>\n\n\t\t<\/div>\n\t<\/div>\n<\/div><\/div><\/div><\/div><div class=\"vc_row wpb_row vc_row-fluid\"><div class=\"wpb_column vc_column_container vc_col-sm-12\"><div class=\"vc_column-inner\"><div class=\"wpb_wrapper\">\n\t<div  class=\"wpb_single_image wpb_content_element vc_align_left  wpb_animate_when_almost_visible wpb_rotateInUpLeft rotateInUpLeft\">\n\t\t\n\t\t<figure class=\"wpb_wrapper vc_figure\">\n\t\t\t<a data-rel=\"prettyPhoto[rel-7842-835442885]\" href=\"https:\/\/pepperoniteam.pl\/wp-content\/uploads\/2020\/11\/IMG_2213-2.jpeg\" target=\"_self\" class=\"vc_single_image-wrapper vc_box_border  vc_box_border_grey prettyphoto\"><img class=\"vc_single_image-img\" src=\"https:\/\/pepperoniteam.pl\/wp-content\/uploads\/2020\/11\/IMG_2213-2-450x300.jpeg\" width=\"450\" height=\"300\" alt=\"IMG_2213 2\" title=\"IMG_2213 2\" \/><\/a>\n\t\t<\/figure>\n\t<\/div>\n<\/div><\/div><\/div><\/div><div class=\"vc_row wpb_row vc_row-fluid\"><div class=\"wpb_column vc_column_container vc_col-sm-12\"><div class=\"vc_column-inner\"><div class=\"wpb_wrapper\">\n\t<div class=\"wpb_text_column wpb_content_element\" >\n\t\t<div class=\"wpb_wrapper\">\n\t\t\t<p><strong>Working<br \/>\n<\/strong>Hunting Test - I degree diploma<\/p>\n<p><strong>Health<br \/>\n<\/strong>HD &#8211; A; ED 0<br \/>\nEyes clear with certificate<br \/>\nL\/L (free of long hair gene)<\/p>\n\n\t\t<\/div>\n\t<\/div>\n<\/div><\/div><\/div><\/div><div class=\"vc_row wpb_row vc_row-fluid\"><div class=\"wpb_column vc_column_container vc_col-sm-12\"><div class=\"vc_column-inner\"><div class=\"wpb_wrapper\"><div class=\"wpb_gallery wpb_content_element vc_clearfix\" ><div class=\"wpb_wrapper\"><div class=\"wpb_gallery_slides wpb_image_grid\" data-interval=\"3\"><ul class=\"wpb_image_grid_ul\"><li class=\"isotope-item\"><a class=\"prettyphoto\" href=\"https:\/\/pepperoniteam.pl\/wp-content\/uploads\/2019\/01\/43063207_2469058096444380_262573409756512256_o-1024x687.jpg\" data-rel=\"prettyPhoto[rel-7842-1761623401]\"><img class=\"\" src=\"https:\/\/pepperoniteam.pl\/wp-content\/uploads\/2019\/01\/43063207_2469058096444380_262573409756512256_o-165x165.jpg\" width=\"165\" height=\"165\" alt=\"43063207_2469058096444380_262573409756512256_o\" title=\"43063207_2469058096444380_262573409756512256_o\" \/><\/a><\/li><li class=\"isotope-item\"><a class=\"prettyphoto\" href=\"https:\/\/pepperoniteam.pl\/wp-content\/uploads\/2019\/01\/43090965_2469058069777716_3684982734813396992_o-1024x682.jpg\" data-rel=\"prettyPhoto[rel-7842-1761623401]\"><img class=\"\" src=\"https:\/\/pepperoniteam.pl\/wp-content\/uploads\/2019\/01\/43090965_2469058069777716_3684982734813396992_o-165x165.jpg\" width=\"165\" height=\"165\" alt=\"43090965_2469058069777716_3684982734813396992_o\" title=\"43090965_2469058069777716_3684982734813396992_o\" \/><\/a><\/li><li class=\"isotope-item\"><a class=\"prettyphoto\" href=\"https:\/\/pepperoniteam.pl\/wp-content\/uploads\/2020\/05\/IMG_2031.jpeg\" data-rel=\"prettyPhoto[rel-7842-1761623401]\"><img class=\"\" src=\"https:\/\/pepperoniteam.pl\/wp-content\/uploads\/2020\/05\/IMG_2031-165x165.jpeg\" width=\"165\" height=\"165\" alt=\"IMG_2031\" title=\"IMG_2031\" \/><\/a><\/li><li class=\"isotope-item\"><a class=\"prettyphoto\" href=\"https:\/\/pepperoniteam.pl\/wp-content\/uploads\/2020\/11\/IMG_2092.jpeg\" data-rel=\"prettyPhoto[rel-7842-1761623401]\"><img class=\"\" src=\"https:\/\/pepperoniteam.pl\/wp-content\/uploads\/2020\/11\/IMG_2092-165x165.jpeg\" width=\"165\" height=\"165\" alt=\"IMG_2092\" title=\"IMG_2092\" \/><\/a><\/li><li class=\"isotope-item\"><a class=\"prettyphoto\" href=\"https:\/\/pepperoniteam.pl\/wp-content\/uploads\/2020\/11\/IMG_2224.jpeg\" data-rel=\"prettyPhoto[rel-7842-1761623401]\"><img class=\"\" src=\"https:\/\/pepperoniteam.pl\/wp-content\/uploads\/2020\/11\/IMG_2224-165x165.jpeg\" width=\"165\" height=\"165\" alt=\"IMG_2224\" title=\"IMG_2224\" \/><\/a><\/li><li class=\"isotope-item\"><a class=\"prettyphoto\" href=\"https:\/\/pepperoniteam.pl\/wp-content\/uploads\/2020\/11\/IMG_2213.jpeg\" data-rel=\"prettyPhoto[rel-7842-1761623401]\"><img class=\"\" src=\"https:\/\/pepperoniteam.pl\/wp-content\/uploads\/2020\/11\/IMG_2213-165x165.jpeg\" width=\"165\" height=\"165\" alt=\"IMG_2213\" title=\"IMG_2213\" \/><\/a><\/li><li class=\"isotope-item\"><a class=\"prettyphoto\" href=\"https:\/\/pepperoniteam.pl\/wp-content\/uploads\/2020\/05\/93648340_3542922589057920_228484937227960320_o.jpg\" data-rel=\"prettyPhoto[rel-7842-1761623401]\"><img class=\"\" src=\"https:\/\/pepperoniteam.pl\/wp-content\/uploads\/2020\/05\/93648340_3542922589057920_228484937227960320_o-165x165.jpg\" width=\"165\" height=\"165\" alt=\"93648340_3542922589057920_228484937227960320_o\" title=\"93648340_3542922589057920_228484937227960320_o\" \/><\/a><\/li><li class=\"isotope-item\"><a class=\"prettyphoto\" href=\"https:\/\/pepperoniteam.pl\/wp-content\/uploads\/2020\/05\/87076349_3401734293176751_2574795819794300928_o.jpg\" data-rel=\"prettyPhoto[rel-7842-1761623401]\"><img class=\"\" src=\"https:\/\/pepperoniteam.pl\/wp-content\/uploads\/2020\/05\/87076349_3401734293176751_2574795819794300928_o-165x165.jpg\" width=\"165\" height=\"165\" alt=\"87076349_3401734293176751_2574795819794300928_o\" title=\"87076349_3401734293176751_2574795819794300928_o\" \/><\/a><\/li><li class=\"isotope-item\"><a class=\"prettyphoto\" href=\"https:\/\/pepperoniteam.pl\/wp-content\/uploads\/2020\/11\/IMG_2132.jpeg\" data-rel=\"prettyPhoto[rel-7842-1761623401]\"><img class=\"\" src=\"https:\/\/pepperoniteam.pl\/wp-content\/uploads\/2020\/11\/IMG_2132-165x165.jpeg\" width=\"165\" height=\"165\" alt=\"IMG_2132\" title=\"IMG_2132\" \/><\/a><\/li><li class=\"isotope-item\"><a class=\"prettyphoto\" href=\"https:\/\/pepperoniteam.pl\/wp-content\/uploads\/2020\/11\/IMG_2210.jpeg\" data-rel=\"prettyPhoto[rel-7842-1761623401]\"><img class=\"\" src=\"https:\/\/pepperoniteam.pl\/wp-content\/uploads\/2020\/11\/IMG_2210-165x165.jpeg\" width=\"165\" height=\"165\" alt=\"IMG_2210\" title=\"IMG_2210\" \/><\/a><\/li><li class=\"isotope-item\"><a class=\"prettyphoto\" href=\"https:\/\/pepperoniteam.pl\/wp-content\/uploads\/2020\/11\/IMG_2281.jpeg\" data-rel=\"prettyPhoto[rel-7842-1761623401]\"><img class=\"\" src=\"https:\/\/pepperoniteam.pl\/wp-content\/uploads\/2020\/11\/IMG_2281-165x165.jpeg\" width=\"165\" height=\"165\" alt=\"IMG_2281\" title=\"IMG_2281\" \/><\/a><\/li><li class=\"isotope-item\"><a class=\"prettyphoto\" href=\"https:\/\/pepperoniteam.pl\/wp-content\/uploads\/2020\/11\/IMG_2146.jpeg\" data-rel=\"prettyPhoto[rel-7842-1761623401]\"><img class=\"\" src=\"https:\/\/pepperoniteam.pl\/wp-content\/uploads\/2020\/11\/IMG_2146-165x165.jpeg\" width=\"165\" height=\"165\" alt=\"IMG_2146\" title=\"IMG_2146\" \/><\/a><\/li><li class=\"isotope-item\"><a class=\"prettyphoto\" href=\"https:\/\/pepperoniteam.pl\/wp-content\/uploads\/2020\/09\/PPKATO.jpg\" data-rel=\"prettyPhoto[rel-7842-1761623401]\"><img class=\"\" src=\"https:\/\/pepperoniteam.pl\/wp-content\/uploads\/2020\/09\/PPKATO-165x165.jpg\" width=\"165\" height=\"165\" alt=\"PPKATO\" title=\"PPKATO\" \/><\/a><\/li><\/ul><\/div><\/div><\/div>\n\t<div class=\"wpb_text_column wpb_content_element\" >\n\t\t<div class=\"wpb_wrapper\">\n\t\t\t<p style=\"text-align: center;\"><a href=\"https:\/\/www.facebook.com\/media\/set?vanity=pepperoniteam&amp;set=a.2469058009777722\"><span style=\"color: #808080;\"><strong>More photos<\/strong><\/span><\/a>\u00a0<i class=\"fa fa-facebook-square\" ><\/i><\/p>\n\n\t\t<\/div>\n\t<\/div>\n<\/div><\/div><\/div><\/div>","protected":false},"excerpt":{"rendered":"Nesca Pepperoni Team W\u0142a\u015bciciel: Ma\u0142gorzata Janiec i Krystyna Soko\u0142owska Ur. 25.07.2018 Rodow\u00f3d (Nemzet Kincse S\u00e1m\u00e1n x Piri-Piri Pepperoni Team) Osi\u0105gni\u0119cia<a class=\"article-read-more\" href=\"https:\/\/pepperoniteam.pl\/en\/nesca\/\"><i class=\"worldblogicon fa-angle-double-right\"><\/i><\/a>","protected":false},"author":2,"featured_media":0,"parent":0,"menu_order":0,"comment_status":"closed","ping_status":"closed","template":"","meta":[],"wps_subtitle":"","_links":{"self":[{"href":"https:\/\/pepperoniteam.pl\/en\/wp-json\/wp\/v2\/pages\/7842"}],"collection":[{"href":"https:\/\/pepperoniteam.pl\/en\/wp-json\/wp\/v2\/pages"}],"about":[{"href":"https:\/\/pepperoniteam.pl\/en\/wp-json\/wp\/v2\/types\/page"}],"author":[{"embeddable":true,"href":"https:\/\/pepperoniteam.pl\/en\/wp-json\/wp\/v2\/users\/2"}],"replies":[{"embeddable":true,"href":"https:\/\/pepperoniteam.pl\/en\/wp-json\/wp\/v2\/comments?post=7842"}],"version-history":[{"count":0,"href":"https:\/\/pepperoniteam.pl\/en\/wp-json\/wp\/v2\/pages\/7842\/revisions"}],"wp:attachment":[{"href":"https:\/\/pepperoniteam.pl\/en\/wp-json\/wp\/v2\/media?parent=7842"}],"curies":[{"name":"wp","href":"https:\/\/api.w.org\/{rel}","templated":true}]}}