{"id":8457,"date":"2022-01-18T13:31:19","date_gmt":"2022-01-18T12:31:19","guid":{"rendered":"http:\/\/pepperoniteam.pl\/?page_id=8457"},"modified":"2022-04-21T20:43:05","modified_gmt":"2022-04-21T18:43:05","slug":"ned","status":"publish","type":"page","link":"https:\/\/pepperoniteam.pl\/en\/ned\/","title":{"rendered":"Ned"},"content":{"rendered":"<div class=\"vc_row wpb_row vc_row-fluid\"><div class=\"wpb_column vc_column_container vc_col-sm-12\"><div class=\"vc_column-inner\"><div class=\"wpb_wrapper\">\n\t<div class=\"wpb_text_column wpb_content_element  wpb_animate_when_almost_visible wpb_fadeInDown fadeInDown vc_custom_1546168475165 special1\" >\n\t\t<div class=\"wpb_wrapper\">\n\t\t\t<h1><strong><span class=\"_3oh- _58nk\">Ned Pepperoni Team<\/span><\/strong><\/h1>\n\n\t\t<\/div>\n\t<\/div>\n\n\t<div class=\"wpb_text_column wpb_content_element\" >\n\t\t<div class=\"wpb_wrapper\">\n\t\t\t<p><i class=\"fa fa-male\" ><\/i> W\u0142a\u015bciciel: Maksim Tsukanov (Rosja\/Moskwa)<\/p>\n<p><i class=\"fa fa-calendar\" ><\/i> DOB 25.07.2018<br \/>\n<i class=\"fa fa-id-card-o\" ><\/i> <span style=\"color: #808080;\"><a style=\"color: #808080;\" href=\"https:\/\/www.vizsladatabase.com\/details.php?id=256594\">Pedigree<\/a><\/span><\/p>\n<p>(<span class=\"_3oh- _58nk\">Nemzet Kincse S\u00e1m\u00e1n<\/span> x Piri-Piri Pepperoni Team )<\/p>\n\n\t\t<\/div>\n\t<\/div>\n<\/div><\/div><\/div><\/div><div class=\"vc_row wpb_row vc_row-fluid\"><div class=\"wpb_column vc_column_container vc_col-sm-12\"><div class=\"vc_column-inner\"><div class=\"wpb_wrapper\">\n\t<div  class=\"wpb_single_image wpb_content_element vc_align_left\">\n\t\t\n\t\t<figure class=\"wpb_wrapper vc_figure\">\n\t\t\t<div class=\"vc_single_image-wrapper vc_box_border  vc_box_border_grey\"><img class=\"vc_single_image-img\" src=\"https:\/\/pepperoniteam.pl\/wp-content\/uploads\/2022\/01\/ned-450x300.jpg\" width=\"450\" height=\"300\" alt=\"ned\" title=\"ned\" \/><\/div>\n\t\t<\/figure>\n\t<\/div>\n<\/div><\/div><\/div><\/div><div class=\"vc_row wpb_row vc_row-fluid\"><div class=\"wpb_column vc_column_container vc_col-sm-12\"><div class=\"vc_column-inner\"><div class=\"wpb_wrapper\">\n\t<div class=\"wpb_text_column wpb_content_element\" >\n\t\t<div class=\"wpb_wrapper\">\n\t\t\t<p style=\"text-align: left;\"><strong>STUD DOG<\/strong><\/p>\n<p><i class=\"fa fa-trophy\" ><\/i> <b>M\u0142odzie\u017cowy Champion Rosji<\/b><br \/>\n<i class=\"fa fa-trophy\" ><\/i> <b>M\u0142odzie\u017cowy Champion Bia\u0142orusi<\/b><b><br \/>\n<\/b><\/p>\n<p><strong>Shows<br \/>\n<\/strong>BIS Puppy I<br \/>\njCAC<\/p>\n<p><strong>Working<br \/>\n<\/strong>Forest game &#8211; 2nd degree diploma, 3rd place<br \/>\nBlood track &#8211; 3rd degree diploma<strong><br \/>\n<\/strong><\/p>\n<p>Hunting dog<\/p>\n\n\t\t<\/div>\n\t<\/div>\n<\/div><\/div><\/div><\/div><div class=\"vc_row wpb_row vc_row-fluid\"><div class=\"wpb_column vc_column_container vc_col-sm-12\"><div class=\"vc_column-inner\"><div class=\"wpb_wrapper\"><div class=\"wpb_gallery wpb_content_element vc_clearfix\" ><div class=\"wpb_wrapper\"><div class=\"wpb_gallery_slides wpb_image_grid\" data-interval=\"3\"><ul class=\"wpb_image_grid_ul\"><li class=\"isotope-item\"><a class=\"prettyphoto\" href=\"https:\/\/pepperoniteam.pl\/wp-content\/uploads\/2019\/01\/42617423_2457496480933875_7143580569543114752_o-1024x683.jpg\" data-rel=\"prettyPhoto[rel-8457-356224073]\"><img class=\"\" src=\"https:\/\/pepperoniteam.pl\/wp-content\/uploads\/2019\/01\/42617423_2457496480933875_7143580569543114752_o-165x165.jpg\" width=\"165\" height=\"165\" alt=\"42617423_2457496480933875_7143580569543114752_o\" title=\"42617423_2457496480933875_7143580569543114752_o\" \/><\/a><\/li><li class=\"isotope-item\"><a class=\"prettyphoto\" href=\"https:\/\/pepperoniteam.pl\/wp-content\/uploads\/2019\/01\/42627557_2457496470933876_5277706691507388416_o-1024x683.jpg\" data-rel=\"prettyPhoto[rel-8457-356224073]\"><img class=\"\" src=\"https:\/\/pepperoniteam.pl\/wp-content\/uploads\/2019\/01\/42627557_2457496470933876_5277706691507388416_o-165x165.jpg\" width=\"165\" height=\"165\" alt=\"42627557_2457496470933876_5277706691507388416_o\" title=\"42627557_2457496470933876_5277706691507388416_o\" \/><\/a><\/li><li class=\"isotope-item\"><a class=\"prettyphoto\" href=\"https:\/\/pepperoniteam.pl\/wp-content\/uploads\/2019\/03\/55853479_2282899355096161_3823005086578114560_n.jpg\" data-rel=\"prettyPhoto[rel-8457-356224073]\"><img class=\"\" src=\"https:\/\/pepperoniteam.pl\/wp-content\/uploads\/2019\/03\/55853479_2282899355096161_3823005086578114560_n-165x165.jpg\" width=\"165\" height=\"165\" alt=\"55853479_2282899355096161_3823005086578114560_n\" title=\"55853479_2282899355096161_3823005086578114560_n\" \/><\/a><\/li><li class=\"isotope-item\"><a class=\"prettyphoto\" href=\"https:\/\/pepperoniteam.pl\/wp-content\/uploads\/2019\/03\/55575851_2282899428429487_1800640961261338624_n.jpg\" data-rel=\"prettyPhoto[rel-8457-356224073]\"><img class=\"\" src=\"https:\/\/pepperoniteam.pl\/wp-content\/uploads\/2019\/03\/55575851_2282899428429487_1800640961261338624_n-165x165.jpg\" width=\"165\" height=\"165\" alt=\"55575851_2282899428429487_1800640961261338624_n\" title=\"55575851_2282899428429487_1800640961261338624_n\" \/><\/a><\/li><li class=\"isotope-item\"><a class=\"prettyphoto\" href=\"https:\/\/pepperoniteam.pl\/wp-content\/uploads\/2019\/03\/54220443_2282899351762828_1990455949986365440_n.jpg\" data-rel=\"prettyPhoto[rel-8457-356224073]\"><img class=\"\" src=\"https:\/\/pepperoniteam.pl\/wp-content\/uploads\/2019\/03\/54220443_2282899351762828_1990455949986365440_n-165x165.jpg\" width=\"165\" height=\"165\" alt=\"54220443_2282899351762828_1990455949986365440_n\" title=\"54220443_2282899351762828_1990455949986365440_n\" \/><\/a><\/li><li class=\"isotope-item\"><a class=\"prettyphoto\" href=\"https:\/\/pepperoniteam.pl\/wp-content\/uploads\/2019\/03\/53585249_2282899538429476_6792717106220630016_n.jpg\" data-rel=\"prettyPhoto[rel-8457-356224073]\"><img class=\"\" src=\"https:\/\/pepperoniteam.pl\/wp-content\/uploads\/2019\/03\/53585249_2282899538429476_6792717106220630016_n-165x165.jpg\" width=\"165\" height=\"165\" alt=\"53585249_2282899538429476_6792717106220630016_n\" title=\"53585249_2282899538429476_6792717106220630016_n\" \/><\/a><\/li><li class=\"isotope-item\"><a class=\"prettyphoto\" href=\"https:\/\/pepperoniteam.pl\/wp-content\/uploads\/2020\/05\/67915190_2972962076053977_7593175083208671232_o.jpg\" data-rel=\"prettyPhoto[rel-8457-356224073]\"><img class=\"\" src=\"https:\/\/pepperoniteam.pl\/wp-content\/uploads\/2020\/05\/67915190_2972962076053977_7593175083208671232_o-165x165.jpg\" width=\"165\" height=\"165\" alt=\"67915190_2972962076053977_7593175083208671232_o\" title=\"67915190_2972962076053977_7593175083208671232_o\" \/><\/a><\/li><li class=\"isotope-item\"><a class=\"prettyphoto\" href=\"https:\/\/pepperoniteam.pl\/wp-content\/uploads\/2022\/01\/ned4.jpg\" data-rel=\"prettyPhoto[rel-8457-356224073]\"><img class=\"\" src=\"https:\/\/pepperoniteam.pl\/wp-content\/uploads\/2022\/01\/ned4-165x165.jpg\" width=\"165\" height=\"165\" alt=\"ned4\" title=\"ned4\" \/><\/a><\/li><li class=\"isotope-item\"><a class=\"prettyphoto\" href=\"https:\/\/pepperoniteam.pl\/wp-content\/uploads\/2022\/01\/ned6-758x1024.jpg\" data-rel=\"prettyPhoto[rel-8457-356224073]\"><img class=\"\" src=\"https:\/\/pepperoniteam.pl\/wp-content\/uploads\/2022\/01\/ned6-165x165.jpg\" width=\"165\" height=\"165\" alt=\"ned6\" title=\"ned6\" \/><\/a><\/li><li class=\"isotope-item\"><a class=\"prettyphoto\" href=\"https:\/\/pepperoniteam.pl\/wp-content\/uploads\/2020\/05\/97274748_3622055247811320_1272178053333647360_o-1024x663.jpg\" data-rel=\"prettyPhoto[rel-8457-356224073]\"><img class=\"\" src=\"https:\/\/pepperoniteam.pl\/wp-content\/uploads\/2020\/05\/97274748_3622055247811320_1272178053333647360_o-165x165.jpg\" width=\"165\" height=\"165\" alt=\"97274748_3622055247811320_1272178053333647360_o\" title=\"97274748_3622055247811320_1272178053333647360_o\" \/><\/a><\/li><li class=\"isotope-item\"><a class=\"prettyphoto\" href=\"https:\/\/pepperoniteam.pl\/wp-content\/uploads\/2020\/05\/84082225_3363355167014664_9176235788688424960_o.jpg\" data-rel=\"prettyPhoto[rel-8457-356224073]\"><img class=\"\" src=\"https:\/\/pepperoniteam.pl\/wp-content\/uploads\/2020\/05\/84082225_3363355167014664_9176235788688424960_o-165x165.jpg\" width=\"165\" height=\"165\" alt=\"84082225_3363355167014664_9176235788688424960_o\" title=\"84082225_3363355167014664_9176235788688424960_o\" \/><\/a><\/li><li class=\"isotope-item\"><a class=\"prettyphoto\" href=\"https:\/\/pepperoniteam.pl\/wp-content\/uploads\/2021\/03\/121222571_660816448189514_409640903202650432_n.jpg\" data-rel=\"prettyPhoto[rel-8457-356224073]\"><img class=\"\" src=\"https:\/\/pepperoniteam.pl\/wp-content\/uploads\/2021\/03\/121222571_660816448189514_409640903202650432_n-165x165.jpg\" width=\"165\" height=\"165\" alt=\"121222571_660816448189514_409640903202650432_n\" title=\"121222571_660816448189514_409640903202650432_n\" \/><\/a><\/li><li class=\"isotope-item\"><a class=\"prettyphoto\" href=\"https:\/\/pepperoniteam.pl\/wp-content\/uploads\/2021\/03\/121440251_403648071032321_8656681566210748161_n.jpg\" data-rel=\"prettyPhoto[rel-8457-356224073]\"><img class=\"\" src=\"https:\/\/pepperoniteam.pl\/wp-content\/uploads\/2021\/03\/121440251_403648071032321_8656681566210748161_n-165x165.jpg\" width=\"165\" height=\"165\" alt=\"121440251_403648071032321_8656681566210748161_n\" title=\"121440251_403648071032321_8656681566210748161_n\" \/><\/a><\/li><li class=\"isotope-item\"><a class=\"prettyphoto\" href=\"https:\/\/pepperoniteam.pl\/wp-content\/uploads\/2022\/01\/ned1.jpg\" data-rel=\"prettyPhoto[rel-8457-356224073]\"><img class=\"\" src=\"https:\/\/pepperoniteam.pl\/wp-content\/uploads\/2022\/01\/ned1-165x165.jpg\" width=\"165\" height=\"165\" alt=\"ned1\" title=\"ned1\" \/><\/a><\/li><li class=\"isotope-item\"><a class=\"prettyphoto\" href=\"https:\/\/pepperoniteam.pl\/wp-content\/uploads\/2022\/01\/ned5.jpg\" data-rel=\"prettyPhoto[rel-8457-356224073]\"><img class=\"\" src=\"https:\/\/pepperoniteam.pl\/wp-content\/uploads\/2022\/01\/ned5-165x165.jpg\" width=\"165\" height=\"165\" alt=\"ned5\" title=\"ned5\" \/><\/a><\/li><li class=\"isotope-item\"><a class=\"prettyphoto\" href=\"https:\/\/pepperoniteam.pl\/wp-content\/uploads\/2022\/01\/ned3.jpg\" data-rel=\"prettyPhoto[rel-8457-356224073]\"><img class=\"\" src=\"https:\/\/pepperoniteam.pl\/wp-content\/uploads\/2022\/01\/ned3-165x165.jpg\" width=\"165\" height=\"165\" alt=\"ned3\" title=\"ned3\" \/><\/a><\/li><li class=\"isotope-item\"><a class=\"prettyphoto\" href=\"https:\/\/pepperoniteam.pl\/wp-content\/uploads\/2022\/01\/ned2.jpg\" data-rel=\"prettyPhoto[rel-8457-356224073]\"><img class=\"\" src=\"https:\/\/pepperoniteam.pl\/wp-content\/uploads\/2022\/01\/ned2-165x165.jpg\" width=\"165\" height=\"165\" alt=\"ned2\" title=\"ned2\" \/><\/a><\/li><\/ul><\/div><\/div><\/div>\n\t<div class=\"wpb_text_column wpb_content_element\" >\n\t\t<div class=\"wpb_wrapper\">\n\t\t\t<p style=\"text-align: center;\"><a href=\"https:\/\/www.facebook.com\/media\/set\/?vanity=pepperoniteam&amp;set=a.2457496360933887\"><span style=\"color: #808080;\"><strong>More photos<\/strong><\/span><\/a>\u00a0<i class=\"fa fa-facebook-square\" ><\/i><\/p>\n\n\t\t<\/div>\n\t<\/div>\n<\/div><\/div><\/div><\/div><div class=\"vc_row wpb_row vc_row-fluid\"><div class=\"wpb_column vc_column_container vc_col-sm-12\"><div class=\"vc_column-inner\"><div class=\"wpb_wrapper\"><\/div><\/div><\/div><\/div>","protected":false},"excerpt":{"rendered":"Ned Pepperoni Team W\u0142a\u015bciciel: Maksim Tsukanov (Rosja\/Moskwa) Ur. 25.07.2018 Rodow\u00f3d (Nemzet Kincse S\u00e1m\u00e1n x Piri-Piri Pepperoni Team ) REPRODUKTOR M\u0142odzie\u017cowy<a class=\"article-read-more\" href=\"https:\/\/pepperoniteam.pl\/en\/ned\/\"><i class=\"worldblogicon fa-angle-double-right\"><\/i><\/a>","protected":false},"author":2,"featured_media":0,"parent":0,"menu_order":0,"comment_status":"closed","ping_status":"closed","template":"","meta":[],"wps_subtitle":"","_links":{"self":[{"href":"https:\/\/pepperoniteam.pl\/en\/wp-json\/wp\/v2\/pages\/8457"}],"collection":[{"href":"https:\/\/pepperoniteam.pl\/en\/wp-json\/wp\/v2\/pages"}],"about":[{"href":"https:\/\/pepperoniteam.pl\/en\/wp-json\/wp\/v2\/types\/page"}],"author":[{"embeddable":true,"href":"https:\/\/pepperoniteam.pl\/en\/wp-json\/wp\/v2\/users\/2"}],"replies":[{"embeddable":true,"href":"https:\/\/pepperoniteam.pl\/en\/wp-json\/wp\/v2\/comments?post=8457"}],"version-history":[{"count":0,"href":"https:\/\/pepperoniteam.pl\/en\/wp-json\/wp\/v2\/pages\/8457\/revisions"}],"wp:attachment":[{"href":"https:\/\/pepperoniteam.pl\/en\/wp-json\/wp\/v2\/media?parent=8457"}],"curies":[{"name":"wp","href":"https:\/\/api.w.org\/{rel}","templated":true}]}}