{"id":8480,"date":"2022-01-19T18:41:25","date_gmt":"2022-01-19T17:41:25","guid":{"rendered":"http:\/\/pepperoniteam.pl\/?page_id=8480"},"modified":"2022-04-21T20:41:53","modified_gmt":"2022-04-21T18:41:53","slug":"fire","status":"publish","type":"page","link":"https:\/\/pepperoniteam.pl\/en\/fire\/","title":{"rendered":"Fire"},"content":{"rendered":"<div class=\"vc_row wpb_row vc_row-fluid\"><div class=\"wpb_column vc_column_container vc_col-sm-12\"><div class=\"vc_column-inner\"><div class=\"wpb_wrapper\">\n\t<div class=\"wpb_text_column wpb_content_element  wpb_animate_when_almost_visible wpb_fadeInDown fadeInDown vc_custom_1546168475165 special1\" >\n\t\t<div class=\"wpb_wrapper\">\n\t\t\t<h1><strong><span class=\"_3oh- _58nk\">Fire Pepperoni Team<\/span><\/strong><\/h1>\n\n\t\t<\/div>\n\t<\/div>\n\n\t<div class=\"wpb_text_column wpb_content_element\" >\n\t\t<div class=\"wpb_wrapper\">\n\t\t\t<p><i class=\"fa fa-female\" ><\/i> W\u0142a\u015bciciel: Nina Klevtsova\u00a0(Rosja\/Sankt Petersburg)<\/p>\n<p><i class=\"fa fa-calendar\" ><\/i> Ur. 04.02.2020<br \/>\n<i class=\"fa fa-id-card-o\" ><\/i> <span style=\"color: #808080;\"><a style=\"color: #808080;\" href=\"https:\/\/www.vizsladatabase.com\/details.php?id=374347\">Pedigree<\/a><\/span><\/p>\n<p>(Antaresi-L\u00e1ng Mer\u00e9sz\u00a0x Dee Dee Pepperoni Team )<\/p>\n\n\t\t<\/div>\n\t<\/div>\n<\/div><\/div><\/div><\/div><div class=\"vc_row wpb_row vc_row-fluid\"><div class=\"wpb_column vc_column_container vc_col-sm-12\"><div class=\"vc_column-inner\"><div class=\"wpb_wrapper\">\n\t<div  class=\"wpb_single_image wpb_content_element vc_align_left\">\n\t\t\n\t\t<figure class=\"wpb_wrapper vc_figure\">\n\t\t\t<div class=\"vc_single_image-wrapper vc_box_border  vc_box_border_grey\"><img class=\"vc_single_image-img\" src=\"https:\/\/pepperoniteam.pl\/wp-content\/uploads\/2022\/01\/fire-gruby-450x300.jpg\" width=\"450\" height=\"300\" alt=\"fire gruby\" title=\"fire gruby\" \/><\/div>\n\t\t<\/figure>\n\t<\/div>\n<\/div><\/div><\/div><\/div><div class=\"vc_row wpb_row vc_row-fluid\"><div class=\"wpb_column vc_column_container vc_col-sm-12\"><div class=\"vc_column-inner\"><div class=\"wpb_wrapper\">\n\t<div class=\"wpb_text_column wpb_content_element\" >\n\t\t<div class=\"wpb_wrapper\">\n\t\t\t<p style=\"text-align: left;\"><strong>STUD DOG<\/strong><\/p>\n<p><i class=\"fa fa-trophy\" ><\/i> <b>M\u0142odzie\u017cowy Champion Rosji<\/b><b><\/b><\/p>\n<p><strong>Shows<br \/>\n<\/strong>4x jCAC<br \/>\n2x BOB<br \/>\n2x BOG II<\/p>\n<p><strong>Working<br \/>\n<\/strong>Konkursy Pracy Wy\u017c\u0142\u00f3w \u2013 3 x dyplom 3 stopnia<br \/>\nMistrzostwa Pracy Wy\u017c\u0142\u00f3w Rosja 2021 \u2013 4 lokata, Najlepszy M\u0142ody Pies<br \/>\nworking dog<\/p>\n<p><strong>Health<br \/>\n<\/strong>HD \u2013 A, ED 0<br \/>\nL\/L (free of long hair gene)<\/p>\n\n\t\t<\/div>\n\t<\/div>\n<\/div><\/div><\/div><\/div><div class=\"vc_row wpb_row vc_row-fluid\"><div class=\"wpb_column vc_column_container vc_col-sm-12\"><div class=\"vc_column-inner\"><div class=\"wpb_wrapper\"><div class=\"wpb_gallery wpb_content_element vc_clearfix\" ><div class=\"wpb_wrapper\"><div class=\"wpb_gallery_slides wpb_image_grid\" data-interval=\"3\"><ul class=\"wpb_image_grid_ul\"><li class=\"isotope-item\"><a class=\"prettyphoto\" href=\"https:\/\/pepperoniteam.pl\/wp-content\/uploads\/2020\/05\/IMG_3074.jpeg\" data-rel=\"prettyPhoto[rel-8480-1239457738]\"><img width=\"150\" height=\"150\" src=\"https:\/\/pepperoniteam.pl\/wp-content\/uploads\/2020\/05\/IMG_3074-150x150.jpeg\" class=\"attachment-thumbnail\" alt=\"\" loading=\"lazy\" srcset=\"https:\/\/pepperoniteam.pl\/wp-content\/uploads\/2020\/05\/IMG_3074-150x150.jpeg 150w, https:\/\/pepperoniteam.pl\/wp-content\/uploads\/2020\/05\/IMG_3074-460x460.jpeg 460w, https:\/\/pepperoniteam.pl\/wp-content\/uploads\/2020\/05\/IMG_3074-70x70.jpeg 70w\" sizes=\"(max-width: 150px) 100vw, 150px\" \/><\/a><\/li><li class=\"isotope-item\"><a class=\"prettyphoto\" href=\"https:\/\/pepperoniteam.pl\/wp-content\/uploads\/2020\/05\/IMG_3104.jpg\" data-rel=\"prettyPhoto[rel-8480-1239457738]\"><img width=\"150\" height=\"150\" src=\"https:\/\/pepperoniteam.pl\/wp-content\/uploads\/2020\/05\/IMG_3104-150x150.jpg\" class=\"attachment-thumbnail\" alt=\"\" loading=\"lazy\" srcset=\"https:\/\/pepperoniteam.pl\/wp-content\/uploads\/2020\/05\/IMG_3104-150x150.jpg 150w, https:\/\/pepperoniteam.pl\/wp-content\/uploads\/2020\/05\/IMG_3104-460x460.jpg 460w, https:\/\/pepperoniteam.pl\/wp-content\/uploads\/2020\/05\/IMG_3104-70x70.jpg 70w\" sizes=\"(max-width: 150px) 100vw, 150px\" \/><\/a><\/li><li class=\"isotope-item\"><a class=\"prettyphoto\" href=\"https:\/\/pepperoniteam.pl\/wp-content\/uploads\/2022\/01\/WhatsApp-Image-2021-12-03-at-13.00.40.jpeg\" data-rel=\"prettyPhoto[rel-8480-1239457738]\"><img width=\"150\" height=\"150\" src=\"https:\/\/pepperoniteam.pl\/wp-content\/uploads\/2022\/01\/WhatsApp-Image-2021-12-03-at-13.00.40-150x150.jpeg\" class=\"attachment-thumbnail\" alt=\"\" loading=\"lazy\" srcset=\"https:\/\/pepperoniteam.pl\/wp-content\/uploads\/2022\/01\/WhatsApp-Image-2021-12-03-at-13.00.40-150x150.jpeg 150w, https:\/\/pepperoniteam.pl\/wp-content\/uploads\/2022\/01\/WhatsApp-Image-2021-12-03-at-13.00.40-460x460.jpeg 460w, https:\/\/pepperoniteam.pl\/wp-content\/uploads\/2022\/01\/WhatsApp-Image-2021-12-03-at-13.00.40-70x70.jpeg 70w\" sizes=\"(max-width: 150px) 100vw, 150px\" \/><\/a><\/li><li class=\"isotope-item\"><a class=\"prettyphoto\" href=\"https:\/\/pepperoniteam.pl\/wp-content\/uploads\/2022\/01\/WhatsApp-Image-2021-12-03-at-13.00.39-1.jpeg\" data-rel=\"prettyPhoto[rel-8480-1239457738]\"><img width=\"150\" height=\"150\" src=\"https:\/\/pepperoniteam.pl\/wp-content\/uploads\/2022\/01\/WhatsApp-Image-2021-12-03-at-13.00.39-1-150x150.jpeg\" class=\"attachment-thumbnail\" alt=\"\" loading=\"lazy\" srcset=\"https:\/\/pepperoniteam.pl\/wp-content\/uploads\/2022\/01\/WhatsApp-Image-2021-12-03-at-13.00.39-1-150x150.jpeg 150w, https:\/\/pepperoniteam.pl\/wp-content\/uploads\/2022\/01\/WhatsApp-Image-2021-12-03-at-13.00.39-1-460x460.jpeg 460w, https:\/\/pepperoniteam.pl\/wp-content\/uploads\/2022\/01\/WhatsApp-Image-2021-12-03-at-13.00.39-1-70x70.jpeg 70w\" sizes=\"(max-width: 150px) 100vw, 150px\" \/><\/a><\/li><li class=\"isotope-item\"><a class=\"prettyphoto\" href=\"https:\/\/pepperoniteam.pl\/wp-content\/uploads\/2022\/01\/WhatsApp-Image-2020-11-24-at-16.03.07.jpeg\" data-rel=\"prettyPhoto[rel-8480-1239457738]\"><img width=\"150\" height=\"150\" src=\"https:\/\/pepperoniteam.pl\/wp-content\/uploads\/2022\/01\/WhatsApp-Image-2020-11-24-at-16.03.07-150x150.jpeg\" class=\"attachment-thumbnail\" alt=\"\" loading=\"lazy\" srcset=\"https:\/\/pepperoniteam.pl\/wp-content\/uploads\/2022\/01\/WhatsApp-Image-2020-11-24-at-16.03.07-150x150.jpeg 150w, https:\/\/pepperoniteam.pl\/wp-content\/uploads\/2022\/01\/WhatsApp-Image-2020-11-24-at-16.03.07-460x460.jpeg 460w, https:\/\/pepperoniteam.pl\/wp-content\/uploads\/2022\/01\/WhatsApp-Image-2020-11-24-at-16.03.07-70x70.jpeg 70w\" sizes=\"(max-width: 150px) 100vw, 150px\" \/><\/a><\/li><li class=\"isotope-item\"><a class=\"prettyphoto\" href=\"https:\/\/pepperoniteam.pl\/wp-content\/uploads\/2022\/01\/175544706_4612414125442089_6554391320913777841_n-1024x729.jpg\" data-rel=\"prettyPhoto[rel-8480-1239457738]\"><img width=\"150\" height=\"150\" src=\"https:\/\/pepperoniteam.pl\/wp-content\/uploads\/2022\/01\/175544706_4612414125442089_6554391320913777841_n-150x150.jpg\" class=\"attachment-thumbnail\" alt=\"\" loading=\"lazy\" srcset=\"https:\/\/pepperoniteam.pl\/wp-content\/uploads\/2022\/01\/175544706_4612414125442089_6554391320913777841_n-150x150.jpg 150w, https:\/\/pepperoniteam.pl\/wp-content\/uploads\/2022\/01\/175544706_4612414125442089_6554391320913777841_n-460x460.jpg 460w, https:\/\/pepperoniteam.pl\/wp-content\/uploads\/2022\/01\/175544706_4612414125442089_6554391320913777841_n-70x70.jpg 70w, https:\/\/pepperoniteam.pl\/wp-content\/uploads\/2022\/01\/175544706_4612414125442089_6554391320913777841_n-800x800.jpg 800w\" sizes=\"(max-width: 150px) 100vw, 150px\" \/><\/a><\/li><li class=\"isotope-item\"><a class=\"prettyphoto\" href=\"https:\/\/pepperoniteam.pl\/wp-content\/uploads\/2022\/01\/fire-gruby1-1024x683.jpg\" data-rel=\"prettyPhoto[rel-8480-1239457738]\"><img width=\"150\" height=\"150\" src=\"https:\/\/pepperoniteam.pl\/wp-content\/uploads\/2022\/01\/fire-gruby1-150x150.jpg\" class=\"attachment-thumbnail\" alt=\"\" loading=\"lazy\" srcset=\"https:\/\/pepperoniteam.pl\/wp-content\/uploads\/2022\/01\/fire-gruby1-150x150.jpg 150w, https:\/\/pepperoniteam.pl\/wp-content\/uploads\/2022\/01\/fire-gruby1-460x460.jpg 460w, https:\/\/pepperoniteam.pl\/wp-content\/uploads\/2022\/01\/fire-gruby1-70x70.jpg 70w, https:\/\/pepperoniteam.pl\/wp-content\/uploads\/2022\/01\/fire-gruby1-800x800.jpg 800w\" sizes=\"(max-width: 150px) 100vw, 150px\" \/><\/a><\/li><li class=\"isotope-item\"><a class=\"prettyphoto\" href=\"https:\/\/pepperoniteam.pl\/wp-content\/uploads\/2022\/01\/123452712_4131315926885247_214180206727676278_n.jpg\" data-rel=\"prettyPhoto[rel-8480-1239457738]\"><img width=\"150\" height=\"150\" src=\"https:\/\/pepperoniteam.pl\/wp-content\/uploads\/2022\/01\/123452712_4131315926885247_214180206727676278_n-150x150.jpg\" class=\"attachment-thumbnail\" alt=\"\" loading=\"lazy\" srcset=\"https:\/\/pepperoniteam.pl\/wp-content\/uploads\/2022\/01\/123452712_4131315926885247_214180206727676278_n-150x150.jpg 150w, https:\/\/pepperoniteam.pl\/wp-content\/uploads\/2022\/01\/123452712_4131315926885247_214180206727676278_n-460x460.jpg 460w, https:\/\/pepperoniteam.pl\/wp-content\/uploads\/2022\/01\/123452712_4131315926885247_214180206727676278_n-70x70.jpg 70w\" sizes=\"(max-width: 150px) 100vw, 150px\" \/><\/a><\/li><li class=\"isotope-item\"><a class=\"prettyphoto\" href=\"https:\/\/pepperoniteam.pl\/wp-content\/uploads\/2021\/09\/lucek-1024x683.jpeg\" data-rel=\"prettyPhoto[rel-8480-1239457738]\"><img width=\"150\" height=\"150\" src=\"https:\/\/pepperoniteam.pl\/wp-content\/uploads\/2021\/09\/lucek-150x150.jpeg\" class=\"attachment-thumbnail\" alt=\"\" loading=\"lazy\" srcset=\"https:\/\/pepperoniteam.pl\/wp-content\/uploads\/2021\/09\/lucek-150x150.jpeg 150w, https:\/\/pepperoniteam.pl\/wp-content\/uploads\/2021\/09\/lucek-460x460.jpeg 460w, https:\/\/pepperoniteam.pl\/wp-content\/uploads\/2021\/09\/lucek-70x70.jpeg 70w\" sizes=\"(max-width: 150px) 100vw, 150px\" \/><\/a><\/li><\/ul><\/div><\/div><\/div><\/div><\/div><\/div><\/div><div class=\"vc_row wpb_row vc_row-fluid\"><div class=\"wpb_column vc_column_container vc_col-sm-12\"><div class=\"vc_column-inner\"><div class=\"wpb_wrapper\">\n\t<div class=\"wpb_text_column wpb_content_element\" >\n\t\t<div class=\"wpb_wrapper\">\n\t\t\t<p style=\"text-align: center;\"><a href=\"https:\/\/www.facebook.com\/media\/set\/?set=a.3478150778868435&amp;type=3\"><span style=\"color: #808080;\"><strong>More photos<\/strong><\/span><\/a>\u00a0<i class=\"fa fa-facebook-square\" ><\/i><\/p>\n\n\t\t<\/div>\n\t<\/div>\n<\/div><\/div><\/div><\/div>","protected":false},"excerpt":{"rendered":"Fire Pepperoni Team W\u0142a\u015bciciel: Nina Klevtsova\u00a0(Rosja\/Sankt Petersburg) Ur. 04.02.2020 Rodow\u00f3d (Antaresi-L\u00e1ng Mer\u00e9sz\u00a0x Dee Dee Pepperoni Team ) REPRODUKTOR M\u0142odzie\u017cowy Champion<a class=\"article-read-more\" href=\"https:\/\/pepperoniteam.pl\/en\/fire\/\"><i class=\"worldblogicon fa-angle-double-right\"><\/i><\/a>","protected":false},"author":2,"featured_media":0,"parent":0,"menu_order":0,"comment_status":"closed","ping_status":"closed","template":"","meta":[],"wps_subtitle":"","_links":{"self":[{"href":"https:\/\/pepperoniteam.pl\/en\/wp-json\/wp\/v2\/pages\/8480"}],"collection":[{"href":"https:\/\/pepperoniteam.pl\/en\/wp-json\/wp\/v2\/pages"}],"about":[{"href":"https:\/\/pepperoniteam.pl\/en\/wp-json\/wp\/v2\/types\/page"}],"author":[{"embeddable":true,"href":"https:\/\/pepperoniteam.pl\/en\/wp-json\/wp\/v2\/users\/2"}],"replies":[{"embeddable":true,"href":"https:\/\/pepperoniteam.pl\/en\/wp-json\/wp\/v2\/comments?post=8480"}],"version-history":[{"count":0,"href":"https:\/\/pepperoniteam.pl\/en\/wp-json\/wp\/v2\/pages\/8480\/revisions"}],"wp:attachment":[{"href":"https:\/\/pepperoniteam.pl\/en\/wp-json\/wp\/v2\/media?parent=8480"}],"curies":[{"name":"wp","href":"https:\/\/api.w.org\/{rel}","templated":true}]}}