{"id":9023,"date":"2022-06-08T17:48:15","date_gmt":"2022-06-08T15:48:15","guid":{"rendered":"http:\/\/pepperoniteam.pl\/?page_id=9023"},"modified":"2025-10-12T12:47:31","modified_gmt":"2025-10-12T10:47:31","slug":"arya","status":"publish","type":"page","link":"https:\/\/pepperoniteam.pl\/en\/arya\/","title":{"rendered":"Arya"},"content":{"rendered":"<div class=\"vc_row wpb_row vc_row-fluid\"><div class=\"wpb_column vc_column_container vc_col-sm-12\"><div class=\"vc_column-inner\"><div class=\"wpb_wrapper\">\n\t<div class=\"wpb_text_column wpb_content_element  wpb_animate_when_almost_visible wpb_fadeInDown fadeInDown vc_custom_1546170713483 special1\" >\n\t\t<div class=\"wpb_wrapper\">\n\t\t\t<h1>Arya Pepperoni Team<\/h1>\n\n\t\t<\/div>\n\t<\/div>\n\n\t<div class=\"wpb_text_column wpb_content_element\" >\n\t\t<div class=\"wpb_wrapper\">\n\t\t\t<p><i class=\"fa fa-male\" ><\/i> W\u0142a\u015bciciel: Marek Duc (<a href=\"https:\/\/www.facebook.com\/LovelyBeastFCI\">Lovely Beast<\/a>)<\/p>\n<p><i class=\"fa fa-calendar\" ><\/i> Ur. 07.05.2019<br \/>\n<i class=\"fa fa-id-card-o\" ><\/i> <span style=\"color: #808080;\"><a style=\"color: #808080;\" href=\"https:\/\/www.vizsladatabase.com\/details.php?id=303438\">Pedigree<\/a><\/span><\/p>\n<p>(Erd\u00f5gy\u00f6ngye Vad\u00e0sz Alfred x Bell Pepperoni Team)<\/p>\n\n\t\t<\/div>\n\t<\/div>\n<\/div><\/div><\/div><\/div><div class=\"vc_row wpb_row vc_row-fluid\"><div class=\"wpb_column vc_column_container vc_col-sm-12\"><div class=\"vc_column-inner\"><div class=\"wpb_wrapper\">\n\t<div  class=\"wpb_single_image wpb_content_element vc_align_left  wpb_animate_when_almost_visible wpb_rotateInUpLeft rotateInUpLeft\">\n\t\t\n\t\t<figure class=\"wpb_wrapper vc_figure\">\n\t\t\t<a data-rel=\"prettyPhoto[rel-9023-1661109416]\" href=\"https:\/\/pepperoniteam.pl\/wp-content\/uploads\/2022\/06\/arya21s.jpg\" target=\"_self\" class=\"vc_single_image-wrapper vc_box_border  vc_box_border_grey prettyphoto\"><img class=\"vc_single_image-img\" src=\"https:\/\/pepperoniteam.pl\/wp-content\/uploads\/2022\/06\/arya21s-450x300.jpg\" width=\"450\" height=\"300\" alt=\"arya21s\" title=\"arya21s\" \/><\/a>\n\t\t<\/figure>\n\t<\/div>\n<\/div><\/div><\/div><\/div><div class=\"vc_row wpb_row vc_row-fluid\"><div class=\"wpb_column vc_column_container vc_col-sm-12\"><div class=\"vc_column-inner\"><div class=\"wpb_wrapper\">\n\t<div class=\"wpb_text_column wpb_content_element\" >\n\t\t<div class=\"wpb_wrapper\">\n\t\t\t<p><strong><b><i class=\"fa fa-trophy\" ><\/i> Champion of Poland<\/b><\/strong><\/p>\n<p><strong>Working<br \/>\n<\/strong>Hunting Test - I degree diploma<br \/>\nField Trials &#8211; 2 lokata, Excellent<br \/>\nMultilateral competition (field &amp; water) - 1st degree diploma, 4 prize<br \/>\nMagyar Vizsla European Cup &#8211; Very Good<br \/>\nKrajowy Field Trial &#8211; Very Good<br \/>\nKrajowy Field Trial &#8211; 1 lokata, Excellent, CACT!<br \/>\nKrajowy Field Trial &#8211; Excellent<\/p>\n<p><strong>Health<br \/>\n<\/strong>HD &#8211; A; ED 0<br \/>\nL\/L (free of long hair gene)<\/p>\n\n\t\t<\/div>\n\t<\/div>\n<\/div><\/div><\/div><\/div><div class=\"vc_row wpb_row vc_row-fluid\"><div class=\"wpb_column vc_column_container vc_col-sm-12\"><div class=\"vc_column-inner\"><div class=\"wpb_wrapper\"><div class=\"wpb_gallery wpb_content_element vc_clearfix\" ><div class=\"wpb_wrapper\"><div class=\"wpb_gallery_slides wpb_image_grid\" data-interval=\"3\"><ul class=\"wpb_image_grid_ul\"><li class=\"isotope-item\"><a class=\"prettyphoto\" href=\"https:\/\/pepperoniteam.pl\/wp-content\/uploads\/2019\/11\/64946502_2891290810887771_7619692378797899776_o.jpg\" data-rel=\"prettyPhoto[rel-9023-897676740]\"><img class=\"\" src=\"https:\/\/pepperoniteam.pl\/wp-content\/uploads\/2019\/11\/64946502_2891290810887771_7619692378797899776_o-165x165.jpg\" width=\"165\" height=\"165\" alt=\"64946502_2891290810887771_7619692378797899776_o\" title=\"64946502_2891290810887771_7619692378797899776_o\" \/><\/a><\/li><li class=\"isotope-item\"><a class=\"prettyphoto\" href=\"https:\/\/pepperoniteam.pl\/wp-content\/uploads\/2019\/11\/65487115_2893668110650041_2466160385888092160_o.jpg\" data-rel=\"prettyPhoto[rel-9023-897676740]\"><img class=\"\" src=\"https:\/\/pepperoniteam.pl\/wp-content\/uploads\/2019\/11\/65487115_2893668110650041_2466160385888092160_o-165x165.jpg\" width=\"165\" height=\"165\" alt=\"65487115_2893668110650041_2466160385888092160_o\" title=\"65487115_2893668110650041_2466160385888092160_o\" \/><\/a><\/li><li class=\"isotope-item\"><a class=\"prettyphoto\" href=\"https:\/\/pepperoniteam.pl\/wp-content\/uploads\/2020\/05\/roznow444.jpg\" data-rel=\"prettyPhoto[rel-9023-897676740]\"><img class=\"\" src=\"https:\/\/pepperoniteam.pl\/wp-content\/uploads\/2020\/05\/roznow444-165x165.jpg\" width=\"165\" height=\"165\" alt=\"roznow444\" title=\"roznow444\" \/><\/a><\/li><li class=\"isotope-item\"><a class=\"prettyphoto\" href=\"https:\/\/pepperoniteam.pl\/wp-content\/uploads\/2020\/10\/arya.jpg\" data-rel=\"prettyPhoto[rel-9023-897676740]\"><img class=\"\" src=\"https:\/\/pepperoniteam.pl\/wp-content\/uploads\/2020\/10\/arya-165x165.jpg\" width=\"165\" height=\"165\" alt=\"arya\" title=\"arya\" \/><\/a><\/li><li class=\"isotope-item\"><a class=\"prettyphoto\" href=\"https:\/\/pepperoniteam.pl\/wp-content\/uploads\/2021\/10\/244052902_4847230585309728_6361668422649538432_n.jpeg\" data-rel=\"prettyPhoto[rel-9023-897676740]\"><img class=\"\" src=\"https:\/\/pepperoniteam.pl\/wp-content\/uploads\/2021\/10\/244052902_4847230585309728_6361668422649538432_n-165x165.jpeg\" width=\"165\" height=\"165\" alt=\"244052902_4847230585309728_6361668422649538432_n\" title=\"244052902_4847230585309728_6361668422649538432_n\" \/><\/a><\/li><li class=\"isotope-item\"><a class=\"prettyphoto\" href=\"https:\/\/pepperoniteam.pl\/wp-content\/uploads\/2021\/10\/mmWhatsApp-Image-2021-10-24-at-22.08.44.jpg\" data-rel=\"prettyPhoto[rel-9023-897676740]\"><img class=\"\" src=\"https:\/\/pepperoniteam.pl\/wp-content\/uploads\/2021\/10\/mmWhatsApp-Image-2021-10-24-at-22.08.44-165x165.jpg\" width=\"165\" height=\"165\" alt=\"mmWhatsApp Image 2021-10-24 at 22.08.44\" title=\"mmWhatsApp Image 2021-10-24 at 22.08.44\" \/><\/a><\/li><li class=\"isotope-item\"><a class=\"prettyphoto\" href=\"https:\/\/pepperoniteam.pl\/wp-content\/uploads\/2022\/06\/arya.jpg\" data-rel=\"prettyPhoto[rel-9023-897676740]\"><img class=\"\" src=\"https:\/\/pepperoniteam.pl\/wp-content\/uploads\/2022\/06\/arya-165x165.jpg\" width=\"165\" height=\"165\" alt=\"arya\" title=\"arya\" \/><\/a><\/li><li class=\"isotope-item\"><a class=\"prettyphoto\" href=\"https:\/\/pepperoniteam.pl\/wp-content\/uploads\/2022\/06\/arya15.jpeg\" data-rel=\"prettyPhoto[rel-9023-897676740]\"><img class=\"\" src=\"https:\/\/pepperoniteam.pl\/wp-content\/uploads\/2022\/06\/arya15-165x165.jpeg\" width=\"165\" height=\"165\" alt=\"arya15\" title=\"arya15\" \/><\/a><\/li><li class=\"isotope-item\"><a class=\"prettyphoto\" href=\"https:\/\/pepperoniteam.pl\/wp-content\/uploads\/2022\/06\/arya20.jpeg\" data-rel=\"prettyPhoto[rel-9023-897676740]\"><img class=\"\" src=\"https:\/\/pepperoniteam.pl\/wp-content\/uploads\/2022\/06\/arya20-165x165.jpeg\" width=\"165\" height=\"165\" alt=\"arya20\" title=\"arya20\" \/><\/a><\/li><li class=\"isotope-item\"><a class=\"prettyphoto\" href=\"https:\/\/pepperoniteam.pl\/wp-content\/uploads\/2022\/04\/IMG_7590m.jpg\" data-rel=\"prettyPhoto[rel-9023-897676740]\"><img class=\"\" src=\"https:\/\/pepperoniteam.pl\/wp-content\/uploads\/2022\/04\/IMG_7590m-165x165.jpg\" width=\"165\" height=\"165\" alt=\"IMG_7590m\" title=\"IMG_7590m\" \/><\/a><\/li><li class=\"isotope-item\"><a class=\"prettyphoto\" href=\"https:\/\/pepperoniteam.pl\/wp-content\/uploads\/2022\/06\/arya18.jpeg\" data-rel=\"prettyPhoto[rel-9023-897676740]\"><img class=\"\" src=\"https:\/\/pepperoniteam.pl\/wp-content\/uploads\/2022\/06\/arya18-165x165.jpeg\" width=\"165\" height=\"165\" alt=\"arya18\" title=\"arya18\" \/><\/a><\/li><li class=\"isotope-item\"><a class=\"prettyphoto\" href=\"https:\/\/pepperoniteam.pl\/wp-content\/uploads\/2022\/06\/arya19.jpeg\" data-rel=\"prettyPhoto[rel-9023-897676740]\"><img class=\"\" src=\"https:\/\/pepperoniteam.pl\/wp-content\/uploads\/2022\/06\/arya19-165x165.jpeg\" width=\"165\" height=\"165\" alt=\"arya19\" title=\"arya19\" \/><\/a><\/li><li class=\"isotope-item\"><a class=\"prettyphoto\" href=\"https:\/\/pepperoniteam.pl\/wp-content\/uploads\/2022\/06\/aryaas.jpg\" data-rel=\"prettyPhoto[rel-9023-897676740]\"><img class=\"\" src=\"https:\/\/pepperoniteam.pl\/wp-content\/uploads\/2022\/06\/aryaas-165x165.jpg\" width=\"165\" height=\"165\" alt=\"aryaas\" title=\"aryaas\" \/><\/a><\/li><li class=\"isotope-item\"><a class=\"prettyphoto\" href=\"https:\/\/pepperoniteam.pl\/wp-content\/uploads\/2022\/06\/arya14.jpeg\" data-rel=\"prettyPhoto[rel-9023-897676740]\"><img class=\"\" src=\"https:\/\/pepperoniteam.pl\/wp-content\/uploads\/2022\/06\/arya14-165x165.jpeg\" width=\"165\" height=\"165\" alt=\"arya14\" title=\"arya14\" \/><\/a><\/li><li class=\"isotope-item\"><a class=\"prettyphoto\" href=\"https:\/\/pepperoniteam.pl\/wp-content\/uploads\/2022\/06\/arya21s.jpg\" data-rel=\"prettyPhoto[rel-9023-897676740]\"><img class=\"\" src=\"https:\/\/pepperoniteam.pl\/wp-content\/uploads\/2022\/06\/arya21s-165x165.jpg\" width=\"165\" height=\"165\" alt=\"arya21s\" title=\"arya21s\" \/><\/a><\/li><li class=\"isotope-item\"><a class=\"prettyphoto\" href=\"https:\/\/pepperoniteam.pl\/wp-content\/uploads\/2022\/06\/arya12.jpeg\" data-rel=\"prettyPhoto[rel-9023-897676740]\"><img class=\"\" src=\"https:\/\/pepperoniteam.pl\/wp-content\/uploads\/2022\/06\/arya12-165x165.jpeg\" width=\"165\" height=\"165\" alt=\"arya12\" title=\"arya12\" \/><\/a><\/li><li class=\"isotope-item\"><a class=\"prettyphoto\" href=\"https:\/\/pepperoniteam.pl\/wp-content\/uploads\/2022\/06\/arya04.jpg\" data-rel=\"prettyPhoto[rel-9023-897676740]\"><img class=\"\" src=\"https:\/\/pepperoniteam.pl\/wp-content\/uploads\/2022\/06\/arya04-165x165.jpg\" width=\"165\" height=\"165\" alt=\"arya04\" title=\"arya04\" \/><\/a><\/li><li class=\"isotope-item\"><a class=\"prettyphoto\" href=\"https:\/\/pepperoniteam.pl\/wp-content\/uploads\/2022\/02\/karyam.jpg\" data-rel=\"prettyPhoto[rel-9023-897676740]\"><img class=\"\" src=\"https:\/\/pepperoniteam.pl\/wp-content\/uploads\/2022\/02\/karyam-165x165.jpg\" width=\"165\" height=\"165\" alt=\"karyam\" title=\"karyam\" \/><\/a><\/li><li class=\"isotope-item\"><a class=\"prettyphoto\" href=\"https:\/\/pepperoniteam.pl\/wp-content\/uploads\/2022\/06\/arya1.jpg\" data-rel=\"prettyPhoto[rel-9023-897676740]\"><img class=\"\" src=\"https:\/\/pepperoniteam.pl\/wp-content\/uploads\/2022\/06\/arya1-165x165.jpg\" width=\"165\" height=\"165\" alt=\"arya1\" title=\"arya1\" \/><\/a><\/li><\/ul><\/div><\/div><\/div>\n\t<div class=\"wpb_text_column wpb_content_element\" >\n\t\t<div class=\"wpb_wrapper\">\n\t\t\t<p style=\"text-align: center;\"><a href=\"https:\/\/www.facebook.com\/media\/set?vanity=pepperoniteam&amp;set=a.2873555105994675\"><span style=\"color: #808080;\"><strong>More photos<\/strong><\/span><\/a>\u00a0<i class=\"fa fa-facebook-square\" ><\/i><\/p>\n\n\t\t<\/div>\n\t<\/div>\n<\/div><\/div><\/div><\/div>","protected":false},"excerpt":{"rendered":"Arya Pepperoni Team W\u0142a\u015bciciel: Marek Duc (Lovely Beast) Ur. 07.05.2019 Rodow\u00f3d (Erd\u00f5gy\u00f6ngye Vad\u00e0sz Alfred x Bell Pepperoni Team) Champion Polski<a class=\"article-read-more\" href=\"https:\/\/pepperoniteam.pl\/en\/arya\/\"><i class=\"worldblogicon fa-angle-double-right\"><\/i><\/a>","protected":false},"author":2,"featured_media":0,"parent":0,"menu_order":0,"comment_status":"closed","ping_status":"closed","template":"","meta":[],"wps_subtitle":"","_links":{"self":[{"href":"https:\/\/pepperoniteam.pl\/en\/wp-json\/wp\/v2\/pages\/9023"}],"collection":[{"href":"https:\/\/pepperoniteam.pl\/en\/wp-json\/wp\/v2\/pages"}],"about":[{"href":"https:\/\/pepperoniteam.pl\/en\/wp-json\/wp\/v2\/types\/page"}],"author":[{"embeddable":true,"href":"https:\/\/pepperoniteam.pl\/en\/wp-json\/wp\/v2\/users\/2"}],"replies":[{"embeddable":true,"href":"https:\/\/pepperoniteam.pl\/en\/wp-json\/wp\/v2\/comments?post=9023"}],"version-history":[{"count":0,"href":"https:\/\/pepperoniteam.pl\/en\/wp-json\/wp\/v2\/pages\/9023\/revisions"}],"wp:attachment":[{"href":"https:\/\/pepperoniteam.pl\/en\/wp-json\/wp\/v2\/media?parent=9023"}],"curies":[{"name":"wp","href":"https:\/\/api.w.org\/{rel}","templated":true}]}}