{"id":9215,"date":"2022-09-14T09:48:55","date_gmt":"2022-09-14T07:48:55","guid":{"rendered":"http:\/\/pepperoniteam.pl\/?page_id=9215"},"modified":"2026-04-22T15:52:59","modified_gmt":"2026-04-22T13:52:59","slug":"amber","status":"publish","type":"page","link":"https:\/\/pepperoniteam.pl\/en\/amber\/","title":{"rendered":"Amber"},"content":{"rendered":"<div class=\"vc_row wpb_row vc_row-fluid\"><div class=\"wpb_column vc_column_container vc_col-sm-12\"><div class=\"vc_column-inner\"><div class=\"wpb_wrapper\">\n\t<div class=\"wpb_text_column wpb_content_element  wpb_animate_when_almost_visible wpb_fadeInDown fadeInDown vc_custom_1546170713483 special1\" >\n\t\t<div class=\"wpb_wrapper\">\n\t\t\t<h1>Amber Pepperoni Team<\/h1>\n\n\t\t<\/div>\n\t<\/div>\n\n\t<div class=\"wpb_text_column wpb_content_element\" >\n\t\t<div class=\"wpb_wrapper\">\n\t\t\t<p><i class=\"fa fa-female\" ><\/i> W\u0142a\u015bciciel: Ma\u0142gorzata Janiec i Ma\u0142gorzata Bronowska<\/p>\n<p><i class=\"fa fa-calendar\" ><\/i> Ur. 07.05.2019<br \/>\n<i class=\"fa fa-id-card-o\" ><\/i> <span style=\"color: #808080;\"><a style=\"color: #808080;\" href=\"https:\/\/www.vizsladatabase.com\/details.php?id=303439\">Pedigree<\/a><\/span><\/p>\n<p>(Erd\u00f5gy\u00f6ngye Vad\u00e0sz Alfred x Bell Pepperoni Team)<\/p>\n\n\t\t<\/div>\n\t<\/div>\n<\/div><\/div><\/div><\/div><div class=\"vc_row wpb_row vc_row-fluid\"><div class=\"wpb_column vc_column_container vc_col-sm-12\"><div class=\"vc_column-inner\"><div class=\"wpb_wrapper\">\n\t<div  class=\"wpb_single_image wpb_content_element vc_align_left  wpb_animate_when_almost_visible wpb_rotateInUpLeft rotateInUpLeft\">\n\t\t\n\t\t<figure class=\"wpb_wrapper vc_figure\">\n\t\t\t<a data-rel=\"prettyPhoto[rel-9215-1994478696]\" href=\"https:\/\/pepperoniteam.pl\/wp-content\/uploads\/2022\/09\/amberrr1s.jpg\" target=\"_self\" class=\"vc_single_image-wrapper vc_box_border  vc_box_border_grey prettyphoto\"><img class=\"vc_single_image-img\" src=\"https:\/\/pepperoniteam.pl\/wp-content\/uploads\/2022\/09\/amberrr1s-450x300.jpg\" width=\"450\" height=\"300\" alt=\"amberrr1s\" title=\"amberrr1s\" \/><\/a>\n\t\t<\/figure>\n\t<\/div>\n<\/div><\/div><\/div><\/div><div class=\"vc_row wpb_row vc_row-fluid\"><div class=\"wpb_column vc_column_container vc_col-sm-12\"><div class=\"vc_column-inner\"><div class=\"wpb_wrapper\">\n\t<div class=\"wpb_text_column wpb_content_element\" >\n\t\t<div class=\"wpb_wrapper\">\n\t\t\t<p style=\"text-align: left;\"><i class=\"fa fa-trophy\" ><\/i>\u00a0<b>Champion of Poland<br \/>\n<\/b><\/p>\n<p><strong>Shows<br \/>\n<\/strong>11 x CAC<br \/>\n3 x Best Bitch<br \/>\n4 x resCACIB<br \/>\n2 x Najlepsze Szczeni\u0119<\/p>\n<p><strong>Working<br \/>\n<\/strong>Hunting Test - I degree diploma<br \/>\nKrajowe Field Trial &#8211; good<\/p>\n<p><strong>Health<br \/>\n<\/strong>HD &#8211; A; ED 0<br \/>\neyes clear (with certificate)<br \/>\nheart clear (with certificate)<br \/>\nL\/L (free of long hair gene)<\/p>\n\n\t\t<\/div>\n\t<\/div>\n<\/div><\/div><\/div><\/div><div class=\"vc_row wpb_row vc_row-fluid\"><div class=\"wpb_column vc_column_container vc_col-sm-12\"><div class=\"vc_column-inner\"><div class=\"wpb_wrapper\"><div class=\"wpb_gallery wpb_content_element vc_clearfix\" ><div class=\"wpb_wrapper\"><div class=\"wpb_gallery_slides wpb_image_grid\" data-interval=\"3\"><ul class=\"wpb_image_grid_ul\"><li class=\"isotope-item\"><a class=\"prettyphoto\" href=\"https:\/\/pepperoniteam.pl\/wp-content\/uploads\/2019\/11\/65311811_2891027677580751_4295255123233341440_o.jpg\" data-rel=\"prettyPhoto[rel-9215-1866911455]\"><img class=\"\" src=\"https:\/\/pepperoniteam.pl\/wp-content\/uploads\/2019\/11\/65311811_2891027677580751_4295255123233341440_o-165x165.jpg\" width=\"165\" height=\"165\" alt=\"65311811_2891027677580751_4295255123233341440_o\" title=\"65311811_2891027677580751_4295255123233341440_o\" \/><\/a><\/li><li class=\"isotope-item\"><a class=\"prettyphoto\" href=\"https:\/\/pepperoniteam.pl\/wp-content\/uploads\/2019\/11\/65117349_2892904194059766_8740405223572373504_o.jpg\" data-rel=\"prettyPhoto[rel-9215-1866911455]\"><img class=\"\" src=\"https:\/\/pepperoniteam.pl\/wp-content\/uploads\/2019\/11\/65117349_2892904194059766_8740405223572373504_o-165x165.jpg\" width=\"165\" height=\"165\" alt=\"65117349_2892904194059766_8740405223572373504_o\" title=\"65117349_2892904194059766_8740405223572373504_o\" \/><\/a><\/li><\/ul><\/div><\/div><\/div>\n\t<div class=\"wpb_text_column wpb_content_element\" >\n\t\t<div class=\"wpb_wrapper\">\n\t\t\t<p style=\"text-align: center;\"><a href=\"https:\/\/www.facebook.com\/media\/set\/?set=a.2873811105969075&amp;type=3\"><span style=\"color: #808080;\"><strong>More photos<\/strong><\/span><\/a>\u00a0<i class=\"fa fa-facebook-square\" ><\/i><\/p>\n\n\t\t<\/div>\n\t<\/div>\n<\/div><\/div><\/div><\/div>","protected":false},"excerpt":{"rendered":"Amber Pepperoni Team W\u0142a\u015bciciel: Ma\u0142gorzata Janiec i Ma\u0142gorzata Bronowska Ur. 07.05.2019 Rodow\u00f3d (Erd\u00f5gy\u00f6ngye Vad\u00e0sz Alfred x Bell Pepperoni Team) \u00a0Champion<a class=\"article-read-more\" href=\"https:\/\/pepperoniteam.pl\/en\/amber\/\"><i class=\"worldblogicon fa-angle-double-right\"><\/i><\/a>","protected":false},"author":2,"featured_media":0,"parent":0,"menu_order":0,"comment_status":"closed","ping_status":"closed","template":"","meta":[],"wps_subtitle":"","_links":{"self":[{"href":"https:\/\/pepperoniteam.pl\/en\/wp-json\/wp\/v2\/pages\/9215"}],"collection":[{"href":"https:\/\/pepperoniteam.pl\/en\/wp-json\/wp\/v2\/pages"}],"about":[{"href":"https:\/\/pepperoniteam.pl\/en\/wp-json\/wp\/v2\/types\/page"}],"author":[{"embeddable":true,"href":"https:\/\/pepperoniteam.pl\/en\/wp-json\/wp\/v2\/users\/2"}],"replies":[{"embeddable":true,"href":"https:\/\/pepperoniteam.pl\/en\/wp-json\/wp\/v2\/comments?post=9215"}],"version-history":[{"count":0,"href":"https:\/\/pepperoniteam.pl\/en\/wp-json\/wp\/v2\/pages\/9215\/revisions"}],"wp:attachment":[{"href":"https:\/\/pepperoniteam.pl\/en\/wp-json\/wp\/v2\/media?parent=9215"}],"curies":[{"name":"wp","href":"https:\/\/api.w.org\/{rel}","templated":true}]}}