{"id":9417,"date":"2023-02-22T22:11:08","date_gmt":"2023-02-22T21:11:08","guid":{"rendered":"http:\/\/pepperoniteam.pl\/?page_id=9417"},"modified":"2023-03-08T23:11:22","modified_gmt":"2023-03-08T22:11:22","slug":"frida","status":"publish","type":"page","link":"https:\/\/pepperoniteam.pl\/en\/frida\/","title":{"rendered":"Frida"},"content":{"rendered":"<div class=\"vc_row wpb_row vc_row-fluid\"><div class=\"wpb_column vc_column_container vc_col-sm-12\"><div class=\"vc_column-inner\"><div class=\"wpb_wrapper\">\n\t<div class=\"wpb_text_column wpb_content_element  wpb_animate_when_almost_visible wpb_fadeInDown fadeInDown vc_custom_1546170713483 special1\" >\n\t\t<div class=\"wpb_wrapper\">\n\t\t\t<h1>Frida Pepperoni Team<\/h1>\n\n\t\t<\/div>\n\t<\/div>\n\n\t<div class=\"wpb_text_column wpb_content_element\" >\n\t\t<div class=\"wpb_wrapper\">\n\t\t\t<p><i class=\"fa fa-female\" ><\/i> W\u0142a\u015bciciel: Ma\u0142gorzata Janiec I Piotr Kiecze\u0144<\/p>\n<p><i class=\"fa fa-calendar\" ><\/i> Ur. 04.02.2020<br \/>\n<i class=\"fa fa-id-card-o\" ><\/i> <span style=\"color: #808080;\"><a style=\"color: #808080;\" href=\"https:\/\/www.vizsladatabase.com\/details.php?id=374348\">Pedigree<\/a><\/span><\/p>\n<p>(Antaresi-L\u00e1ng Mer\u00e9sz x Dee Dee Pepperoni Team)<\/p>\n\n\t\t<\/div>\n\t<\/div>\n<\/div><\/div><\/div><\/div><div class=\"vc_row wpb_row vc_row-fluid\"><div class=\"wpb_column vc_column_container vc_col-sm-12\"><div class=\"vc_column-inner\"><div class=\"wpb_wrapper\">\n\t<div  class=\"wpb_single_image wpb_content_element vc_align_left  wpb_animate_when_almost_visible wpb_rotateInUpLeft rotateInUpLeft\">\n\t\t\n\t\t<figure class=\"wpb_wrapper vc_figure\">\n\t\t\t<a data-rel=\"prettyPhoto[rel-9417-1923836621]\" href=\"https:\/\/pepperoniteam.pl\/wp-content\/uploads\/2023\/03\/frytka1.jpg\" target=\"_self\" class=\"vc_single_image-wrapper vc_box_border  vc_box_border_grey prettyphoto\"><img class=\"vc_single_image-img\" src=\"https:\/\/pepperoniteam.pl\/wp-content\/uploads\/2023\/03\/frytka1-450x300.jpg\" width=\"450\" height=\"300\" alt=\"frytka1\" title=\"frytka1\" \/><\/a>\n\t\t<\/figure>\n\t<\/div>\n<\/div><\/div><\/div><\/div><div class=\"vc_row wpb_row vc_row-fluid\"><div class=\"wpb_column vc_column_container vc_col-sm-12\"><div class=\"vc_column-inner\"><div class=\"wpb_wrapper\">\n\t<div class=\"wpb_text_column wpb_content_element\" >\n\t\t<div class=\"wpb_wrapper\">\n\t\t\t<p><strong>Working<br \/>\n<\/strong>Hunting Test - I degree diploma<br \/>\nKonkurs Polny &#8211; dyplom III stopnia, 4 lokata!<\/p>\n<p><strong>Health<br \/>\n<\/strong>HD &#8211; A; ED 0<br \/>\nL\/L (free of long hair gene)<\/p>\n\n\t\t<\/div>\n\t<\/div>\n<\/div><\/div><\/div><\/div><div class=\"vc_row wpb_row vc_row-fluid\"><div class=\"wpb_column vc_column_container vc_col-sm-12\"><div class=\"vc_column-inner\"><div class=\"wpb_wrapper\"><div class=\"wpb_gallery wpb_content_element vc_clearfix\" ><div class=\"wpb_wrapper\"><div class=\"wpb_gallery_slides wpb_image_grid\" data-interval=\"3\"><ul class=\"wpb_image_grid_ul\"><li class=\"isotope-item\"><a class=\"prettyphoto\" href=\"https:\/\/pepperoniteam.pl\/wp-content\/uploads\/2020\/05\/88141755_664374334366988_2763325290447896576_n.jpg\" data-rel=\"prettyPhoto[rel-9417-780016330]\"><img class=\"\" src=\"https:\/\/pepperoniteam.pl\/wp-content\/uploads\/2020\/05\/88141755_664374334366988_2763325290447896576_n-165x165.jpg\" width=\"165\" height=\"165\" alt=\"88141755_664374334366988_2763325290447896576_n\" title=\"88141755_664374334366988_2763325290447896576_n\" \/><\/a><\/li><li class=\"isotope-item\"><a class=\"prettyphoto\" href=\"https:\/\/pepperoniteam.pl\/wp-content\/uploads\/2020\/03\/cz1.jpg\" data-rel=\"prettyPhoto[rel-9417-780016330]\"><img class=\"\" src=\"https:\/\/pepperoniteam.pl\/wp-content\/uploads\/2020\/03\/cz1-165x165.jpg\" width=\"165\" height=\"165\" alt=\"cz1\" title=\"cz1\" \/><\/a><\/li><li class=\"isotope-item\"><a class=\"prettyphoto\" href=\"https:\/\/pepperoniteam.pl\/wp-content\/uploads\/2021\/10\/frida.jpg\" data-rel=\"prettyPhoto[rel-9417-780016330]\"><img class=\"\" src=\"https:\/\/pepperoniteam.pl\/wp-content\/uploads\/2021\/10\/frida-165x165.jpg\" width=\"165\" height=\"165\" alt=\"frida\" title=\"frida\" \/><\/a><\/li><li class=\"isotope-item\"><a class=\"prettyphoto\" href=\"https:\/\/pepperoniteam.pl\/wp-content\/uploads\/2021\/09\/242016273_4064518426993008_1533704419281000206_n.jpg\" data-rel=\"prettyPhoto[rel-9417-780016330]\"><img class=\"\" src=\"https:\/\/pepperoniteam.pl\/wp-content\/uploads\/2021\/09\/242016273_4064518426993008_1533704419281000206_n-165x165.jpg\" width=\"165\" height=\"165\" alt=\"242016273_4064518426993008_1533704419281000206_n\" title=\"242016273_4064518426993008_1533704419281000206_n\" \/><\/a><\/li><li class=\"isotope-item\"><a class=\"prettyphoto\" href=\"https:\/\/pepperoniteam.pl\/wp-content\/uploads\/2022\/01\/271737250_474756254004285_8452866639464338556_n.jpg\" data-rel=\"prettyPhoto[rel-9417-780016330]\"><img class=\"\" src=\"https:\/\/pepperoniteam.pl\/wp-content\/uploads\/2022\/01\/271737250_474756254004285_8452866639464338556_n-165x165.jpg\" width=\"165\" height=\"165\" alt=\"271737250_474756254004285_8452866639464338556_n\" title=\"271737250_474756254004285_8452866639464338556_n\" \/><\/a><\/li><li class=\"isotope-item\"><a class=\"prettyphoto\" href=\"https:\/\/pepperoniteam.pl\/wp-content\/uploads\/2022\/02\/kfridam.jpg\" data-rel=\"prettyPhoto[rel-9417-780016330]\"><img class=\"\" src=\"https:\/\/pepperoniteam.pl\/wp-content\/uploads\/2022\/02\/kfridam-165x165.jpg\" width=\"165\" height=\"165\" alt=\"kfridam\" title=\"kfridam\" \/><\/a><\/li><li class=\"isotope-item\"><a class=\"prettyphoto\" href=\"https:\/\/pepperoniteam.pl\/wp-content\/uploads\/2022\/03\/fr250844439_977211969675315_1429989846889062149_n.jpg\" data-rel=\"prettyPhoto[rel-9417-780016330]\"><img class=\"\" src=\"https:\/\/pepperoniteam.pl\/wp-content\/uploads\/2022\/03\/fr250844439_977211969675315_1429989846889062149_n-165x165.jpg\" width=\"165\" height=\"165\" alt=\"fr250844439_977211969675315_1429989846889062149_n\" title=\"fr250844439_977211969675315_1429989846889062149_n\" \/><\/a><\/li><li class=\"isotope-item\"><a class=\"prettyphoto\" href=\"https:\/\/pepperoniteam.pl\/wp-content\/uploads\/2022\/06\/frida1.jpg\" data-rel=\"prettyPhoto[rel-9417-780016330]\"><img class=\"\" src=\"https:\/\/pepperoniteam.pl\/wp-content\/uploads\/2022\/06\/frida1-165x165.jpg\" width=\"165\" height=\"165\" alt=\"frida1\" title=\"frida1\" \/><\/a><\/li><li class=\"isotope-item\"><a class=\"prettyphoto\" href=\"https:\/\/pepperoniteam.pl\/wp-content\/uploads\/2022\/06\/frida01.jpg\" data-rel=\"prettyPhoto[rel-9417-780016330]\"><img class=\"\" src=\"https:\/\/pepperoniteam.pl\/wp-content\/uploads\/2022\/06\/frida01-165x165.jpg\" width=\"165\" height=\"165\" alt=\"frida01\" title=\"frida01\" \/><\/a><\/li><li class=\"isotope-item\"><a class=\"prettyphoto\" href=\"https:\/\/pepperoniteam.pl\/wp-content\/uploads\/2022\/10\/frida-683x1024.jpeg\" data-rel=\"prettyPhoto[rel-9417-780016330]\"><img class=\"\" src=\"https:\/\/pepperoniteam.pl\/wp-content\/uploads\/2022\/10\/frida-165x165.jpeg\" width=\"165\" height=\"165\" alt=\"frida\" title=\"frida\" \/><\/a><\/li><li class=\"isotope-item\"><a class=\"prettyphoto\" href=\"https:\/\/pepperoniteam.pl\/wp-content\/uploads\/2022\/10\/fridka.jpeg\" data-rel=\"prettyPhoto[rel-9417-780016330]\"><img class=\"\" src=\"https:\/\/pepperoniteam.pl\/wp-content\/uploads\/2022\/10\/fridka-165x165.jpeg\" width=\"165\" height=\"165\" alt=\"fridka\" title=\"fridka\" \/><\/a><\/li><\/ul><\/div><\/div><\/div>\n\t<div class=\"wpb_text_column wpb_content_element\" >\n\t\t<div class=\"wpb_wrapper\">\n\t\t\t<p style=\"text-align: center;\"><a href=\"https:\/\/www.facebook.com\/media\/set\/?set=a.3512695022080677&amp;type=3\"><span style=\"color: #808080;\"><strong>More photos<\/strong><\/span><\/a>\u00a0<i class=\"fa fa-facebook-square\" ><\/i><\/p>\n\n\t\t<\/div>\n\t<\/div>\n<\/div><\/div><\/div><\/div>","protected":false},"excerpt":{"rendered":"Frida Pepperoni Team W\u0142a\u015bciciel: Ma\u0142gorzata Janiec I Piotr Kiecze\u0144 Ur. 04.02.2020 Rodow\u00f3d (Antaresi-L\u00e1ng Mer\u00e9sz x Dee Dee Pepperoni Team) Osi\u0105gni\u0119cia<a class=\"article-read-more\" href=\"https:\/\/pepperoniteam.pl\/en\/frida\/\"><i class=\"worldblogicon fa-angle-double-right\"><\/i><\/a>","protected":false},"author":2,"featured_media":0,"parent":0,"menu_order":0,"comment_status":"closed","ping_status":"closed","template":"","meta":[],"wps_subtitle":"","_links":{"self":[{"href":"https:\/\/pepperoniteam.pl\/en\/wp-json\/wp\/v2\/pages\/9417"}],"collection":[{"href":"https:\/\/pepperoniteam.pl\/en\/wp-json\/wp\/v2\/pages"}],"about":[{"href":"https:\/\/pepperoniteam.pl\/en\/wp-json\/wp\/v2\/types\/page"}],"author":[{"embeddable":true,"href":"https:\/\/pepperoniteam.pl\/en\/wp-json\/wp\/v2\/users\/2"}],"replies":[{"embeddable":true,"href":"https:\/\/pepperoniteam.pl\/en\/wp-json\/wp\/v2\/comments?post=9417"}],"version-history":[{"count":0,"href":"https:\/\/pepperoniteam.pl\/en\/wp-json\/wp\/v2\/pages\/9417\/revisions"}],"wp:attachment":[{"href":"https:\/\/pepperoniteam.pl\/en\/wp-json\/wp\/v2\/media?parent=9417"}],"curies":[{"name":"wp","href":"https:\/\/api.w.org\/{rel}","templated":true}]}}