{"id":9543,"date":"2023-08-08T21:55:52","date_gmt":"2023-08-08T19:55:52","guid":{"rendered":"http:\/\/pepperoniteam.pl\/?page_id=9543"},"modified":"2026-04-25T19:54:48","modified_gmt":"2026-04-25T17:54:48","slug":"watson","status":"publish","type":"page","link":"https:\/\/pepperoniteam.pl\/en\/watson\/","title":{"rendered":"Watson"},"content":{"rendered":"<div class=\"vc_row wpb_row vc_row-fluid\"><div class=\"wpb_column vc_column_container vc_col-sm-12\"><div class=\"vc_column-inner\"><div class=\"wpb_wrapper\">\n\t<div class=\"wpb_text_column wpb_content_element  wpb_animate_when_almost_visible wpb_fadeInDown fadeInDown vc_custom_1546170713483 special1\" >\n\t\t<div class=\"wpb_wrapper\">\n\t\t\t<h1>Watson Moon Eyes &#8220;Zmora&#8221;<\/h1>\n\n\t\t<\/div>\n\t<\/div>\n\n\t<div class=\"wpb_text_column wpb_content_element\" >\n\t\t<div class=\"wpb_wrapper\">\n\t\t\t<p><i class=\"fa fa-calendar\" ><\/i> Ur. 01.07.2022<\/p>\n<p>( IntCh. Nok Moon Eyes x IntCh. Selene Moon Eyes )<\/p>\n\n\t\t<\/div>\n\t<\/div>\n<\/div><\/div><\/div><\/div><div class=\"vc_row wpb_row vc_row-fluid\"><div class=\"wpb_column vc_column_container vc_col-sm-12\"><div class=\"vc_column-inner\"><div class=\"wpb_wrapper\">\n\t<div  class=\"wpb_single_image wpb_content_element vc_align_left  wpb_animate_when_almost_visible wpb_rotateInUpLeft rotateInUpLeft\">\n\t\t\n\t\t<figure class=\"wpb_wrapper vc_figure\">\n\t\t\t<a data-rel=\"prettyPhoto[rel-9543-1023819580]\" href=\"https:\/\/pepperoniteam.pl\/wp-content\/uploads\/2025\/08\/zmorka3.jpg\" target=\"_self\" class=\"vc_single_image-wrapper vc_box_border  vc_box_border_grey prettyphoto\"><img class=\"vc_single_image-img\" src=\"https:\/\/pepperoniteam.pl\/wp-content\/uploads\/2025\/08\/zmorka3-450x300.jpg\" width=\"450\" height=\"300\" alt=\"zmorka3\" title=\"zmorka3\" \/><\/a>\n\t\t<\/figure>\n\t<\/div>\n<\/div><\/div><\/div><\/div><div class=\"vc_row wpb_row vc_row-fluid\"><div class=\"wpb_column vc_column_container vc_col-sm-12\"><div class=\"vc_column-inner\"><div class=\"wpb_wrapper\">\n\t<div class=\"wpb_text_column wpb_content_element\" >\n\t\t<div class=\"wpb_wrapper\">\n\t\t\t<p style=\"text-align: left;\"><strong><i class=\"fa fa-trophy\" ><\/i> CHAMPION PRACY FIELD TRIAL<br \/>\n<i class=\"fa fa-trophy\" ><\/i> POLNY CHAMPION PRACY\u00a0<\/strong><strong><br \/>\n<\/strong><\/p>\n<p style=\"text-align: left;\"><b><i class=\"fa fa-trophy\" ><\/i> Junior Champion of Poland<br \/>\n<i class=\"fa fa-trophy\" ><\/i> Champion of Poland<br \/>\n<\/b><\/p>\n<p><span style=\"font-size: 10pt;\"><b><em>Zwyci\u0119zca Rankingu Klubu Wy\u017c\u0142\u00f3w ZKwP za rok 2025 w kategorii &#8220;Konkurs Wielostronny&#8221;<\/em><br \/>\n<em>Zwyci\u0119zca Rankingu Klubu Wy\u017c\u0142\u00f3w ZKwP za rok 2025 w kategorii &#8220;Konkurs Polny&#8221;<\/em><\/b><\/span><\/p>\n<p><strong>Shows<br \/>\n<\/strong>4 x CAC<br \/>\nresCACIB<br \/>\n2 x BOS<br \/>\n2 x Junior CACIB<br \/>\n3 x jCAC<br \/>\n2 x Best Puppy<\/p>\n<p><strong>Working<br \/>\n2023<br \/>\n<\/strong>\u2022\u00a0 Zkou\u0161ky Vloh; Karvina (CZ) &#8211; dyplom \ud835\udc08 stopnia, 210\/228 punkt\u00f3w<strong><br \/>\n<\/strong>\u2022\u00a0 Testy Hodowlane Wy\u017c\u0142\u00f3w; Wroc\u0142aw &#8211; <strong>1\/30<\/strong> lokata, dyplom \ud835\udc08 stopnia, 100\/100 punkt\u00f3w, <strong>Zwyci\u0119zca<\/strong>!<br \/>\n\u2022\u00a0 Krajowy Field Trial; Sandomierz &#8211; <strong>2<\/strong> lokata, Very Good, dyplom \ud835\udc08\ud835\udc08 stopnia, 15 punkt\u00f3w!<br \/>\n\u2022\u00a0 Krajowy Field Trial; Krosno &#8211; <strong>3<\/strong> lokata, Excellent, dyplom \ud835\udc08 stopnia, 16 punkt\u00f3w!<br \/>\n<strong>2024<\/strong><br \/>\n\u2022\u00a0 Krajowy Field Trial; Jelenia G\u00f3ra &#8211; <strong>1<\/strong> lokata, Excellent, 16 punkt\u00f3w, <strong>Zwyci\u0119zca<\/strong>!<br \/>\n\u2022\u00a0 Krajowy Field Trial; Jelenia G\u00f3ra &#8211; <strong>2<\/strong> place <strong>rCACT<\/strong>, Excellent, 16 punkt\u00f3w!<br \/>\n\u2022\u00a0 Krajowy Field Trial; Sarn\u00f3w &#8211; <strong>1<\/strong> place <strong>CACT<\/strong>, Excellent, 20 punkt\u00f3w, Zwyci\u0119stwo w\u015br\u00f3d wy\u017c\u0142\u00f3w kontynentalnych, \ud835\udfcf\/\ud835\udfd0\ud835\udfd6 w klasyfikacji generalnej, <strong>Zwyci\u0119zca<\/strong>!<br \/>\n\u2022\u00a0 Zkou\u0161ky z Vodni Prace &#8220;Puhar Severu 2024&#8221; (CZ) &#8211; dyplom \ud835\udc08\ud835\udc08 stopnia, 86\/100 punkt\u00f3w<br \/>\n\u2022\u00a0 Zkou\u0161ky Vloh &#8220;Puhar Severu 2024&#8221; (CZ) &#8211; dyplom \ud835\udc08 stopnia, 219\/228 punkt\u00f3w<br \/>\n\u2022\u00a0 Krajowy Cz\u0105stkowy Konkurs Pracy Wy\u017c\u0142\u00f3w w Polu; Stara Korytnica\u00a0\u00a0&#8211; \ud835\udfd0\/\ud835\udfd0\ud835\udfd2 lokata, dyplom \ud835\udc08 stopnia, <strong>rCACT<\/strong>!!!<br \/>\n\u2022\u00a0 I Krajowy Field Trial; Lipka &#8211; <strong>1\/8<\/strong> place <strong>CACT<\/strong>, 19 punkt\u00f3w, Excellent, \ud835\udfcf\/\ud835\udfd0\ud835\udfd0 w klasyfikacji generalnej, <strong>Zwyci\u0119zca<\/strong>!<br \/>\n\u2022\u00a0 II Krajowy Field Trial; Lipka &#8211; <strong>1\/7<\/strong> place <strong>CACT<\/strong>, 16 punkt\u00f3w, Excellent, \ud835\udfcf\/\ud835\udfd0\ud835\udfcf w klasyfikacji generalnej, <strong>Zwyci\u0119zca<\/strong>!<br \/>\n<strong>\u00a0 \u00a0 &#8220;Najlepszy Wy\u017ce\u0142 I i II Krajowych Field Trials dla Wy\u017c\u0142\u00f3w Kontynentalnych i Brytyjskich&#8221;!<br \/>\n<\/strong>\u2022\u00a0 I Mi\u0119dzynarodowy Field Trial; Lipka &#8211; <strong>CQN<br \/>\n<\/strong>\u2022\u00a0 IV Mi\u0119dzynarodowy Konkurs Wy\u017c\u0142\u00f3w w klasie wielostronnej &#8220;Puchar Ziemi Lubelskiej&#8221;; Opole Lubelskie &#8211; dyplom \ud835\udc08\ud835\udc08\ud835\udc08 stopnia, 221\/260 punkt\u00f3w<br \/>\n\u2022\u00a0 Krajowy Konkurs Wy\u017c\u0142\u00f3w w klasie wielostronnej; I\u0142\u017ca &#8211; 216\/260 punkt\u00f3w<br \/>\n<strong>2025<\/strong><br \/>\n\u2022\u00a0 Mi\u0119dzynarodowy Field Trial; Grad\u00f3w &#8211; <strong>3\/8<\/strong> lokata, Good<br \/>\n\u2022\u00a0 Krajowy Field Trial; Grad\u00f3w &#8211; <strong>1\/11<\/strong> lokata, Very Good, <strong>Zwyci\u0119zca<\/strong>!<br \/>\n\u2022\u00a0 I Krajowy Cz\u0105stkowy Konkurs Pracy Wy\u017c\u0142\u00f3w w Polu; Kobylno &#8211; \ud835\udfcf\/\ud835\udfcf\ud835\udfd7 lokata, dyplom \ud835\udc08 stopnia, 221\/224 punkty, <strong>CACT<\/strong>, &#8220;\ud835\udc0d\ud835\udc1a\ud835\udc23\ud835\udc25\ud835\udc1e\ud835\udc29\ud835\udc2c\ud835\udc33\ud835\udc1e \ud835\udc03\ud835\udc2e\u017c\ud835\udc1e \ud835\udc0f\ud835\udc28\ud835\udc25\ud835\udc1e&#8221;, <strong>Zwyci\u0119zca<\/strong>!<br \/>\n\u2022\u00a0 II Krajowy Cz\u0105stkowy Konkurs Pracy Wy\u017c\u0142\u00f3w w Polu; Kobylno &#8211; \ud835\udfcf\/<strong>12<\/strong><b> <\/b>lokata, dyplom \ud835\udc08 stopnia, 220\/224 punkty, <strong>CACT, <\/strong><strong>Zwyci\u0119zca<\/strong>!<br \/>\n\u2022\u00a0 I Mi\u0119dzynarodowy Wielostronny Konkurs Pracy Wy\u017c\u0142\u00f3w Kontynentalnych; Stara Korytnica &#8211; <strong>4<\/strong>\/<strong>12<\/strong><b> <\/b>lokata, dyplom \ud835\udc08 stopnia, 246\/260 punkty!<br \/>\n\u2022\u00a0 II Krajowy Cz\u0105stkowy Konkurs Pracy Wy\u017c\u0142\u00f3w w Polu; Stara Korytnica &#8211; \ud835\udfcf\/\ud835\udfcf\ud835\udfcf lokata, dyplom \ud835\udc08 stopnia, 204\/224 punkty, <strong>CACT, <\/strong><strong>Zwyci\u0119zca<\/strong>!<br \/>\n\u2022\u00a0 II Mi\u0119dzynarodowy Field Trial dla Wy\u017c\u0142\u00f3w Kontynentalnych; Lipka &#8211; <strong>1\/7<\/strong>\u00a0lokata, 20 punkt\u00f3w, Excellent, <strong>CACT<\/strong>, <strong>RCACIT<\/strong>!<br \/>\n\u2022\u00a0 III Mi\u0119dzynarodowy Field Trial dla Wy\u017c\u0142\u00f3w Kontynentalnych; Lipka &#8211; <strong>1\/6<\/strong>\u00a0lokata, 20 punkt\u00f3w, Excellent, <strong>CACT<\/strong>!<br \/>\n\u2022\u00a0 IV Krajowy Field Trial; Lipka &#8211; <strong>1\/7<\/strong> lokata, 20 punkt\u00f3w, Excellent, <strong>CACT<\/strong>!<br \/>\n<strong>\u00a0 \u00a0 &#8220;Najlepszy Wy\u017ce\u0142 Kontynentalny Dnia&#8221;<br \/>\n<\/strong>\u2022\u00a0 V Mi\u0119dzynarodowy Field Trial dla Wy\u017c\u0142\u00f3w Kontynentalnych; Lipka &#8211; <strong>1\/7<\/strong> lokata, 19 punkt\u00f3w, Excellent, <strong>CACT<\/strong>!<br \/>\n\u2022\u00a0 I Mi\u0119dzynarodowy Wielostronny Konkurs Pracy Wy\u017c\u0142\u00f3w Kontynentalnych; Krogulna &#8211; <strong>2<\/strong>\/<strong>1\ud835\udfd2<\/strong><b>\u00a0<\/b>lokata, dyplom \ud835\udc08 stopnia, 252\/260 punkty, <strong>R<\/strong><strong>CACT<\/strong>, <strong>RCACIT<\/strong>!<br \/>\n\u2022\u00a0 V Mi\u0119dzynarodowy Konkurs Wy\u017c\u0142\u00f3w w klasie wielostronnej &#8220;Puchar Ziemi Lubelskiej&#8221;; Opole Lubelskie &#8211; \ud835\udfd3\/\ud835\udfcf\ud835\udfd0 lokata, dyplom \ud835\udc08\ud835\udc08 stopnia, 250\/260 punkt\u00f3w, &#8220;\ud835\udc0d\ud835\udc1a\ud835\udc23\ud835\udc25\ud835\udc1e\ud835\udc29\ud835\udc2c\ud835\udc33\ud835\udc1e \ud835\udc03\ud835\udc2e\u017c\ud835\udc1e \ud835\udc0f\ud835\udc28\ud835\udc25\ud835\udc1e \ud835\udc22 \ud835\udc0d\ud835\udc1a\ud835\udc23\ud835\udc25\ud835\udc1e\ud835\udc29\ud835\udc2c\ud835\udc33\ud835\udc1a \ud835\udc12\ud835\udc2d\u00f3\ud835\udc23\ud835\udc24\ud835\udc1a&#8221;<\/p>\n<p>&nbsp;<\/p>\n<p>certyfikat u\u017cytkowo\u015bci WCC<br \/>\nworking dog<\/p>\n<p><strong>Health<br \/>\n<\/strong>HD &#8211; A, ED 0, OCD Free<br \/>\nEyes Clear<\/p>\n<p style=\"text-align: center;\"><span style=\"font-size: 14pt;\"><a href=\"https:\/\/www.facebook.com\/media\/set\/?set=a.6166199223396897&amp;type=3\"><span style=\"color: #808080;\"><strong>More photos<\/strong><\/span><\/a><\/span>\u00a0<i class=\"fa fa-facebook-square\" ><\/i><\/p>\n\n\t\t<\/div>\n\t<\/div>\n<\/div><\/div><\/div><\/div><div class=\"vc_row wpb_row vc_row-fluid\"><div class=\"wpb_column vc_column_container vc_col-sm-12\"><div class=\"vc_column-inner\"><div class=\"wpb_wrapper\"><div class=\"wpb_gallery wpb_content_element vc_clearfix\" ><div class=\"wpb_wrapper\"><div class=\"wpb_gallery_slides wpb_image_grid\" data-interval=\"3\"><ul class=\"wpb_image_grid_ul\"><li class=\"isotope-item\"><a class=\"prettyphoto\" href=\"https:\/\/pepperoniteam.pl\/wp-content\/uploads\/2025\/03\/rodowodzmorajpg-1024x724.jpg\" data-rel=\"prettyPhoto[rel-9543-2091692844]\"><img class=\"\" src=\"https:\/\/pepperoniteam.pl\/wp-content\/uploads\/2025\/03\/rodowodzmorajpg-300x300.jpg\" width=\"300\" height=\"300\" alt=\"rodow\u00f3dzmorajpg\" title=\"rodow\u00f3dzmorajpg\" \/><\/a><\/li><li class=\"isotope-item\"><a class=\"prettyphoto\" href=\"https:\/\/pepperoniteam.pl\/wp-content\/uploads\/2023\/12\/Zrzut-ekranu-2023-11-15-141017-726x1024.jpg\" data-rel=\"prettyPhoto[rel-9543-2091692844]\"><img class=\"\" src=\"https:\/\/pepperoniteam.pl\/wp-content\/uploads\/2023\/12\/Zrzut-ekranu-2023-11-15-141017-300x300.jpg\" width=\"300\" height=\"300\" alt=\"Zrzut ekranu 2023-11-15 141017\" title=\"Zrzut ekranu 2023-11-15 141017\" \/><\/a><\/li><li class=\"isotope-item\"><a class=\"prettyphoto\" href=\"https:\/\/pepperoniteam.pl\/wp-content\/uploads\/2018\/11\/Zrzut-ekranu-2025-03-23-202501-1024x727.png\" data-rel=\"prettyPhoto[rel-9543-2091692844]\"><img class=\"\" src=\"https:\/\/pepperoniteam.pl\/wp-content\/uploads\/2018\/11\/Zrzut-ekranu-2025-03-23-202501-300x300.png\" width=\"300\" height=\"300\" alt=\"Zrzut ekranu 2025-03-23 202501\" title=\"Zrzut ekranu 2025-03-23 202501\" \/><\/a><\/li><li class=\"isotope-item\"><a class=\"prettyphoto\" href=\"https:\/\/pepperoniteam.pl\/wp-content\/uploads\/2025\/03\/championatpracy-888x1024.jpg\" data-rel=\"prettyPhoto[rel-9543-2091692844]\"><img class=\"\" src=\"https:\/\/pepperoniteam.pl\/wp-content\/uploads\/2025\/03\/championatpracy-scaled-300x300.jpg\" width=\"300\" height=\"300\" alt=\"championatpracy\" title=\"championatpracy\" \/><\/a><\/li><li class=\"isotope-item\"><a class=\"prettyphoto\" href=\"https:\/\/pepperoniteam.pl\/wp-content\/uploads\/2025\/10\/championatpolny-2-900x1024.jpg\" data-rel=\"prettyPhoto[rel-9543-2091692844]\"><img class=\"\" src=\"https:\/\/pepperoniteam.pl\/wp-content\/uploads\/2025\/10\/championatpolny-2-scaled-300x300.jpg\" width=\"300\" height=\"300\" alt=\"championatpolny\" title=\"championatpolny\" \/><\/a><\/li><li class=\"isotope-item\"><a class=\"prettyphoto\" href=\"https:\/\/pepperoniteam.pl\/wp-content\/uploads\/2026\/04\/Polny.jpg\" data-rel=\"prettyPhoto[rel-9543-2091692844]\"><img class=\"\" src=\"https:\/\/pepperoniteam.pl\/wp-content\/uploads\/2026\/04\/Polny-300x300.jpg\" width=\"300\" height=\"300\" alt=\"Polny\" title=\"Polny\" \/><\/a><\/li><li class=\"isotope-item\"><a class=\"prettyphoto\" href=\"https:\/\/pepperoniteam.pl\/wp-content\/uploads\/2026\/04\/Wielostronny.jpg\" data-rel=\"prettyPhoto[rel-9543-2091692844]\"><img class=\"\" src=\"https:\/\/pepperoniteam.pl\/wp-content\/uploads\/2026\/04\/Wielostronny-300x300.jpg\" width=\"300\" height=\"300\" alt=\"Wielostronny\" title=\"Wielostronny\" \/><\/a><\/li><\/ul><\/div><\/div><\/div><\/div><\/div><\/div><\/div>","protected":false},"excerpt":{"rendered":"Watson Moon Eyes \"Zmora\" Ur. 01.07.2022 ( IntCh. Nok Moon Eyes x IntCh. Selene Moon Eyes ) CHAMPION PRACY FIELD<a class=\"article-read-more\" href=\"https:\/\/pepperoniteam.pl\/en\/watson\/\"><i class=\"worldblogicon fa-angle-double-right\"><\/i><\/a>","protected":false},"author":2,"featured_media":0,"parent":0,"menu_order":0,"comment_status":"closed","ping_status":"closed","template":"","meta":[],"wps_subtitle":"","_links":{"self":[{"href":"https:\/\/pepperoniteam.pl\/en\/wp-json\/wp\/v2\/pages\/9543"}],"collection":[{"href":"https:\/\/pepperoniteam.pl\/en\/wp-json\/wp\/v2\/pages"}],"about":[{"href":"https:\/\/pepperoniteam.pl\/en\/wp-json\/wp\/v2\/types\/page"}],"author":[{"embeddable":true,"href":"https:\/\/pepperoniteam.pl\/en\/wp-json\/wp\/v2\/users\/2"}],"replies":[{"embeddable":true,"href":"https:\/\/pepperoniteam.pl\/en\/wp-json\/wp\/v2\/comments?post=9543"}],"version-history":[{"count":0,"href":"https:\/\/pepperoniteam.pl\/en\/wp-json\/wp\/v2\/pages\/9543\/revisions"}],"wp:attachment":[{"href":"https:\/\/pepperoniteam.pl\/en\/wp-json\/wp\/v2\/media?parent=9543"}],"curies":[{"name":"wp","href":"https:\/\/api.w.org\/{rel}","templated":true}]}}