{"id":9847,"date":"2025-03-22T12:57:55","date_gmt":"2025-03-22T11:57:55","guid":{"rendered":"https:\/\/pepperoniteam.pl\/?page_id=9847"},"modified":"2025-03-26T15:54:18","modified_gmt":"2025-03-26T14:54:18","slug":"redpaprika","status":"publish","type":"page","link":"https:\/\/pepperoniteam.pl\/en\/redpaprika\/","title":{"rendered":"Red Paprika"},"content":{"rendered":"<div class=\"vc_row wpb_row vc_row-fluid\"><div class=\"wpb_column vc_column_container vc_col-sm-12\"><div class=\"vc_column-inner\"><div class=\"wpb_wrapper\">\n\t<div class=\"wpb_text_column wpb_content_element  wpb_animate_when_almost_visible wpb_fadeInDown fadeInDown vc_custom_1546170713483 special1\" >\n\t\t<div class=\"wpb_wrapper\">\n\t\t\t<h1>Red Paprika Pepperoni Team<\/h1>\n\n\t\t<\/div>\n\t<\/div>\n\n\t<div class=\"wpb_text_column wpb_content_element\" >\n\t\t<div class=\"wpb_wrapper\">\n\t\t\t<p><i class=\"fa fa-female\" ><\/i> W\u0142a\u015bciciel: Dariusz Piasecki &#8211; hodowla &#8220;Z Bagiennych Bor\u00f3w&#8221;<\/p>\n<p><i class=\"fa fa-calendar\" ><\/i> Ur. 06.03.2021<br \/>\n<i class=\"fa fa-id-card-o\" ><\/i> <span style=\"color: #808080;\"><a style=\"color: #808080;\" href=\"https:\/\/www.vizsladatabase.com\/details.php?id=469471\">Pedigree<\/a><\/span><\/p>\n<p>(Csipk\u00e9sk\u00fati B\u00c1LV\u00c1NY x BELL Pepperoni Team)<\/p>\n\n\t\t<\/div>\n\t<\/div>\n<\/div><\/div><\/div><\/div><div class=\"vc_row wpb_row vc_row-fluid\"><div class=\"wpb_column vc_column_container vc_col-sm-12\"><div class=\"vc_column-inner\"><div class=\"wpb_wrapper\">\n\t<div  class=\"wpb_single_image wpb_content_element vc_align_left  wpb_animate_when_almost_visible wpb_rotateInUpLeft rotateInUpLeft\">\n\t\t\n\t\t<figure class=\"wpb_wrapper vc_figure\">\n\t\t\t<a data-rel=\"prettyPhoto[rel-9847-70720665]\" href=\"https:\/\/pepperoniteam.pl\/wp-content\/uploads\/2025\/03\/Red-Paprika-1024x680.jpg\" target=\"_self\" class=\"vc_single_image-wrapper vc_box_border  vc_box_border_grey prettyphoto\"><img class=\"vc_single_image-img\" src=\"https:\/\/pepperoniteam.pl\/wp-content\/uploads\/2025\/03\/Red-Paprika-450x300.jpg\" width=\"450\" height=\"300\" alt=\"SONY DSC\" title=\"SONY DSC\" \/><\/a>\n\t\t<\/figure>\n\t<\/div>\n<\/div><\/div><\/div><\/div><div class=\"vc_row wpb_row vc_row-fluid\"><div class=\"wpb_column vc_column_container vc_col-sm-12\"><div class=\"vc_column-inner\"><div class=\"wpb_wrapper\">\n\t<div class=\"wpb_text_column wpb_content_element\" >\n\t\t<div class=\"wpb_wrapper\">\n\t\t\t<p style=\"text-align: left;\"><i class=\"fa fa-trophy\" ><\/i><b> Interchampion C.I.E.<\/b><br \/>\n<i class=\"fa fa-trophy\" ><\/i> <b>Junior Champion of Poland<br \/>\n<\/b><i class=\"fa fa-trophy\" ><\/i> <b>Champion of Poland<br \/>\n<\/b><i class=\"fa fa-trophy\" ><\/i><b> Champion of Lithuania<br \/>\n<\/b><i class=\"fa fa-trophy\" ><\/i><b> Grand Champion Polski<br \/>\n<\/b><\/p>\n<p><strong>Health<br \/>\n<\/strong>HD &#8211; A<br \/>\nL\/L (free of long hair gene)<\/p>\n\n\t\t<\/div>\n\t<\/div>\n<\/div><\/div><\/div><\/div><div class=\"vc_row wpb_row vc_row-fluid\"><div class=\"wpb_column vc_column_container vc_col-sm-12\"><div class=\"vc_column-inner\"><div class=\"wpb_wrapper\"><div class=\"wpb_gallery wpb_content_element vc_clearfix\" ><div class=\"wpb_wrapper\"><div class=\"wpb_gallery_slides wpb_image_grid\" data-interval=\"3\"><ul class=\"wpb_image_grid_ul\"><li class=\"isotope-item\"><a class=\"prettyphoto\" href=\"https:\/\/pepperoniteam.pl\/wp-content\/uploads\/2021\/04\/IMG_1006.jpeg\" data-rel=\"prettyPhoto[rel-9847-1878536998]\"><img class=\"\" src=\"https:\/\/pepperoniteam.pl\/wp-content\/uploads\/2021\/04\/IMG_1006-165x165.jpeg\" width=\"165\" height=\"165\" alt=\"IMG_1006\" title=\"IMG_1006\" \/><\/a><\/li><li class=\"isotope-item\"><a class=\"prettyphoto\" href=\"https:\/\/pepperoniteam.pl\/wp-content\/uploads\/2021\/04\/IMG_1052.jpeg\" data-rel=\"prettyPhoto[rel-9847-1878536998]\"><img class=\"\" src=\"https:\/\/pepperoniteam.pl\/wp-content\/uploads\/2021\/04\/IMG_1052-165x165.jpeg\" width=\"165\" height=\"165\" alt=\"IMG_1052\" title=\"IMG_1052\" \/><\/a><\/li><li class=\"isotope-item\"><a class=\"prettyphoto\" href=\"https:\/\/pepperoniteam.pl\/wp-content\/uploads\/2025\/03\/Red-Paprika-1.jpg\" data-rel=\"prettyPhoto[rel-9847-1878536998]\"><img class=\"\" src=\"https:\/\/pepperoniteam.pl\/wp-content\/uploads\/2025\/03\/Red-Paprika-1-165x165.jpg\" width=\"165\" height=\"165\" alt=\"Red Paprika 1\" title=\"Red Paprika 1\" \/><\/a><\/li><li class=\"isotope-item\"><a class=\"prettyphoto\" href=\"https:\/\/pepperoniteam.pl\/wp-content\/uploads\/2025\/03\/437566155_849854233853839_5568717110371933954_n-683x1024.jpg\" data-rel=\"prettyPhoto[rel-9847-1878536998]\"><img class=\"\" src=\"https:\/\/pepperoniteam.pl\/wp-content\/uploads\/2025\/03\/437566155_849854233853839_5568717110371933954_n-165x165.jpg\" width=\"165\" height=\"165\" alt=\"437566155_849854233853839_5568717110371933954_n\" title=\"437566155_849854233853839_5568717110371933954_n\" \/><\/a><\/li><li class=\"isotope-item\"><a class=\"prettyphoto\" href=\"https:\/\/pepperoniteam.pl\/wp-content\/uploads\/2025\/03\/448346234_888014583371137_2693485248901349142_n-1024x683.jpg\" data-rel=\"prettyPhoto[rel-9847-1878536998]\"><img class=\"\" src=\"https:\/\/pepperoniteam.pl\/wp-content\/uploads\/2025\/03\/448346234_888014583371137_2693485248901349142_n-165x165.jpg\" width=\"165\" height=\"165\" alt=\"448346234_888014583371137_2693485248901349142_n\" title=\"448346234_888014583371137_2693485248901349142_n\" \/><\/a><\/li><\/ul><\/div><\/div><\/div>\n\t<div class=\"wpb_text_column wpb_content_element\" >\n\t\t<div class=\"wpb_wrapper\">\n\t\t\t<p style=\"text-align: center;\"><a href=\"https:\/\/www.facebook.com\/media\/set\/?set=a.4634856109864557&amp;type=3\"><span style=\"color: #808080;\"><strong>More photos<\/strong><\/span><\/a>\u00a0<i class=\"fa fa-facebook-square\" ><\/i><\/p>\n\n\t\t<\/div>\n\t<\/div>\n<\/div><\/div><\/div><\/div>","protected":false},"excerpt":{"rendered":"Red Paprika Pepperoni Team W\u0142a\u015bciciel: Dariusz Piasecki - hodowla \"Z Bagiennych Bor\u00f3w\" Ur. 06.03.2021 Rodow\u00f3d (Csipk\u00e9sk\u00fati B\u00c1LV\u00c1NY x BELL Pepperoni<a class=\"article-read-more\" href=\"https:\/\/pepperoniteam.pl\/en\/redpaprika\/\"><i class=\"worldblogicon fa-angle-double-right\"><\/i><\/a>","protected":false},"author":2,"featured_media":0,"parent":0,"menu_order":0,"comment_status":"closed","ping_status":"closed","template":"","meta":[],"wps_subtitle":"","_links":{"self":[{"href":"https:\/\/pepperoniteam.pl\/en\/wp-json\/wp\/v2\/pages\/9847"}],"collection":[{"href":"https:\/\/pepperoniteam.pl\/en\/wp-json\/wp\/v2\/pages"}],"about":[{"href":"https:\/\/pepperoniteam.pl\/en\/wp-json\/wp\/v2\/types\/page"}],"author":[{"embeddable":true,"href":"https:\/\/pepperoniteam.pl\/en\/wp-json\/wp\/v2\/users\/2"}],"replies":[{"embeddable":true,"href":"https:\/\/pepperoniteam.pl\/en\/wp-json\/wp\/v2\/comments?post=9847"}],"version-history":[{"count":0,"href":"https:\/\/pepperoniteam.pl\/en\/wp-json\/wp\/v2\/pages\/9847\/revisions"}],"wp:attachment":[{"href":"https:\/\/pepperoniteam.pl\/en\/wp-json\/wp\/v2\/media?parent=9847"}],"curies":[{"name":"wp","href":"https:\/\/api.w.org\/{rel}","templated":true}]}}